{"id":669,"date":"2018-10-19T14:24:00","date_gmt":"2018-10-19T14:24:00","guid":{"rendered":"http:\/\/www2.unifap.br\/enfermagem\/?page_id=669"},"modified":"2026-04-08T16:11:48","modified_gmt":"2026-04-08T16:11:48","slug":"coordenacao","status":"publish","type":"page","link":"https:\/\/www2.unifap.br\/enfermagem\/coordenacao\/","title":{"rendered":"Coordena\u00e7\u00e3o"},"content":{"rendered":"<div style=\"text-align: left\">\n<pre><span style=\"color: #000000\"><strong>Gest\u00e3o 2024-2026\r\nCoordenadora: <\/strong><em>Prof. Msc. Gerusa Dayanne de Oliveira Medeiros<\/em><\/span>\r\n<span style=\"color: #000000\"><span style=\"color: #000000\"><b>Vice Coordenadora<\/b><\/span><b style=\"color: #000000\">: <\/b> <em style=\"color: #000000\">Prof. Dr Jos\u00e9 Lu\u00eds da Cunha Pena\r\n<\/em><strong style=\"color: #000000\">T\u00e9cnico em Assuntos Educacionais:<\/strong> <em style=\"color: #000000\">Valmir Junior dos Santos Deniur de Almeida<\/em>\r\n<strong style=\"color: #000000\">Local de Atendimento: <\/strong><em style=\"color: #000000\">Bloco do Curso de Enfermagem\r\n<\/em><\/span><span style=\"color: #000000\"><strong>Hor\u00e1rio de atendimento: <\/strong><em><strong>pela manh\u00e3<\/strong> de 2\u00ba feira, 4\u00ba feira de 9:00 \u00e0s 12:00h.\r\n<\/em><strong>pela tarde<\/strong> <em>e 2\u00ba feira, 3\u00ba feira, 4\u00ba feira e 5\u00bafeira de 14:oo:00 \u00e0s 17:00h.<\/em><strong>\r\n<\/strong><\/span>\r\n<span style=\"color: #000000\"><strong>E-mail:<\/strong> <span style=\"color: #0000ff\">enfermagem@unifap.br<\/span><\/span><\/pre>\n<hr>\n<pre><strong style=\"font-size: 15px\">PLANO DE A\u00c7\u00c3O DA COORDENA\u00c7\u00c3O DO CURSO DE BACHARELADO EM ENFERMAGEM ( Gest\u00e3o 2021-2023)\r\n<span style=\"color: #0000ff\"><a style=\"color: #0000ff\" href=\"http:\/\/www2.unifap.br\/enfermagem\/files\/2021\/11\/Pano-de-a\u00e7\u00e3o_CCE_AFAEL.pdf\" target=\"_blank\" rel=\"noopener noreferrer\">PLANO-DE-ACAO-CURSO-ENFERMAGEM<\/a><\/span><\/strong><\/pre>\n<\/div>\n<pre><span style=\"color: #000000\"><strong>PLANO DE A\u00c7\u00c3O DA COORDENA\u00c7\u00c3O DO CURSO DE BACHARELADO EM ENFERMAGEM ( Gest\u00e3o 2019-2021)\r\n<span style=\"color: #0000ff\"><a style=\"color: #0000ff\" href=\"http:\/\/www2.unifap.br\/enfermagem\/files\/2021\/04\/PLANO-DE-ACAO-CURSO_ENFERMAGEM_RUBENS.pdf\" target=\"_blank\" rel=\"noopener noreferrer\">PLANO-DE-ACAO-CURSO-ENFERMAGEM<\/a><\/span><\/strong><\/span><\/pre>\n<p>&nbsp;<\/p>\n","protected":false},"excerpt":{"rendered":"<p>Gest\u00e3o 2024-2026 Coordenadora: Prof. Msc. Gerusa Dayanne de Oliveira Medeiros Vice Coordenadora: Prof. Dr Jos\u00e9 Lu\u00eds da Cunha Pena T\u00e9cnico em Assuntos Educacionais: Valmir Junior dos Santos Deniur de Almeida Local de Atendimento: Bloco do Curso de Enfermagem Hor\u00e1rio de atendimento: pela manh\u00e3 de 2\u00ba feira, 4\u00ba feira de 9:00 \u2026 <a class=\"continue-reading-link\" href=\"https:\/\/www2.unifap.br\/enfermagem\/coordenacao\/\"> Continue Lendo <span class=\"meta-nav\">&rarr; <\/span><\/a><\/p>\n","protected":false},"author":2753,"featured_media":0,"parent":0,"menu_order":0,"comment_status":"open","ping_status":"open","template":"","meta":{"inline_featured_image":false,"ngg_post_thumbnail":0,"footnotes":""},"class_list":["post-669","page","type-page","status-publish","hentry"],"_links":{"self":[{"href":"https:\/\/www2.unifap.br\/enfermagem\/wp-json\/wp\/v2\/pages\/669","targetHints":{"allow":["GET"]}}],"collection":[{"href":"https:\/\/www2.unifap.br\/enfermagem\/wp-json\/wp\/v2\/pages"}],"about":[{"href":"https:\/\/www2.unifap.br\/enfermagem\/wp-json\/wp\/v2\/types\/page"}],"author":[{"embeddable":true,"href":"https:\/\/www2.unifap.br\/enfermagem\/wp-json\/wp\/v2\/users\/2753"}],"replies":[{"embeddable":true,"href":"https:\/\/www2.unifap.br\/enfermagem\/wp-json\/wp\/v2\/comments?post=669"}],"version-history":[{"count":39,"href":"https:\/\/www2.unifap.br\/enfermagem\/wp-json\/wp\/v2\/pages\/669\/revisions"}],"predecessor-version":[{"id":3833,"href":"https:\/\/www2.unifap.br\/enfermagem\/wp-json\/wp\/v2\/pages\/669\/revisions\/3833"}],"wp:attachment":[{"href":"https:\/\/www2.unifap.br\/enfermagem\/wp-json\/wp\/v2\/media?parent=669"}],"curies":[{"name":"wp","href":"https:\/\/api.w.org\/{rel}","templated":true}]}}