{"id":841,"date":"2020-01-16T03:55:56","date_gmt":"2020-01-16T03:55:56","guid":{"rendered":"http:\/\/www2.unifap.br\/enfermagem\/?page_id=841"},"modified":"2023-01-17T19:02:23","modified_gmt":"2023-01-17T19:02:23","slug":"auditorio","status":"publish","type":"page","link":"https:\/\/www2.unifap.br\/enfermagem\/cronograma-e-atas\/auditorio\/","title":{"rendered":"Audit\u00f3rio"},"content":{"rendered":"<pre><span style=\"color: #0000ff\"><a style=\"color: #0000ff\" href=\"http:\/\/www2.unifap.br\/enfermagem\/files\/2022\/03\/Regulamento_auditorio_versao-com-capa.pdf\">Regulamento do audit\u00f3rio<\/a><\/span>\r\n\r\n<span style=\"color: #0000ff\"><a style=\"color: #0000ff\" href=\"http:\/\/www2.unifap.br\/enfermagem\/files\/2021\/12\/Termo-de-responsabilidade-do-Uso-do-auditorio_Enfermagem.doc\">Termo de responsabilidade do uso do audit\u00f3rio de Enfermagem<\/a><\/span>\r\n\r\n<span style=\"color: #0000ff\"><a style=\"color: #0000ff\" href=\"http:\/\/www2.unifap.br\/enfermagem\/files\/2020\/01\/Termo-de-Vistoria-do-auditorio_Enfermagem.doc\">Termo de Vistoria do audit\u00f3rio de Enfermagem<\/a><\/span><\/pre>\n<pre><span style=\"color: #000000\">OBS.: Caso n\u00e3o consiga baixar os arquivos, <strong>tente com a janela an\u00f4nima<\/strong>, clique com o bot\u00e3o direito e atualize a p\u00e1gina<span style=\"font-family: Georgia, 'Times New Roman', 'Bitstream Charter', Times, serif\">.<\/span>\r\n<\/span><\/pre>\n","protected":false},"excerpt":{"rendered":"<p>Regulamento do audit\u00f3rio Termo de responsabilidade do uso do audit\u00f3rio de Enfermagem Termo de Vistoria do audit\u00f3rio de Enfermagem OBS.: Caso n\u00e3o consiga baixar os arquivos, tente com a janela an\u00f4nima, clique com o bot\u00e3o direito e atualize a p\u00e1gina.<\/p>\n","protected":false},"author":3847,"featured_media":0,"parent":873,"menu_order":0,"comment_status":"closed","ping_status":"closed","template":"","meta":{"inline_featured_image":false,"ngg_post_thumbnail":0,"footnotes":""},"class_list":["post-841","page","type-page","status-publish","hentry"],"_links":{"self":[{"href":"https:\/\/www2.unifap.br\/enfermagem\/wp-json\/wp\/v2\/pages\/841","targetHints":{"allow":["GET"]}}],"collection":[{"href":"https:\/\/www2.unifap.br\/enfermagem\/wp-json\/wp\/v2\/pages"}],"about":[{"href":"https:\/\/www2.unifap.br\/enfermagem\/wp-json\/wp\/v2\/types\/page"}],"author":[{"embeddable":true,"href":"https:\/\/www2.unifap.br\/enfermagem\/wp-json\/wp\/v2\/users\/3847"}],"replies":[{"embeddable":true,"href":"https:\/\/www2.unifap.br\/enfermagem\/wp-json\/wp\/v2\/comments?post=841"}],"version-history":[{"count":13,"href":"https:\/\/www2.unifap.br\/enfermagem\/wp-json\/wp\/v2\/pages\/841\/revisions"}],"predecessor-version":[{"id":2420,"href":"https:\/\/www2.unifap.br\/enfermagem\/wp-json\/wp\/v2\/pages\/841\/revisions\/2420"}],"up":[{"embeddable":true,"href":"https:\/\/www2.unifap.br\/enfermagem\/wp-json\/wp\/v2\/pages\/873"}],"wp:attachment":[{"href":"https:\/\/www2.unifap.br\/enfermagem\/wp-json\/wp\/v2\/media?parent=841"}],"curies":[{"name":"wp","href":"https:\/\/api.w.org\/{rel}","templated":true}]}}