{"id":881,"date":"2020-02-05T20:46:53","date_gmt":"2020-02-05T20:46:53","guid":{"rendered":"http:\/\/www2.unifap.br\/enfermagem\/?page_id=881"},"modified":"2022-07-25T19:26:33","modified_gmt":"2022-07-25T19:26:33","slug":"colacao-de-grau","status":"publish","type":"page","link":"https:\/\/www2.unifap.br\/enfermagem\/ambienteacademico\/colacao-de-grau\/","title":{"rendered":"Cola\u00e7\u00e3o de grau"},"content":{"rendered":"<pre><span style=\"color: #000000\"><strong>FLUXOGRAMA E DOCUMENTA\u00c7\u00c3O PARA O CADASTRO DO PROCESSO DE COLA\u00c7\u00c3O DE GRAU:<\/strong><\/span><\/pre>\n<pre><span style=\"color: #000000\">Enviar <strong>requerimento<\/strong> preenchido e assinado para <span style=\"color: #0000ff\">enfermagem@unifap.br<\/span> com c\u00f3pias de:<\/span>\r\n\u2022 RG \/ CPF \/ T\u00edtulo de eleitor\r\n\u2022 Comprovante de quita\u00e7\u00e3o eleitoral\r\n\u2022 Comprovante de resid\u00eancia\r\n\u2022 Reservista (sexo masculino)\r\n\u2022 Comprovante de adimpl\u00eancia da biblioteca <span style=\"color: #0000ff\">(<a style=\"color: #0000ff\" href=\"https:\/\/www2.unifap.br\/biblioteca\/\" target=\"_blank\" rel=\"noopener noreferrer\">https:\/\/www2.unifap.br\/biblioteca\/<\/a>)<\/span>\r\n\u2022 Certid\u00e3o de nascimento ou casamento\r\n\u2022 Certificado de conclus\u00e3o do Ensino M\u00e9dio (autenticado pela SEED)\r\n\u2022 Hist\u00f3rico Escolar do Ensino M\u00e9dio\r\n<span style=\"color: #000000\"><strong>Enviar todas as c\u00f3pias em arquivo \u00fanico no formato PDF.<\/strong><\/span><\/pre>\n<p><strong>OBS. 1: <\/strong>Antes de solicitar a cola\u00e7\u00e3o de grau, o discente precisar\u00e1 estar adimplente quanto as corre\u00e7\u00f5es e entrega do TCC\/Artigo. (Enviar <strong>requerimento<\/strong> assinado para <strong>enfermagem@unifap.br<\/strong> com a vers\u00e3o final do <strong>TCC\/<\/strong><strong>Artigo cient\u00edfico <\/strong>com a <strong>ficha catalogr\u00e1fica + <\/strong>o <span style=\"color: #0000ff\"><a style=\"color: #0000ff\" href=\"http:\/\/www2.unifap.br\/enfermagem\/files\/2021\/10\/TERMO-DE-ADIMPL\u00caNCIA-DE-CORRE\u00c7\u00d5ES-DO-TCC.pdf\" target=\"_blank\" rel=\"noopener noreferrer\">Termo de adimpl\u00eancia de corre\u00e7\u00f5es do TCC\/Artigo<\/a> <\/span>+ <span style=\"color: #0000ff\"><a style=\"color: #0000ff\" href=\"http:\/\/www2.unifap.br\/enfermagem\/files\/2021\/10\/DECLARAO-DE-AUTORIA-E-AUTORIZAO-PARA-PUBLICAO_ATUAL.pdf\">Declara\u00e7\u00e3o de autoria e autoriza\u00e7\u00e3o para publica\u00e7\u00e3o<\/a>.<\/span><\/p>\n<p><strong>OBS. 2: <\/strong>A Coordena\u00e7\u00e3o do Curso far\u00e1 a an\u00e1lise para confirmar a integraliza\u00e7\u00e3o dos componentes curriculares do discente e ap\u00f3s o deferimento far\u00e1 o cadastro do processo via SIPAC encaminhando ao DERCA.<\/p>\n<h5>&nbsp;<\/h5>\n","protected":false},"excerpt":{"rendered":"<p>FLUXOGRAMA E DOCUMENTA\u00c7\u00c3O PARA O CADASTRO DO PROCESSO DE COLA\u00c7\u00c3O DE GRAU: Enviar requerimento preenchido e assinado para enfermagem@unifap.br com c\u00f3pias de: \u2022 RG \/ CPF \/ T\u00edtulo de eleitor \u2022 Comprovante de quita\u00e7\u00e3o eleitoral \u2022 Comprovante de resid\u00eancia \u2022 Reservista (sexo masculino) \u2022 Comprovante de adimpl\u00eancia da biblioteca (https:\/\/www2.unifap.br\/biblioteca\/) \u2026 <a class=\"continue-reading-link\" href=\"https:\/\/www2.unifap.br\/enfermagem\/ambienteacademico\/colacao-de-grau\/\"> Continue Lendo <span class=\"meta-nav\">&rarr; <\/span><\/a><\/p>\n","protected":false},"author":3853,"featured_media":0,"parent":91,"menu_order":0,"comment_status":"closed","ping_status":"closed","template":"","meta":{"inline_featured_image":false,"ngg_post_thumbnail":0,"footnotes":""},"class_list":["post-881","page","type-page","status-publish","hentry"],"_links":{"self":[{"href":"https:\/\/www2.unifap.br\/enfermagem\/wp-json\/wp\/v2\/pages\/881","targetHints":{"allow":["GET"]}}],"collection":[{"href":"https:\/\/www2.unifap.br\/enfermagem\/wp-json\/wp\/v2\/pages"}],"about":[{"href":"https:\/\/www2.unifap.br\/enfermagem\/wp-json\/wp\/v2\/types\/page"}],"author":[{"embeddable":true,"href":"https:\/\/www2.unifap.br\/enfermagem\/wp-json\/wp\/v2\/users\/3853"}],"replies":[{"embeddable":true,"href":"https:\/\/www2.unifap.br\/enfermagem\/wp-json\/wp\/v2\/comments?post=881"}],"version-history":[{"count":34,"href":"https:\/\/www2.unifap.br\/enfermagem\/wp-json\/wp\/v2\/pages\/881\/revisions"}],"predecessor-version":[{"id":2685,"href":"https:\/\/www2.unifap.br\/enfermagem\/wp-json\/wp\/v2\/pages\/881\/revisions\/2685"}],"up":[{"embeddable":true,"href":"https:\/\/www2.unifap.br\/enfermagem\/wp-json\/wp\/v2\/pages\/91"}],"wp:attachment":[{"href":"https:\/\/www2.unifap.br\/enfermagem\/wp-json\/wp\/v2\/media?parent=881"}],"curies":[{"name":"wp","href":"https:\/\/api.w.org\/{rel}","templated":true}]}}