{"id":904,"date":"2020-02-06T00:32:08","date_gmt":"2020-02-06T00:32:08","guid":{"rendered":"http:\/\/www2.unifap.br\/enfermagem\/?page_id=904"},"modified":"2022-11-21T20:52:52","modified_gmt":"2022-11-21T20:52:52","slug":"documentos-em-geral","status":"publish","type":"page","link":"https:\/\/www2.unifap.br\/enfermagem\/documentos-normativos\/documentos-em-geral\/","title":{"rendered":"Documentos em geral"},"content":{"rendered":"<pre><span style=\"color: #0000ff\"><a style=\"color: #0000ff\" href=\"http:\/\/www2.unifap.br\/enfermagem\/files\/2020\/02\/REGIMENTO-GERAL-UNIFAP.pdf\">Regimento geral da UNIFAP<\/a>\r\n\r\n<a style=\"color: #0000ff\" href=\"http:\/\/www2.unifap.br\/enfermagem\/files\/2022\/03\/Regimento-do-Curso-de-Enfermagem-Marco-Zero.pdf\">Regimento do curso de Enfermagem<\/a>\r\n\r\n<a style=\"color: #0000ff\" href=\"http:\/\/www2.unifap.br\/enfermagem\/files\/2022\/11\/RESOLUCAO_N._16_2022-CONSU.pdf\">Regimento disciplinar discente - Resolu\u00e7\u00e3o N. 16<\/a><a style=\"color: #0000ff\" href=\"http:\/\/www2.unifap.br\/enfermagem\/files\/2020\/02\/RESOLU\u00c7\u00c3O-PERDA-DE-VINCULO.pdf\">\/<\/a><a style=\"color: #0000ff\" href=\"http:\/\/www2.unifap.br\/enfermagem\/files\/2022\/11\/RESOLUCAO_N._16_2022-CONSU.pdf\">2022<\/a>\r\n\r\n<a style=\"color: #0000ff\" href=\"http:\/\/www2.unifap.br\/enfermagem\/files\/2020\/02\/Resolu\u00e7\u00e3o-n\u00ba-26-11-Sistem\u00e1tica-de-avalia\u00e7\u00e3o.pdf\">Sistem\u00e1tica de avalia\u00e7\u00e3o - Resolu\u00e7\u00e3o N. 26\/2011\/CONSU<\/a>\r\n\r\n<a style=\"color: #0000ff\" href=\"http:\/\/www2.unifap.br\/enfermagem\/files\/2020\/02\/RESOLU\u00c7\u00c3O-PERDA-DE-VINCULO.pdf\">Perda de v\u00ednculo - Resolu\u00e7\u00e3o N. 25\/2017\/CONSU<\/a>\r\n\r\n<a style=\"color: #0000ff\" href=\"http:\/\/www2.unifap.br\/enfermagem\/files\/2020\/02\/Parecer.-Quorum-reuniao-de-colegiado.pdf\">Qu\u00f3rum de reuni\u00e3o de colegiado - Parecer N. 18\/2019\/DLE\/PROGRAD<\/a><\/span><\/pre>\n<p>&nbsp;<\/p>\n","protected":false},"excerpt":{"rendered":"<p>Regimento geral da UNIFAP Regimento do curso de Enfermagem Regimento disciplinar discente &#8211; Resolu\u00e7\u00e3o N. 16\/2022 Sistem\u00e1tica de avalia\u00e7\u00e3o &#8211; Resolu\u00e7\u00e3o N. 26\/2011\/CONSU Perda de v\u00ednculo &#8211; Resolu\u00e7\u00e3o N. 25\/2017\/CONSU Qu\u00f3rum de reuni\u00e3o de colegiado &#8211; Parecer N. 18\/2019\/DLE\/PROGRAD &nbsp;<\/p>\n","protected":false},"author":3847,"featured_media":0,"parent":853,"menu_order":0,"comment_status":"closed","ping_status":"closed","template":"","meta":{"inline_featured_image":false,"ngg_post_thumbnail":0,"footnotes":""},"class_list":["post-904","page","type-page","status-publish","hentry"],"_links":{"self":[{"href":"https:\/\/www2.unifap.br\/enfermagem\/wp-json\/wp\/v2\/pages\/904","targetHints":{"allow":["GET"]}}],"collection":[{"href":"https:\/\/www2.unifap.br\/enfermagem\/wp-json\/wp\/v2\/pages"}],"about":[{"href":"https:\/\/www2.unifap.br\/enfermagem\/wp-json\/wp\/v2\/types\/page"}],"author":[{"embeddable":true,"href":"https:\/\/www2.unifap.br\/enfermagem\/wp-json\/wp\/v2\/users\/3847"}],"replies":[{"embeddable":true,"href":"https:\/\/www2.unifap.br\/enfermagem\/wp-json\/wp\/v2\/comments?post=904"}],"version-history":[{"count":22,"href":"https:\/\/www2.unifap.br\/enfermagem\/wp-json\/wp\/v2\/pages\/904\/revisions"}],"predecessor-version":[{"id":2884,"href":"https:\/\/www2.unifap.br\/enfermagem\/wp-json\/wp\/v2\/pages\/904\/revisions\/2884"}],"up":[{"embeddable":true,"href":"https:\/\/www2.unifap.br\/enfermagem\/wp-json\/wp\/v2\/pages\/853"}],"wp:attachment":[{"href":"https:\/\/www2.unifap.br\/enfermagem\/wp-json\/wp\/v2\/media?parent=904"}],"curies":[{"name":"wp","href":"https:\/\/api.w.org\/{rel}","templated":true}]}}