{"id":937,"date":"2020-02-21T13:53:22","date_gmt":"2020-02-21T13:53:22","guid":{"rendered":"http:\/\/www2.unifap.br\/enfermagem\/?page_id=937"},"modified":"2023-03-06T18:01:28","modified_gmt":"2023-03-06T18:01:28","slug":"requerimentos","status":"publish","type":"page","link":"https:\/\/www2.unifap.br\/enfermagem\/ambienteacademico\/requerimentos\/","title":{"rendered":"Requerimentos"},"content":{"rendered":"<pre><span style=\"color: #000000\">Enviar <strong>requerimento<\/strong> preenchido e assinado para <strong>enfermagem@unifap.br<\/strong>:<\/span><\/pre>\n<pre><span style=\"color: #0000ff\"><a style=\"color: #0000ff\" href=\"http:\/\/www2.unifap.br\/enfermagem\/files\/2020\/02\/JUSTIFICATIVA-DE-FALTA-ABONO.pdf\">ABONO E REGIME DE COMPENSA\u00c7\u00c3O DE FALTAS<\/a><\/span>\r\n<em>Consultar antes, <strong>ambiente acad\u00eamico\/abono de faltas ... e segunda chamada<\/strong>.\r\nAnexar o requerimento com os <strong>comprovantes<\/strong> que justifiquem o abono ou regime de compensa\u00e7\u00e3o de faltas. <\/em>\r\n\r\n<a style=\"color: #0000ff\" href=\"http:\/\/www2.unifap.br\/enfermagem\/files\/2020\/02\/2\u00aa-CHAMADA-DE-PROVAS-E-REVIS\u00c3O-DE-NOTAS.pdf\">2\u00aa CHAMADA DE PROVAS E REVIS\u00c3O DE NOTAS<\/a>\r\n<em>Consultar antes a guia <strong>ambiente acad\u00eamico\/abono de faltas e segunda chamada.<\/strong><\/em>\r\n<em>At\u00e9 5 dias \u00fateis ap\u00f3s a data da avalia\u00e7\u00e3o e at\u00e9 2 dias \u00fateis ap\u00f3s a divulga\u00e7\u00e3o do resultado.\r\nIndicar o nome do docente\/disciplina\/turma.<\/em>\r\n\r\n<a style=\"color: #0000ff\" href=\"http:\/\/www2.unifap.br\/enfermagem\/files\/2020\/02\/CREDITO-DE-DISCIPLINA.pdf\">CREDITO DE DISCIPLINA\/EQUIVAL\u00caNCIA<\/a>\r\n<em>Anexar o requerimento com o <strong>hist\u00f3rico e o <\/strong><strong>plano de ensino <\/strong>da disciplina com a<strong> ementa e a carga hor\u00e1ria\r\n<\/strong>cursada no outro curso ou na outra Institui\u00e7\u00e3o de Ensino Superior.<\/em>\r\n\r\n<a style=\"color: #0000ff\" href=\"http:\/\/www2.unifap.br\/enfermagem\/files\/2020\/02\/REQUERIMENTO-DE-COLA\u00c7\u00c3O-DE-GRAU.pdf\">COLA\u00c7\u00c3O DE GRAU<\/a>\r\n\r\n<a style=\"color: #0000ff\" href=\"http:\/\/www2.unifap.br\/enfermagem\/files\/2022\/01\/Requerimento-de-socilita\u00e7\u00e3o_OUTROS.pdf\">OUTROS<\/a><\/pre>\n<pre><span style=\"color: #000000\"><strong>AJUSTES DE MATR\u00cdCULA (por indeferimentos de matr\u00edculas e ou trancamento de disciplinas)\r\n<\/strong>H\u00e1 prazos no calend\u00e1rio acad\u00eamico. Anexar o requerimento com a justificativa e os comprovantes, se houver.\r\n<strong>\r\nTRANCAMENTO\/DESTRANCAMENTO DE CURSO\/SEMESTRE<\/strong>\r\nH\u00e1 prazos no calend\u00e1rio acad\u00eamico. Anexar o requerimento com a justificativa e os comprovantes, se houver. <\/span><\/pre>\n","protected":false},"excerpt":{"rendered":"<p>Enviar requerimento preenchido e assinado para enfermagem@unifap.br: ABONO E REGIME DE COMPENSA\u00c7\u00c3O DE FALTAS Consultar antes, ambiente acad\u00eamico\/abono de faltas &#8230; e segunda chamada. Anexar o requerimento com os comprovantes que justifiquem o abono ou regime de compensa\u00e7\u00e3o de faltas. 2\u00aa CHAMADA DE PROVAS E REVIS\u00c3O DE NOTAS Consultar antes \u2026 <a class=\"continue-reading-link\" href=\"https:\/\/www2.unifap.br\/enfermagem\/ambienteacademico\/requerimentos\/\"> Continue Lendo <span class=\"meta-nav\">&rarr; <\/span><\/a><\/p>\n","protected":false},"author":3853,"featured_media":0,"parent":91,"menu_order":0,"comment_status":"closed","ping_status":"closed","template":"","meta":{"inline_featured_image":false,"ngg_post_thumbnail":0,"footnotes":""},"class_list":["post-937","page","type-page","status-publish","hentry"],"_links":{"self":[{"href":"https:\/\/www2.unifap.br\/enfermagem\/wp-json\/wp\/v2\/pages\/937","targetHints":{"allow":["GET"]}}],"collection":[{"href":"https:\/\/www2.unifap.br\/enfermagem\/wp-json\/wp\/v2\/pages"}],"about":[{"href":"https:\/\/www2.unifap.br\/enfermagem\/wp-json\/wp\/v2\/types\/page"}],"author":[{"embeddable":true,"href":"https:\/\/www2.unifap.br\/enfermagem\/wp-json\/wp\/v2\/users\/3853"}],"replies":[{"embeddable":true,"href":"https:\/\/www2.unifap.br\/enfermagem\/wp-json\/wp\/v2\/comments?post=937"}],"version-history":[{"count":88,"href":"https:\/\/www2.unifap.br\/enfermagem\/wp-json\/wp\/v2\/pages\/937\/revisions"}],"predecessor-version":[{"id":3127,"href":"https:\/\/www2.unifap.br\/enfermagem\/wp-json\/wp\/v2\/pages\/937\/revisions\/3127"}],"up":[{"embeddable":true,"href":"https:\/\/www2.unifap.br\/enfermagem\/wp-json\/wp\/v2\/pages\/91"}],"wp:attachment":[{"href":"https:\/\/www2.unifap.br\/enfermagem\/wp-json\/wp\/v2\/media?parent=937"}],"curies":[{"name":"wp","href":"https:\/\/api.w.org\/{rel}","templated":true}]}}