{"id":1679,"date":"2024-05-21T20:00:50","date_gmt":"2024-05-21T20:00:50","guid":{"rendered":"https:\/\/www2.unifap.br\/engcivil\/?page_id=1679"},"modified":"2026-03-12T19:44:29","modified_gmt":"2026-03-12T19:44:29","slug":"portal-administrativo","status":"publish","type":"page","link":"https:\/\/www2.unifap.br\/engcivil\/portal-administrativo\/","title":{"rendered":"Portal Administrativo"},"content":{"rendered":"\t\t<div data-elementor-type=\"wp-page\" data-elementor-id=\"1679\" class=\"elementor elementor-1679\">\n\t\t\t\t\t\t<section class=\"elementor-section elementor-top-section elementor-element elementor-element-2dc76276 elementor-section-boxed elementor-section-height-default elementor-section-height-default\" data-id=\"2dc76276\" data-element_type=\"section\" data-e-type=\"section\">\n\t\t\t\t\t\t<div class=\"elementor-container elementor-column-gap-default\">\n\t\t\t\t\t<div class=\"elementor-column elementor-col-100 elementor-top-column elementor-element elementor-element-36ed4c9b\" data-id=\"36ed4c9b\" data-element_type=\"column\" data-e-type=\"column\">\n\t\t\t<div class=\"elementor-widget-wrap elementor-element-populated\">\n\t\t\t\t\t\t<div class=\"elementor-element elementor-element-8124b3 elementor-widget elementor-widget-spacer\" data-id=\"8124b3\" data-element_type=\"widget\" data-e-type=\"widget\" data-widget_type=\"spacer.default\">\n\t\t\t\t<div class=\"elementor-widget-container\">\n\t\t\t\t\t\t\t<div class=\"elementor-spacer\">\n\t\t\t<div class=\"elementor-spacer-inner\"><\/div>\n\t\t<\/div>\n\t\t\t\t\t\t<\/div>\n\t\t\t\t<\/div>\n\t\t\t\t\t<\/div>\n\t\t<\/div>\n\t\t\t\t\t<\/div>\n\t\t<\/section>\n\t\t\t\t<section class=\"elementor-section elementor-top-section elementor-element elementor-element-8ce700e elementor-section-boxed elementor-section-height-default elementor-section-height-default\" data-id=\"8ce700e\" data-element_type=\"section\" data-e-type=\"section\">\n\t\t\t\t\t\t<div class=\"elementor-container elementor-column-gap-default\">\n\t\t\t\t\t<div class=\"elementor-column elementor-col-100 elementor-top-column elementor-element elementor-element-872f6a2\" data-id=\"872f6a2\" data-element_type=\"column\" data-e-type=\"column\">\n\t\t\t<div class=\"elementor-widget-wrap\">\n\t\t\t\t\t\t\t<\/div>\n\t\t<\/div>\n\t\t\t\t\t<\/div>\n\t\t<\/section>\n\t\t\t\t<section class=\"elementor-section elementor-top-section elementor-element elementor-element-7e95f1c elementor-section-full_width elementor-section-height-default elementor-section-height-default\" data-id=\"7e95f1c\" data-element_type=\"section\" data-e-type=\"section\">\n\t\t\t\t\t\t<div class=\"elementor-container elementor-column-gap-default\">\n\t\t\t\t\t<div class=\"elementor-column elementor-col-100 elementor-top-column elementor-element elementor-element-4e4842ac\" data-id=\"4e4842ac\" data-element_type=\"column\" data-e-type=\"column\">\n\t\t\t<div class=\"elementor-widget-wrap elementor-element-populated\">\n\t\t\t\t\t\t\t<\/div>\n\t\t<\/div>\n\t\t\t\t\t<\/div>\n\t\t<\/section>\n\t\t\t\t<section class=\"elementor-section elementor-top-section elementor-element elementor-element-249d67b elementor-section-boxed elementor-section-height-default elementor-section-height-default\" data-id=\"249d67b\" data-element_type=\"section\" data-e-type=\"section\">\n\t\t\t\t\t\t<div class=\"elementor-container elementor-column-gap-default\">\n\t\t\t\t\t<div class=\"elementor-column elementor-col-100 elementor-top-column elementor-element elementor-element-fb9d219\" data-id=\"fb9d219\" data-element_type=\"column\" data-e-type=\"column\">\n\t\t\t<div class=\"elementor-widget-wrap elementor-element-populated\">\n\t\t\t\t\t\t<div class=\"elementor-element elementor-element-188e960e eael-dual-header-content-align-center elementor-widget elementor-widget-eael-dual-color-header\" data-id=\"188e960e\" data-element_type=\"widget\" data-e-type=\"widget\" data-widget_type=\"eael-dual-color-header.default\">\n\t\t\t\t<div class=\"elementor-widget-container\">\n\t\t\t\t\t\t\t\t<div class=\"eael-dual-header\">\n\t\t\t\t<h2 class=\"title eael-dch-title\"><span class=\"eael-dch-title-text eael-dch-title-lead lead solid-color\">PORTAL<\/span> <span class=\"eael-dch-title-text\">ADMINISTRATIVO<\/span><\/h2><div class=\"eael-dch-separator-wrap\"><span class=\"separator-one\"><\/span>\n\t\t\t<span class=\"separator-two\"><\/span><\/div>\t\t\t\t\t<span class=\"subtext\"><p><strong>Bem-vindo ao Portal Administrativo do Curso de Engenharia Civil<\/strong><\/p><p style=\"text-align: justify\">Aqui voc\u00ea encontra informa\u00e7\u00f5es relacionadas \u00e0 gest\u00e3o e administra\u00e7\u00e3o do curso. Navegue pelas se\u00e7\u00f5es para acessar documentos, regulamentos, requerimentos e comunicados importantes.<\/p><\/span>\n\t\t\t\t\t\t\t<\/div>\n\n\t\t\t\t\t\t<\/div>\n\t\t\t\t<\/div>\n\t\t\t\t<div class=\"elementor-element elementor-element-e4eff69 elementor-widget elementor-widget-heading\" data-id=\"e4eff69\" data-element_type=\"widget\" data-e-type=\"widget\" data-widget_type=\"heading.default\">\n\t\t\t\t<div class=\"elementor-widget-container\">\n\t\t\t\t\t<h2 class=\"elementor-heading-title elementor-size-default\">Recursos dispon\u00edveis:<\/h2>\t\t\t\t<\/div>\n\t\t\t\t<\/div>\n\t\t\t\t\t<\/div>\n\t\t<\/div>\n\t\t\t\t\t<\/div>\n\t\t<\/section>\n\t\t\t\t<section class=\"elementor-section elementor-top-section elementor-element elementor-element-4a276d2 elementor-section-full_width elementor-section-height-default elementor-section-height-default\" data-id=\"4a276d2\" data-element_type=\"section\" data-e-type=\"section\">\n\t\t\t\t\t\t<div class=\"elementor-container elementor-column-gap-default\">\n\t\t\t\t\t<div class=\"elementor-column elementor-col-16 elementor-top-column elementor-element elementor-element-4ae57be7\" data-id=\"4ae57be7\" data-element_type=\"column\" data-e-type=\"column\">\n\t\t\t<div class=\"elementor-widget-wrap\">\n\t\t\t\t\t\t\t<\/div>\n\t\t<\/div>\n\t\t\t\t<div class=\"elementor-column elementor-col-16 elementor-top-column elementor-element elementor-element-2962f72c\" data-id=\"2962f72c\" data-element_type=\"column\" data-e-type=\"column\">\n\t\t\t<div class=\"elementor-widget-wrap elementor-element-populated\">\n\t\t\t\t\t\t<div class=\"elementor-element elementor-element-684edc51 elementor-position-top elementor-widget elementor-widget-image-box\" data-id=\"684edc51\" data-element_type=\"widget\" data-e-type=\"widget\" data-widget_type=\"image-box.default\">\n\t\t\t\t<div class=\"elementor-widget-container\">\n\t\t\t\t\t<div class=\"elementor-image-box-wrapper\"><figure class=\"elementor-image-box-img\"><a href=\"https:\/\/www2.unifap.br\/engcivil\/secretaria\/\" tabindex=\"-1\"><img fetchpriority=\"high\" decoding=\"async\" width=\"300\" height=\"217\" src=\"https:\/\/www2.unifap.br\/engcivil\/files\/2024\/08\/Secretaria-300x217.png\" class=\"attachment-medium size-medium wp-image-2359\" alt=\"\" srcset=\"https:\/\/www2.unifap.br\/engcivil\/files\/2024\/08\/Secretaria-300x217.png 300w, https:\/\/www2.unifap.br\/engcivil\/files\/2024\/08\/Secretaria.png 751w\" sizes=\"(max-width: 300px) 100vw, 300px\" \/><\/a><\/figure><div class=\"elementor-image-box-content\"><h3 class=\"elementor-image-box-title\"><a href=\"https:\/\/www2.unifap.br\/engcivil\/secretaria\/\">Secretaria<\/a><\/h3><\/div><\/div>\t\t\t\t<\/div>\n\t\t\t\t<\/div>\n\t\t<a class=\"eael-wrapper-link-e332f7c --eael-wrapper-link-tag\" href=\"https:\/\/www2.unifap.br\/engcivil\/projetos-2\/\"><\/a>\t\t<div data-eael-wrapper-link=\"eael-wrapper-link-e332f7c\" class=\"elementor-element elementor-element-e332f7c elementor-position-top elementor-widget elementor-widget-image-box\" data-id=\"e332f7c\" data-element_type=\"widget\" data-e-type=\"widget\" data-widget_type=\"image-box.default\">\n\t\t\t\t<div class=\"elementor-widget-container\">\n\t\t\t\t\t<div class=\"elementor-image-box-wrapper\"><figure class=\"elementor-image-box-img\"><img decoding=\"async\" width=\"751\" height=\"543\" src=\"https:\/\/www2.unifap.br\/engcivil\/files\/2024\/08\/Plano_Atua.png\" class=\"attachment-full size-full wp-image-2414\" alt=\"\" srcset=\"https:\/\/www2.unifap.br\/engcivil\/files\/2024\/08\/Plano_Atua.png 751w, https:\/\/www2.unifap.br\/engcivil\/files\/2024\/08\/Plano_Atua-300x217.png 300w\" sizes=\"(max-width: 751px) 100vw, 751px\" \/><\/figure><div class=\"elementor-image-box-content\"><h3 class=\"elementor-image-box-title\">Plano de Atua\u00e7\u00e3o <br>e Relat\u00f3rios<\/h3><\/div><\/div>\t\t\t\t<\/div>\n\t\t\t\t<\/div>\n\t\t<a class=\"eael-wrapper-link-2e492bbb --eael-wrapper-link-tag\" href=\"https:\/\/www2.unifap.br\/engcivil\/projetos-2\/\"><\/a>\t\t<div data-eael-wrapper-link=\"eael-wrapper-link-2e492bbb\" class=\"elementor-element elementor-element-2e492bbb elementor-position-top elementor-widget elementor-widget-image-box\" data-id=\"2e492bbb\" data-element_type=\"widget\" data-e-type=\"widget\" data-widget_type=\"image-box.default\">\n\t\t\t\t<div class=\"elementor-widget-container\">\n\t\t\t\t\t<div class=\"elementor-image-box-wrapper\"><figure class=\"elementor-image-box-img\"><img decoding=\"async\" width=\"751\" height=\"543\" src=\"https:\/\/www2.unifap.br\/engcivil\/files\/2024\/08\/Col_Grau.png\" class=\"attachment-full size-full wp-image-2355\" alt=\"\" srcset=\"https:\/\/www2.unifap.br\/engcivil\/files\/2024\/08\/Col_Grau.png 751w, https:\/\/www2.unifap.br\/engcivil\/files\/2024\/08\/Col_Grau-300x217.png 300w\" sizes=\"(max-width: 751px) 100vw, 751px\" \/><\/figure><div class=\"elementor-image-box-content\"><h3 class=\"elementor-image-box-title\">Coloca\u00e7\u00e3o de Grau<\/h3><\/div><\/div>\t\t\t\t<\/div>\n\t\t\t\t<\/div>\n\t\t\t\t\t<\/div>\n\t\t<\/div>\n\t\t\t\t<div class=\"elementor-column elementor-col-16 elementor-top-column elementor-element elementor-element-7c866d3d\" data-id=\"7c866d3d\" data-element_type=\"column\" data-e-type=\"column\">\n\t\t\t<div class=\"elementor-widget-wrap elementor-element-populated\">\n\t\t\t\t<a class=\"eael-wrapper-link-5ce68bea --eael-wrapper-link-tag\" href=\"https:\/\/www2.unifap.br\/engcivil\/pagina-em-construcao\/\"><\/a>\t\t<div data-eael-wrapper-link=\"eael-wrapper-link-5ce68bea\" class=\"elementor-element elementor-element-5ce68bea elementor-position-top elementor-widget elementor-widget-image-box\" data-id=\"5ce68bea\" data-element_type=\"widget\" data-e-type=\"widget\" data-widget_type=\"image-box.default\">\n\t\t\t\t<div class=\"elementor-widget-container\">\n\t\t\t\t\t<div class=\"elementor-image-box-wrapper\"><figure class=\"elementor-image-box-img\"><a href=\"http:\/\/www2.unifap.br\/engcivil\/files\/2026\/02\/REQUERIMENTO-GERAL-ENG-CIVIL.pdf\" target=\"_blank\" tabindex=\"-1\"><img loading=\"lazy\" decoding=\"async\" width=\"751\" height=\"543\" src=\"https:\/\/www2.unifap.br\/engcivil\/files\/2024\/08\/Req_online-1.png\" class=\"attachment-full size-full wp-image-2368\" alt=\"\" srcset=\"https:\/\/www2.unifap.br\/engcivil\/files\/2024\/08\/Req_online-1.png 751w, https:\/\/www2.unifap.br\/engcivil\/files\/2024\/08\/Req_online-1-300x217.png 300w\" sizes=\"(max-width: 751px) 100vw, 751px\" \/><\/a><\/figure><div class=\"elementor-image-box-content\"><h3 class=\"elementor-image-box-title\"><a href=\"http:\/\/www2.unifap.br\/engcivil\/files\/2026\/02\/REQUERIMENTO-GERAL-ENG-CIVIL.pdf\" target=\"_blank\">Requerimentos On-line<\/a><\/h3><\/div><\/div>\t\t\t\t<\/div>\n\t\t\t\t<\/div>\n\t\t<a class=\"eael-wrapper-link-3cb01b15 --eael-wrapper-link-tag\" href=\"https:\/\/www2.unifap.br\/engcivil\/projetos-2\/\"><\/a>\t\t<div data-eael-wrapper-link=\"eael-wrapper-link-3cb01b15\" class=\"elementor-element elementor-element-3cb01b15 elementor-position-top elementor-widget elementor-widget-image-box\" data-id=\"3cb01b15\" data-element_type=\"widget\" data-e-type=\"widget\" data-widget_type=\"image-box.default\">\n\t\t\t\t<div class=\"elementor-widget-container\">\n\t\t\t\t\t<div class=\"elementor-image-box-wrapper\"><figure class=\"elementor-image-box-img\"><img loading=\"lazy\" decoding=\"async\" width=\"300\" height=\"217\" src=\"https:\/\/www2.unifap.br\/engcivil\/files\/2024\/08\/Indicador-300x217.png\" class=\"attachment-medium size-medium wp-image-2410\" alt=\"\" srcset=\"https:\/\/www2.unifap.br\/engcivil\/files\/2024\/08\/Indicador-300x217.png 300w, https:\/\/www2.unifap.br\/engcivil\/files\/2024\/08\/Indicador.png 751w\" sizes=\"(max-width: 300px) 100vw, 300px\" \/><\/figure><div class=\"elementor-image-box-content\"><h3 class=\"elementor-image-box-title\">Indicadores <br>(Avalia\u00e7\u00e3o Interna)<\/h3><\/div><\/div>\t\t\t\t<\/div>\n\t\t\t\t<\/div>\n\t\t<a class=\"eael-wrapper-link-738aec1 --eael-wrapper-link-tag\" href=\"https:\/\/www2.unifap.br\/engcivil\/projetos-2\/\"><\/a>\t\t<div data-eael-wrapper-link=\"eael-wrapper-link-738aec1\" class=\"elementor-element elementor-element-738aec1 elementor-position-top elementor-widget elementor-widget-image-box\" data-id=\"738aec1\" data-element_type=\"widget\" data-e-type=\"widget\" data-widget_type=\"image-box.default\">\n\t\t\t\t<div class=\"elementor-widget-container\">\n\t\t\t\t\t<div class=\"elementor-image-box-wrapper\"><figure class=\"elementor-image-box-img\"><img loading=\"lazy\" decoding=\"async\" width=\"751\" height=\"542\" src=\"https:\/\/www2.unifap.br\/engcivil\/files\/2024\/08\/Portfol.png\" class=\"attachment-full size-full wp-image-2411\" alt=\"\" srcset=\"https:\/\/www2.unifap.br\/engcivil\/files\/2024\/08\/Portfol.png 751w, https:\/\/www2.unifap.br\/engcivil\/files\/2024\/08\/Portfol-300x217.png 300w\" sizes=\"(max-width: 751px) 100vw, 751px\" \/><\/figure><div class=\"elementor-image-box-content\"><h3 class=\"elementor-image-box-title\"> Portfolio<\/h3><\/div><\/div>\t\t\t\t<\/div>\n\t\t\t\t<\/div>\n\t\t\t\t\t<\/div>\n\t\t<\/div>\n\t\t\t\t<div class=\"elementor-column elementor-col-16 elementor-top-column elementor-element elementor-element-53357ec\" data-id=\"53357ec\" data-element_type=\"column\" data-e-type=\"column\">\n\t\t\t<div class=\"elementor-widget-wrap elementor-element-populated\">\n\t\t\t\t<a class=\"eael-wrapper-link-25f2aba5 --eael-wrapper-link-tag\" href=\"https:\/\/www2.unifap.br\/engcivil\/projetos-2\/\"><\/a>\t\t<div data-eael-wrapper-link=\"eael-wrapper-link-25f2aba5\" class=\"elementor-element elementor-element-25f2aba5 elementor-position-top elementor-widget elementor-widget-image-box\" data-id=\"25f2aba5\" data-element_type=\"widget\" data-e-type=\"widget\" data-widget_type=\"image-box.default\">\n\t\t\t\t<div class=\"elementor-widget-container\">\n\t\t\t\t\t<div class=\"elementor-image-box-wrapper\"><figure class=\"elementor-image-box-img\"><img loading=\"lazy\" decoding=\"async\" width=\"751\" height=\"543\" src=\"https:\/\/www2.unifap.br\/engcivil\/files\/2024\/08\/Document.png\" class=\"attachment-full size-full wp-image-2412\" alt=\"\" srcset=\"https:\/\/www2.unifap.br\/engcivil\/files\/2024\/08\/Document.png 751w, https:\/\/www2.unifap.br\/engcivil\/files\/2024\/08\/Document-300x217.png 300w\" sizes=\"(max-width: 751px) 100vw, 751px\" \/><\/figure><div class=\"elementor-image-box-content\"><h3 class=\"elementor-image-box-title\">Documentos<\/h3><\/div><\/div>\t\t\t\t<\/div>\n\t\t\t\t<\/div>\n\t\t<a class=\"eael-wrapper-link-356e5626 --eael-wrapper-link-tag\" href=\"https:\/\/www2.unifap.br\/engcivil\/projetos-2\/\"><\/a>\t\t<div data-eael-wrapper-link=\"eael-wrapper-link-356e5626\" class=\"elementor-element elementor-element-356e5626 elementor-position-top elementor-widget elementor-widget-image-box\" data-id=\"356e5626\" data-element_type=\"widget\" data-e-type=\"widget\" data-widget_type=\"image-box.default\">\n\t\t\t\t<div class=\"elementor-widget-container\">\n\t\t\t\t\t<div class=\"elementor-image-box-wrapper\"><figure class=\"elementor-image-box-img\"><img loading=\"lazy\" decoding=\"async\" width=\"751\" height=\"543\" src=\"https:\/\/www2.unifap.br\/engcivil\/files\/2024\/08\/Tecnicos_Lab.png\" class=\"attachment-full size-full wp-image-2356\" alt=\"\" srcset=\"https:\/\/www2.unifap.br\/engcivil\/files\/2024\/08\/Tecnicos_Lab.png 751w, https:\/\/www2.unifap.br\/engcivil\/files\/2024\/08\/Tecnicos_Lab-300x217.png 300w\" sizes=\"(max-width: 751px) 100vw, 751px\" \/><\/figure><div class=\"elementor-image-box-content\"><h3 class=\"elementor-image-box-title\">T\u00e9cnicos<br> de Laborat\u00f3rios<\/h3><\/div><\/div>\t\t\t\t<\/div>\n\t\t\t\t<\/div>\n\t\t<a class=\"eael-wrapper-link-7362dfa7 --eael-wrapper-link-tag\" href=\"https:\/\/www2.unifap.br\/engcivil\/projetos-2\/\"><\/a>\t\t<div data-eael-wrapper-link=\"eael-wrapper-link-7362dfa7\" class=\"elementor-element elementor-element-7362dfa7 elementor-position-top elementor-widget elementor-widget-image-box\" data-id=\"7362dfa7\" data-element_type=\"widget\" data-e-type=\"widget\" data-widget_type=\"image-box.default\">\n\t\t\t\t<div class=\"elementor-widget-container\">\n\t\t\t\t\t<div class=\"elementor-image-box-wrapper\"><figure class=\"elementor-image-box-img\"><img loading=\"lazy\" decoding=\"async\" width=\"751\" height=\"543\" src=\"https:\/\/www2.unifap.br\/engcivil\/files\/2024\/08\/Fale_Conosco.png\" class=\"attachment-full size-full wp-image-2357\" alt=\"\" srcset=\"https:\/\/www2.unifap.br\/engcivil\/files\/2024\/08\/Fale_Conosco.png 751w, https:\/\/www2.unifap.br\/engcivil\/files\/2024\/08\/Fale_Conosco-300x217.png 300w\" sizes=\"(max-width: 751px) 100vw, 751px\" \/><\/figure><div class=\"elementor-image-box-content\"><h3 class=\"elementor-image-box-title\">Fale Conosco<\/h3><\/div><\/div>\t\t\t\t<\/div>\n\t\t\t\t<\/div>\n\t\t\t\t\t<\/div>\n\t\t<\/div>\n\t\t\t\t<div class=\"elementor-column elementor-col-16 elementor-top-column elementor-element elementor-element-b3a7e06\" data-id=\"b3a7e06\" data-element_type=\"column\" data-e-type=\"column\">\n\t\t\t<div class=\"elementor-widget-wrap elementor-element-populated\">\n\t\t\t\t<a class=\"eael-wrapper-link-54b9c8e9 --eael-wrapper-link-tag\" href=\"https:\/\/www2.unifap.br\/engcivil\/colegiado-do-curso\/\"><\/a>\t\t<div data-eael-wrapper-link=\"eael-wrapper-link-54b9c8e9\" class=\"elementor-element elementor-element-54b9c8e9 elementor-position-top elementor-widget elementor-widget-image-box\" data-id=\"54b9c8e9\" data-element_type=\"widget\" data-e-type=\"widget\" data-widget_type=\"image-box.default\">\n\t\t\t\t<div class=\"elementor-widget-container\">\n\t\t\t\t\t<div class=\"elementor-image-box-wrapper\"><figure class=\"elementor-image-box-img\"><img loading=\"lazy\" decoding=\"async\" width=\"751\" height=\"543\" src=\"https:\/\/www2.unifap.br\/engcivil\/files\/2024\/08\/Colegiad.png\" class=\"attachment-full size-full wp-image-2413\" alt=\"\" srcset=\"https:\/\/www2.unifap.br\/engcivil\/files\/2024\/08\/Colegiad.png 751w, https:\/\/www2.unifap.br\/engcivil\/files\/2024\/08\/Colegiad-300x217.png 300w\" sizes=\"(max-width: 751px) 100vw, 751px\" \/><\/figure><div class=\"elementor-image-box-content\"><h3 class=\"elementor-image-box-title\">Colegiado do Curso<\/h3><\/div><\/div>\t\t\t\t<\/div>\n\t\t\t\t<\/div>\n\t\t<a class=\"eael-wrapper-link-43cff96f --eael-wrapper-link-tag\" href=\"https:\/\/www2.unifap.br\/engcivil\/projetos-2\/\"><\/a>\t\t<div data-eael-wrapper-link=\"eael-wrapper-link-43cff96f\" class=\"elementor-element elementor-element-43cff96f elementor-position-top elementor-widget elementor-widget-image-box\" data-id=\"43cff96f\" data-element_type=\"widget\" data-e-type=\"widget\" data-widget_type=\"image-box.default\">\n\t\t\t\t<div class=\"elementor-widget-container\">\n\t\t\t\t\t<div class=\"elementor-image-box-wrapper\"><figure class=\"elementor-image-box-img\"><img loading=\"lazy\" decoding=\"async\" width=\"751\" height=\"543\" src=\"https:\/\/www2.unifap.br\/engcivil\/files\/2024\/08\/Ag_EFisicos.png\" class=\"attachment-full size-full wp-image-2358\" alt=\"\" srcset=\"https:\/\/www2.unifap.br\/engcivil\/files\/2024\/08\/Ag_EFisicos.png 751w, https:\/\/www2.unifap.br\/engcivil\/files\/2024\/08\/Ag_EFisicos-300x217.png 300w\" sizes=\"(max-width: 751px) 100vw, 751px\" \/><\/figure><div class=\"elementor-image-box-content\"><h3 class=\"elementor-image-box-title\"> Agenda dos <BR>Espa\u00e7os F\u00edsicos<\/h3><\/div><\/div>\t\t\t\t<\/div>\n\t\t\t\t<\/div>\n\t\t<a class=\"eael-wrapper-link-48538bb7 --eael-wrapper-link-tag\" href=\"https:\/\/www2.unifap.br\/ouvidoria\/\"><\/a>\t\t<div data-eael-wrapper-link=\"eael-wrapper-link-48538bb7\" class=\"elementor-element elementor-element-48538bb7 elementor-position-top elementor-widget elementor-widget-image-box\" data-id=\"48538bb7\" data-element_type=\"widget\" data-e-type=\"widget\" data-widget_type=\"image-box.default\">\n\t\t\t\t<div class=\"elementor-widget-container\">\n\t\t\t\t\t<div class=\"elementor-image-box-wrapper\"><figure class=\"elementor-image-box-img\"><img loading=\"lazy\" decoding=\"async\" width=\"751\" height=\"543\" src=\"https:\/\/www2.unifap.br\/engcivil\/files\/2024\/08\/Ouvid.png\" class=\"attachment-full size-full wp-image-2406\" alt=\"\" srcset=\"https:\/\/www2.unifap.br\/engcivil\/files\/2024\/08\/Ouvid.png 751w, https:\/\/www2.unifap.br\/engcivil\/files\/2024\/08\/Ouvid-300x217.png 300w\" sizes=\"(max-width: 751px) 100vw, 751px\" \/><\/figure><div class=\"elementor-image-box-content\"><h3 class=\"elementor-image-box-title\">Ouvidoria<\/h3><\/div><\/div>\t\t\t\t<\/div>\n\t\t\t\t<\/div>\n\t\t\t\t\t<\/div>\n\t\t<\/div>\n\t\t\t\t<div class=\"elementor-column elementor-col-16 elementor-top-column elementor-element elementor-element-2e02d7c9\" data-id=\"2e02d7c9\" data-element_type=\"column\" data-e-type=\"column\">\n\t\t\t<div class=\"elementor-widget-wrap\">\n\t\t\t\t\t\t\t<\/div>\n\t\t<\/div>\n\t\t\t\t\t<\/div>\n\t\t<\/section>\n\t\t\t\t<section class=\"elementor-section elementor-top-section elementor-element elementor-element-f43fb14 elementor-section-full_width elementor-section-height-default elementor-section-height-default\" data-id=\"f43fb14\" data-element_type=\"section\" data-e-type=\"section\">\n\t\t\t\t\t\t<div class=\"elementor-container elementor-column-gap-default\">\n\t\t\t\t\t<div class=\"elementor-column elementor-col-25 elementor-top-column elementor-element elementor-element-a1d7c0c\" data-id=\"a1d7c0c\" data-element_type=\"column\" data-e-type=\"column\">\n\t\t\t<div class=\"elementor-widget-wrap\">\n\t\t\t\t\t\t\t<\/div>\n\t\t<\/div>\n\t\t\t\t<div class=\"elementor-column elementor-col-50 elementor-top-column elementor-element elementor-element-f4ad674\" data-id=\"f4ad674\" data-element_type=\"column\" data-e-type=\"column\">\n\t\t\t<div class=\"elementor-widget-wrap elementor-element-populated\">\n\t\t\t\t\t\t<div class=\"elementor-element elementor-element-c5e5892 elementor-widget elementor-widget-spacer\" data-id=\"c5e5892\" data-element_type=\"widget\" data-e-type=\"widget\" data-widget_type=\"spacer.default\">\n\t\t\t\t<div class=\"elementor-widget-container\">\n\t\t\t\t\t\t\t<div class=\"elementor-spacer\">\n\t\t\t<div class=\"elementor-spacer-inner\"><\/div>\n\t\t<\/div>\n\t\t\t\t\t\t<\/div>\n\t\t\t\t<\/div>\n\t\t\t\t<div class=\"elementor-element elementor-element-1368424 elementor-widget-divider--view-line_icon elementor-view-framed elementor-widget-divider--separator-type-pattern elementor-widget-divider--no-spacing elementor-widget-divider--element-align-center elementor-widget elementor-widget-divider\" data-id=\"1368424\" data-element_type=\"widget\" data-e-type=\"widget\" data-widget_type=\"divider.default\">\n\t\t\t\t<div class=\"elementor-widget-container\">\n\t\t\t\t\t\t\t<div class=\"elementor-divider\" style=\"--divider-pattern-url: url(&quot;data:image\/svg+xml,%3Csvg xmlns=&#039;http:\/\/www.w3.org\/2000\/svg&#039; preserveAspectRatio=&#039;xMidYMid meet&#039; overflow=&#039;visible&#039; height=&#039;100%&#039; viewBox=&#039;0 0 120 26&#039; fill=&#039;black&#039; stroke=&#039;none&#039;%3E%3Cpath d=&#039;M54,1.6V26h-9V2.5L54,1.6z M69,1.6v23.3L60,26V1.6H69z M24,1.6v23.5l-9-0.6V1.6H24z M30,0l9,0.7v24.5h-9V0z M9,2.5v22H0V3.7L9,2.5z M75,1.6l9,0.9v22h-9V1.6z M99,2.7v21.7h-9V3.8L99,2.7z M114,3.8v20.7l-9-0.5V3.8L114,3.8z&#039;\/%3E%3C\/svg%3E&quot;);\">\n\t\t\t<span class=\"elementor-divider-separator\">\n\t\t\t\t\t\t\t<div class=\"elementor-icon elementor-divider__element\">\n\t\t\t\t\t<i aria-hidden=\"true\" class=\"fas fa-building\"><\/i><\/div>\n\t\t\t\t\t\t<\/span>\n\t\t<\/div>\n\t\t\t\t\t\t<\/div>\n\t\t\t\t<\/div>\n\t\t\t\t\t<\/div>\n\t\t<\/div>\n\t\t\t\t<div class=\"elementor-column elementor-col-25 elementor-top-column elementor-element elementor-element-4466512\" data-id=\"4466512\" data-element_type=\"column\" data-e-type=\"column\">\n\t\t\t<div class=\"elementor-widget-wrap\">\n\t\t\t\t\t\t\t<\/div>\n\t\t<\/div>\n\t\t\t\t\t<\/div>\n\t\t<\/section>\n\t\t\t\t<\/div>\n\t\t","protected":false},"excerpt":{"rendered":"<p>PORTAL ADMINISTRATIVO Bem-vindo ao Portal Administrativo do Curso de Engenharia Civil Aqui voc\u00ea encontra informa\u00e7\u00f5es relacionadas \u00e0 gest\u00e3o e administra\u00e7\u00e3o do curso. Navegue pelas se\u00e7\u00f5es para acessar documentos, regulamentos, requerimentos e comunicados importantes. Recursos dispon\u00edveis: Secretaria Plano de Atua\u00e7\u00e3o e Relat\u00f3rios Coloca\u00e7\u00e3o de Grau Requerimentos On-line Indicadores (Avalia\u00e7\u00e3o Interna) Portfolio Documentos T\u00e9cnicos de Laborat\u00f3rios Fale&#8230;<\/p>\n","protected":false},"author":3950,"featured_media":0,"parent":0,"menu_order":0,"comment_status":"closed","ping_status":"closed","template":"","meta":{"inline_featured_image":false,"ngg_post_thumbnail":0,"footnotes":""},"class_list":["post-1679","page","type-page","status-publish","hentry","entry"],"_links":{"self":[{"href":"https:\/\/www2.unifap.br\/engcivil\/wp-json\/wp\/v2\/pages\/1679","targetHints":{"allow":["GET"]}}],"collection":[{"href":"https:\/\/www2.unifap.br\/engcivil\/wp-json\/wp\/v2\/pages"}],"about":[{"href":"https:\/\/www2.unifap.br\/engcivil\/wp-json\/wp\/v2\/types\/page"}],"author":[{"embeddable":true,"href":"https:\/\/www2.unifap.br\/engcivil\/wp-json\/wp\/v2\/users\/3950"}],"replies":[{"embeddable":true,"href":"https:\/\/www2.unifap.br\/engcivil\/wp-json\/wp\/v2\/comments?post=1679"}],"version-history":[{"count":205,"href":"https:\/\/www2.unifap.br\/engcivil\/wp-json\/wp\/v2\/pages\/1679\/revisions"}],"predecessor-version":[{"id":3317,"href":"https:\/\/www2.unifap.br\/engcivil\/wp-json\/wp\/v2\/pages\/1679\/revisions\/3317"}],"wp:attachment":[{"href":"https:\/\/www2.unifap.br\/engcivil\/wp-json\/wp\/v2\/media?parent=1679"}],"curies":[{"name":"wp","href":"https:\/\/api.w.org\/{rel}","templated":true}]}}