{"id":1681,"date":"2024-05-21T20:00:50","date_gmt":"2024-05-21T20:00:50","guid":{"rendered":"https:\/\/www2.unifap.br\/engcivil\/?page_id=1681"},"modified":"2025-06-14T21:47:38","modified_gmt":"2025-06-14T21:47:38","slug":"portal-docente","status":"publish","type":"page","link":"https:\/\/www2.unifap.br\/engcivil\/portal-docente\/","title":{"rendered":"Portal Docente"},"content":{"rendered":"\t\t<div data-elementor-type=\"wp-page\" data-elementor-id=\"1681\" class=\"elementor elementor-1681\">\n\t\t\t\t\t\t<section class=\"elementor-section elementor-top-section elementor-element elementor-element-2d2c0942 elementor-section-boxed elementor-section-height-default elementor-section-height-default\" data-id=\"2d2c0942\" data-element_type=\"section\" data-e-type=\"section\">\n\t\t\t\t\t\t<div class=\"elementor-container elementor-column-gap-default\">\n\t\t\t\t\t<div class=\"elementor-column elementor-col-100 elementor-top-column elementor-element elementor-element-55b54d31\" data-id=\"55b54d31\" data-element_type=\"column\" data-e-type=\"column\">\n\t\t\t<div class=\"elementor-widget-wrap elementor-element-populated\">\n\t\t\t\t\t\t<div class=\"elementor-element elementor-element-141eed69 elementor-widget elementor-widget-spacer\" data-id=\"141eed69\" data-element_type=\"widget\" data-e-type=\"widget\" data-widget_type=\"spacer.default\">\n\t\t\t\t<div class=\"elementor-widget-container\">\n\t\t\t\t\t\t\t<div class=\"elementor-spacer\">\n\t\t\t<div class=\"elementor-spacer-inner\"><\/div>\n\t\t<\/div>\n\t\t\t\t\t\t<\/div>\n\t\t\t\t<\/div>\n\t\t\t\t\t<\/div>\n\t\t<\/div>\n\t\t\t\t\t<\/div>\n\t\t<\/section>\n\t\t\t\t<section class=\"elementor-section elementor-top-section elementor-element elementor-element-1980d121 elementor-section-full_width elementor-section-height-default elementor-section-height-default\" data-id=\"1980d121\" data-element_type=\"section\" data-e-type=\"section\">\n\t\t\t\t\t\t<div class=\"elementor-container elementor-column-gap-default\">\n\t\t\t\t\t<div class=\"elementor-column elementor-col-25 elementor-top-column elementor-element elementor-element-20bb69d8\" data-id=\"20bb69d8\" data-element_type=\"column\" data-e-type=\"column\">\n\t\t\t<div class=\"elementor-widget-wrap\">\n\t\t\t\t\t\t\t<\/div>\n\t\t<\/div>\n\t\t\t\t<div class=\"elementor-column elementor-col-50 elementor-top-column elementor-element elementor-element-59e07566\" data-id=\"59e07566\" data-element_type=\"column\" data-e-type=\"column\">\n\t\t\t<div class=\"elementor-widget-wrap elementor-element-populated\">\n\t\t\t\t\t\t<div class=\"elementor-element elementor-element-2290a93e eael-dual-header-content-align-center elementor-widget elementor-widget-eael-dual-color-header\" data-id=\"2290a93e\" data-element_type=\"widget\" data-e-type=\"widget\" data-widget_type=\"eael-dual-color-header.default\">\n\t\t\t\t<div class=\"elementor-widget-container\">\n\t\t\t\t\t\t\t\t<div class=\"eael-dual-header\">\n\t\t\t\t<h2 class=\"title eael-dch-title\"><span class=\"eael-dch-title-text eael-dch-title-lead lead solid-color\">PORTAL<\/span> <span class=\"eael-dch-title-text\">DOCENTE<\/span><\/h2><div class=\"eael-dch-separator-wrap\"><span class=\"separator-one\"><\/span>\n\t\t\t<span class=\"separator-two\"><\/span><\/div>\t\t\t\t\t<span class=\"subtext\"><p><strong>Bem-vindo ao Portal Docente do Curso de Engenharia Civil<\/strong><\/p><p style=\"text-align: justify\">Aqui voc\u00ea encontra recursos e informa\u00e7\u00f5es importantes para as atividades de ensino, pesquisa e extens\u00e3o.<\/p><\/span>\n\t\t\t\t\t\t\t<\/div>\n\n\t\t\t\t\t\t<\/div>\n\t\t\t\t<\/div>\n\t\t\t\t<div class=\"elementor-element elementor-element-53e83691 elementor-widget elementor-widget-heading\" data-id=\"53e83691\" data-element_type=\"widget\" data-e-type=\"widget\" data-widget_type=\"heading.default\">\n\t\t\t\t<div class=\"elementor-widget-container\">\n\t\t\t\t\t<h2 class=\"elementor-heading-title elementor-size-default\">Recursos dispon\u00edveis:<\/h2>\t\t\t\t<\/div>\n\t\t\t\t<\/div>\n\t\t\t\t\t<\/div>\n\t\t<\/div>\n\t\t\t\t<div class=\"elementor-column elementor-col-25 elementor-top-column elementor-element elementor-element-1b821b4c\" data-id=\"1b821b4c\" data-element_type=\"column\" data-e-type=\"column\">\n\t\t\t<div class=\"elementor-widget-wrap\">\n\t\t\t\t\t\t\t<\/div>\n\t\t<\/div>\n\t\t\t\t\t<\/div>\n\t\t<\/section>\n\t\t\t\t<section class=\"elementor-section elementor-top-section elementor-element elementor-element-5c856ba4 elementor-section-full_width elementor-section-height-default elementor-section-height-default\" data-id=\"5c856ba4\" data-element_type=\"section\" data-e-type=\"section\">\n\t\t\t\t\t\t<div class=\"elementor-container elementor-column-gap-default\">\n\t\t\t\t\t<div class=\"elementor-column elementor-col-16 elementor-top-column elementor-element elementor-element-3b44ff4d\" data-id=\"3b44ff4d\" data-element_type=\"column\" data-e-type=\"column\">\n\t\t\t<div class=\"elementor-widget-wrap\">\n\t\t\t\t\t\t\t<\/div>\n\t\t<\/div>\n\t\t\t\t<div class=\"elementor-column elementor-col-16 elementor-top-column elementor-element elementor-element-1e227844\" data-id=\"1e227844\" data-element_type=\"column\" data-e-type=\"column\">\n\t\t\t<div class=\"elementor-widget-wrap elementor-element-populated\">\n\t\t\t\t<a class=\"eael-wrapper-link-11fa00f7 --eael-wrapper-link-tag\" href=\"https:\/\/www2.unifap.br\/engcivil\/corpo-docente\/\"><\/a>\t\t<div data-eael-wrapper-link=\"eael-wrapper-link-11fa00f7\" class=\"elementor-element elementor-element-11fa00f7 elementor-position-top elementor-widget elementor-widget-image-box\" data-id=\"11fa00f7\" data-element_type=\"widget\" data-e-type=\"widget\" data-widget_type=\"image-box.default\">\n\t\t\t\t<div class=\"elementor-widget-container\">\n\t\t\t\t\t<div class=\"elementor-image-box-wrapper\"><figure class=\"elementor-image-box-img\"><a href=\"https:\/\/www2.unifap.br\/engcivil\/corpo-docente\/\" tabindex=\"-1\"><img fetchpriority=\"high\" decoding=\"async\" width=\"751\" height=\"543\" src=\"https:\/\/www2.unifap.br\/engcivil\/files\/2024\/09\/Docentes.png\" class=\"attachment-full size-full wp-image-2676\" alt=\"\" srcset=\"https:\/\/www2.unifap.br\/engcivil\/files\/2024\/09\/Docentes.png 751w, https:\/\/www2.unifap.br\/engcivil\/files\/2024\/09\/Docentes-300x217.png 300w\" sizes=\"(max-width: 751px) 100vw, 751px\" \/><\/a><\/figure><div class=\"elementor-image-box-content\"><h3 class=\"elementor-image-box-title\"><a href=\"https:\/\/www2.unifap.br\/engcivil\/corpo-docente\/\">Docentes<br><\/br><\/a><\/h3><\/div><\/div>\t\t\t\t<\/div>\n\t\t\t\t<\/div>\n\t\t<a class=\"eael-wrapper-link-25975a56 --eael-wrapper-link-tag\" href=\"https:\/\/www2.unifap.br\/engcivil\/projetos-2\/\"><\/a>\t\t<div data-eael-wrapper-link=\"eael-wrapper-link-25975a56\" class=\"elementor-element elementor-element-25975a56 elementor-position-top elementor-widget elementor-widget-image-box\" data-id=\"25975a56\" data-element_type=\"widget\" data-e-type=\"widget\" data-widget_type=\"image-box.default\">\n\t\t\t\t<div class=\"elementor-widget-container\">\n\t\t\t\t\t<div class=\"elementor-image-box-wrapper\"><figure class=\"elementor-image-box-img\"><img decoding=\"async\" width=\"751\" height=\"543\" src=\"https:\/\/www2.unifap.br\/engcivil\/files\/2024\/09\/PExtensao.png\" class=\"attachment-full size-full wp-image-2680\" alt=\"\" srcset=\"https:\/\/www2.unifap.br\/engcivil\/files\/2024\/09\/PExtensao.png 751w, https:\/\/www2.unifap.br\/engcivil\/files\/2024\/09\/PExtensao-300x217.png 300w\" sizes=\"(max-width: 751px) 100vw, 751px\" \/><\/figure><div class=\"elementor-image-box-content\"><h3 class=\"elementor-image-box-title\">Projetos de <br>Extens\u00e3o<\/h3><\/div><\/div>\t\t\t\t<\/div>\n\t\t\t\t<\/div>\n\t\t\t\t\t<\/div>\n\t\t<\/div>\n\t\t\t\t<div class=\"elementor-column elementor-col-16 elementor-top-column elementor-element elementor-element-13c3593\" data-id=\"13c3593\" data-element_type=\"column\" data-e-type=\"column\">\n\t\t\t<div class=\"elementor-widget-wrap elementor-element-populated\">\n\t\t\t\t<a class=\"eael-wrapper-link-6b3283e7 --eael-wrapper-link-tag\" href=\"https:\/\/www2.unifap.br\/engcivil\/nde\/\"><\/a>\t\t<div data-eael-wrapper-link=\"eael-wrapper-link-6b3283e7\" class=\"elementor-element elementor-element-6b3283e7 elementor-position-top elementor-widget elementor-widget-image-box\" data-id=\"6b3283e7\" data-element_type=\"widget\" data-e-type=\"widget\" data-widget_type=\"image-box.default\">\n\t\t\t\t<div class=\"elementor-widget-container\">\n\t\t\t\t\t<div class=\"elementor-image-box-wrapper\"><figure class=\"elementor-image-box-img\"><img decoding=\"async\" width=\"751\" height=\"543\" src=\"https:\/\/www2.unifap.br\/engcivil\/files\/2024\/09\/NDE.png\" class=\"attachment-full size-full wp-image-2677\" alt=\"\" srcset=\"https:\/\/www2.unifap.br\/engcivil\/files\/2024\/09\/NDE.png 751w, https:\/\/www2.unifap.br\/engcivil\/files\/2024\/09\/NDE-300x217.png 300w\" sizes=\"(max-width: 751px) 100vw, 751px\" \/><\/figure><div class=\"elementor-image-box-content\"><h3 class=\"elementor-image-box-title\">N\u00facleo Docente<br>Estruturante (NDE)<\/h3><\/div><\/div>\t\t\t\t<\/div>\n\t\t\t\t<\/div>\n\t\t<a class=\"eael-wrapper-link-1df37bf4 --eael-wrapper-link-tag\" href=\"https:\/\/www2.unifap.br\/engcivil\/projetos-2\/\"><\/a>\t\t<div data-eael-wrapper-link=\"eael-wrapper-link-1df37bf4\" class=\"elementor-element elementor-element-1df37bf4 elementor-position-top elementor-widget elementor-widget-image-box\" data-id=\"1df37bf4\" data-element_type=\"widget\" data-e-type=\"widget\" data-widget_type=\"image-box.default\">\n\t\t\t\t<div class=\"elementor-widget-container\">\n\t\t\t\t\t<div class=\"elementor-image-box-wrapper\"><figure class=\"elementor-image-box-img\"><img loading=\"lazy\" decoding=\"async\" width=\"751\" height=\"543\" src=\"https:\/\/www2.unifap.br\/engcivil\/files\/2024\/09\/Publicacoes.png\" class=\"attachment-full size-full wp-image-2681\" alt=\"\" srcset=\"https:\/\/www2.unifap.br\/engcivil\/files\/2024\/09\/Publicacoes.png 751w, https:\/\/www2.unifap.br\/engcivil\/files\/2024\/09\/Publicacoes-300x217.png 300w\" sizes=\"(max-width: 751px) 100vw, 751px\" \/><\/figure><div class=\"elementor-image-box-content\"><h3 class=\"elementor-image-box-title\">Publica\u00e7\u00f5es<br>Cient\u00edficas<\/h3><\/div><\/div>\t\t\t\t<\/div>\n\t\t\t\t<\/div>\n\t\t\t\t\t<\/div>\n\t\t<\/div>\n\t\t\t\t<div class=\"elementor-column elementor-col-16 elementor-top-column elementor-element elementor-element-55fddf22\" data-id=\"55fddf22\" data-element_type=\"column\" data-e-type=\"column\">\n\t\t\t<div class=\"elementor-widget-wrap elementor-element-populated\">\n\t\t\t\t<a class=\"eael-wrapper-link-6f11fee6 --eael-wrapper-link-tag\" href=\"https:\/\/www2.unifap.br\/engcivil\/projetos-2\/\"><\/a>\t\t<div data-eael-wrapper-link=\"eael-wrapper-link-6f11fee6\" class=\"elementor-element elementor-element-6f11fee6 elementor-position-top elementor-widget elementor-widget-image-box\" data-id=\"6f11fee6\" data-element_type=\"widget\" data-e-type=\"widget\" data-widget_type=\"image-box.default\">\n\t\t\t\t<div class=\"elementor-widget-container\">\n\t\t\t\t\t<div class=\"elementor-image-box-wrapper\"><figure class=\"elementor-image-box-img\"><img loading=\"lazy\" decoding=\"async\" width=\"751\" height=\"542\" src=\"https:\/\/www2.unifap.br\/engcivil\/files\/2024\/09\/GPesquisa.png\" class=\"attachment-full size-full wp-image-2678\" alt=\"\" srcset=\"https:\/\/www2.unifap.br\/engcivil\/files\/2024\/09\/GPesquisa.png 751w, https:\/\/www2.unifap.br\/engcivil\/files\/2024\/09\/GPesquisa-300x217.png 300w\" sizes=\"(max-width: 751px) 100vw, 751px\" \/><\/figure><div class=\"elementor-image-box-content\"><h3 class=\"elementor-image-box-title\">Grupos de <br>Pesquisa<\/h3><\/div><\/div>\t\t\t\t<\/div>\n\t\t\t\t<\/div>\n\t\t<a class=\"eael-wrapper-link-43fd138c --eael-wrapper-link-tag\" href=\"https:\/\/www2.unifap.br\/engcivil\/projetos-2\/\"><\/a>\t\t<div data-eael-wrapper-link=\"eael-wrapper-link-43fd138c\" class=\"elementor-element elementor-element-43fd138c elementor-position-top elementor-widget elementor-widget-image-box\" data-id=\"43fd138c\" data-element_type=\"widget\" data-e-type=\"widget\" data-widget_type=\"image-box.default\">\n\t\t\t\t<div class=\"elementor-widget-container\">\n\t\t\t\t\t<div class=\"elementor-image-box-wrapper\"><figure class=\"elementor-image-box-img\"><img loading=\"lazy\" decoding=\"async\" width=\"751\" height=\"542\" src=\"https:\/\/www2.unifap.br\/engcivil\/files\/2024\/09\/Congressos.png\" class=\"attachment-full size-full wp-image-2682\" alt=\"\" srcset=\"https:\/\/www2.unifap.br\/engcivil\/files\/2024\/09\/Congressos.png 751w, https:\/\/www2.unifap.br\/engcivil\/files\/2024\/09\/Congressos-300x217.png 300w\" sizes=\"(max-width: 751px) 100vw, 751px\" \/><\/figure><div class=\"elementor-image-box-content\"><h3 class=\"elementor-image-box-title\"> Congressos e<br>Revistas<\/h3><\/div><\/div>\t\t\t\t<\/div>\n\t\t\t\t<\/div>\n\t\t\t\t\t<\/div>\n\t\t<\/div>\n\t\t\t\t<div class=\"elementor-column elementor-col-16 elementor-top-column elementor-element elementor-element-742cdc3d\" data-id=\"742cdc3d\" data-element_type=\"column\" data-e-type=\"column\">\n\t\t\t<div class=\"elementor-widget-wrap elementor-element-populated\">\n\t\t\t\t<a class=\"eael-wrapper-link-6e3adbf1 --eael-wrapper-link-tag\" href=\"https:\/\/www2.unifap.br\/engcivil\/projetos-2\/\"><\/a>\t\t<div data-eael-wrapper-link=\"eael-wrapper-link-6e3adbf1\" class=\"elementor-element elementor-element-6e3adbf1 elementor-position-top elementor-widget elementor-widget-image-box\" data-id=\"6e3adbf1\" data-element_type=\"widget\" data-e-type=\"widget\" data-widget_type=\"image-box.default\">\n\t\t\t\t<div class=\"elementor-widget-container\">\n\t\t\t\t\t<div class=\"elementor-image-box-wrapper\"><figure class=\"elementor-image-box-img\"><img loading=\"lazy\" decoding=\"async\" width=\"751\" height=\"543\" src=\"https:\/\/www2.unifap.br\/engcivil\/files\/2024\/09\/PPesquisa.png\" class=\"attachment-full size-full wp-image-2679\" alt=\"\" srcset=\"https:\/\/www2.unifap.br\/engcivil\/files\/2024\/09\/PPesquisa.png 751w, https:\/\/www2.unifap.br\/engcivil\/files\/2024\/09\/PPesquisa-300x217.png 300w\" sizes=\"(max-width: 751px) 100vw, 751px\" \/><\/figure><div class=\"elementor-image-box-content\"><h3 class=\"elementor-image-box-title\">Projetos de <br>Pesquisa<\/h3><\/div><\/div>\t\t\t\t<\/div>\n\t\t\t\t<\/div>\n\t\t\t\t\t<\/div>\n\t\t<\/div>\n\t\t\t\t<div class=\"elementor-column elementor-col-16 elementor-top-column elementor-element elementor-element-488b2f62\" data-id=\"488b2f62\" data-element_type=\"column\" data-e-type=\"column\">\n\t\t\t<div class=\"elementor-widget-wrap\">\n\t\t\t\t\t\t\t<\/div>\n\t\t<\/div>\n\t\t\t\t\t<\/div>\n\t\t<\/section>\n\t\t\t\t<section class=\"elementor-section elementor-top-section elementor-element elementor-element-33a6fb53 elementor-section-full_width elementor-section-height-default elementor-section-height-default\" data-id=\"33a6fb53\" data-element_type=\"section\" data-e-type=\"section\">\n\t\t\t\t\t\t<div class=\"elementor-container elementor-column-gap-default\">\n\t\t\t\t\t<div class=\"elementor-column elementor-col-25 elementor-top-column elementor-element elementor-element-1e6d21cb\" data-id=\"1e6d21cb\" data-element_type=\"column\" data-e-type=\"column\">\n\t\t\t<div class=\"elementor-widget-wrap\">\n\t\t\t\t\t\t\t<\/div>\n\t\t<\/div>\n\t\t\t\t<div class=\"elementor-column elementor-col-50 elementor-top-column elementor-element elementor-element-557e02c9\" data-id=\"557e02c9\" data-element_type=\"column\" data-e-type=\"column\">\n\t\t\t<div class=\"elementor-widget-wrap elementor-element-populated\">\n\t\t\t\t\t\t<div class=\"elementor-element elementor-element-44491f11 elementor-widget elementor-widget-spacer\" data-id=\"44491f11\" data-element_type=\"widget\" data-e-type=\"widget\" data-widget_type=\"spacer.default\">\n\t\t\t\t<div class=\"elementor-widget-container\">\n\t\t\t\t\t\t\t<div class=\"elementor-spacer\">\n\t\t\t<div class=\"elementor-spacer-inner\"><\/div>\n\t\t<\/div>\n\t\t\t\t\t\t<\/div>\n\t\t\t\t<\/div>\n\t\t\t\t<div class=\"elementor-element elementor-element-3b7350f0 elementor-widget-divider--view-line_icon elementor-view-framed elementor-widget-divider--separator-type-pattern elementor-widget-divider--no-spacing elementor-widget-divider--element-align-center elementor-widget elementor-widget-divider\" data-id=\"3b7350f0\" data-element_type=\"widget\" data-e-type=\"widget\" data-widget_type=\"divider.default\">\n\t\t\t\t<div class=\"elementor-widget-container\">\n\t\t\t\t\t\t\t<div class=\"elementor-divider\" style=\"--divider-pattern-url: url(&quot;data:image\/svg+xml,%3Csvg xmlns=&#039;http:\/\/www.w3.org\/2000\/svg&#039; preserveAspectRatio=&#039;xMidYMid meet&#039; overflow=&#039;visible&#039; height=&#039;100%&#039; viewBox=&#039;0 0 120 26&#039; fill=&#039;black&#039; stroke=&#039;none&#039;%3E%3Cpath d=&#039;M54,1.6V26h-9V2.5L54,1.6z M69,1.6v23.3L60,26V1.6H69z M24,1.6v23.5l-9-0.6V1.6H24z M30,0l9,0.7v24.5h-9V0z M9,2.5v22H0V3.7L9,2.5z M75,1.6l9,0.9v22h-9V1.6z M99,2.7v21.7h-9V3.8L99,2.7z M114,3.8v20.7l-9-0.5V3.8L114,3.8z&#039;\/%3E%3C\/svg%3E&quot;);\">\n\t\t\t<span class=\"elementor-divider-separator\">\n\t\t\t\t\t\t\t<div class=\"elementor-icon elementor-divider__element\">\n\t\t\t\t\t<i aria-hidden=\"true\" class=\"fas fa-building\"><\/i><\/div>\n\t\t\t\t\t\t<\/span>\n\t\t<\/div>\n\t\t\t\t\t\t<\/div>\n\t\t\t\t<\/div>\n\t\t\t\t\t<\/div>\n\t\t<\/div>\n\t\t\t\t<div class=\"elementor-column elementor-col-25 elementor-top-column elementor-element elementor-element-2757ebe3\" data-id=\"2757ebe3\" data-element_type=\"column\" data-e-type=\"column\">\n\t\t\t<div class=\"elementor-widget-wrap\">\n\t\t\t\t\t\t\t<\/div>\n\t\t<\/div>\n\t\t\t\t\t<\/div>\n\t\t<\/section>\n\t\t\t\t<\/div>\n\t\t","protected":false},"excerpt":{"rendered":"<p>PORTAL DOCENTE Bem-vindo ao Portal Docente do Curso de Engenharia Civil Aqui voc\u00ea encontra recursos e informa\u00e7\u00f5es importantes para as atividades de ensino, pesquisa e extens\u00e3o. Recursos dispon\u00edveis: Docentes Projetos de Extens\u00e3o N\u00facleo DocenteEstruturante (NDE) Publica\u00e7\u00f5esCient\u00edficas Grupos de Pesquisa Congressos eRevistas Projetos de Pesquisa<\/p>\n","protected":false},"author":3950,"featured_media":0,"parent":0,"menu_order":0,"comment_status":"closed","ping_status":"closed","template":"","meta":{"inline_featured_image":false,"ngg_post_thumbnail":0,"footnotes":""},"class_list":["post-1681","page","type-page","status-publish","hentry","entry"],"_links":{"self":[{"href":"https:\/\/www2.unifap.br\/engcivil\/wp-json\/wp\/v2\/pages\/1681","targetHints":{"allow":["GET"]}}],"collection":[{"href":"https:\/\/www2.unifap.br\/engcivil\/wp-json\/wp\/v2\/pages"}],"about":[{"href":"https:\/\/www2.unifap.br\/engcivil\/wp-json\/wp\/v2\/types\/page"}],"author":[{"embeddable":true,"href":"https:\/\/www2.unifap.br\/engcivil\/wp-json\/wp\/v2\/users\/3950"}],"replies":[{"embeddable":true,"href":"https:\/\/www2.unifap.br\/engcivil\/wp-json\/wp\/v2\/comments?post=1681"}],"version-history":[{"count":34,"href":"https:\/\/www2.unifap.br\/engcivil\/wp-json\/wp\/v2\/pages\/1681\/revisions"}],"predecessor-version":[{"id":2902,"href":"https:\/\/www2.unifap.br\/engcivil\/wp-json\/wp\/v2\/pages\/1681\/revisions\/2902"}],"wp:attachment":[{"href":"https:\/\/www2.unifap.br\/engcivil\/wp-json\/wp\/v2\/media?parent=1681"}],"curies":[{"name":"wp","href":"https:\/\/api.w.org\/{rel}","templated":true}]}}