{"id":1863,"date":"2024-08-05T20:27:59","date_gmt":"2024-08-05T20:27:59","guid":{"rendered":"https:\/\/www2.unifap.br\/engcivil\/?page_id=1863"},"modified":"2024-08-05T22:42:07","modified_gmt":"2024-08-05T22:42:07","slug":"historia","status":"publish","type":"page","link":"https:\/\/www2.unifap.br\/engcivil\/historia\/","title":{"rendered":"Hist\u00f3ria"},"content":{"rendered":"\t\t<div data-elementor-type=\"wp-page\" data-elementor-id=\"1863\" class=\"elementor elementor-1863\">\n\t\t\t\t\t\t<section class=\"elementor-section elementor-top-section elementor-element elementor-element-5532428 elementor-section-boxed elementor-section-height-default elementor-section-height-default\" data-id=\"5532428\" data-element_type=\"section\" data-e-type=\"section\">\n\t\t\t\t\t\t<div class=\"elementor-container elementor-column-gap-default\">\n\t\t\t\t\t<div class=\"elementor-column elementor-col-100 elementor-top-column elementor-element elementor-element-365bd5b\" data-id=\"365bd5b\" data-element_type=\"column\" data-e-type=\"column\">\n\t\t\t<div class=\"elementor-widget-wrap elementor-element-populated\">\n\t\t\t\t\t\t<section class=\"elementor-section elementor-inner-section elementor-element elementor-element-05440ac elementor-section-boxed elementor-section-height-default elementor-section-height-default\" data-id=\"05440ac\" data-element_type=\"section\" data-e-type=\"section\">\n\t\t\t\t\t\t<div class=\"elementor-container elementor-column-gap-default\">\n\t\t\t\t\t<div class=\"elementor-column elementor-col-25 elementor-inner-column elementor-element elementor-element-162a984\" data-id=\"162a984\" data-element_type=\"column\" data-e-type=\"column\">\n\t\t\t<div class=\"elementor-widget-wrap elementor-element-populated\">\n\t\t\t\t\t\t<div class=\"elementor-element elementor-element-ef08f7f elementor-shape-square elementor-grid-0 e-grid-align-center elementor-widget elementor-widget-social-icons\" data-id=\"ef08f7f\" data-element_type=\"widget\" data-e-type=\"widget\" data-widget_type=\"social-icons.default\">\n\t\t\t\t<div class=\"elementor-widget-container\">\n\t\t\t\t\t\t\t<div class=\"elementor-social-icons-wrapper elementor-grid\" role=\"list\">\n\t\t\t\t\t\t\t<span class=\"elementor-grid-item\" role=\"listitem\">\n\t\t\t\t\t<a class=\"elementor-icon elementor-social-icon elementor-social-icon-facebook elementor-animation-grow elementor-repeater-item-b07bbcc\" href=\"https:\/\/www.facebook.com\/engenhariacivilunifap\/\" target=\"_blank\">\n\t\t\t\t\t\t<span class=\"elementor-screen-only\">Facebook<\/span>\n\t\t\t\t\t\t<i aria-hidden=\"true\" class=\"fab fa-facebook\"><\/i>\t\t\t\t\t<\/a>\n\t\t\t\t<\/span>\n\t\t\t\t\t\t\t<span class=\"elementor-grid-item\" role=\"listitem\">\n\t\t\t\t\t<a class=\"elementor-icon elementor-social-icon elementor-social-icon-instagram elementor-animation-grow elementor-repeater-item-3e4c96d\" href=\"https:\/\/www.instagram.com\/engcivilunifap\/\" target=\"_blank\">\n\t\t\t\t\t\t<span class=\"elementor-screen-only\">Instagram<\/span>\n\t\t\t\t\t\t<i aria-hidden=\"true\" class=\"fab fa-instagram\"><\/i>\t\t\t\t\t<\/a>\n\t\t\t\t<\/span>\n\t\t\t\t\t\t\t<span class=\"elementor-grid-item\" role=\"listitem\">\n\t\t\t\t\t<a class=\"elementor-icon elementor-social-icon elementor-social-icon-envelope elementor-animation-grow elementor-repeater-item-6217125\" href=\"mailto:engcivil@unifap.br\" target=\"_blank\">\n\t\t\t\t\t\t<span class=\"elementor-screen-only\">Envelope<\/span>\n\t\t\t\t\t\t<i aria-hidden=\"true\" class=\"fas fa-envelope\"><\/i>\t\t\t\t\t<\/a>\n\t\t\t\t<\/span>\n\t\t\t\t\t\t\t<span class=\"elementor-grid-item\" role=\"listitem\">\n\t\t\t\t\t<a class=\"elementor-icon elementor-social-icon elementor-social-icon-phone-alt elementor-animation-grow elementor-repeater-item-63d77c4\" href=\"tel:9633121780\" target=\"_blank\">\n\t\t\t\t\t\t<span class=\"elementor-screen-only\">Phone-alt<\/span>\n\t\t\t\t\t\t<i aria-hidden=\"true\" class=\"fas fa-phone-alt\"><\/i>\t\t\t\t\t<\/a>\n\t\t\t\t<\/span>\n\t\t\t\t\t<\/div>\n\t\t\t\t\t\t<\/div>\n\t\t\t\t<\/div>\n\t\t\t\t\t<\/div>\n\t\t<\/div>\n\t\t\t\t<div class=\"elementor-column elementor-col-50 elementor-inner-column elementor-element elementor-element-3c9bb98\" data-id=\"3c9bb98\" data-element_type=\"column\" data-e-type=\"column\">\n\t\t\t<div class=\"elementor-widget-wrap elementor-element-populated\">\n\t\t\t\t\t\t<div class=\"elementor-element elementor-element-1f643b9 elementor-widget elementor-widget-image\" data-id=\"1f643b9\" data-element_type=\"widget\" data-e-type=\"widget\" data-widget_type=\"image.default\">\n\t\t\t\t<div class=\"elementor-widget-container\">\n\t\t\t\t\t\t\t\t\t\t\t\t\t\t\t<img decoding=\"async\" width=\"150\" height=\"150\" src=\"https:\/\/www2.unifap.br\/engcivil\/files\/2021\/01\/LOGO_ENGENHARIA_CIVIL_2021-150x150.png\" class=\"attachment-thumbnail size-thumbnail wp-image-879\" alt=\"\" srcset=\"https:\/\/www2.unifap.br\/engcivil\/files\/2021\/01\/LOGO_ENGENHARIA_CIVIL_2021-150x150.png 150w, https:\/\/www2.unifap.br\/engcivil\/files\/2021\/01\/LOGO_ENGENHARIA_CIVIL_2021-300x300.png 300w, https:\/\/www2.unifap.br\/engcivil\/files\/2021\/01\/LOGO_ENGENHARIA_CIVIL_2021-1024x1024.png 1024w, https:\/\/www2.unifap.br\/engcivil\/files\/2021\/01\/LOGO_ENGENHARIA_CIVIL_2021-768x768.png 768w, https:\/\/www2.unifap.br\/engcivil\/files\/2021\/01\/LOGO_ENGENHARIA_CIVIL_2021-1536x1536.png 1536w, https:\/\/www2.unifap.br\/engcivil\/files\/2021\/01\/LOGO_ENGENHARIA_CIVIL_2021-2048x2048.png 2048w\" sizes=\"(max-width: 150px) 100vw, 150px\" \/>\t\t\t\t\t\t\t\t\t\t\t\t\t\t\t<\/div>\n\t\t\t\t<\/div>\n\t\t\t\t\t<\/div>\n\t\t<\/div>\n\t\t\t\t<div class=\"elementor-column elementor-col-25 elementor-inner-column elementor-element elementor-element-6168588\" data-id=\"6168588\" data-element_type=\"column\" data-e-type=\"column\">\n\t\t\t<div class=\"elementor-widget-wrap elementor-element-populated\">\n\t\t\t\t\t\t<div class=\"elementor-element elementor-element-001000f elementor-widget elementor-widget-text-editor\" data-id=\"001000f\" data-element_type=\"widget\" data-e-type=\"widget\" data-widget_type=\"text-editor.default\">\n\t\t\t\t<div class=\"elementor-widget-container\">\n\t\t\t\t\t\t\t\t\t<h1><span style=\"font-family: Raleway;font-size: 23px;font-style: normal;font-weight: bold\">P\u00e1gina<\/span><span style=\"font-family: Raleway;font-size: 23px;font-style: normal;font-weight: bold\">\u00a0<\/span>em constru\u00e7\u00e3o<\/h1><p>Em breve uma nova p\u00e1gina dedicada ao curso de Engenharia Civil da Universidade Federal do Amap\u00e1<\/p>\t\t\t\t\t\t\t\t<\/div>\n\t\t\t\t<\/div>\n\t\t\t\t\t<\/div>\n\t\t<\/div>\n\t\t\t\t\t<\/div>\n\t\t<\/section>\n\t\t\t\t\t<\/div>\n\t\t<\/div>\n\t\t\t\t\t<\/div>\n\t\t<\/section>\n\t\t\t\t<\/div>\n\t\t","protected":false},"excerpt":{"rendered":"<p>Facebook Instagram Envelope Phone-alt P\u00e1gina\u00a0em constru\u00e7\u00e3o Em breve uma nova p\u00e1gina dedicada ao curso de Engenharia Civil da Universidade Federal do Amap\u00e1<\/p>\n","protected":false},"author":3950,"featured_media":0,"parent":0,"menu_order":0,"comment_status":"closed","ping_status":"closed","template":"","meta":{"inline_featured_image":false,"ngg_post_thumbnail":0,"footnotes":""},"class_list":["post-1863","page","type-page","status-publish","hentry","entry"],"_links":{"self":[{"href":"https:\/\/www2.unifap.br\/engcivil\/wp-json\/wp\/v2\/pages\/1863","targetHints":{"allow":["GET"]}}],"collection":[{"href":"https:\/\/www2.unifap.br\/engcivil\/wp-json\/wp\/v2\/pages"}],"about":[{"href":"https:\/\/www2.unifap.br\/engcivil\/wp-json\/wp\/v2\/types\/page"}],"author":[{"embeddable":true,"href":"https:\/\/www2.unifap.br\/engcivil\/wp-json\/wp\/v2\/users\/3950"}],"replies":[{"embeddable":true,"href":"https:\/\/www2.unifap.br\/engcivil\/wp-json\/wp\/v2\/comments?post=1863"}],"version-history":[{"count":131,"href":"https:\/\/www2.unifap.br\/engcivil\/wp-json\/wp\/v2\/pages\/1863\/revisions"}],"predecessor-version":[{"id":2044,"href":"https:\/\/www2.unifap.br\/engcivil\/wp-json\/wp\/v2\/pages\/1863\/revisions\/2044"}],"wp:attachment":[{"href":"https:\/\/www2.unifap.br\/engcivil\/wp-json\/wp\/v2\/media?parent=1863"}],"curies":[{"name":"wp","href":"https:\/\/api.w.org\/{rel}","templated":true}]}}