{"id":227,"date":"2016-10-27T06:52:36","date_gmt":"2016-10-27T06:52:36","guid":{"rendered":"http:\/\/www2.unifap.br\/engcivil\/?page_id=227"},"modified":"2019-02-25T01:43:00","modified_gmt":"2019-02-25T01:43:00","slug":"pesquisa","status":"publish","type":"page","link":"https:\/\/www2.unifap.br\/engcivil\/pesquisa\/","title":{"rendered":"Pesquisa"},"content":{"rendered":"<p><strong>AVALIA\u00c7\u00c3O PATOL\u00d3GICA DO CAMPUS MARCO ZERO DA UNIVERSIDADE FEDERAL DO AMAP\u00c1<\/strong><\/p>\n<p>Docente Respons\u00e1vel: Dennis Quaresma Pureza;<\/p>\n<p>Sobre o Projeto:<\/p>\n<p><strong>MAPEAMENTO GEOL\u00d3GICO-GEOT\u00c9CNICO &#8211; FASE I (CAMPUS MARCO ZERO)<\/strong><\/p>\n<p>Docente Respons\u00e1vel: F\u00e1bio Ara\u00fajo Pereira:<\/p>\n<p>Sobre o Projeto:<\/p>\n<p>&nbsp;<\/p>\n<p>&nbsp;<\/p>\n","protected":false},"excerpt":{"rendered":"<p>AVALIA\u00c7\u00c3O PATOL\u00d3GICA DO CAMPUS MARCO ZERO DA UNIVERSIDADE FEDERAL DO AMAP\u00c1 Docente Respons\u00e1vel: Dennis Quaresma Pureza; Sobre o Projeto: MAPEAMENTO GEOL\u00d3GICO-GEOT\u00c9CNICO &#8211; FASE I (CAMPUS MARCO ZERO) Docente Respons\u00e1vel: F\u00e1bio Ara\u00fajo Pereira: Sobre o Projeto: &nbsp; &nbsp;<\/p>\n","protected":false},"author":409,"featured_media":0,"parent":0,"menu_order":10,"comment_status":"open","ping_status":"open","template":"","meta":{"inline_featured_image":false,"ngg_post_thumbnail":0,"footnotes":""},"class_list":["post-227","page","type-page","status-publish","hentry","entry"],"_links":{"self":[{"href":"https:\/\/www2.unifap.br\/engcivil\/wp-json\/wp\/v2\/pages\/227","targetHints":{"allow":["GET"]}}],"collection":[{"href":"https:\/\/www2.unifap.br\/engcivil\/wp-json\/wp\/v2\/pages"}],"about":[{"href":"https:\/\/www2.unifap.br\/engcivil\/wp-json\/wp\/v2\/types\/page"}],"author":[{"embeddable":true,"href":"https:\/\/www2.unifap.br\/engcivil\/wp-json\/wp\/v2\/users\/409"}],"replies":[{"embeddable":true,"href":"https:\/\/www2.unifap.br\/engcivil\/wp-json\/wp\/v2\/comments?post=227"}],"version-history":[{"count":2,"href":"https:\/\/www2.unifap.br\/engcivil\/wp-json\/wp\/v2\/pages\/227\/revisions"}],"predecessor-version":[{"id":698,"href":"https:\/\/www2.unifap.br\/engcivil\/wp-json\/wp\/v2\/pages\/227\/revisions\/698"}],"wp:attachment":[{"href":"https:\/\/www2.unifap.br\/engcivil\/wp-json\/wp\/v2\/media?parent=227"}],"curies":[{"name":"wp","href":"https:\/\/api.w.org\/{rel}","templated":true}]}}