{"id":231,"date":"2016-10-27T07:02:31","date_gmt":"2016-10-27T07:02:31","guid":{"rendered":"http:\/\/www2.unifap.br\/engcivil\/?page_id=231"},"modified":"2019-02-25T01:41:38","modified_gmt":"2019-02-25T01:41:38","slug":"extensao","status":"publish","type":"page","link":"https:\/\/www2.unifap.br\/engcivil\/extensao\/","title":{"rendered":"Extens\u00e3o"},"content":{"rendered":"<p><img decoding=\"async\" class=\"size-full wp-image-308 alignleft\" alt=\"EMEC  - UNIFAP -01\" src=\"http:\/\/www2.unifap.br\/engcivil\/files\/2016\/10\/EMEC-UNIFAP-01.jpg\" width=\"73\" height=\"73\" srcset=\"https:\/\/www2.unifap.br\/engcivil\/files\/2016\/10\/EMEC-UNIFAP-01.jpg 540w, https:\/\/www2.unifap.br\/engcivil\/files\/2016\/10\/EMEC-UNIFAP-01-150x150.jpg 150w, https:\/\/www2.unifap.br\/engcivil\/files\/2016\/10\/EMEC-UNIFAP-01-300x300.jpg 300w, https:\/\/www2.unifap.br\/engcivil\/files\/2016\/10\/EMEC-UNIFAP-01-70x70.jpg 70w\" sizes=\"(max-width: 73px) 100vw, 73px\" \/><\/p>\n<p><a title=\"Escrit\u00f3rio Modelo de Engenharia Civil \u2013 EMEC\" href=\"http:\/\/www2.unifap.br\/engcivil\/extensao\/escritorio-modelo-de-engenharia-civil-emec\/\"><strong>Escrit\u00f3rio Modelo de Engenharia Civil &#8211; EMEC<\/strong><\/a><\/p>\n<p>&nbsp;<\/p>\n<p style=\"text-align: justify\">O projeto de extens\u00e3o implantou na Universidade Federal do Amap\u00e1 o Escrit\u00f3rio Modelo de Engenharia Civil &#8211; EMEC, que tem como objetivo atender a demanda das comunidades de Macap\u00e1 e \u00e1reas vizinhas por servi\u00e7os de engenharia e gerar um campo de atua\u00e7\u00e3o pr\u00e1tica para os discentes do Curso de Gradua\u00e7\u00e3o em Engenharia Civil.<\/p>\n<p style=\"text-align: justify\">O Escrit\u00f3rio Modelo de Engenharia Civil pretende contribuir, contando com a participa\u00e7\u00e3o de professores e alunos do curso de Gradua\u00e7\u00e3o em Engenharia Civil, com a forma\u00e7\u00e3o de profissionais melhor preparados para o mercado de trabalho, com o enfoque pr\u00e1tico mais desenvolvido e com uma vis\u00e3o cidad\u00e3, cientes de sua import\u00e2ncia para o desenvolvimento da sociedade.<\/p>\n<p><img decoding=\"async\" alt=\"Discutindo Engenharia para Comunidade - 01\" src=\"http:\/\/www2.unifap.br\/engcivil\/files\/2016\/10\/Discutindo-Engenharia-para-Comunidade-01.png\" width=\"73\" height=\"73\" \/><strong>\u00a0\u00a0\u00a0 <a title=\"Programa de R\u00e1dio\" href=\"http:\/\/www2.unifap.br\/engcivil\/programa-de-radio\/\">Programa Discutindo Engenharia para Comunidade<\/a><\/strong><\/p>\n<p style=\"text-align: justify\">O projeto de extens\u00e3o \u201cDiscutindo Engenharia para Comunidade\u201d na R\u00e1dio Universit\u00e1ria FM 96,9 MHz tem por escopo principal a intera\u00e7\u00e3o entre a Unifap e a comunidade, conforme previsto no projeto institucional, atrav\u00e9s da pr\u00e1tica da comunica\u00e7\u00e3o e extens\u00e3o com a participa\u00e7\u00e3o dos alunos, professores e t\u00e9cnicos.<\/p>\n<p style=\"text-align: justify\">Objetiva realizar programa\u00e7\u00f5es de cunho t\u00e9cnico e did\u00e1tico para divulga\u00e7\u00e3o do conhecimento da Engenharia Civil no Estado do Amap\u00e1, debater em programas de r\u00e1dio temas relacionados \u00e0s diversas \u00e1reas da Engenharia Civil, despertar a comunidade amapaense para temas contempor\u00e2neos emergentes e aproximar a Unifap da comunidade local.<\/p>\n<p>&nbsp;<\/p>\n<p><strong>\u00a0<a title=\"Semana de Engenharia Civil\" href=\"http:\/\/www2.unifap.br\/engcivil\/extensao\/semana-de-engenharia-civil\/\">Semana de Engenharia Civil<\/a><\/strong><\/p>\n<p>&nbsp;<\/p>\n","protected":false},"excerpt":{"rendered":"<p>Escrit\u00f3rio Modelo de Engenharia Civil &#8211; EMEC &nbsp; O projeto de extens\u00e3o implantou na Universidade Federal do Amap\u00e1 o Escrit\u00f3rio Modelo de Engenharia Civil &#8211; EMEC, que tem como objetivo atender a demanda das comunidades de Macap\u00e1 e \u00e1reas vizinhas por servi\u00e7os de engenharia e gerar um campo de atua\u00e7\u00e3o pr\u00e1tica para os discentes do&#8230;<\/p>\n","protected":false},"author":409,"featured_media":0,"parent":0,"menu_order":11,"comment_status":"open","ping_status":"open","template":"","meta":{"inline_featured_image":false,"ngg_post_thumbnail":0,"footnotes":""},"class_list":["post-231","page","type-page","status-publish","hentry","entry"],"_links":{"self":[{"href":"https:\/\/www2.unifap.br\/engcivil\/wp-json\/wp\/v2\/pages\/231","targetHints":{"allow":["GET"]}}],"collection":[{"href":"https:\/\/www2.unifap.br\/engcivil\/wp-json\/wp\/v2\/pages"}],"about":[{"href":"https:\/\/www2.unifap.br\/engcivil\/wp-json\/wp\/v2\/types\/page"}],"author":[{"embeddable":true,"href":"https:\/\/www2.unifap.br\/engcivil\/wp-json\/wp\/v2\/users\/409"}],"replies":[{"embeddable":true,"href":"https:\/\/www2.unifap.br\/engcivil\/wp-json\/wp\/v2\/comments?post=231"}],"version-history":[{"count":9,"href":"https:\/\/www2.unifap.br\/engcivil\/wp-json\/wp\/v2\/pages\/231\/revisions"}],"predecessor-version":[{"id":393,"href":"https:\/\/www2.unifap.br\/engcivil\/wp-json\/wp\/v2\/pages\/231\/revisions\/393"}],"wp:attachment":[{"href":"https:\/\/www2.unifap.br\/engcivil\/wp-json\/wp\/v2\/media?parent=231"}],"curies":[{"name":"wp","href":"https:\/\/api.w.org\/{rel}","templated":true}]}}