{"id":383,"date":"2018-02-22T20:46:14","date_gmt":"2018-02-22T20:46:14","guid":{"rendered":"http:\/\/www2.unifap.br\/engcivil\/?page_id=383"},"modified":"2018-03-02T16:41:47","modified_gmt":"2018-03-02T16:41:47","slug":"programas","status":"publish","type":"page","link":"https:\/\/www2.unifap.br\/engcivil\/extensao\/programa-de-radio\/programas\/","title":{"rendered":"Programas"},"content":{"rendered":"<h1><span style=\"color: #000080\">Lista dos Programas<\/span><\/h1>\n<h3><strong><a href=\"http:\/\/www2.unifap.br\/engcivil\/files\/2018\/02\/01-Programa-piloto.pdf\">01 &#8211; Programa piloto (21\/01\/2017)<br \/>\n<\/a><\/strong><\/h3>\n<h3><strong><a href=\"http:\/\/www2.unifap.br\/engcivil\/?p=405\">02 &#8211; \u00c9tica na Engenharia Civil (28\/01\/2017)<\/a><\/strong><\/h3>\n<h3><strong><a href=\"http:\/\/www2.unifap.br\/engcivil\/?p=444\">03 &#8211; Engenharia Civil e a cidade de Macap\u00e1 (04\/02\/2017)<\/a><\/strong><\/h3>\n<h3><strong><a href=\"http:\/\/www2.unifap.br\/engcivil\/?p=454\">04 &#8211; Seguran\u00e7a do trabalho na Engenharia Civil (11\/02\/2017)<\/a><\/strong><\/h3>\n<h3><strong><a href=\"http:\/\/www2.unifap.br\/engcivil\/?p=455\">05 &#8211; Seguran\u00e7a do trabalho na Engenharia Civil\u00a0(18\/02\/2017)<\/a><\/strong><\/h3>\n<h3><strong><a href=\"http:\/\/www2.unifap.br\/engcivil\/?p=456\">06 &#8211; Seguran\u00e7a de tr\u00e2nsito no Carnaval\u00a0(25\/02\/2017)<\/a><\/strong><\/h3>\n<h3><strong><a href=\"http:\/\/www2.unifap.br\/engcivil\/?p=457\">07 &#8211; Universidade Federal do Amap\u00e1 \u2013 Anivers\u00e1rio da Institui\u00e7\u00e3o\u00a0(04\/03\/2017)<\/a><\/strong><\/h3>\n<h3><strong><a href=\"http:\/\/www2.unifap.br\/engcivil\/?p=407\">08 &#8211; Seguran\u00e7a Fluvial no Amap\u00e1 (11\/03\/2017)<\/a><\/strong><\/h3>\n<h3><strong><a href=\"http:\/\/www2.unifap.br\/engcivil\/?p=408\">09 &#8211; Escrit\u00f3rio Modelo de Engenharia Civil \u2013 EMEC (18\/03\/2017)<\/a><\/strong><\/h3>\n<h3><strong><a href=\"http:\/\/www2.unifap.br\/engcivil\/?p=409\">10 &#8211; Pavimentac\u00e3o Urbana (25\/03\/2017)<\/a><\/strong><\/h3>\n<h3><strong><a href=\"http:\/\/www2.unifap.br\/engcivil\/?p=410\">11 \u2013 Pontes (08\/04\/2017)<\/a><\/strong><\/h3>\n<h3><strong><a href=\"http:\/\/www2.unifap.br\/engcivil\/?p=411\">12 &#8211; Pesquisa e Extens\u00e3o no curso de Engenharia Civil (15\/04\/2017)<\/a><\/strong><\/h3>\n<h3><strong><a href=\"http:\/\/www2.unifap.br\/engcivil\/?p=412\">13 &#8211; Cria\u00e7\u00e3o do curso de Engenharia Civil (22\/04\/2017)<\/a><\/strong><\/h3>\n<h3><strong><a href=\"http:\/\/www2.unifap.br\/engcivil\/?p=413\">14 &#8211; Nivito Guedes \u2013 Engenharia e m\u00fasica (29\/04\/2017)<\/a><\/strong><\/h3>\n<h3><strong><a href=\"http:\/\/www2.unifap.br\/engcivil\/?p=414\">15 &#8211; M\u00fatua \u2013 AP (06\/05\/2017)<\/a><\/strong><\/h3>\n<h3><strong><a href=\"http:\/\/www2.unifap.br\/engcivil\/?p=415\">16 &#8211; Maio Amarelo (13\/05\/2017)<\/a><\/strong><\/h3>\n<h3><strong><a href=\"http:\/\/www2.unifap.br\/engcivil\/?p=416\">17 &#8211; Encontro Nacional de Estudantes de Engenharia Civil (20\/05\/2017)<\/a><\/strong><\/h3>\n<h3><strong><a href=\"http:\/\/www2.unifap.br\/engcivil\/?p=417\">18 &#8211; crea confea ap (27\/05\/2017)<\/a><\/strong><\/h3>\n<h3><strong><a href=\"http:\/\/www2.unifap.br\/engcivil\/?p=418\">19 &#8211; Ilumina\u00e7\u00e3o p\u00fablica do munic\u00edpio de Macap\u00e1 (03\/06\/2017)<\/a><\/strong><\/h3>\n<h3><strong><a href=\"http:\/\/www2.unifap.br\/engcivil\/?p=419\">20 &#8211; Terminal Hidrovi\u00e1rio de Passageiros para Macap\u00e1 (17\/06\/2017)<\/a><\/strong><\/h3>\n<h3><strong><a href=\"http:\/\/www2.unifap.br\/engcivil\/?p=420\">21 &#8211; Saneamento B\u00e1sico (24\/06\/2017)<\/a><\/strong><\/h3>\n<h3><strong><a href=\"http:\/\/www2.unifap.br\/engcivil\/?p=421\">22 &#8211; A Import\u00e2ncia da Engenharia para a Defesa Civil (01\/07\/2017)<\/a><\/strong><\/h3>\n<h3><strong><a href=\"http:\/\/www2.unifap.br\/engcivil\/?p=422\">23 &#8211; 21\u00ba Congresso Brasileiro de Transportes e Tr\u00e2nsito (15\/07\/2017)<\/a><\/strong><\/h3>\n<h3><strong><a href=\"http:\/\/www2.unifap.br\/engcivil\/?p=423\">24 &#8211; Transporte p\u00fablico e mobilidade urbana em Macap\u00e1 (22\/07\/2017)<\/a><\/strong><\/h3>\n<h3><strong><a href=\"http:\/\/www2.unifap.br\/engcivil\/?p=424\">25 &#8211; Dnit e as rodovias federais (29\/07\/2017)<\/a><\/strong><\/h3>\n<h3><strong><a href=\"http:\/\/www2.unifap.br\/engcivil\/?p=425\">26 \u2013 CTMAC (05\/08\/2017)<\/a><\/strong><\/h3>\n<h3><strong><a href=\"http:\/\/www2.unifap.br\/engcivil\/?p=426\">27 &#8211; O evento da SOEA (Semana Oficial de Engenharia e Agronomia (12\/08\/2017)<\/a><\/strong><\/h3>\n<h3><strong><a href=\"http:\/\/www2.unifap.br\/engcivil\/?p=427\">28 &#8211; Dia Nacional da Constru\u00e7\u00e3o Social (19\/08\/2017)<\/a><\/strong><\/h3>\n<h3><strong><a href=\"http:\/\/www2.unifap.br\/engcivil\/?p=428\">29 &#8211; Conv\u00eanio Caixa Econ\u00f4mica Federal e Unifap (26\/08\/2017)<\/a><\/strong><\/h3>\n<h3><strong><a href=\"http:\/\/www2.unifap.br\/engcivil\/?p=429\">30 &#8211; Res\u00edduos S\u00f3lidos (23\/09\/2017)<\/a><\/strong><\/h3>\n<h3><strong><a href=\"http:\/\/www2.unifap.br\/engcivil\/?p=458\">31 &#8211; Profissionais capacitados para capta\u00e7\u00e3o de recursos federais (30\/09\/2017)<\/a><\/strong><\/h3>\n<h3><strong><a href=\"http:\/\/www2.unifap.br\/engcivil\/?p=430\">32 &#8211; Dcet e crea ap (07\/10\/2017)<\/a><\/strong><\/h3>\n<h3><strong><a href=\"http:\/\/www2.unifap.br\/engcivil\/?p=431\">33 &#8211; Dia dos Professores (14\/10\/2017)<\/a><\/strong><\/h3>\n<h3><strong><a href=\"http:\/\/www2.unifap.br\/engcivil\/?p=432\">34 &#8211; A interliga\u00e7\u00e3o Amap\u00e1, Par\u00e1 e Roraima atrav\u00e9s de rodovia (21\/10\/2017)<\/a><\/strong><\/h3>\n<h3><strong><a href=\"http:\/\/www2.unifap.br\/engcivil\/?p=433\">35 &#8211; Projeto de preven\u00e7\u00e3o a inc\u00eandio e p\u00e2nico e a Lei Kiss (18\/11\/2017)<\/a><\/strong><\/h3>\n<h3><strong><a href=\"http:\/\/www2.unifap.br\/engcivil\/?p=434\">36 &#8211; O parque zoobot\u00e2nico de Macap\u00e1 (25\/11\/2017)<\/a><\/strong><\/h3>\n<h3><strong><a href=\"http:\/\/www2.unifap.br\/engcivil\/?p=435\">37 &#8211; Inova\u00e7\u00e3o tecnol\u00f3gica nas ci\u00eancias exatas e tecnol\u00f3gicas (02\/12\/2017)<\/a><\/strong><\/h3>\n<h3><strong><a href=\"http:\/\/www2.unifap.br\/engcivil\/?p=452\">38 &#8211; Hospital Universit\u00e1rio da Unifap (09\/12\/2017)<\/a><\/strong><\/h3>\n<h3><strong><a href=\"http:\/\/www2.unifap.br\/engcivil\/?p=436\">39 &#8211; Engenharia com pneus e barragens (16\/12\/2017)<\/a><\/strong><\/h3>\n<h3><strong><a href=\"http:\/\/www2.unifap.br\/engcivil\/?p=453\">40 &#8211; Elei\u00e7\u00f5es crea ap (13\/01\/2018)<\/a><\/strong><\/h3>\n<h3><strong><a href=\"http:\/\/www2.unifap.br\/engcivil\/?p=437\">41 &#8211; Pol\u00edticas de gest\u00e3o do transporte p\u00fablico no munic\u00edpio (20\/01\/2018)<\/a><\/strong><\/h3>\n<h3><strong><a href=\"http:\/\/www2.unifap.br\/engcivil\/?p=438\">42 &#8211; Acordo de coopera\u00e7\u00e3o t\u00e9cnica entre prefeitura de Macap\u00e1 (27\/01\/2018)<\/a><\/strong><\/h3>\n<h3><strong><a href=\"http:\/\/www2.unifap.br\/engcivil\/?p=439\">43 &#8211; Macap\u00e1 260 anos (03\/02\/2018)<\/a><\/strong><\/h3>\n<h3><strong><a href=\"http:\/\/www2.unifap.br\/engcivil\/?p=440\">44 &#8211; Barragem de rejeitos do Louren\u00e7o (10\/02\/2018)<\/a><\/strong><\/h3>\n<h3><strong><a href=\"http:\/\/www2.unifap.br\/engcivil\/?p=441\">45 &#8211; Acidente no porto de Santana \u2013 Anglo Ferrous (17\/02\/2018)<\/a><\/strong><\/h3>\n<h3><strong>\u00a0<\/strong><\/h3>\n","protected":false},"excerpt":{"rendered":"<p>Lista dos Programas 01 &#8211; Programa piloto (21\/01\/2017) 02 &#8211; \u00c9tica na Engenharia Civil (28\/01\/2017) 03 &#8211; Engenharia Civil e a cidade de Macap\u00e1 (04\/02\/2017) 04 &#8211; Seguran\u00e7a do trabalho na Engenharia Civil (11\/02\/2017) 05 &#8211; Seguran\u00e7a do trabalho na Engenharia Civil\u00a0(18\/02\/2017) 06 &#8211; Seguran\u00e7a de tr\u00e2nsito no Carnaval\u00a0(25\/02\/2017) 07 &#8211; Universidade Federal do Amap\u00e1&#8230;<\/p>\n","protected":false},"author":514,"featured_media":0,"parent":377,"menu_order":0,"comment_status":"open","ping_status":"open","template":"","meta":{"inline_featured_image":false,"ngg_post_thumbnail":0,"footnotes":""},"class_list":["post-383","page","type-page","status-publish","hentry","entry"],"_links":{"self":[{"href":"https:\/\/www2.unifap.br\/engcivil\/wp-json\/wp\/v2\/pages\/383","targetHints":{"allow":["GET"]}}],"collection":[{"href":"https:\/\/www2.unifap.br\/engcivil\/wp-json\/wp\/v2\/pages"}],"about":[{"href":"https:\/\/www2.unifap.br\/engcivil\/wp-json\/wp\/v2\/types\/page"}],"author":[{"embeddable":true,"href":"https:\/\/www2.unifap.br\/engcivil\/wp-json\/wp\/v2\/users\/514"}],"replies":[{"embeddable":true,"href":"https:\/\/www2.unifap.br\/engcivil\/wp-json\/wp\/v2\/comments?post=383"}],"version-history":[{"count":17,"href":"https:\/\/www2.unifap.br\/engcivil\/wp-json\/wp\/v2\/pages\/383\/revisions"}],"predecessor-version":[{"id":459,"href":"https:\/\/www2.unifap.br\/engcivil\/wp-json\/wp\/v2\/pages\/383\/revisions\/459"}],"up":[{"embeddable":true,"href":"https:\/\/www2.unifap.br\/engcivil\/wp-json\/wp\/v2\/pages\/377"}],"wp:attachment":[{"href":"https:\/\/www2.unifap.br\/engcivil\/wp-json\/wp\/v2\/media?parent=383"}],"curies":[{"name":"wp","href":"https:\/\/api.w.org\/{rel}","templated":true}]}}