{"id":9,"date":"2014-01-21T20:36:49","date_gmt":"2014-01-21T20:36:49","guid":{"rendered":"http:\/\/www2.unifap.br\/engcivil\/?page_id=9"},"modified":"2014-01-21T20:58:30","modified_gmt":"2014-01-21T20:58:30","slug":"apresentacao-do-curso","status":"publish","type":"page","link":"https:\/\/www2.unifap.br\/engcivil\/apresentacao-do-curso\/","title":{"rendered":"Apresenta\u00e7\u00e3o do Curso"},"content":{"rendered":"<p>O curso de Engenharia Civil da Universidade Federal do Amap\u00e1 (UNIFAP) tem um perfil din\u00e2mico, pois busca integrar teoria e pr\u00e1tica. A teoria aprendida no decorrer do curso visa dotar o estudante de uma forma\u00e7\u00e3o em conson\u00e2ncia com a legisla\u00e7\u00e3o vigente e as necessidades atuais do mercado de trabalho. A pr\u00e1tica que se busca desenvolver no decorrer do curso constitui-se em visitas t\u00e9cnicas, atividades complementares, inicia\u00e7\u00e3o cient\u00edfica, est\u00e1gio supervisionado etc.<strong> <\/strong><\/p>\n<p><strong> <\/strong>O referido curso busca estimular o corpo docente a desenvolver trabalhos cient\u00edficos e pesquisas voltadas a solucionar problemas observados no mercado, atrav\u00e9s de consultorias, e problemas da sociedade, por meio de trabalhos de extens\u00e3o, al\u00e9m de disseminar o atual estado da arte da engenharia civil e contribuir para seu avan\u00e7o regional.<\/p>\n<h5><strong>DURA\u00c7\u00c3O DO CURSO<\/strong><\/h5>\n<p>O curso de gradua\u00e7\u00e3o em Engenharia Civil na UNIFAP tem a dura\u00e7\u00e3o de 5 (cinco) anos distribu\u00eddo em 10 (dez) semestres letivos.<\/p>\n<h5><strong>LOCAL DE FUNCIONAMENTO<\/strong><\/h5>\n<p>UNIFAP &#8211; Campus Marco Zero do Equador<\/p>\n<h5><strong>TURNO <\/strong><\/h5>\n<p>Noturno<\/p>\n<h5><strong>T\u00cdTULO OBTIDO<\/strong><\/h5>\n<p>Bacharel em Engenharia Civil<\/p>\n<h5><strong>MODALIDADE<\/strong><\/h5>\n<p>Presencial<\/p>\n<h5><strong>VAGAS<\/strong><strong> ANUAIS<\/strong><\/h5>\n<p>50 (Cinquenta)<\/p>\n<h5><strong>CARGA HOR\u00c1RIA<\/strong><\/h5>\n<p>O curso ter\u00e1 uma carga hor\u00e1ria total de 3.657 horas dividas em disciplinas b\u00e1sicas; disciplinas profissionalizantes; disciplinas espec\u00edficas; Trabalho de Conclus\u00e3o de Curso (TCC); Est\u00e1gio Supervisionado e Atividades Complementares.<\/p>\n<h1><strong><br \/>\n<\/strong><\/h1>\n<p><strong><br \/>\n<\/strong><\/p>\n<p><strong><br \/>\n<\/strong><\/p>\n<h1><strong><br \/>\n<\/strong><\/h1>\n<p>&nbsp;<\/p>\n<p><strong><br \/>\n<\/strong><\/p>\n<p>&nbsp;<\/p>\n<p><strong><br \/>\n<\/strong><\/p>\n<p>&nbsp;<\/p>\n","protected":false},"excerpt":{"rendered":"<p>O curso de Engenharia Civil da Universidade Federal do Amap\u00e1 (UNIFAP) tem um perfil din\u00e2mico, pois busca integrar teoria e pr\u00e1tica. A teoria aprendida no decorrer do curso visa dotar o estudante de uma forma\u00e7\u00e3o em conson\u00e2ncia com a legisla\u00e7\u00e3o vigente e as necessidades atuais do mercado de trabalho. A pr\u00e1tica que se busca desenvolver&#8230;<\/p>\n","protected":false},"author":130,"featured_media":0,"parent":0,"menu_order":1,"comment_status":"open","ping_status":"closed","template":"","meta":{"inline_featured_image":false,"ngg_post_thumbnail":0,"footnotes":""},"class_list":["post-9","page","type-page","status-publish","hentry","entry"],"_links":{"self":[{"href":"https:\/\/www2.unifap.br\/engcivil\/wp-json\/wp\/v2\/pages\/9","targetHints":{"allow":["GET"]}}],"collection":[{"href":"https:\/\/www2.unifap.br\/engcivil\/wp-json\/wp\/v2\/pages"}],"about":[{"href":"https:\/\/www2.unifap.br\/engcivil\/wp-json\/wp\/v2\/types\/page"}],"author":[{"embeddable":true,"href":"https:\/\/www2.unifap.br\/engcivil\/wp-json\/wp\/v2\/users\/130"}],"replies":[{"embeddable":true,"href":"https:\/\/www2.unifap.br\/engcivil\/wp-json\/wp\/v2\/comments?post=9"}],"version-history":[{"count":3,"href":"https:\/\/www2.unifap.br\/engcivil\/wp-json\/wp\/v2\/pages\/9\/revisions"}],"predecessor-version":[{"id":16,"href":"https:\/\/www2.unifap.br\/engcivil\/wp-json\/wp\/v2\/pages\/9\/revisions\/16"}],"wp:attachment":[{"href":"https:\/\/www2.unifap.br\/engcivil\/wp-json\/wp\/v2\/media?parent=9"}],"curies":[{"name":"wp","href":"https:\/\/api.w.org\/{rel}","templated":true}]}}