{"id":981,"date":"2021-01-21T20:21:58","date_gmt":"2021-01-21T20:21:58","guid":{"rendered":"http:\/\/www2.unifap.br\/engcivil\/?page_id=981"},"modified":"2025-06-23T18:56:30","modified_gmt":"2025-06-23T18:56:30","slug":"coordenacao","status":"publish","type":"page","link":"https:\/\/www2.unifap.br\/engcivil\/coordenacao\/","title":{"rendered":"Coordena\u00e7\u00e3o"},"content":{"rendered":"\t\t<div data-elementor-type=\"wp-page\" data-elementor-id=\"981\" class=\"elementor elementor-981\">\n\t\t\t\t\t\t<section class=\"elementor-section elementor-top-section elementor-element elementor-element-409ab9a elementor-section-full_width elementor-section-height-default elementor-section-height-default\" data-id=\"409ab9a\" data-element_type=\"section\" data-e-type=\"section\" data-settings=\"{&quot;background_background&quot;:&quot;classic&quot;}\">\n\t\t\t\t\t\t\t<div class=\"elementor-background-overlay\"><\/div>\n\t\t\t\t\t\t\t<div class=\"elementor-container elementor-column-gap-default\">\n\t\t\t\t\t<div class=\"elementor-column elementor-col-100 elementor-top-column elementor-element elementor-element-9fc1991\" data-id=\"9fc1991\" data-element_type=\"column\" data-e-type=\"column\">\n\t\t\t<div class=\"elementor-widget-wrap elementor-element-populated\">\n\t\t\t\t\t\t<div class=\"elementor-element elementor-element-2ce94fe elementor-widget elementor-widget-spacer\" data-id=\"2ce94fe\" data-element_type=\"widget\" data-e-type=\"widget\" data-widget_type=\"spacer.default\">\n\t\t\t\t<div class=\"elementor-widget-container\">\n\t\t\t\t\t\t\t<div class=\"elementor-spacer\">\n\t\t\t<div class=\"elementor-spacer-inner\"><\/div>\n\t\t<\/div>\n\t\t\t\t\t\t<\/div>\n\t\t\t\t<\/div>\n\t\t\t\t\t<\/div>\n\t\t<\/div>\n\t\t\t\t\t<\/div>\n\t\t<\/section>\n\t\t\t\t<section class=\"elementor-section elementor-top-section elementor-element elementor-element-aad4fef elementor-section-full_width elementor-section-height-default elementor-section-height-default\" data-id=\"aad4fef\" data-element_type=\"section\" data-e-type=\"section\" data-settings=\"{&quot;background_background&quot;:&quot;classic&quot;}\">\n\t\t\t\t\t\t<div class=\"elementor-container elementor-column-gap-default\">\n\t\t\t\t\t<div class=\"elementor-column elementor-col-25 elementor-top-column elementor-element elementor-element-7c70c14\" data-id=\"7c70c14\" data-element_type=\"column\" data-e-type=\"column\">\n\t\t\t<div class=\"elementor-widget-wrap\">\n\t\t\t\t\t\t\t<\/div>\n\t\t<\/div>\n\t\t\t\t<div class=\"elementor-column elementor-col-50 elementor-top-column elementor-element elementor-element-1eee4f9\" data-id=\"1eee4f9\" data-element_type=\"column\" data-e-type=\"column\">\n\t\t\t<div class=\"elementor-widget-wrap elementor-element-populated\">\n\t\t\t\t\t\t<div class=\"elementor-element elementor-element-c0c8b74 elementor-widget elementor-widget-heading\" data-id=\"c0c8b74\" data-element_type=\"widget\" data-e-type=\"widget\" data-widget_type=\"heading.default\">\n\t\t\t\t<div class=\"elementor-widget-container\">\n\t\t\t\t\t<h5 class=\"elementor-heading-title elementor-size-default\">GEST\u00c3O ACAD\u00caMICA<\/h5>\t\t\t\t<\/div>\n\t\t\t\t<\/div>\n\t\t\t\t<div class=\"elementor-element elementor-element-6060ef7 eael-dual-header-content-align-left elementor-widget elementor-widget-eael-dual-color-header\" data-id=\"6060ef7\" data-element_type=\"widget\" data-e-type=\"widget\" data-widget_type=\"eael-dual-color-header.default\">\n\t\t\t\t<div class=\"elementor-widget-container\">\n\t\t\t\t\t\t\t\t<div class=\"eael-dual-header\">\n\t\t\t\t<span class=\"subtext\"><\/span>\n\t\t\t\t<h2 class=\"title eael-dch-title\"><span class=\"eael-dch-title-text eael-dch-title-lead lead solid-color\">Coordena\u00e7\u00e3o do Curso<\/span> <span class=\"eael-dch-title-text\"><\/span><\/h2><div class=\"eael-dch-separator-wrap\"><span class=\"separator-one\"><\/span>\n\t\t\t<span class=\"separator-two\"><\/span><\/div>\t\t\t\t\t\t\t<\/div>\n\t\t\t\t\t\t<\/div>\n\t\t\t\t<\/div>\n\t\t\t\t<div class=\"elementor-element elementor-element-5b2c11e elementor-widget elementor-widget-text-editor\" data-id=\"5b2c11e\" data-element_type=\"widget\" data-e-type=\"widget\" data-widget_type=\"text-editor.default\">\n\t\t\t\t<div class=\"elementor-widget-container\">\n\t\t\t\t\t\t\t\t\t<p style=\"text-align: justify\"> A Coordena\u00e7\u00e3o \u00e9 \u00f3rg\u00e3o respons\u00e1vel pelo planejamento e gerenciamento de recursos humanos, cient\u00edficos e tecnol\u00f3gicos para as atividades de ensino, pesquisa e extens\u00e3o. Realiza a gest\u00e3o acad\u00eamica e administrativa do curso, fazendo cumprir as normas e delibera\u00e7\u00f5es institucionais e do colegiado, acompanha as atividades acad\u00eamicas dos docentes e discentes, dentre outras fun\u00e7\u00f5es previstas em lei.<\/p>\t\t\t\t\t\t\t\t<\/div>\n\t\t\t\t<\/div>\n\t\t\t\t<div class=\"elementor-element elementor-element-a9911ff elementor-widget elementor-widget-heading\" data-id=\"a9911ff\" data-element_type=\"widget\" data-e-type=\"widget\" data-widget_type=\"heading.default\">\n\t\t\t\t<div class=\"elementor-widget-container\">\n\t\t\t\t\t<h2 class=\"elementor-heading-title elementor-size-default\">Atualmente \u00e9 coordenado por:<\/h2>\t\t\t\t<\/div>\n\t\t\t\t<\/div>\n\t\t\t\t<section class=\"elementor-section elementor-inner-section elementor-element elementor-element-a8dc645 elementor-section-boxed elementor-section-height-default elementor-section-height-default\" data-id=\"a8dc645\" data-element_type=\"section\" data-e-type=\"section\">\n\t\t\t\t\t\t<div class=\"elementor-container elementor-column-gap-default\">\n\t\t\t\t\t<div class=\"elementor-column elementor-col-50 elementor-inner-column elementor-element elementor-element-2806e2f\" data-id=\"2806e2f\" data-element_type=\"column\" data-e-type=\"column\">\n\t\t\t<div class=\"elementor-widget-wrap elementor-element-populated\">\n\t\t\t\t\t\t<div class=\"elementor-element elementor-element-c8c09f1 elementor-widget elementor-widget-heading\" data-id=\"c8c09f1\" data-element_type=\"widget\" data-e-type=\"widget\" data-widget_type=\"heading.default\">\n\t\t\t\t<div class=\"elementor-widget-container\">\n\t\t\t\t\t<h3 class=\"elementor-heading-title elementor-size-default\">Coordenadora<\/h3>\t\t\t\t<\/div>\n\t\t\t\t<\/div>\n\t\t\t\t<div class=\"elementor-element elementor-element-a76fc08 elementor-position-left elementor-vertical-align-middle elementor-widget elementor-widget-image-box\" data-id=\"a76fc08\" data-element_type=\"widget\" data-e-type=\"widget\" data-widget_type=\"image-box.default\">\n\t\t\t\t<div class=\"elementor-widget-container\">\n\t\t\t\t\t<div class=\"elementor-image-box-wrapper\"><figure class=\"elementor-image-box-img\"><img decoding=\"async\" width=\"150\" height=\"150\" src=\"https:\/\/www2.unifap.br\/engcivil\/files\/2025\/06\/Jennefer-e1749822714832-150x150.jpeg\" class=\"attachment-thumbnail size-thumbnail wp-image-2860\" alt=\"\" \/><\/figure><div class=\"elementor-image-box-content\"><h3 class=\"elementor-image-box-title\">Prof. Dra. Jennefer Lavor Bentes<\/h3><p class=\"elementor-image-box-description\">Portaria n\u00ba 0846\/2025\n\nE-mail: jenneferlb@unifap.br<\/p><\/div><\/div>\t\t\t\t<\/div>\n\t\t\t\t<\/div>\n\t\t\t\t\t<\/div>\n\t\t<\/div>\n\t\t\t\t<div class=\"elementor-column elementor-col-50 elementor-inner-column elementor-element elementor-element-d8b09f5\" data-id=\"d8b09f5\" data-element_type=\"column\" data-e-type=\"column\">\n\t\t\t<div class=\"elementor-widget-wrap elementor-element-populated\">\n\t\t\t\t\t\t<div class=\"elementor-element elementor-element-1c11ddc elementor-widget elementor-widget-heading\" data-id=\"1c11ddc\" data-element_type=\"widget\" data-e-type=\"widget\" data-widget_type=\"heading.default\">\n\t\t\t\t<div class=\"elementor-widget-container\">\n\t\t\t\t\t<h3 class=\"elementor-heading-title elementor-size-default\">Vice-coordenador<\/h3>\t\t\t\t<\/div>\n\t\t\t\t<\/div>\n\t\t\t\t<div class=\"elementor-element elementor-element-be277df elementor-position-left elementor-vertical-align-middle elementor-widget elementor-widget-image-box\" data-id=\"be277df\" data-element_type=\"widget\" data-e-type=\"widget\" data-widget_type=\"image-box.default\">\n\t\t\t\t<div class=\"elementor-widget-container\">\n\t\t\t\t\t<div class=\"elementor-image-box-wrapper\"><figure class=\"elementor-image-box-img\"><img decoding=\"async\" width=\"150\" height=\"150\" src=\"https:\/\/www2.unifap.br\/engcivil\/files\/2014\/01\/servletrecuperafoto-150x150.jpg\" class=\"attachment-thumbnail size-thumbnail wp-image-172\" alt=\"\" srcset=\"https:\/\/www2.unifap.br\/engcivil\/files\/2014\/01\/servletrecuperafoto-150x150.jpg 150w, https:\/\/www2.unifap.br\/engcivil\/files\/2014\/01\/servletrecuperafoto-70x70.jpg 70w\" sizes=\"(max-width: 150px) 100vw, 150px\" \/><\/figure><div class=\"elementor-image-box-content\"><h3 class=\"elementor-image-box-title\">Prof. Dr. Jamil Jos\u00e9 Salim Neto<\/h3><p class=\"elementor-image-box-description\">Portaria n\u00ba 2017\/2023\n\nE-mail: jamil@unifap.br<\/p><\/div><\/div>\t\t\t\t<\/div>\n\t\t\t\t<\/div>\n\t\t\t\t\t<\/div>\n\t\t<\/div>\n\t\t\t\t\t<\/div>\n\t\t<\/section>\n\t\t\t\t\t<\/div>\n\t\t<\/div>\n\t\t\t\t<div class=\"elementor-column elementor-col-25 elementor-top-column elementor-element elementor-element-c0ab78c\" data-id=\"c0ab78c\" data-element_type=\"column\" data-e-type=\"column\">\n\t\t\t<div class=\"elementor-widget-wrap\">\n\t\t\t\t\t\t\t<\/div>\n\t\t<\/div>\n\t\t\t\t\t<\/div>\n\t\t<\/section>\n\t\t\t\t<section class=\"elementor-section elementor-top-section elementor-element elementor-element-e67e895 elementor-section-full_width elementor-section-height-default elementor-section-height-default\" data-id=\"e67e895\" data-element_type=\"section\" data-e-type=\"section\" data-settings=\"{&quot;background_background&quot;:&quot;classic&quot;}\">\n\t\t\t\t\t\t\t<div class=\"elementor-background-overlay\"><\/div>\n\t\t\t\t\t\t\t<div class=\"elementor-container elementor-column-gap-default\">\n\t\t\t\t\t<div class=\"elementor-column elementor-col-100 elementor-top-column elementor-element elementor-element-f96b530\" data-id=\"f96b530\" data-element_type=\"column\" data-e-type=\"column\">\n\t\t\t<div class=\"elementor-widget-wrap elementor-element-populated\">\n\t\t\t\t\t\t<div class=\"elementor-element elementor-element-b09b9f5 elementor-widget elementor-widget-spacer\" data-id=\"b09b9f5\" data-element_type=\"widget\" data-e-type=\"widget\" data-widget_type=\"spacer.default\">\n\t\t\t\t<div class=\"elementor-widget-container\">\n\t\t\t\t\t\t\t<div class=\"elementor-spacer\">\n\t\t\t<div class=\"elementor-spacer-inner\"><\/div>\n\t\t<\/div>\n\t\t\t\t\t\t<\/div>\n\t\t\t\t<\/div>\n\t\t\t\t\t<\/div>\n\t\t<\/div>\n\t\t\t\t\t<\/div>\n\t\t<\/section>\n\t\t\t\t<section class=\"elementor-section elementor-top-section elementor-element elementor-element-09acf72 elementor-section-stretched elementor-section-boxed elementor-section-height-default elementor-section-height-default\" data-id=\"09acf72\" data-element_type=\"section\" data-e-type=\"section\" data-settings=\"{&quot;stretch_section&quot;:&quot;section-stretched&quot;}\">\n\t\t\t\t\t\t<div class=\"elementor-container elementor-column-gap-default\">\n\t\t\t\t\t<div class=\"elementor-column elementor-col-100 elementor-top-column elementor-element elementor-element-b6caea0\" data-id=\"b6caea0\" data-element_type=\"column\" data-e-type=\"column\">\n\t\t\t<div class=\"elementor-widget-wrap elementor-element-populated\">\n\t\t\t\t\t\t<div class=\"elementor-element elementor-element-6ce4d65 elementor-widget elementor-widget-spacer\" data-id=\"6ce4d65\" data-element_type=\"widget\" data-e-type=\"widget\" data-widget_type=\"spacer.default\">\n\t\t\t\t<div class=\"elementor-widget-container\">\n\t\t\t\t\t\t\t<div class=\"elementor-spacer\">\n\t\t\t<div class=\"elementor-spacer-inner\"><\/div>\n\t\t<\/div>\n\t\t\t\t\t\t<\/div>\n\t\t\t\t<\/div>\n\t\t\t\t<div class=\"elementor-element elementor-element-c39cf64 eael-dual-header-content-align-left elementor-widget elementor-widget-eael-dual-color-header\" data-id=\"c39cf64\" data-element_type=\"widget\" data-e-type=\"widget\" data-widget_type=\"eael-dual-color-header.default\">\n\t\t\t\t<div class=\"elementor-widget-container\">\n\t\t\t\t\t\t\t\t<div class=\"eael-dual-header\">\n\t\t\t\t<span class=\"subtext\"><\/span>\n\t\t\t\t<h2 class=\"title eael-dch-title\"><span class=\"eael-dch-title-text eael-dch-title-lead lead solid-color\">Gest\u00f5es <\/span> <span class=\"eael-dch-title-text\">Anteriores<\/span><\/h2><div class=\"eael-dch-separator-wrap\"><span class=\"separator-one\"><\/span>\n\t\t\t<span class=\"separator-two\"><\/span><\/div>\t\t\t\t\t\t\t<\/div>\n\t\t\t\t\t\t<\/div>\n\t\t\t\t<\/div>\n\t\t\t\t<section class=\"elementor-section elementor-inner-section elementor-element elementor-element-530547f elementor-section-boxed elementor-section-height-default elementor-section-height-default\" data-id=\"530547f\" data-element_type=\"section\" data-e-type=\"section\">\n\t\t\t\t\t\t<div class=\"elementor-container elementor-column-gap-default\">\n\t\t\t\t\t<div class=\"elementor-column elementor-col-50 elementor-inner-column elementor-element elementor-element-bc07fb4\" data-id=\"bc07fb4\" data-element_type=\"column\" data-e-type=\"column\">\n\t\t\t<div class=\"elementor-widget-wrap elementor-element-populated\">\n\t\t\t\t\t\t<div class=\"elementor-element elementor-element-5cb56cb elementor-widget elementor-widget-heading\" data-id=\"5cb56cb\" data-element_type=\"widget\" data-e-type=\"widget\" data-widget_type=\"heading.default\">\n\t\t\t\t<div class=\"elementor-widget-container\">\n\t\t\t\t\t<h2 class=\"elementor-heading-title elementor-size-default\">Coordenador(a)<\/h2>\t\t\t\t<\/div>\n\t\t\t\t<\/div>\n\t\t\t\t<div class=\"elementor-element elementor-element-edc328e elementor-widget elementor-widget-text-editor\" data-id=\"edc328e\" data-element_type=\"widget\" data-e-type=\"widget\" data-widget_type=\"text-editor.default\">\n\t\t\t\t<div class=\"elementor-widget-container\">\n\t\t\t\t\t\t\t\t\t<p><span style=\"font-family: Roboto, sans-serif;font-size: 17px;font-style: normal;font-weight: 400\">Jennefer Lavor Bentes (2013 &#8211; 2014)<\/span><\/p><p style=\"font-size: 17px\"><span style=\"font-family: Roboto, sans-serif;font-size: 17px;font-style: normal;font-weight: 400\">Dennis Quaresma Pureza (2014 &#8211; 2015)<\/span><\/p><p style=\"font-size: 17px\"><span style=\"font-family: Roboto, sans-serif;font-size: 17px;font-style: normal;font-weight: 400\">F\u00e1bio Ara\u00fajo Pereira (2015 &#8211; 2016)<\/span><\/p><p style=\"font-size: 17px\"><span style=\"font-family: Roboto, sans-serif;font-size: 17px;font-style: normal;font-weight: 400\">Cristina Maria Baddini Lucas (2017 &#8211; 2019)<\/span><\/p><p style=\"font-size: 17px\"><span style=\"font-family: Roboto, sans-serif;font-size: 17px;font-style: normal;font-weight: 400\">Regis Brito Nunes (2020 &#8211; 2023)<\/span><\/p><p style=\"font-size: 17px\"><span style=\"font-family: Roboto, sans-serif;font-size: 17px;font-style: normal;font-weight: 400\">Jamil Jos\u00e9 Salim Neto (2023 &#8211; 2025)<\/span><\/p><p style=\"font-size: 17px\"><span style=\"font-family: Roboto, sans-serif;font-size: 17px;font-style: normal;font-weight: 400\">Jennefer Lavor Bentes (2025 &#8211; atual)<\/span><\/p><p>\u00a0<\/p>\t\t\t\t\t\t\t\t<\/div>\n\t\t\t\t<\/div>\n\t\t\t\t\t<\/div>\n\t\t<\/div>\n\t\t\t\t<div class=\"elementor-column elementor-col-50 elementor-inner-column elementor-element elementor-element-f8ef7d0\" data-id=\"f8ef7d0\" data-element_type=\"column\" data-e-type=\"column\">\n\t\t\t<div class=\"elementor-widget-wrap elementor-element-populated\">\n\t\t\t\t\t\t<div class=\"elementor-element elementor-element-4925891 elementor-widget elementor-widget-heading\" data-id=\"4925891\" data-element_type=\"widget\" data-e-type=\"widget\" data-widget_type=\"heading.default\">\n\t\t\t\t<div class=\"elementor-widget-container\">\n\t\t\t\t\t<h2 class=\"elementor-heading-title elementor-size-default\">Vice-coordenador(a)<\/h2>\t\t\t\t<\/div>\n\t\t\t\t<\/div>\n\t\t\t\t<div class=\"elementor-element elementor-element-e181a97 elementor-widget__width-initial elementor-widget elementor-widget-text-editor\" data-id=\"e181a97\" data-element_type=\"widget\" data-e-type=\"widget\" data-widget_type=\"text-editor.default\">\n\t\t\t\t<div class=\"elementor-widget-container\">\n\t\t\t\t\t\t\t\t\t<p>Jamil Jos\u00e9 Salim Neto (2013 \u2013 2014)<\/p>\n<p><span style=\"font-family: Roboto, sans-serif;font-size: 17px;font-style: normal;font-weight: 400\">F\u00e1bio Ara\u00fajo Pereira<\/span><span style=\"font-family: Roboto, sans-serif;font-size: 17px;font-style: normal;font-weight: 400\">&nbsp;(2014 \u2013 2015)<\/span><\/p>\n<p><span style=\"font-family: Roboto, sans-serif;font-size: 17px;font-style: normal;font-weight: 400\">Gabrielle dos Anjos Curcino&nbsp;<\/span><span style=\"font-family: Roboto, sans-serif;font-size: 17px;font-style: normal;font-weight: 400\">(2015 \u2013 2016)<\/span><\/p>\n<p><span style=\"font-family: Roboto, sans-serif;font-size: 17px;font-style: normal;font-weight: 400\">Dennis Quaresma Pureza (2017 \u2013 2019)<\/span><\/p>\n<p><span style=\"font-family: Roboto, sans-serif;font-size: 17px;font-style: normal;font-weight: 400\">Cristina Maria Baddini Lucas (2020 \u2013 2023)<\/span><\/p>\n<p>Adenilson Costa de Oliveira (2023 \u2013 2025)<\/p>\n<p><span style=\"font-family: Roboto, sans-serif;font-size: 17px;font-style: normal;font-weight: 400\">Jamil Jos\u00e9 Salim Neto (2025 &#8211; atual)<\/span><\/p>\n<p><\/p>\t\t\t\t\t\t\t\t<\/div>\n\t\t\t\t<\/div>\n\t\t\t\t\t<\/div>\n\t\t<\/div>\n\t\t\t\t\t<\/div>\n\t\t<\/section>\n\t\t\t\t<div class=\"elementor-element elementor-element-4ad59dd elementor-widget elementor-widget-spacer\" data-id=\"4ad59dd\" data-element_type=\"widget\" data-e-type=\"widget\" data-widget_type=\"spacer.default\">\n\t\t\t\t<div class=\"elementor-widget-container\">\n\t\t\t\t\t\t\t<div class=\"elementor-spacer\">\n\t\t\t<div class=\"elementor-spacer-inner\"><\/div>\n\t\t<\/div>\n\t\t\t\t\t\t<\/div>\n\t\t\t\t<\/div>\n\t\t\t\t\t<\/div>\n\t\t<\/div>\n\t\t\t\t\t<\/div>\n\t\t<\/section>\n\t\t\t\t<section class=\"elementor-section elementor-top-section elementor-element elementor-element-ed18ded elementor-section-stretched elementor-section-boxed elementor-section-height-default elementor-section-height-default\" data-id=\"ed18ded\" data-element_type=\"section\" data-e-type=\"section\" data-settings=\"{&quot;stretch_section&quot;:&quot;section-stretched&quot;,&quot;background_background&quot;:&quot;classic&quot;}\">\n\t\t\t\t\t\t<div class=\"elementor-container elementor-column-gap-default\">\n\t\t\t\t\t<div class=\"elementor-column elementor-col-100 elementor-top-column elementor-element elementor-element-1a2763a\" data-id=\"1a2763a\" data-element_type=\"column\" data-e-type=\"column\">\n\t\t\t<div class=\"elementor-widget-wrap elementor-element-populated\">\n\t\t\t\t\t\t<div class=\"elementor-element elementor-element-ee12213 eael-dual-header-content-align-left elementor-widget elementor-widget-eael-dual-color-header\" data-id=\"ee12213\" data-element_type=\"widget\" data-e-type=\"widget\" data-widget_type=\"eael-dual-color-header.default\">\n\t\t\t\t<div class=\"elementor-widget-container\">\n\t\t\t\t\t\t\t\t<div class=\"eael-dual-header\">\n\t\t\t\t<span class=\"subtext\"><\/span>\n\t\t\t\t<h2 class=\"title eael-dch-title\"><span class=\"eael-dch-title-text eael-dch-title-lead lead solid-color\">Hor\u00e1rio de<\/span> <span class=\"eael-dch-title-text\">Atendimento<\/span><\/h2><div class=\"eael-dch-separator-wrap\"><span class=\"separator-one\"><\/span>\n\t\t\t<span class=\"separator-two\"><\/span><\/div>\t\t\t\t\t\t\t<\/div>\n\t\t\t\t\t\t<\/div>\n\t\t\t\t<\/div>\n\t\t\t\t<div class=\"elementor-element elementor-element-1cddb51 elementor-align-start elementor-icon-list--layout-traditional elementor-list-item-link-full_width elementor-widget elementor-widget-icon-list\" data-id=\"1cddb51\" data-element_type=\"widget\" data-e-type=\"widget\" data-widget_type=\"icon-list.default\">\n\t\t\t\t<div class=\"elementor-widget-container\">\n\t\t\t\t\t\t\t<ul class=\"elementor-icon-list-items\">\n\t\t\t\t\t\t\t<li class=\"elementor-icon-list-item\">\n\t\t\t\t\t\t\t\t\t\t\t<span class=\"elementor-icon-list-icon\">\n\t\t\t\t\t\t\t<i aria-hidden=\"true\" class=\"fas fa-map-marker-alt\"><\/i>\t\t\t\t\t\t<\/span>\n\t\t\t\t\t\t\t\t\t\t<span class=\"elementor-icon-list-text\"> Sala da Coordena\u00e7\u00e3o - Bloco de Sala de Aulas de Engenharia Civil (1\u00b0piso)<\/span>\n\t\t\t\t\t\t\t\t\t<\/li>\n\t\t\t\t\t\t\t\t<li class=\"elementor-icon-list-item\">\n\t\t\t\t\t\t\t\t\t\t\t<span class=\"elementor-icon-list-icon\">\n\t\t\t\t\t\t\t<i aria-hidden=\"true\" class=\"fas fa-clock\"><\/i>\t\t\t\t\t\t<\/span>\n\t\t\t\t\t\t\t\t\t\t<span class=\"elementor-icon-list-text\">Quarta-feira 15h \u00e0s 18h (presencial)<\/span>\n\t\t\t\t\t\t\t\t\t<\/li>\n\t\t\t\t\t\t\t\t<li class=\"elementor-icon-list-item\">\n\t\t\t\t\t\t\t\t\t\t\t<span class=\"elementor-icon-list-icon\">\n\t\t\t\t\t\t\t<i aria-hidden=\"true\" class=\"fas fa-envelope\"><\/i>\t\t\t\t\t\t<\/span>\n\t\t\t\t\t\t\t\t\t\t<span class=\"elementor-icon-list-text\">jenneferlb@unifap.br (online)<\/span>\n\t\t\t\t\t\t\t\t\t<\/li>\n\t\t\t\t\t\t<\/ul>\n\t\t\t\t\t\t<\/div>\n\t\t\t\t<\/div>\n\t\t\t\t<div class=\"elementor-element elementor-element-5607dc2 elementor-widget elementor-widget-spacer\" data-id=\"5607dc2\" data-element_type=\"widget\" data-e-type=\"widget\" data-widget_type=\"spacer.default\">\n\t\t\t\t<div class=\"elementor-widget-container\">\n\t\t\t\t\t\t\t<div class=\"elementor-spacer\">\n\t\t\t<div class=\"elementor-spacer-inner\"><\/div>\n\t\t<\/div>\n\t\t\t\t\t\t<\/div>\n\t\t\t\t<\/div>\n\t\t\t\t\t<\/div>\n\t\t<\/div>\n\t\t\t\t\t<\/div>\n\t\t<\/section>\n\t\t\t\t<\/div>\n\t\t","protected":false},"excerpt":{"rendered":"<p>GEST\u00c3O ACAD\u00caMICA Coordena\u00e7\u00e3o do Curso A Coordena\u00e7\u00e3o \u00e9 \u00f3rg\u00e3o respons\u00e1vel pelo planejamento e gerenciamento de recursos humanos, cient\u00edficos e tecnol\u00f3gicos para as atividades de ensino, pesquisa e extens\u00e3o. Realiza a gest\u00e3o acad\u00eamica e administrativa do curso, fazendo cumprir as normas e delibera\u00e7\u00f5es institucionais e do colegiado, acompanha as atividades acad\u00eamicas dos docentes e discentes, dentre&#8230;<\/p>\n","protected":false},"author":3905,"featured_media":0,"parent":0,"menu_order":0,"comment_status":"closed","ping_status":"closed","template":"","meta":{"inline_featured_image":false,"ngg_post_thumbnail":0,"footnotes":""},"class_list":["post-981","page","type-page","status-publish","hentry","entry"],"_links":{"self":[{"href":"https:\/\/www2.unifap.br\/engcivil\/wp-json\/wp\/v2\/pages\/981","targetHints":{"allow":["GET"]}}],"collection":[{"href":"https:\/\/www2.unifap.br\/engcivil\/wp-json\/wp\/v2\/pages"}],"about":[{"href":"https:\/\/www2.unifap.br\/engcivil\/wp-json\/wp\/v2\/types\/page"}],"author":[{"embeddable":true,"href":"https:\/\/www2.unifap.br\/engcivil\/wp-json\/wp\/v2\/users\/3905"}],"replies":[{"embeddable":true,"href":"https:\/\/www2.unifap.br\/engcivil\/wp-json\/wp\/v2\/comments?post=981"}],"version-history":[{"count":66,"href":"https:\/\/www2.unifap.br\/engcivil\/wp-json\/wp\/v2\/pages\/981\/revisions"}],"predecessor-version":[{"id":3125,"href":"https:\/\/www2.unifap.br\/engcivil\/wp-json\/wp\/v2\/pages\/981\/revisions\/3125"}],"wp:attachment":[{"href":"https:\/\/www2.unifap.br\/engcivil\/wp-json\/wp\/v2\/media?parent=981"}],"curies":[{"name":"wp","href":"https:\/\/api.w.org\/{rel}","templated":true}]}}