{"id":18,"date":"2017-11-28T18:07:09","date_gmt":"2017-11-28T18:07:09","guid":{"rendered":"http:\/\/www2.unifap.br\/espefis\/?page_id=18"},"modified":"2023-11-14T20:15:03","modified_gmt":"2023-11-14T20:15:03","slug":"documentos-do-curso","status":"publish","type":"page","link":"https:\/\/www2.unifap.br\/espefis\/documentos-do-curso\/","title":{"rendered":"Documentos do Curso"},"content":{"rendered":"<p><img fetchpriority=\"high\" decoding=\"async\" src=\"http:\/\/www2.unifap.br\/espefis\/files\/2023\/11\/Captura-de-Tela-2023-11-14-a\u0300s-15.27.28-1024x1022.png\" alt=\"\" width=\"640\" height=\"639\"\/><\/p>\n<p>PARA MAIS INFORMA\u00c7\u00d5ES CLIQUE NO LINK:<a href=\"https:\/\/www2.unifap.br\/espefis\/projeto-pedagogico-do-curso-de-especializacao-em-ensino-de-fisica\/\">PROJETO PEDAG\u00d3GICO DO CURSO DE ESPECIALIZA\u00c7\u00c3O EM ENSINO DE F\u00cdSICA<\/a><\/p>\n","protected":false},"excerpt":{"rendered":"<p>PARA MAIS INFORMA\u00c7\u00d5ES CLIQUE NO LINK:PROJETO PEDAG\u00d3GICO DO CURSO DE ESPECIALIZA\u00c7\u00c3O EM ENSINO DE F\u00cdSICA<\/p>\n","protected":false},"author":344,"featured_media":829,"parent":0,"menu_order":0,"comment_status":"open","ping_status":"open","template":"","meta":{"inline_featured_image":false,"ngg_post_thumbnail":0,"footnotes":""},"class_list":["post-18","page","type-page","status-publish","has-post-thumbnail","hentry"],"_links":{"self":[{"href":"https:\/\/www2.unifap.br\/espefis\/wp-json\/wp\/v2\/pages\/18","targetHints":{"allow":["GET"]}}],"collection":[{"href":"https:\/\/www2.unifap.br\/espefis\/wp-json\/wp\/v2\/pages"}],"about":[{"href":"https:\/\/www2.unifap.br\/espefis\/wp-json\/wp\/v2\/types\/page"}],"author":[{"embeddable":true,"href":"https:\/\/www2.unifap.br\/espefis\/wp-json\/wp\/v2\/users\/344"}],"replies":[{"embeddable":true,"href":"https:\/\/www2.unifap.br\/espefis\/wp-json\/wp\/v2\/comments?post=18"}],"version-history":[{"count":28,"href":"https:\/\/www2.unifap.br\/espefis\/wp-json\/wp\/v2\/pages\/18\/revisions"}],"predecessor-version":[{"id":857,"href":"https:\/\/www2.unifap.br\/espefis\/wp-json\/wp\/v2\/pages\/18\/revisions\/857"}],"wp:featuredmedia":[{"embeddable":true,"href":"https:\/\/www2.unifap.br\/espefis\/wp-json\/wp\/v2\/media\/829"}],"wp:attachment":[{"href":"https:\/\/www2.unifap.br\/espefis\/wp-json\/wp\/v2\/media?parent=18"}],"curies":[{"name":"wp","href":"https:\/\/api.w.org\/{rel}","templated":true}]}}