{"id":20,"date":"2017-11-28T18:07:58","date_gmt":"2017-11-28T18:07:58","guid":{"rendered":"http:\/\/www2.unifap.br\/espefis\/?page_id=20"},"modified":"2018-09-25T21:50:52","modified_gmt":"2018-09-25T21:50:52","slug":"administrativos-e-academicos","status":"publish","type":"page","link":"https:\/\/www2.unifap.br\/espefis\/documentos-do-curso\/administrativos-e-academicos\/","title":{"rendered":"Administrativos e Acad\u00eamicos"},"content":{"rendered":"<p><strong>PROJETO POL\u00cdTICO PEDAG\u00d3GICO DO CURSO<\/strong><\/p>\n<ul>\n<li><a href=\"http:\/\/www2.unifap.br\/fisica-parfor\/files\/2015\/06\/PROJETO-POLITICO-DO-CURSO-DE-ESPECIALIZA\u00c7\u00c3O-EM-ENSINO-DE-F\u00cdSICA.pdf\">PROJETO POLITICO DO CURSO DE ESPECIALIZA\u00c7\u00c3O EM ENSINO DE F\u00cdSICA<\/a><\/li>\n<\/ul>\n<p><strong>TRABALHO DE CONCLUS\u00c3O DE CURSO (TCC)<\/strong><\/p>\n<p>FORMUL\u00c1RIO DE INSCRI\u00c7\u00c3O DO PROJETO DE TCC E OUTROS<\/p>\n<ul>\n<li><a href=\"http:\/\/www2.unifap.br\/fisica-parfor\/files\/2015\/06\/FORMUL\u00c1RIO-DE-INSCRI\u00c7\u00c3O-DO-PROJETO-DE-TCC1.pdf\">FORMUL\u00c1RIO DE INSCRI\u00c7\u00c3O DO PROJETO DE TCC<\/a><\/li>\n<li><a href=\"http:\/\/www2.unifap.br\/espefis\/files\/2017\/11\/ATA_DEFESA_QUALIFICA_ESPEFIS1.pdf\">ATA_DEFESA_QUALIFICA\u00c7\u00c3O_ESPEFIS<\/a><\/li>\n<\/ul>\n<p>FICHA DE ACOMPANHAMENTO DA PRODU\u00c7\u00c3O DO TCC<\/p>\n<ul>\n<li><a href=\"http:\/\/www2.unifap.br\/fisica-parfor\/files\/2015\/06\/FICHA-DE-ACOMPANHAMENTO-DA-PRODU\u00c7\u00c3O-DO-TCC1.pdf\">FICHA DE ACOMPANHAMENTO DA PRODU\u00c7\u00c3O DO TCC<\/a><\/li>\n<\/ul>\n<p><strong>REGIMENTO INTERNO<\/strong><\/p>\n<p><a href=\"http:\/\/www2.unifap.br\/fisica-parfor\/files\/2015\/06\/REGIMENTO-INTERNO-ESPECIALIZA\u00c7\u00c3O-EM-ENSINO-DE-F\u00cdSICA.pdf\">REGIMENTO INTERNO ESPECIALIZA\u00c7\u00c3O EM ENSINO DE F\u00cdSICA<\/a><\/p>\n<p><strong>MODELO DE MONOGRAFIA<\/strong><\/p>\n<p><a href=\"http:\/\/www2.unifap.br\/espefis\/files\/2017\/11\/MODELO-MONOGRAFIA-ESPEFIS.rar\">MODELO MONOGRAFIA ESPEFIS<\/a><\/p>\n<p><strong>RESOLU\u00c7\u00c3O INTERNA (CREDENCIAMENTO E DESCREDENCIAMENTO DE PROFESSORES)<\/strong><\/p>\n<p><a href=\"http:\/\/www2.unifap.br\/espefis\/files\/2017\/11\/RESOLU\u00c7\u00c3O-INTERNA-N\u00ba-001_2018_ESPEFIS.pdf\">RESOLU\u00c7\u00c3O INTERNA N\u00ba 001_2018_ESPEFIS<\/a><\/p>\n<p><strong>EMENTAS DAS DISCIPLINAS POR SEMESTRE<\/strong><\/p>\n<p>SEMESTRE 1<\/p>\n<ul>\n<li><a href=\"http:\/\/www2.unifap.br\/fisica-parfor\/files\/2015\/06\/Mec\u00e2nica-Newtoniana.pdf\">Mec\u00e2nica Newtoniana<\/a><\/li>\n<li><a href=\"http:\/\/www2.unifap.br\/fisica-parfor\/files\/2015\/06\/DID\u00c1TICA-NO-ENSINO-SUPERIOR.pdf\">Did\u00e1tica no Ensino Superior<\/a><\/li>\n<li><a href=\"http:\/\/www2.unifap.br\/fisica-parfor\/files\/2015\/06\/Metodologia-do-Ensino-de-F\u00edsica.pdf\">Metodologia do Ensino de F\u00edsica<\/a><\/li>\n<li>Optativa (1 demanda de alunos 1 demanda do colegiado)<\/li>\n<\/ul>\n<p>SEMESTRE 2<\/p>\n<ul>\n<li><a href=\"http:\/\/www2.unifap.br\/fisica-parfor\/files\/2015\/06\/Tecnologia-da-Informa\u00e7\u00e3o-e-Comunica\u00e7\u00e3o-no-Ensino-de-F\u00edsica.pdf\">Tecnologia da Informa\u00e7\u00e3o e Comunica\u00e7\u00e3o no Ensino de F\u00edsica<\/a><\/li>\n<li><a href=\"http:\/\/www2.unifap.br\/fisica-parfor\/files\/2015\/06\/Eletricidade-e-Magnetismo.pdf\">Eletricidade e Magnetismo<\/a><\/li>\n<li><a href=\"http:\/\/www2.unifap.br\/fisica-parfor\/files\/2015\/06\/F\u00edsica-Contempor\u00e2nea.pdf\">F\u00edsica Contempor\u00e2nea<\/a><\/li>\n<li><a href=\"http:\/\/www2.unifap.br\/fisica-parfor\/files\/2015\/06\/Laborat\u00f3rio-de-Ensino-Geral.pdf\">Laborat\u00f3rio de Ensino Geral<\/a><\/li>\n<li><a href=\"http:\/\/www2.unifap.br\/fisica-parfor\/files\/2015\/06\/Trabalho-de-Conclus\u00e3o-de-Curso.pdf\">Trabalho de Conclus\u00e3o de Curso<\/a><\/li>\n<\/ul>\n<p>LISTA DE DISCIPLINAS OPTATIVAS<\/p>\n<div align=\"center\">\n<table border=\"1\" cellspacing=\"0\" cellpadding=\"0\">\n<tbody>\n<tr>\n<td valign=\"top\"><b>BLOCO<\/b><\/td>\n<td><b>DISCIPLINA<\/b><\/td>\n<td>\n<p align=\"center\"><b>CR<\/b><\/p>\n<\/td>\n<td>\n<p align=\"center\"><b>CH<\/b><\/p>\n<\/td>\n<\/tr>\n<tr>\n<td rowspan=\"17\" valign=\"top\">\n<p align=\"center\">1\u00ba<\/p>\n<p align=\"center\">Semestre<\/p>\n<\/td>\n<td><a href=\"http:\/\/www2.unifap.br\/espefis\/files\/2017\/11\/F\u00edsica-das-Radia\u00e7\u00f5es.pdf\">F\u00cdSICA DAS RADI\u00c7\u00d5ES<\/a><\/td>\n<td>\n<p align=\"center\"><b>4<\/b><\/p>\n<\/td>\n<td>\n<p align=\"center\"><b>60\u00a0<\/b><\/p>\n<\/td>\n<\/tr>\n<tr>\n<td><a href=\"http:\/\/www2.unifap.br\/espefis\/files\/2017\/11\/INTRODU\u00c7\u00c3O-\u00c0-F\u00cdSICA-DOS-MATERIAIS.pdf\">INTRODU\u00c7\u00c3O \u00c0 F\u00cdSICA DOS MATERIAIS<\/a><\/td>\n<td>\n<p align=\"center\"><b>4<\/b><\/p>\n<\/td>\n<td>\n<p align=\"center\"><b>60<\/b><\/p>\n<\/td>\n<\/tr>\n<tr>\n<td><a href=\"http:\/\/www2.unifap.br\/espefis\/files\/2017\/11\/INFORM\u00c1TICA-NO-ENSINO-DE-F\u00cdSICA.pdf\">INFORM\u00c1TICA NO ENSINO DE F\u00cdSICA<\/a><\/td>\n<td>\n<p align=\"center\"><b>4<\/b><\/p>\n<\/td>\n<td>\n<p align=\"center\"><b>60<\/b><\/p>\n<\/td>\n<\/tr>\n<tr>\n<td><a href=\"http:\/\/www2.unifap.br\/espefis\/files\/2017\/11\/INTRODU\u00c7\u00c3O-\u00c0-ASTRONOMIA.pdf\">INTRODU\u00c7\u00c3O \u00c0 ASTRONOMIA<\/a><\/td>\n<td>\n<p align=\"center\"><b>4<\/b><\/p>\n<\/td>\n<td>\n<p align=\"center\"><b>60<\/b><\/p>\n<\/td>\n<\/tr>\n<tr>\n<td><a href=\"http:\/\/www2.unifap.br\/espefis\/files\/2017\/11\/MEC\u00c2NICA-QU\u00c2NTICA.pdf\">MEC\u00c2NICA QU\u00c2NTICA<\/a><\/td>\n<td>\n<p align=\"center\"><b>4<\/b><\/p>\n<\/td>\n<td>\n<p align=\"center\"><b>60<\/b><\/p>\n<\/td>\n<\/tr>\n<tr>\n<td><a href=\"http:\/\/www2.unifap.br\/espefis\/files\/2017\/11\/F\u00cdSICA-ATOMICA-E-NUCLEAR.pdf\">F\u00cdSICA ATOMICA E NUCLEAR<\/a><\/td>\n<td>\n<p align=\"center\"><b>4<\/b><\/p>\n<\/td>\n<td>\n<p align=\"center\"><b>60<\/b><\/p>\n<\/td>\n<\/tr>\n<tr>\n<td><a href=\"http:\/\/www2.unifap.br\/espefis\/files\/2017\/11\/ELETROMAGNETISMO.pdf\">ELETROMAGNETISMO<\/a><\/td>\n<td>\n<p align=\"center\"><b>4<\/b><\/p>\n<\/td>\n<td>\n<p align=\"center\"><b>60<\/b><\/p>\n<\/td>\n<\/tr>\n<tr>\n<td><a href=\"http:\/\/www2.unifap.br\/espefis\/files\/2017\/11\/PSICOLOGIA-DA-EDUCA\u00c7\u00c3O.pdf\">PSICOLOGIA DA EDUCA\u00c7\u00c3O<\/a><\/td>\n<td>\n<p align=\"center\"><b>4<\/b><\/p>\n<\/td>\n<td>\n<p align=\"center\"><b>60<\/b><\/p>\n<\/td>\n<\/tr>\n<tr>\n<td><a href=\"http:\/\/www2.unifap.br\/espefis\/files\/2017\/11\/F\u00cdSICA-ESTATISTICA.pdf\">F\u00cdSICA ESTATISTICA<\/a><\/td>\n<td>\n<p align=\"center\"><b>4<\/b><\/p>\n<\/td>\n<td>\n<p align=\"center\"><b>60<\/b><\/p>\n<\/td>\n<\/tr>\n<tr>\n<td><a href=\"http:\/\/www2.unifap.br\/espefis\/files\/2017\/11\/METODOLOGIA-DA-PESQUISA-EM-F\u00cdSICA-.pdf\">METODOLOGIA DA PESQUISA EM F\u00cdSICA<\/a><\/td>\n<td valign=\"top\">\n<p align=\"center\"><b>2<\/b><\/p>\n<\/td>\n<td>\n<p align=\"center\"><b>30<\/b><\/p>\n<\/td>\n<\/tr>\n<tr>\n<td><a href=\"http:\/\/www2.unifap.br\/espefis\/files\/2017\/11\/Hist\u00f3ria-da-F\u00edsica.pdf\">HIST\u00d3RIA DA F\u00cdSICA<\/a><\/td>\n<td valign=\"top\">\n<p align=\"center\"><b>2<\/b><\/p>\n<\/td>\n<td>\n<p align=\"center\"><b>30<\/b><\/p>\n<\/td>\n<\/tr>\n<tr>\n<td><a href=\"http:\/\/www2.unifap.br\/espefis\/files\/2017\/11\/PESQUISA-NO-ENSINO-DE-F\u00cdSICA.pdf\">PESQUISA NO ENSINO DE F\u00cdSICA<\/a><\/td>\n<td valign=\"top\">\n<p align=\"center\"><b>3<\/b><\/p>\n<\/td>\n<td>\n<p align=\"center\"><b>45<\/b><\/p>\n<\/td>\n<\/tr>\n<tr>\n<td><a href=\"http:\/\/www2.unifap.br\/espefis\/files\/2017\/11\/TERMODIN\u00c2MICA.pdf\">TERMODIN\u00c2MICA<\/a><\/td>\n<td valign=\"top\">\n<p align=\"center\"><b>4<\/b><\/p>\n<\/td>\n<td>\n<p align=\"center\"><b>60<\/b><\/p>\n<\/td>\n<\/tr>\n<tr>\n<td><a href=\"http:\/\/www2.unifap.br\/espefis\/files\/2017\/11\/PLANEJAMENTO-EDUCACIONAL.pdf\">PLANEJAMENTO EDUCACIONAL<\/a><\/td>\n<td valign=\"top\">\n<p align=\"center\"><b>2<\/b><\/p>\n<\/td>\n<td>\n<p align=\"center\"><b>30<\/b><\/p>\n<\/td>\n<\/tr>\n<tr>\n<td><a href=\"http:\/\/www2.unifap.br\/espefis\/files\/2017\/11\/EDUCA\u00c7\u00c3O-INCLUSIVA-NA-PRATICA-DOCENTE.pdf\">EDUCA\u00c7\u00c3O INCLUSIVA NA PRATICA DOCENTE<\/a><\/td>\n<td valign=\"top\">\n<p align=\"center\"><b>2<\/b><\/p>\n<\/td>\n<td>\n<p align=\"center\"><b>30<\/b><\/p>\n<\/td>\n<\/tr>\n<tr>\n<td><a href=\"http:\/\/www2.unifap.br\/espefis\/files\/2017\/11\/\u00d3TICA-E-FISICA-MODERNA-.pdf\">\u00d3TICA E FISICA MODERNA<\/a><\/td>\n<td valign=\"top\">\n<p align=\"center\"><b>4<\/b><\/p>\n<\/td>\n<td>\n<p align=\"center\"><b>60<\/b><\/p>\n<\/td>\n<\/tr>\n<tr>\n<td><a href=\"http:\/\/www2.unifap.br\/espefis\/files\/2017\/11\/AVALIA\u00c7\u00c3O-DA-APREDIZAGEM.pdf\">AVALIA\u00c7\u00c3O DA APREDIZAGEM<\/a><\/td>\n<td valign=\"top\">\n<p align=\"center\"><b>4<\/b><\/p>\n<\/td>\n<td>\n<p align=\"center\"><b>30<\/b><\/p>\n<\/td>\n<\/tr>\n<\/tbody>\n<\/table>\n<\/div>\n","protected":false},"excerpt":{"rendered":"<p>PROJETO POL\u00cdTICO PEDAG\u00d3GICO DO CURSO PROJETO POLITICO DO CURSO DE ESPECIALIZA\u00c7\u00c3O EM ENSINO DE F\u00cdSICA TRABALHO DE CONCLUS\u00c3O DE CURSO (TCC) FORMUL\u00c1RIO DE INSCRI\u00c7\u00c3O DO PROJETO DE TCC E OUTROS FORMUL\u00c1RIO DE INSCRI\u00c7\u00c3O DO PROJETO DE TCC ATA_DEFESA_QUALIFICA\u00c7\u00c3O_ESPEFIS FICHA DE&hellip; <\/p>\n<p><a href=\"https:\/\/www2.unifap.br\/espefis\/documentos-do-curso\/administrativos-e-academicos\/\" class=\"readmore-button\">Continue Reading<\/a><\/p>\n","protected":false},"author":344,"featured_media":0,"parent":18,"menu_order":0,"comment_status":"open","ping_status":"open","template":"","meta":{"inline_featured_image":false,"ngg_post_thumbnail":0,"footnotes":""},"class_list":["post-20","page","type-page","status-publish","hentry"],"_links":{"self":[{"href":"https:\/\/www2.unifap.br\/espefis\/wp-json\/wp\/v2\/pages\/20","targetHints":{"allow":["GET"]}}],"collection":[{"href":"https:\/\/www2.unifap.br\/espefis\/wp-json\/wp\/v2\/pages"}],"about":[{"href":"https:\/\/www2.unifap.br\/espefis\/wp-json\/wp\/v2\/types\/page"}],"author":[{"embeddable":true,"href":"https:\/\/www2.unifap.br\/espefis\/wp-json\/wp\/v2\/users\/344"}],"replies":[{"embeddable":true,"href":"https:\/\/www2.unifap.br\/espefis\/wp-json\/wp\/v2\/comments?post=20"}],"version-history":[{"count":10,"href":"https:\/\/www2.unifap.br\/espefis\/wp-json\/wp\/v2\/pages\/20\/revisions"}],"predecessor-version":[{"id":204,"href":"https:\/\/www2.unifap.br\/espefis\/wp-json\/wp\/v2\/pages\/20\/revisions\/204"}],"up":[{"embeddable":true,"href":"https:\/\/www2.unifap.br\/espefis\/wp-json\/wp\/v2\/pages\/18"}],"wp:attachment":[{"href":"https:\/\/www2.unifap.br\/espefis\/wp-json\/wp\/v2\/media?parent=20"}],"curies":[{"name":"wp","href":"https:\/\/api.w.org\/{rel}","templated":true}]}}