{"id":222,"date":"2019-01-30T15:22:33","date_gmt":"2019-01-30T15:22:33","guid":{"rendered":"http:\/\/www2.unifap.br\/espefis\/?page_id=222"},"modified":"2023-05-24T02:09:17","modified_gmt":"2023-05-24T02:09:17","slug":"2019-1","status":"publish","type":"page","link":"https:\/\/www2.unifap.br\/espefis\/2019-1\/","title":{"rendered":"Processo Seletivo 2019.1"},"content":{"rendered":"<p>30\/01\/2019-<a href=\"http:\/\/www2.unifap.br\/espefis\/files\/2019\/01\/Edital-Especializa\u00e7\u00e3o-em-Ensino-de-F\u00edsica_2019.1.pdf\">Edital Especializa\u00e7\u00e3o em Ensino de F\u00edsica_2019.1<\/a>&nbsp;(Baixe Aqui!)<\/p>\n<p>17\/03\/2019-<a href=\"http:\/\/www2.unifap.br\/espefis\/files\/2019\/03\/RELA\u00c7\u00c3O-DAS-INSCRI\u00c7\u00d5ES-HOMOLOGADAS-EDITAL-N\u00ba-002_2019.1-\u2013-DPGUNIFAP.pdf\">RELA\u00c7\u00c3O DAS INSCRI\u00c7\u00d5ES HOMOLOGADAS-EDITAL N\u00ba 002_2019.1 \u2013 ESPEFIS\/DPG\/UNIFAP<\/a>&nbsp;(Baixe Aqui!)<\/p>\n<p>25\/03\/2019-<a href=\"http:\/\/www2.unifap.br\/espefis\/files\/2019\/03\/RESULTADOPROVAESCRITA-EDITAL-N\u00ba002_2019-\u2013-DPGUNIFAP-1.pdf\">RESULTADO PROVIS\u00d3RIO DA PROVA ESCRITA-EDITAL N\u00ba002_2019 \u2013 ESPEFIS\/DPG\/UNIFAP<\/a>&nbsp;(Baixe Aqui!)<\/p>\n<p>29\/03\/2019-<a href=\"http:\/\/www2.unifap.br\/espefis\/files\/2019\/03\/CONVOCAC\u0327A\u0303O-PARA-ENTREVISTA-E-ANA\u0301LISE-CURRICULAR-EDITAL-N\u00ba-002_2019-1-\u2013-DPGUNIFAP.pdf\">CONVOCAC\u0327A\u0303O PARA ENTREVISTA E ANA\u0301LISE CURRICULAR -EDITAL N\u00ba 002_2019-1 \u2013 ESPEFIS\/DPG\/UNIFAP<\/a>&nbsp;(Baixe Aqui!)<\/p>\n<p>02\/04\/2019-<a href=\"http:\/\/www2.unifap.br\/espefis\/files\/2019\/04\/Retifica\u00e7\u00e3o-da-convoca\u00e7\u00e3o.pdf\">RETIFICA\u00c7\u00c3O DA CONVOCA\u00c7\u00c3O PARA ENTREVISTA E AN\u00c1LISE CURRICULAR -EDITAL N\u00ba 002 2019-1-ESPEFIS\/DPG\/UNIFAP<\/a> (Baixe Aqui!)<\/p>\n<p>02\/04\/2019- <a href=\"http:\/\/www2.unifap.br\/espefis\/files\/2019\/04\/Retifica\u00e7\u00e3o-II-da-convoca\u00e7\u00e3o.pdf\">2\u00aa&nbsp;RETIFICA\u00c7\u00c3O DA CONVOCA\u00c7\u00c3O PARA ENTREVISTA E AN\u00c1LISE CURRICULAR -EDITAL N\u00ba 002 2019-1-ESPEFIS\/DPG\/UNIFAP<\/a> (Baixe Aqui!)<\/p>\n<p>04\/04\/2019- <a href=\"http:\/\/www2.unifap.br\/espefis\/files\/2019\/04\/Retifica\u00e7\u00e3o-do-Cronograma.pdf\">RETIFICA\u00c7\u00c3O DO CRONOGRAMA -EDITAL N\u00ba 002 2019-1-ESPEFIS\/DPG\/UNIFAP<\/a> (Baixe Aqui!)<\/p>\n<p>04\/04\/2019- <a href=\"http:\/\/www2.unifap.br\/espefis\/files\/2019\/04\/RESULTADO-ENTREVISTA-EDITAL-N\u00ba-002_2019-\u2013-DPGUNIFAP.pdf\">RESULTADO PROVIS\u00d3RIO DA ENTREVISTA E AN\u00c1LISE CURRICULAR -EDITAL N\u00ba 002 2019-1-ESPEFIS\/DPG\/UNIFAP<\/a> (Baixe Aqui!)<\/p>\n<p>09\/04\/2019- <a href=\"http:\/\/www2.unifap.br\/espefis\/files\/2019\/04\/RESULTADO-FINAL-PARCIAL-EDITAL-N\u00ba-002_2019\u2013-DPGUNIFAP.pdf\">RESULTADO FINAL PARCIAL -EDITAL N\u00ba 002 2019-1-ESPEFIS\/DPG\/UNIFAP<\/a> (Baixe Aqui!)<\/p>\n<p>16\/04\/2019- <a href=\"http:\/\/www2.unifap.br\/espefis\/files\/2019\/04\/RESULTADO-FINAL-DEFINITIVO-EDITAL-N\u00ba-002_2019\u2013-DPGUNIFAP.pdf\">RESULTADO FINAL DEFINITIVO &#8211; EDITAL N\u00ba 002 2019-1-ESPEFIS\/DPG\/UNIFAP<\/a> (Baixe Aqui!)<\/p>\n","protected":false},"excerpt":{"rendered":"<p>30\/01\/2019-Edital Especializa\u00e7\u00e3o em Ensino de F\u00edsica_2019.1&nbsp;(Baixe Aqui!) 17\/03\/2019-RELA\u00c7\u00c3O DAS INSCRI\u00c7\u00d5ES HOMOLOGADAS-EDITAL N\u00ba 002_2019.1 \u2013 ESPEFIS\/DPG\/UNIFAP&nbsp;(Baixe Aqui!) 25\/03\/2019-RESULTADO PROVIS\u00d3RIO DA PROVA ESCRITA-EDITAL N\u00ba002_2019 \u2013 ESPEFIS\/DPG\/UNIFAP&nbsp;(Baixe Aqui!) 29\/03\/2019-CONVOCAC\u0327A\u0303O PARA ENTREVISTA E ANA\u0301LISE CURRICULAR -EDITAL N\u00ba 002_2019-1 \u2013 ESPEFIS\/DPG\/UNIFAP&nbsp;(Baixe Aqui!) 02\/04\/2019-RETIFICA\u00c7\u00c3O DA CONVOCA\u00c7\u00c3O&hellip; <\/p>\n<p><a href=\"https:\/\/www2.unifap.br\/espefis\/2019-1\/\" class=\"readmore-button\">Continue Reading<\/a><\/p>\n","protected":false},"author":344,"featured_media":0,"parent":0,"menu_order":0,"comment_status":"open","ping_status":"open","template":"","meta":{"inline_featured_image":false,"ngg_post_thumbnail":0,"footnotes":""},"class_list":["post-222","page","type-page","status-publish","hentry"],"_links":{"self":[{"href":"https:\/\/www2.unifap.br\/espefis\/wp-json\/wp\/v2\/pages\/222","targetHints":{"allow":["GET"]}}],"collection":[{"href":"https:\/\/www2.unifap.br\/espefis\/wp-json\/wp\/v2\/pages"}],"about":[{"href":"https:\/\/www2.unifap.br\/espefis\/wp-json\/wp\/v2\/types\/page"}],"author":[{"embeddable":true,"href":"https:\/\/www2.unifap.br\/espefis\/wp-json\/wp\/v2\/users\/344"}],"replies":[{"embeddable":true,"href":"https:\/\/www2.unifap.br\/espefis\/wp-json\/wp\/v2\/comments?post=222"}],"version-history":[{"count":18,"href":"https:\/\/www2.unifap.br\/espefis\/wp-json\/wp\/v2\/pages\/222\/revisions"}],"predecessor-version":[{"id":725,"href":"https:\/\/www2.unifap.br\/espefis\/wp-json\/wp\/v2\/pages\/222\/revisions\/725"}],"wp:attachment":[{"href":"https:\/\/www2.unifap.br\/espefis\/wp-json\/wp\/v2\/media?parent=222"}],"curies":[{"name":"wp","href":"https:\/\/api.w.org\/{rel}","templated":true}]}}