{"id":49,"date":"2017-12-09T14:55:54","date_gmt":"2017-12-09T14:55:54","guid":{"rendered":"http:\/\/www2.unifap.br\/espefis\/?page_id=49"},"modified":"2019-02-27T19:16:19","modified_gmt":"2019-02-27T19:16:19","slug":"coordenacao","status":"publish","type":"page","link":"https:\/\/www2.unifap.br\/espefis\/coordenacao\/coordenacao\/","title":{"rendered":"Coordena\u00e7\u00e3o"},"content":{"rendered":"<p style=\"text-align: justify\"><strong>&nbsp;<\/strong><\/p>\n<address><strong>Jackeline Del Rosario Collave Garc\u00eda<\/strong><\/address>\n<address><strong>Coordenadora do Curso de Especializa\u00e7\u00e3o em Ensino de F\u00edsica<\/strong><\/address>\n<address><strong>Portaria N\u00ba 0134\/2019<\/strong><\/address>\n<address>&nbsp;<\/address>\n<address><strong>Victor Montero del Aguila<\/strong><\/address>\n<address><strong>Vice-coordenador&nbsp;do Curso de Especializa\u00e7\u00e3o em Ensino de F\u00edsica<\/strong><\/address>\n<address><strong>Portaria n\u00ba 2045\/2017<\/strong><\/address>\n<p><strong>CONTATOS: jackeline.collave@unifap.br; vmagui@unifap.br; espefis.unifap@gmail.com<br \/>\nFONE:&nbsp;(96) 3312 \u2013 1763<\/strong><\/p>\n","protected":false},"excerpt":{"rendered":"<p>&nbsp; Jackeline Del Rosario Collave Garc\u00eda Coordenadora do Curso de Especializa\u00e7\u00e3o em Ensino de F\u00edsica Portaria N\u00ba 0134\/2019 &nbsp; Victor Montero del Aguila Vice-coordenador&nbsp;do Curso de Especializa\u00e7\u00e3o em Ensino de F\u00edsica Portaria n\u00ba 2045\/2017 CONTATOS: jackeline.collave@unifap.br; vmagui@unifap.br; espefis.unifap@gmail.com FONE:&nbsp;(96) 3312&hellip; <\/p>\n<p><a href=\"https:\/\/www2.unifap.br\/espefis\/coordenacao\/coordenacao\/\" class=\"readmore-button\">Continue Reading<\/a><\/p>\n","protected":false},"author":344,"featured_media":0,"parent":15,"menu_order":0,"comment_status":"open","ping_status":"open","template":"","meta":{"inline_featured_image":false,"ngg_post_thumbnail":0,"footnotes":""},"class_list":["post-49","page","type-page","status-publish","hentry"],"_links":{"self":[{"href":"https:\/\/www2.unifap.br\/espefis\/wp-json\/wp\/v2\/pages\/49","targetHints":{"allow":["GET"]}}],"collection":[{"href":"https:\/\/www2.unifap.br\/espefis\/wp-json\/wp\/v2\/pages"}],"about":[{"href":"https:\/\/www2.unifap.br\/espefis\/wp-json\/wp\/v2\/types\/page"}],"author":[{"embeddable":true,"href":"https:\/\/www2.unifap.br\/espefis\/wp-json\/wp\/v2\/users\/344"}],"replies":[{"embeddable":true,"href":"https:\/\/www2.unifap.br\/espefis\/wp-json\/wp\/v2\/comments?post=49"}],"version-history":[{"count":3,"href":"https:\/\/www2.unifap.br\/espefis\/wp-json\/wp\/v2\/pages\/49\/revisions"}],"predecessor-version":[{"id":240,"href":"https:\/\/www2.unifap.br\/espefis\/wp-json\/wp\/v2\/pages\/49\/revisions\/240"}],"up":[{"embeddable":true,"href":"https:\/\/www2.unifap.br\/espefis\/wp-json\/wp\/v2\/pages\/15"}],"wp:attachment":[{"href":"https:\/\/www2.unifap.br\/espefis\/wp-json\/wp\/v2\/media?parent=49"}],"curies":[{"name":"wp","href":"https:\/\/api.w.org\/{rel}","templated":true}]}}