{"id":755,"date":"2023-05-24T01:30:34","date_gmt":"2023-05-24T01:30:34","guid":{"rendered":"https:\/\/www2.unifap.br\/espefis\/?page_id=755"},"modified":"2023-06-11T21:01:48","modified_gmt":"2023-06-11T21:01:48","slug":"processo-seletivo-2023-1-2","status":"publish","type":"page","link":"https:\/\/www2.unifap.br\/espefis\/processo-seletivo-2023-1-2\/","title":{"rendered":"Processo Seletivo 2023.1"},"content":{"rendered":"<p>017\/05\/23 Clicar aqui: <a href=\"http:\/\/www2.unifap.br\/espefis\/files\/2023\/05\/EDITAL-ESPEFIS-2023.pdf\">EDITAL-ESPEFIS-2023<\/a><\/p>\n<p>18\/05\/23 DIVULGA\u00c7\u00c3O DAS INSCRI\u00c7\u00d5ES. Clicar aqui: <a href=\"http:\/\/www2.unifap.br\/espefis\/files\/2023\/05\/inscritos-4.pdf\">RELACAODEinscritos<\/a><\/p>\n<p>20\/05\/23 RELA\u00c7\u00c3O DAS INSCRI\u00c7\u00d5ES HOMOLOGADAS&nbsp; DO EDITAL N<sup>\u00ba<\/sup>. 001\/2023 ESPEFIS\/DPG\/UNIFAP. Clicar aqui:<a href=\"http:\/\/www2.unifap.br\/espefis\/files\/2023\/05\/RELAC\u0327A\u0303ODASINSCRIC\u0327O\u0303ESHOMOLOGADAS-EDITAL-No-001_2023.pdf\">RELAC\u0327A\u0303ODASINSCRIC\u0327O\u0303ESHOMOLOGADAS-EDITAL N\u00ba 001_2023<\/a><\/p>\n<p>23\/05\/23 CONVOCA\u00c7\u00c3O PARA ENTREVISTA E AN\u00c1LISE CURRICULAR-EDITAL N\u00ba.001\/2023-DPG\/UNIFAP. Clicar aqui: <a href=\"http:\/\/www2.unifap.br\/espefis\/files\/2023\/05\/CONVOCAC\u0327A\u0303OPRAENTREVISTAEANA\u0301LISECURRICULAR-EDITAL-No-001-2023\u2013UNIFAP-1.pdf\">CONVOCAC\u0327A\u0303OPRAENTREVISTAEANA\u0301LISECURRICULAR -EDITAL N\u00ba 001-2023\u2013UNIFAP-1<\/a><\/p>\n<p>25\/05\/2023 RELA\u00c7\u00c3O DE NOTAS DA ENTREVISTA \u2013 EDITAL N<sup>\u00ba<\/sup>. 001\/2023.1 ESPEFIS\/DPG\/UNIFAP. Clicar aqui: <a href=\"http:\/\/www2.unifap.br\/espefis\/files\/2023\/05\/Relacao-de-notas-ENTREVISTA-espefis-2023.pdf\">Relacao-de-notas-ENTREVISTA-espefis 2023<\/a><\/p>\n<p>26\/05\/2023 RESULTADO FINAL DE ENTREVISTA E AN\u00c1LISE CURRICULAR \u2013 EDITAL N<sup>\u00ba<\/sup>. 001\/2023 ESPEFIS\/DPG\/UNIFAP. Clicar aqui:<a href=\"http:\/\/www2.unifap.br\/espefis\/files\/2023\/05\/Relacao-de-notas-ENTREV-CURRICULOespefis-2023-1.pdf\">Relacao-de-notas-ENTREV-CURRICULOespefis 2023<\/a><\/p>\n<p>11\/06\/2023&nbsp; CONVOCA\u00c7\u00c3O DE MATR\u00cdCULA PRA OS CANDIDATOS APROVADOS NO PROCESSO SELETIVO 2023.1 DO CURSO DE ESPEFIS NO DIA 13 E 14 DE JUNHO. CLICAR AQUI:<a href=\"http:\/\/www2.unifap.br\/espefis\/files\/2023\/06\/EDITAL-DE-CONVOCACAO-MATRICULA-N-033-2023.1DOCURSOESPEFIS.pdf\">EDITAL-DE-CONVOCACAO MATRICULA N-033-2023.1DOCURSOESPEFIS<\/a> OU CLICAR AQUI: <a href=\"http:\/\/www.unifap.br\/wp-content\/uploads\/2023\/06\/EDITAL-DE-CONVOCACAO-N-033-2023-ESPECIALIZA\u00c7\u00c3O-ENSINO-DE-FISICA.pdf\">http:\/\/www.unifap.br\/editais\/convocacao-para-a-matricula-dos-candidatos-aprovados-no-processo-seletivo-2023-curso-de-especializacao-em-ensino-de-fisica\/<\/a><\/p>\n<p>&nbsp;<\/p>\n","protected":false},"excerpt":{"rendered":"<p>017\/05\/23 Clicar aqui: EDITAL-ESPEFIS-2023 18\/05\/23 DIVULGA\u00c7\u00c3O DAS INSCRI\u00c7\u00d5ES. Clicar aqui: RELACAODEinscritos 20\/05\/23 RELA\u00c7\u00c3O DAS INSCRI\u00c7\u00d5ES HOMOLOGADAS&nbsp; DO EDITAL N\u00ba. 001\/2023 ESPEFIS\/DPG\/UNIFAP. Clicar aqui:RELAC\u0327A\u0303ODASINSCRIC\u0327O\u0303ESHOMOLOGADAS-EDITAL N\u00ba 001_2023 23\/05\/23 CONVOCA\u00c7\u00c3O PARA ENTREVISTA E AN\u00c1LISE CURRICULAR-EDITAL N\u00ba.001\/2023-DPG\/UNIFAP. Clicar aqui: CONVOCAC\u0327A\u0303OPRAENTREVISTAEANA\u0301LISECURRICULAR -EDITAL N\u00ba 001-2023\u2013UNIFAP-1 25\/05\/2023&hellip; <\/p>\n<p><a href=\"https:\/\/www2.unifap.br\/espefis\/processo-seletivo-2023-1-2\/\" class=\"readmore-button\">Continue Reading<\/a><\/p>\n","protected":false},"author":3831,"featured_media":0,"parent":0,"menu_order":0,"comment_status":"closed","ping_status":"closed","template":"","meta":{"inline_featured_image":false,"ngg_post_thumbnail":0,"footnotes":""},"class_list":["post-755","page","type-page","status-publish","hentry"],"_links":{"self":[{"href":"https:\/\/www2.unifap.br\/espefis\/wp-json\/wp\/v2\/pages\/755","targetHints":{"allow":["GET"]}}],"collection":[{"href":"https:\/\/www2.unifap.br\/espefis\/wp-json\/wp\/v2\/pages"}],"about":[{"href":"https:\/\/www2.unifap.br\/espefis\/wp-json\/wp\/v2\/types\/page"}],"author":[{"embeddable":true,"href":"https:\/\/www2.unifap.br\/espefis\/wp-json\/wp\/v2\/users\/3831"}],"replies":[{"embeddable":true,"href":"https:\/\/www2.unifap.br\/espefis\/wp-json\/wp\/v2\/comments?post=755"}],"version-history":[{"count":7,"href":"https:\/\/www2.unifap.br\/espefis\/wp-json\/wp\/v2\/pages\/755\/revisions"}],"predecessor-version":[{"id":792,"href":"https:\/\/www2.unifap.br\/espefis\/wp-json\/wp\/v2\/pages\/755\/revisions\/792"}],"wp:attachment":[{"href":"https:\/\/www2.unifap.br\/espefis\/wp-json\/wp\/v2\/media?parent=755"}],"curies":[{"name":"wp","href":"https:\/\/api.w.org\/{rel}","templated":true}]}}