{"id":858,"date":"2023-11-14T19:52:09","date_gmt":"2023-11-14T19:52:09","guid":{"rendered":"https:\/\/www2.unifap.br\/espefis\/?page_id=858"},"modified":"2023-11-14T19:53:52","modified_gmt":"2023-11-14T19:53:52","slug":"projeto-pedagogico-do-curso-de-especializacao-em-ensino-de-fisica","status":"publish","type":"page","link":"https:\/\/www2.unifap.br\/espefis\/projeto-pedagogico-do-curso-de-especializacao-em-ensino-de-fisica\/","title":{"rendered":"PROJETO PEDAG\u00d3GICO DO CURSO DE ESPECIALIZA\u00c7\u00c3O EM ENSINO DE F\u00cdSICA"},"content":{"rendered":"<p>PARA MAIS INFORMACOES, CLIQUE NO LINK:<a href=\"http:\/\/www2.unifap.br\/espefis\/files\/2023\/11\/Cpia_de_PPC_atualizacao.pdf\">Cpia_de_PPC_atualizacao.pdf<\/a><\/p>\n<p>&nbsp;<\/p>\n","protected":false},"excerpt":{"rendered":"<p>PARA MAIS INFORMACOES, CLIQUE NO LINK:Cpia_de_PPC_atualizacao.pdf &nbsp;<\/p>\n","protected":false},"author":3831,"featured_media":0,"parent":0,"menu_order":0,"comment_status":"closed","ping_status":"closed","template":"","meta":{"inline_featured_image":false,"ngg_post_thumbnail":0,"footnotes":""},"class_list":["post-858","page","type-page","status-publish","hentry"],"_links":{"self":[{"href":"https:\/\/www2.unifap.br\/espefis\/wp-json\/wp\/v2\/pages\/858","targetHints":{"allow":["GET"]}}],"collection":[{"href":"https:\/\/www2.unifap.br\/espefis\/wp-json\/wp\/v2\/pages"}],"about":[{"href":"https:\/\/www2.unifap.br\/espefis\/wp-json\/wp\/v2\/types\/page"}],"author":[{"embeddable":true,"href":"https:\/\/www2.unifap.br\/espefis\/wp-json\/wp\/v2\/users\/3831"}],"replies":[{"embeddable":true,"href":"https:\/\/www2.unifap.br\/espefis\/wp-json\/wp\/v2\/comments?post=858"}],"version-history":[{"count":5,"href":"https:\/\/www2.unifap.br\/espefis\/wp-json\/wp\/v2\/pages\/858\/revisions"}],"predecessor-version":[{"id":864,"href":"https:\/\/www2.unifap.br\/espefis\/wp-json\/wp\/v2\/pages\/858\/revisions\/864"}],"wp:attachment":[{"href":"https:\/\/www2.unifap.br\/espefis\/wp-json\/wp\/v2\/media?parent=858"}],"curies":[{"name":"wp","href":"https:\/\/api.w.org\/{rel}","templated":true}]}}