{"id":87,"date":"2018-02-10T22:45:53","date_gmt":"2018-02-10T22:45:53","guid":{"rendered":"http:\/\/www2.unifap.br\/espefis\/?page_id=87"},"modified":"2018-02-22T20:57:45","modified_gmt":"2018-02-22T20:57:45","slug":"processo-seletivo-disciplinas-isoladas","status":"publish","type":"page","link":"https:\/\/www2.unifap.br\/espefis\/processo-seletivo\/processo-seletivo-disciplinas-isoladas\/","title":{"rendered":"Processo seletivo disciplinas Isoladas-2018.1"},"content":{"rendered":"<p>10\/02\/2018-<a href=\"http:\/\/www2.unifap.br\/espefis\/files\/2018\/02\/Edital-Especializa\u00e7\u00e3o-em-Ensino-de-F\u00edsica_especial1.pdf\">Edital Especializa\u00e7\u00e3o em Ensino de F\u00edsica_especial<\/a>\u00a0(Baixe Aqui!)<\/p>\n<p>15\/02\/2018 -INSCRI\u00c7\u00c3O-\u00a015\/02\/2018 a 20\/02\/2018 (Fa\u00e7a Aqui!)<\/p>\n<p>21\/02\/2018 &#8211;<a href=\"http:\/\/www2.unifap.br\/espefis\/files\/2018\/02\/RESULTADO-PRELIMINAR-EDITAL-N\u00ba-001-CCEEF-2018.pdf\">RESULTADO PRELIMINAR EDITAL N\u00ba 001 CCEEF 2018<\/a> (Baixe Aqui!)<\/p>\n<p>22\/02\/2018 &#8211;<a href=\"http:\/\/www2.unifap.br\/espefis\/files\/2018\/02\/RESULTADO-PRELIMINAR-EDITAL-N\u00ba-001-CCEEF-2018.pdf\">RESULTADO FINAL EDITAL N\u00ba 001 CCEEF 2018<\/a>\u00a0(Baixe Aqui!)<\/p>\n","protected":false},"excerpt":{"rendered":"<p>10\/02\/2018-Edital Especializa\u00e7\u00e3o em Ensino de F\u00edsica_especial\u00a0(Baixe Aqui!) 15\/02\/2018 -INSCRI\u00c7\u00c3O-\u00a015\/02\/2018 a 20\/02\/2018 (Fa\u00e7a Aqui!) 21\/02\/2018 &#8211;RESULTADO PRELIMINAR EDITAL N\u00ba 001 CCEEF 2018 (Baixe Aqui!) 22\/02\/2018 &#8211;RESULTADO FINAL EDITAL N\u00ba 001 CCEEF 2018\u00a0(Baixe Aqui!)<\/p>\n","protected":false},"author":344,"featured_media":0,"parent":26,"menu_order":0,"comment_status":"open","ping_status":"open","template":"","meta":{"inline_featured_image":false,"ngg_post_thumbnail":0,"footnotes":""},"class_list":["post-87","page","type-page","status-publish","hentry"],"_links":{"self":[{"href":"https:\/\/www2.unifap.br\/espefis\/wp-json\/wp\/v2\/pages\/87","targetHints":{"allow":["GET"]}}],"collection":[{"href":"https:\/\/www2.unifap.br\/espefis\/wp-json\/wp\/v2\/pages"}],"about":[{"href":"https:\/\/www2.unifap.br\/espefis\/wp-json\/wp\/v2\/types\/page"}],"author":[{"embeddable":true,"href":"https:\/\/www2.unifap.br\/espefis\/wp-json\/wp\/v2\/users\/344"}],"replies":[{"embeddable":true,"href":"https:\/\/www2.unifap.br\/espefis\/wp-json\/wp\/v2\/comments?post=87"}],"version-history":[{"count":8,"href":"https:\/\/www2.unifap.br\/espefis\/wp-json\/wp\/v2\/pages\/87\/revisions"}],"predecessor-version":[{"id":119,"href":"https:\/\/www2.unifap.br\/espefis\/wp-json\/wp\/v2\/pages\/87\/revisions\/119"}],"up":[{"embeddable":true,"href":"https:\/\/www2.unifap.br\/espefis\/wp-json\/wp\/v2\/pages\/26"}],"wp:attachment":[{"href":"https:\/\/www2.unifap.br\/espefis\/wp-json\/wp\/v2\/media?parent=87"}],"curies":[{"name":"wp","href":"https:\/\/api.w.org\/{rel}","templated":true}]}}