{"id":1027,"date":"2017-02-24T13:49:02","date_gmt":"2017-02-24T13:49:02","guid":{"rendered":"http:\/\/www2.unifap.br\/estagio\/?page_id=1027"},"modified":"2018-10-18T18:54:57","modified_gmt":"2018-10-18T18:54:57","slug":"seguro-2","status":"publish","type":"page","link":"https:\/\/www2.unifap.br\/estagio\/seguro-2\/","title":{"rendered":"Seguro"},"content":{"rendered":"<p><strong>I- Contrato de seguro firmado entre UNIFAP e PREVISUL:<\/strong><\/p>\n<p><a href=\"http:\/\/www2.unifap.br\/estagio\/files\/2017\/02\/orienta\u00e7\u00f5es-para-recebimento-do-seguro.pdf\">orienta\u00e7\u00f5es para recebimento do seguro<\/a><\/p>\n<p><a href=\"http:\/\/www2.unifap.br\/estagio\/files\/2017\/02\/contrato-n\u00ba-14-2015.pdf\">contrato n\u00ba 14- 2015<\/a><\/p>\n<p>&nbsp;<\/p>\n<p><a href=\"http:\/\/www2.unifap.br\/estagio\/files\/2017\/02\/primeiro-termo-aditivo-ao-contrato-n-14-2015.pdf\">primeiro termo aditivo ao contrato n 14-2015<\/a><\/p>\n<p><a href=\"http:\/\/www2.unifap.br\/estagio\/files\/2017\/02\/segundo-termo-aditivo-ao-contrato-n-14-2015.pdf\">segundo termo aditivo ao contrato n 14-2015<\/a><\/p>\n<p><a href=\"http:\/\/www2.unifap.br\/estagio\/files\/2017\/02\/ENDOSSO-DE-PRORROGA\u00c7\u00c3O-Laranjal-do-Jar\u00ed.pdf\">ENDOSSO DE PRORROGA\u00c7\u00c3O &#8211; Laranjal do Jar\u00ed<\/a><\/p>\n<p><a href=\"http:\/\/www2.unifap.br\/estagio\/files\/2017\/02\/ENDOSSO-DE-PRORROGA\u00c7\u00c3O-Marco-Zero.pdf\">ENDOSSO DE PRORROGA\u00c7\u00c3O &#8211; Marco Zero<\/a><\/p>\n<p><a href=\"http:\/\/www2.unifap.br\/estagio\/files\/2017\/02\/ENDOSSO-DE-PRORROGA\u00c7\u00c3O-Mazag\u00e3o.pdf\">ENDOSSO DE PRORROGA\u00c7\u00c3O &#8211; Mazag\u00e3o<\/a><\/p>\n<p><a href=\"http:\/\/www2.unifap.br\/estagio\/files\/2017\/02\/ENDOSSO-DE-PRORROGA\u00c7\u00c3O-Oiapoque.pdf\">ENDOSSO DE PRORROGA\u00c7\u00c3O &#8211; Oiapoque<\/a><\/p>\n<p><a href=\"http:\/\/www2.unifap.br\/estagio\/files\/2017\/02\/ENDOSSO-DE-PRORROGA\u00c7\u00c3O-Santana.pdf\">ENDOSSO DE PRORROGA\u00c7\u00c3O &#8211; Santana<\/a><\/p>\n<p>&nbsp;<\/p>\n<p>&nbsp;<\/p>\n<p><strong>II &#8211; Listas de acad\u00eamicos inscritos no seguro:<\/strong><\/p>\n<p>a) Per\u00edodo: Outubro<strong>\u00a02018<\/strong><\/p>\n<p><a href=\"http:\/\/www2.unifap.br\/estagio\/files\/2017\/02\/RELA\u00c7\u00c3O-UNIFAP-Marco-Zero3.pdf\">RELA\u00c7\u00c3O UNIFAP &#8211; Marco Zero<\/a><\/p>\n<p><a href=\"http:\/\/www2.unifap.br\/estagio\/files\/2017\/02\/RELA\u00c7\u00c3O-UNIFAP-Santana2.pdf\">RELA\u00c7\u00c3O UNIFAP &#8211; Santana<\/a><\/p>\n<p><a href=\"http:\/\/www2.unifap.br\/estagio\/files\/2017\/02\/RELA\u00c7\u00c3O-UNIFAP-Mazag\u00e3o1.pdf\">RELA\u00c7\u00c3O UNIFAP &#8211; Mazag\u00e3o<\/a><\/p>\n<p><a href=\"http:\/\/www2.unifap.br\/estagio\/files\/2017\/02\/RELA\u00c7\u00c3O-UNIFAP-Oiapoque1.pdf\">RELA\u00c7\u00c3O UNIFAP &#8211; Oiapoque<\/a><\/p>\n<p><a href=\"http:\/\/www2.unifap.br\/estagio\/files\/2017\/02\/RELA\u00c7\u00c3O-UNIFAP-Laranjal-do-Jari1.pdf\">RELA\u00c7\u00c3O UNIFAP &#8211; Laranjal do Jari<\/a><\/p>\n<p>&nbsp;<\/p>\n<p style=\"text-align: center\">&#8230;<\/p>\n","protected":false},"excerpt":{"rendered":"<p>I- Contrato de seguro firmado entre UNIFAP e PREVISUL: orienta\u00e7\u00f5es para recebimento do seguro contrato n\u00ba 14- 2015 &nbsp; primeiro termo aditivo ao contrato n 14-2015 segundo termo aditivo ao contrato n 14-2015 ENDOSSO DE PRORROGA\u00c7\u00c3O &#8211; Laranjal do Jar\u00ed&hellip; <\/p>\n<p><a href=\"https:\/\/www2.unifap.br\/estagio\/seguro-2\/\" class=\"readmore-button\">Continue Reading<\/a><\/p>\n","protected":false},"author":258,"featured_media":0,"parent":0,"menu_order":0,"comment_status":"open","ping_status":"open","template":"","meta":{"inline_featured_image":false,"ngg_post_thumbnail":0,"footnotes":""},"class_list":["post-1027","page","type-page","status-publish","hentry"],"_links":{"self":[{"href":"https:\/\/www2.unifap.br\/estagio\/wp-json\/wp\/v2\/pages\/1027","targetHints":{"allow":["GET"]}}],"collection":[{"href":"https:\/\/www2.unifap.br\/estagio\/wp-json\/wp\/v2\/pages"}],"about":[{"href":"https:\/\/www2.unifap.br\/estagio\/wp-json\/wp\/v2\/types\/page"}],"author":[{"embeddable":true,"href":"https:\/\/www2.unifap.br\/estagio\/wp-json\/wp\/v2\/users\/258"}],"replies":[{"embeddable":true,"href":"https:\/\/www2.unifap.br\/estagio\/wp-json\/wp\/v2\/comments?post=1027"}],"version-history":[{"count":27,"href":"https:\/\/www2.unifap.br\/estagio\/wp-json\/wp\/v2\/pages\/1027\/revisions"}],"predecessor-version":[{"id":1194,"href":"https:\/\/www2.unifap.br\/estagio\/wp-json\/wp\/v2\/pages\/1027\/revisions\/1194"}],"wp:attachment":[{"href":"https:\/\/www2.unifap.br\/estagio\/wp-json\/wp\/v2\/media?parent=1027"}],"curies":[{"name":"wp","href":"https:\/\/api.w.org\/{rel}","templated":true}]}}