{"id":43,"date":"2013-04-19T15:20:51","date_gmt":"2013-04-19T15:20:51","guid":{"rendered":"http:\/\/www2.unifap.br\/estagio\/?page_id=43"},"modified":"2018-05-25T19:30:35","modified_gmt":"2018-05-25T19:30:35","slug":"formularios","status":"publish","type":"page","link":"https:\/\/www2.unifap.br\/estagio\/estagio-supervisionado\/formularios\/","title":{"rendered":"Formul\u00e1rios"},"content":{"rendered":"<div>\n<p><strong>Arquivos para\u00a0downloads<\/strong><\/p>\n<p><strong><br \/>\n<\/strong><\/p>\n<p><strong><em>MODELOS DE DOCUMENTOS DE ESTAGI\u00c1RIO<\/em><\/strong><\/p>\n<p>1-\u00a0<a href=\"http:\/\/www2.unifap.br\/estagio\/files\/2013\/04\/Termo-de-Compromisso-de-Est\u00e1gio-Obrigat\u00f3rio2.doc\">Termo de Compromisso de Est\u00e1gio Obrigat\u00f3rio<\/a><\/p>\n<p>2-\u00a0<a href=\"http:\/\/www2.unifap.br\/estagio\/files\/2013\/04\/Termo-de-Compromisso-de-Est\u00e1gio-N\u00e3o-Obrigat\u00f3rio1.doc\">Termo de Compromisso de Est\u00e1gio &#8211; N\u00e3o Obrigat\u00f3rio<\/a><\/p>\n<p>3-\u00a0<a href=\"http:\/\/www2.unifap.br\/estagio\/files\/2013\/04\/PLANO-DE-EST\u00c1GIO1.doc\">PLANO-DE-EST\u00c1GIO<\/a>.doc<\/p>\n<p>4- \u00a0<a href=\"http:\/\/www2.unifap.br\/estagio\/files\/2013\/04\/MODELO-DE-RELAT\u00d3RIO-PARA-EST\u00c1GIO-N\u00c3O-OBRIGAT\u00d3RIO.doc\">MODELO DE RELAT\u00d3RIO PARA EST\u00c1GIO N\u00c3O OBRIGAT\u00d3RIO<\/a><\/p>\n<p>5-\u00a0<a href=\"http:\/\/www2.unifap.br\/executivo\/files\/2013\/04\/FORMUL%C3%81RIO-DE-AVALIA%C3%87%C3%83O-DO-ESTAGI%C3%81RIO.doc\">FORMUL\u00c1RIO DE AVALIA\u00c7\u00c3O DO ESTAGI\u00c1RIO.doc<\/a><\/p>\n<p>6<a href=\"http:\/\/www2.unifap.br\/estagio\/files\/2013\/04\/5-MODELO-de-Termo-Aditivo-para-termo-de-compromisso.doc\">&#8211; MODELO de Termo Aditivo (para termo de compromisso)<\/a><\/p>\n<p>7- <a href=\"http:\/\/www2.unifap.br\/estagio\/files\/2013\/04\/Modelo-de-Rescis\u00e3o-de-Termo-de-Compromisso-de-Est\u00e1gio.doc\">Modelo de Rescis\u00e3o de Termo de Compromisso de Est\u00e1gio<\/a><\/p>\n<p>8-\u00a0<a href=\"http:\/\/www2.unifap.br\/estagio\/files\/2013\/04\/8-MODELO-de-termo-de-conv\u00eanio.doc\">8- MODELO de termo de conv\u00eanio<\/a><\/p>\n<\/div>\n<p>&nbsp;<\/p>\n","protected":false},"excerpt":{"rendered":"<p>Arquivos para\u00a0downloads MODELOS DE DOCUMENTOS DE ESTAGI\u00c1RIO 1-\u00a0Termo de Compromisso de Est\u00e1gio Obrigat\u00f3rio 2-\u00a0Termo de Compromisso de Est\u00e1gio &#8211; N\u00e3o Obrigat\u00f3rio 3-\u00a0PLANO-DE-EST\u00c1GIO.doc 4- \u00a0MODELO DE RELAT\u00d3RIO PARA EST\u00c1GIO N\u00c3O OBRIGAT\u00d3RIO 5-\u00a0FORMUL\u00c1RIO DE AVALIA\u00c7\u00c3O DO ESTAGI\u00c1RIO.doc 6&#8211; MODELO de Termo Aditivo&hellip; <\/p>\n<p><a href=\"https:\/\/www2.unifap.br\/estagio\/estagio-supervisionado\/formularios\/\" class=\"readmore-button\">Continue Reading<\/a><\/p>\n","protected":false},"author":258,"featured_media":0,"parent":41,"menu_order":1,"comment_status":"closed","ping_status":"closed","template":"page-template-full.php","meta":{"inline_featured_image":false,"ngg_post_thumbnail":0,"footnotes":""},"class_list":["post-43","page","type-page","status-publish","hentry"],"_links":{"self":[{"href":"https:\/\/www2.unifap.br\/estagio\/wp-json\/wp\/v2\/pages\/43","targetHints":{"allow":["GET"]}}],"collection":[{"href":"https:\/\/www2.unifap.br\/estagio\/wp-json\/wp\/v2\/pages"}],"about":[{"href":"https:\/\/www2.unifap.br\/estagio\/wp-json\/wp\/v2\/types\/page"}],"author":[{"embeddable":true,"href":"https:\/\/www2.unifap.br\/estagio\/wp-json\/wp\/v2\/users\/258"}],"replies":[{"embeddable":true,"href":"https:\/\/www2.unifap.br\/estagio\/wp-json\/wp\/v2\/comments?post=43"}],"version-history":[{"count":22,"href":"https:\/\/www2.unifap.br\/estagio\/wp-json\/wp\/v2\/pages\/43\/revisions"}],"predecessor-version":[{"id":1181,"href":"https:\/\/www2.unifap.br\/estagio\/wp-json\/wp\/v2\/pages\/43\/revisions\/1181"}],"up":[{"embeddable":true,"href":"https:\/\/www2.unifap.br\/estagio\/wp-json\/wp\/v2\/pages\/41"}],"wp:attachment":[{"href":"https:\/\/www2.unifap.br\/estagio\/wp-json\/wp\/v2\/media?parent=43"}],"curies":[{"name":"wp","href":"https:\/\/api.w.org\/{rel}","templated":true}]}}