{"id":52,"date":"2013-04-19T15:29:41","date_gmt":"2013-04-19T15:29:41","guid":{"rendered":"http:\/\/www2.unifap.br\/estagio\/?page_id=52"},"modified":"2013-04-22T15:12:15","modified_gmt":"2013-04-22T15:12:15","slug":"52-2","status":"publish","type":"page","link":"https:\/\/www2.unifap.br\/estagio\/52-2\/","title":{"rendered":"Calend\u00e1rio Acad\u00eamico"},"content":{"rendered":"<h1>Cronograma de Matr\u00edcula<\/h1>\n<div>\n<dl>\n<dt><strong> <\/p>\n<dl>\n<dd><a title=\"Resolu\u00e7\u00e3o n\u00ba 08\/2013-CONSU - Altera os calend\u00e1rios 2012 e 2013\" href=\"http:\/\/www.unifap.br\/?fileId=48715\" target=\"_blanck\"><img decoding=\"async\" src=\"http:\/\/www.unifap.br\/imagens\/icon\/pdf.png\" border=\"0\" alt=\"?fileId=48715\" \/> 2013-03-18 09:03:10\t&#8211; Resolu\u00e7\u00e3o n\u00ba 08\/2013-CONSU \u2013 Altera os calend\u00e1rios 2012 e 2013<\/a><\/dd>\n<dd><a title=\"Calend\u00e1rio Acad\u00eamico 2012 - Atualizado\" href=\"http:\/\/www.unifap.br\/?fileId=48734\" target=\"_blanck\"><img decoding=\"async\" src=\"http:\/\/www.unifap.br\/imagens\/icon\/pdf.png\" border=\"0\" alt=\"?fileId=48734\" \/> 2013-03-18 09:03:37\t&#8211; Calend\u00e1rio Acad\u00eamico 2012 \u2013 Atualizado<\/a><\/dd>\n<dd><a title=\"Calend\u00e1rio Acad\u00eamico 2013 - Atualizado\" href=\"http:\/\/www.unifap.br\/?fileId=48735\" target=\"_blanck\"><img decoding=\"async\" src=\"http:\/\/www.unifap.br\/imagens\/icon\/pdf.png\" border=\"0\" alt=\"?fileId=48735\" \/> 2013-03-18 09:03:38\t&#8211; Calend\u00e1rio Acad\u00eamico 2013 \u2013 Atualizado<\/a><\/dd>\n<dd> <\/dd>\n<dd><a title=\"CRONOGRAMA DE MATR\u00cdCULAS 2013\/1\" href=\"http:\/\/www.unifap.br\/?fileId=50484\" target=\"_blanck\"><img decoding=\"async\" src=\"http:\/\/www.unifap.br\/imagens\/icon\/pdf.png\" border=\"0\" alt=\"?fileId=50484\" \/> 2013-04-02 08:04:17\t&#8211; CRONOGRAMA DE MATR\u00cdCULAS 2013\/1<\/a><\/dd>\n<dd> <\/dd>\n<dd> <\/dd>\n<\/dl>\n<p> <\/strong><strong> <\/strong><\/p>\n<\/dt>\n<\/dl>\n<\/div>\n<p>&nbsp;<\/p>\n<p>Fonte: <a href=\"http:\/\/www2.unifap.br\/consu\/?p=799\" target=\"_blank\">CONSU\/UNIFAP<\/a><\/p>\n","protected":false},"excerpt":{"rendered":"<p>Cronograma de Matr\u00edcula 2013-03-18 09:03:10 &#8211; Resolu\u00e7\u00e3o n\u00ba 08\/2013-CONSU \u2013 Altera os calend\u00e1rios 2012 e 2013 2013-03-18 09:03:37 &#8211; Calend\u00e1rio Acad\u00eamico 2012 \u2013 Atualizado 2013-03-18 09:03:38 &#8211; Calend\u00e1rio Acad\u00eamico 2013 \u2013 Atualizado 2013-04-02 08:04:17 &#8211; CRONOGRAMA DE MATR\u00cdCULAS 2013\/1 &nbsp;&hellip; <\/p>\n<p><a href=\"https:\/\/www2.unifap.br\/estagio\/52-2\/\" class=\"readmore-button\">Continue Reading<\/a><\/p>\n","protected":false},"author":117,"featured_media":0,"parent":0,"menu_order":0,"comment_status":"open","ping_status":"open","template":"","meta":{"inline_featured_image":false,"ngg_post_thumbnail":0,"footnotes":""},"class_list":["post-52","page","type-page","status-publish","hentry"],"_links":{"self":[{"href":"https:\/\/www2.unifap.br\/estagio\/wp-json\/wp\/v2\/pages\/52","targetHints":{"allow":["GET"]}}],"collection":[{"href":"https:\/\/www2.unifap.br\/estagio\/wp-json\/wp\/v2\/pages"}],"about":[{"href":"https:\/\/www2.unifap.br\/estagio\/wp-json\/wp\/v2\/types\/page"}],"author":[{"embeddable":true,"href":"https:\/\/www2.unifap.br\/estagio\/wp-json\/wp\/v2\/users\/117"}],"replies":[{"embeddable":true,"href":"https:\/\/www2.unifap.br\/estagio\/wp-json\/wp\/v2\/comments?post=52"}],"version-history":[{"count":8,"href":"https:\/\/www2.unifap.br\/estagio\/wp-json\/wp\/v2\/pages\/52\/revisions"}],"predecessor-version":[{"id":58,"href":"https:\/\/www2.unifap.br\/estagio\/wp-json\/wp\/v2\/pages\/52\/revisions\/58"}],"wp:attachment":[{"href":"https:\/\/www2.unifap.br\/estagio\/wp-json\/wp\/v2\/media?parent=52"}],"curies":[{"name":"wp","href":"https:\/\/api.w.org\/{rel}","templated":true}]}}