{"id":2292,"date":"2014-09-05T02:15:38","date_gmt":"2014-09-05T02:15:38","guid":{"rendered":"http:\/\/www2.unifap.br\/executivo\/?page_id=2292"},"modified":"2017-03-24T17:45:49","modified_gmt":"2017-03-24T17:45:49","slug":"curriculo","status":"publish","type":"page","link":"https:\/\/www2.unifap.br\/executivo\/coordenacao\/legislacao\/curriculo\/","title":{"rendered":"Estrutura Curricular (PPC\/Matriz do Curso)"},"content":{"rendered":"<h3><span style=\"color: #000000\">Nome do curso: Bacharelado em Secretariado Executivo.<\/span><\/h3>\n<h3><span style=\"color: #000000\">Titula\u00e7\u00e3o: Bacharel em Secretariado Executivo<\/span><\/h3>\n<h3><span style=\"color: #000000\">L\u00ednguas: Ingl\u00eas e Franc\u00eas (Eletiva)<\/span><\/h3>\n<h3><span style=\"color: #000000\">Ano de cria\u00e7\u00e3o: 1990<\/span><\/h3>\n<h3><span style=\"color: #000000\">Dura\u00e7\u00e3o: 8 semestres (4 anos)<\/span><\/h3>\n<h3><span style=\"color: #000000\">Vagas: 50 anuais.<\/span><\/h3>\n<h3><span style=\"color: #000000\">Turno: Vespertino e Noturno.<\/span><\/h3>\n<h3><span style=\"color: #000000\">\u00daltima avalia\u00e7\u00e3o do MEC (2014): Conceito 3.<\/span><\/h3>\n<h3><span style=\"color: #000000\">\u00daltima avalia\u00e7\u00e3o do Portal Guia do Estudante: 4 estrelas.<\/span><\/h3>\n<h3><span style=\"color: #000000\">Localiza\u00e7\u00e3o: Campus Marco Zero do Equador &#8211; Bloco H.<\/span><\/h3>\n<ul>\n<li>\n<h3><span style=\"color: #000000\"><a href=\"http:\/\/www2.unifap.br\/executivo\/files\/2014\/09\/PROJETO-PEDAG\u00d3GICO-DO-CURSO-DE-SECRETARIADO-EXECUTIVO-UNIVERSIDADE-FEDERAL-DO-AMAP\u00c1.pdf\"><span style=\"color: #000000\">Plano Pedag\u00f3gico do Curso &#8211; PPC Secretariado Executivo<\/span><\/a><\/span><\/h3>\n<\/li>\n<li>\n<h3><span style=\"color: #000000\"><a href=\"http:\/\/www2.unifap.br\/executivo\/files\/2014\/09\/MATRIZ-CURRICULAR-SECRETARIADO-EXECUTIVO-UNIVERSIDADE-FEDERAL-DO-AMAP\u00c1.pdf\"><span style=\"color: #000000\">Matriz Curricular<\/span><\/a><\/span><\/h3>\n<\/li>\n<li>\n<h3><span style=\"color: #000000\">Conteudos_Programatico_COSEX20130416_e_20131027<\/span><\/h3>\n<\/li>\n<li>\n<h3><span style=\"color: #000000\"><a style=\"line-height: 1.5em\" title=\"Acesso ao Arquivo\" href=\"http:\/\/www2.unifap.br\/executivo\/files\/2014\/09\/Conteudos_programatico_COSEX_Capa_Matriz_Curricular.pdf\" target=\"_blank\"><span style=\"color: #000000\">Conteudos_programatico_COSEX_Capa_Matriz_Curricular<\/span><\/a><\/span><\/h3>\n<\/li>\n<li><!--more--><\/li>\n<\/ul>\n<p><img decoding=\"async\" alt=\"\" src=\"http:\/\/www.inscricoes.hol.es\/wp-includes\/images\/media\/archive.png\" \/>\u00a0 \u00a0<img decoding=\"async\" alt=\"\" src=\"http:\/\/www.inscricoes.hol.es\/wp-includes\/images\/media\/document.png\" \/>\u00a0Tipo do Arquivo:\u00a0PDF<\/p>\n<ul>\n<li>\n<pre><span style=\"color: #ff0000\"><strong><a title=\"Acesso ao Arquivo (Curr\u00edculo 2010)\" href=\"http:\/\/www2.unifap.br\/executivo\/files\/2014\/09\/MATRIZ_CASEX_relatorio_caminhocritico.pdf\" target=\"_blank\"><span style=\"color: #ff0000\">MATRIZ_CASEX_relatorio_caminhocritico<\/span><\/a><\/strong><\/span><\/pre>\n<\/li>\n<\/ul>\n<ol>\n<li>\n<pre><span style=\"color: #000000\"><strong><a title=\"Acesso ao Arquivo\" href=\"http:\/\/www.inscricoes.hol.es\/wp-content\/uploads\/2017\/03\/Conteudos_programatico_1o_Semestre.pdf\" target=\"_blank\"><span style=\"color: #000000\">Conteudos_programatico_1o_Semestre<\/span><\/a><\/strong><\/span><\/pre>\n<\/li>\n<li>\n<pre><span style=\"color: #ff0000\"><strong><a title=\"Acesso ao Arquivo\" href=\"http:\/\/www.inscricoes.hol.es\/wp-content\/uploads\/2017\/03\/Conteudos_Programaticos_2o_Semest.rar\" target=\"_blank\"><span style=\"color: #ff0000\">Conteudos_Programaticos_2o_Semest<\/span><\/a><\/strong><\/span><\/pre>\n<\/li>\n<li>\n<pre><span style=\"color: #000000\"><strong><a title=\"Acesso ao Arquivo\" href=\"http:\/\/www.inscricoes.hol.es\/wp-content\/uploads\/2017\/03\/Conteudos_Programaticos_3o_Semest.zip\" target=\"_blank\"><span style=\"line-height: 1.5em;color: #000000\">Conteudos_Programaticos_3o_Semest.zip<\/span><\/a><\/strong><\/span><\/pre>\n<\/li>\n<li>\n<pre><span style=\"color: #ff0000\"><strong><a title=\"Acesso ao Arquivo\" href=\"http:\/\/www.inscricoes.hol.es\/wp-content\/uploads\/2017\/03\/Conteudos_Programaticos_4o_Semest.zip\" target=\"_blank\"><span style=\"line-height: 1.5em;color: #ff0000\">Conteudos_Programaticos_4o_Semest.zip<\/span><\/a><\/strong><\/span><\/pre>\n<\/li>\n<li>\n<pre><span style=\"color: #000000\"><strong><a title=\"Acesso ao Arquivo\" href=\"http:\/\/www.inscricoes.hol.es\/wp-content\/uploads\/2017\/03\/Conteudos_Programaticos_5o_Semest.zip\" target=\"_blank\"><span style=\"line-height: 1.5em;color: #000000\">Conteudos_Programaticos_5o_Semest.zip<\/span><\/a><\/strong><\/span><\/pre>\n<\/li>\n<li>\n<pre><span style=\"color: #ff0000\"><strong><a title=\"Acesso ao Arquivo\" href=\"http:\/\/www.inscricoes.hol.es\/wp-content\/uploads\/2017\/03\/Conteudos_Programaticos_6o_Semest.zip\" target=\"_blank\"><span style=\"line-height: 1.5em;color: #ff0000\">Conteudos_Programaticos_6o_Semest.zip<\/span><\/a><\/strong><\/span><\/pre>\n<\/li>\n<li>\n<pre><span style=\"color: #000000\"><strong><a title=\"Acesso ao Arquivo\" href=\"http:\/\/www.inscricoes.hol.es\/wp-content\/uploads\/2017\/03\/Conteudos_Programaticos_7o_Semest.zip\" target=\"_blank\"><span style=\"line-height: 1.5em;color: #000000\">Conteudos_Programaticos_7o_Semest.zip<\/span><\/a><\/strong><\/span><\/pre>\n<\/li>\n<li>\n<pre><span style=\"color: #ff0000\"><strong><a title=\"Acesso ao Arquivo\" href=\"http:\/\/www.inscricoes.hol.es\/wp-content\/uploads\/2017\/03\/Conteudos_Programaticos_8o_Semest.zip\" target=\"_blank\"><span style=\"line-height: 1.5em;color: #ff0000\">Conteudos_Programaticos_8o_Semest.zip<\/span><\/a><\/strong><\/span><\/pre>\n<\/li>\n<\/ol>\n","protected":false},"excerpt":{"rendered":"<p>Nome do curso: Bacharelado em Secretariado Executivo. Titula\u00e7\u00e3o: Bacharel em Secretariado Executivo L\u00ednguas: Ingl\u00eas e Franc\u00eas (Eletiva) Ano de cria\u00e7\u00e3o: 1990 Dura\u00e7\u00e3o: 8 semestres (4 anos) Vagas: 50 anuais. Turno: Vespertino e Noturno. \u00daltima avalia\u00e7\u00e3o do MEC (2014): Conceito 3. \u00daltima avalia\u00e7\u00e3o do Portal Guia do Estudante: 4 estrelas. Localiza\u00e7\u00e3o: Campus Marco Zero do Equador&#8230;<\/p>\n","protected":false},"author":402,"featured_media":0,"parent":2586,"menu_order":1,"comment_status":"closed","ping_status":"closed","template":"page-template-full.php","meta":{"inline_featured_image":false,"ngg_post_thumbnail":0,"footnotes":""},"class_list":["post-2292","page","type-page","status-publish","hentry","entry"],"_links":{"self":[{"href":"https:\/\/www2.unifap.br\/executivo\/wp-json\/wp\/v2\/pages\/2292","targetHints":{"allow":["GET"]}}],"collection":[{"href":"https:\/\/www2.unifap.br\/executivo\/wp-json\/wp\/v2\/pages"}],"about":[{"href":"https:\/\/www2.unifap.br\/executivo\/wp-json\/wp\/v2\/types\/page"}],"author":[{"embeddable":true,"href":"https:\/\/www2.unifap.br\/executivo\/wp-json\/wp\/v2\/users\/402"}],"replies":[{"embeddable":true,"href":"https:\/\/www2.unifap.br\/executivo\/wp-json\/wp\/v2\/comments?post=2292"}],"version-history":[{"count":20,"href":"https:\/\/www2.unifap.br\/executivo\/wp-json\/wp\/v2\/pages\/2292\/revisions"}],"predecessor-version":[{"id":2916,"href":"https:\/\/www2.unifap.br\/executivo\/wp-json\/wp\/v2\/pages\/2292\/revisions\/2916"}],"up":[{"embeddable":true,"href":"https:\/\/www2.unifap.br\/executivo\/wp-json\/wp\/v2\/pages\/2586"}],"wp:attachment":[{"href":"https:\/\/www2.unifap.br\/executivo\/wp-json\/wp\/v2\/media?parent=2292"}],"curies":[{"name":"wp","href":"https:\/\/api.w.org\/{rel}","templated":true}]}}