{"id":2300,"date":"2014-09-05T02:20:26","date_gmt":"2014-09-05T02:20:26","guid":{"rendered":"http:\/\/www2.unifap.br\/executivo\/?page_id=2300"},"modified":"2016-03-18T17:17:59","modified_gmt":"2016-03-18T17:17:59","slug":"programa-sear","status":"publish","type":"page","link":"https:\/\/www2.unifap.br\/executivo\/extensao\/programa-sear\/","title":{"rendered":"Programa SEAR"},"content":{"rendered":"<div><\/div>\n<div><a href=\"http:\/\/www2.unifap.br\/executivo\/files\/2014\/09\/10170736_1932960653510717_5382531789552011077_n.png\"><img fetchpriority=\"high\" decoding=\"async\" class=\" wp-image-2361 aligncenter\" alt=\"10170736_1932960653510717_5382531789552011077_n\" src=\"http:\/\/www2.unifap.br\/executivo\/files\/2014\/09\/10170736_1932960653510717_5382531789552011077_n.png\" width=\"960\" height=\"253\" srcset=\"https:\/\/www2.unifap.br\/executivo\/files\/2014\/09\/10170736_1932960653510717_5382531789552011077_n.png 960w, https:\/\/www2.unifap.br\/executivo\/files\/2014\/09\/10170736_1932960653510717_5382531789552011077_n-300x79.png 300w, https:\/\/www2.unifap.br\/executivo\/files\/2014\/09\/10170736_1932960653510717_5382531789552011077_n-250x65.png 250w\" sizes=\"(max-width: 960px) 100vw, 960px\" \/><\/a><\/div>\n<div><span style=\"color: #3366ff\">Modalidade de Extens\u00e3o<\/span><\/div>\n<div>PROGRAMA DE EXTENS\u00c3O UNIVERSIT\u00c1RIA DA UNIVERSIDADE FEDERAL DO AMAP\u00c1 &#8211; UNIFAP.<\/div>\n<div><\/div>\n<div><span style=\"color: #3366ff\">T\u00edtulo da Atividade de Extens\u00e3o<\/span><\/div>\n<div>PROGRAMA SEAR (PRO-SEAR) &#8211; SECRET\u00c1RIOS EXECUTIVOS, E AMIGOS, AGINDO E (RE)CONSTRUINDO CONHECIMENTO NO ESTADO DO AMAP\u00c1.<\/div>\n<div><\/div>\n<div><span style=\"color: #3366ff\">Coordenador Geral<\/span><\/div>\n<div>LUIZEL SIM\u00d5ES DE BRITO<\/div>\n<div><\/div>\n<div>Mais informa\u00e7\u00f5es no blog do Programa:\u00a0<span style=\"color: #3366ff\"><a href=\"http:\/\/www.searnews.blog.br\/\"><span style=\"color: #3366ff\">http:\/\/www.searnews.blog.br\/<\/span><\/a><\/span><\/div>\n","protected":false},"excerpt":{"rendered":"<p>Modalidade de Extens\u00e3o PROGRAMA DE EXTENS\u00c3O UNIVERSIT\u00c1RIA DA UNIVERSIDADE FEDERAL DO AMAP\u00c1 &#8211; UNIFAP. T\u00edtulo da Atividade de Extens\u00e3o PROGRAMA SEAR (PRO-SEAR) &#8211; SECRET\u00c1RIOS EXECUTIVOS, E AMIGOS, AGINDO E (RE)CONSTRUINDO CONHECIMENTO NO ESTADO DO AMAP\u00c1. Coordenador Geral LUIZEL SIM\u00d5ES DE BRITO Mais informa\u00e7\u00f5es no blog do Programa:\u00a0http:\/\/www.searnews.blog.br\/<\/p>\n","protected":false},"author":402,"featured_media":0,"parent":2271,"menu_order":0,"comment_status":"closed","ping_status":"closed","template":"","meta":{"inline_featured_image":false,"ngg_post_thumbnail":0,"footnotes":""},"class_list":["post-2300","page","type-page","status-publish","hentry","entry"],"_links":{"self":[{"href":"https:\/\/www2.unifap.br\/executivo\/wp-json\/wp\/v2\/pages\/2300","targetHints":{"allow":["GET"]}}],"collection":[{"href":"https:\/\/www2.unifap.br\/executivo\/wp-json\/wp\/v2\/pages"}],"about":[{"href":"https:\/\/www2.unifap.br\/executivo\/wp-json\/wp\/v2\/types\/page"}],"author":[{"embeddable":true,"href":"https:\/\/www2.unifap.br\/executivo\/wp-json\/wp\/v2\/users\/402"}],"replies":[{"embeddable":true,"href":"https:\/\/www2.unifap.br\/executivo\/wp-json\/wp\/v2\/comments?post=2300"}],"version-history":[{"count":5,"href":"https:\/\/www2.unifap.br\/executivo\/wp-json\/wp\/v2\/pages\/2300\/revisions"}],"predecessor-version":[{"id":2358,"href":"https:\/\/www2.unifap.br\/executivo\/wp-json\/wp\/v2\/pages\/2300\/revisions\/2358"}],"up":[{"embeddable":true,"href":"https:\/\/www2.unifap.br\/executivo\/wp-json\/wp\/v2\/pages\/2271"}],"wp:attachment":[{"href":"https:\/\/www2.unifap.br\/executivo\/wp-json\/wp\/v2\/media?parent=2300"}],"curies":[{"name":"wp","href":"https:\/\/api.w.org\/{rel}","templated":true}]}}