{"id":2311,"date":"2014-09-05T02:26:49","date_gmt":"2014-09-05T02:26:49","guid":{"rendered":"http:\/\/www2.unifap.br\/executivo\/?page_id=2311"},"modified":"2021-06-21T18:32:47","modified_gmt":"2021-06-21T18:32:47","slug":"coordenacao","status":"publish","type":"page","link":"https:\/\/www2.unifap.br\/executivo\/coordenacao\/","title":{"rendered":"Coordena\u00e7\u00e3o"},"content":{"rendered":"<p style=\"text-align: left\"><span style=\"color: #000000\"><strong>Coordenadora:<\/strong><\/span><\/p>\n<p style=\"text-align: left\"><strong><span style=\"color: #0000ff\">Profa. Rosiane de Oliveira Furtado G\u00f3es<\/span><\/strong><\/p>\n<p style=\"text-align: left\"><strong><span style=\"color: #000000\">Hor\u00e1rio de funcionamento:<\/span><\/strong><\/p>\n<p><strong><span style=\"color: #0000ff\">Manh\u00e3: 8h \u00e0s 12h<\/span><\/strong><\/p>\n<p><strong><span style=\"color: #0000ff\">Tarde: 14h \u00e0s 18h<\/span><\/strong><\/p>\n<p><span style=\"color: #000000\">Telefone: 3312-1786<\/span><\/p>\n<p><span style=\"color: #000000\">Local: Pr\u00e9dio das Coordena\u00e7\u00f5es (em frente a Biblioteca Central)<\/span><\/p>\n","protected":false},"excerpt":{"rendered":"<p>Coordenadora: Profa. Rosiane de Oliveira Furtado G\u00f3es Hor\u00e1rio de funcionamento: Manh\u00e3: 8h \u00e0s 12h Tarde: 14h \u00e0s 18h Telefone: 3312-1786 Local: Pr\u00e9dio das Coordena\u00e7\u00f5es (em frente a Biblioteca Central)<\/p>\n","protected":false},"author":402,"featured_media":0,"parent":0,"menu_order":2,"comment_status":"closed","ping_status":"closed","template":"","meta":{"inline_featured_image":false,"ngg_post_thumbnail":0,"footnotes":""},"class_list":["post-2311","page","type-page","status-publish","hentry","entry"],"_links":{"self":[{"href":"https:\/\/www2.unifap.br\/executivo\/wp-json\/wp\/v2\/pages\/2311","targetHints":{"allow":["GET"]}}],"collection":[{"href":"https:\/\/www2.unifap.br\/executivo\/wp-json\/wp\/v2\/pages"}],"about":[{"href":"https:\/\/www2.unifap.br\/executivo\/wp-json\/wp\/v2\/types\/page"}],"author":[{"embeddable":true,"href":"https:\/\/www2.unifap.br\/executivo\/wp-json\/wp\/v2\/users\/402"}],"replies":[{"embeddable":true,"href":"https:\/\/www2.unifap.br\/executivo\/wp-json\/wp\/v2\/comments?post=2311"}],"version-history":[{"count":15,"href":"https:\/\/www2.unifap.br\/executivo\/wp-json\/wp\/v2\/pages\/2311\/revisions"}],"predecessor-version":[{"id":3087,"href":"https:\/\/www2.unifap.br\/executivo\/wp-json\/wp\/v2\/pages\/2311\/revisions\/3087"}],"wp:attachment":[{"href":"https:\/\/www2.unifap.br\/executivo\/wp-json\/wp\/v2\/media?parent=2311"}],"curies":[{"name":"wp","href":"https:\/\/api.w.org\/{rel}","templated":true}]}}