{"id":2313,"date":"2014-09-05T02:27:13","date_gmt":"2014-09-05T02:27:13","guid":{"rendered":"http:\/\/www2.unifap.br\/executivo\/?page_id=2313"},"modified":"2014-09-21T16:37:56","modified_gmt":"2014-09-21T16:37:56","slug":"centro-academico","status":"publish","type":"page","link":"https:\/\/www2.unifap.br\/executivo\/oportunidades-academicas\/centro-academico\/","title":{"rendered":"Centro Acad\u00eamico"},"content":{"rendered":"<p style=\"text-align: justify\"><a href=\"http:\/\/www2.unifap.br\/executivo\/files\/2014\/09\/centro-academico.png\"><img fetchpriority=\"high\" decoding=\"async\" class=\"aligncenter size-full wp-image-2519\" alt=\"centro academico\" src=\"http:\/\/www2.unifap.br\/executivo\/files\/2014\/09\/centro-academico.png\" width=\"862\" height=\"269\" srcset=\"https:\/\/www2.unifap.br\/executivo\/files\/2014\/09\/centro-academico.png 862w, https:\/\/www2.unifap.br\/executivo\/files\/2014\/09\/centro-academico-300x93.png 300w, https:\/\/www2.unifap.br\/executivo\/files\/2014\/09\/centro-academico-250x78.png 250w\" sizes=\"(max-width: 862px) 100vw, 862px\" \/><\/a><\/p>\n<p style=\"text-align: justify\">Um\u00a0<b>centro acad\u00eamico<\/b>\u00a0no\u00a0Brasil\u00a0\u00e9 uma entidade estudantil que representa, normalmente, os estudantes de um curso de\u00a0n\u00edvel superior, podendo representar estudantes de diversos cursos de uma mesma faculdade. Suas fun\u00e7\u00f5es podem ser, e em geral s\u00e3o, diversas. Algumas delas s\u00e3o: a organiza\u00e7\u00e3o de atividades acad\u00eamicas extra-curriculares como debates, discuss\u00f5es, palestras, semanas tem\u00e1ticas, recep\u00e7\u00e3o de calouros e realiza\u00e7\u00e3o de projetos de\u00a0extens\u00e3o; encaminhamento, mobiliza\u00e7\u00e3o e organiza\u00e7\u00e3o de reivindica\u00e7\u00f5es e a\u00e7\u00f5es pol\u00edticas dos estudantes; media\u00e7\u00e3o de negocia\u00e7\u00f5es e conflitos individuais e coletivos entre estudantes e a faculdade; realiza\u00e7\u00e3o de atividades culturais como feiras de livros, festivais diversos, entre outros.<\/p>\n<p style=\"text-align: justify\">Os centros acad\u00eamicos s\u00e3o formados, de maneira geral, a partir da associa\u00e7\u00e3o de estudantes, o que faz com que possam ser classificados, do ponto de vista jur\u00eddico, como associa\u00e7\u00f5es civis.<\/p>\n<p style=\"text-align: justify\"><span style=\"color: #000000\">A rela\u00e7\u00e3o que o Centro Acad\u00eamico estabelece com as inst\u00e2ncias burocr\u00e1ticas da institui\u00e7\u00e3o pode se dar de forma direta, sendo este parte desta estrutura, ou de forma independente, sendo a entidade estudantil livre de qualquer tipo de interfer\u00eancia institucional.<\/span><\/p>\n<p style=\"text-align: justify\"><span style=\"color: #000000\">H\u00e1 outras formas de organiza\u00e7\u00e3o de entidades estudantis nas universidades, sendo as principais o\u00a0<span style=\"color: #000000\">Diret\u00f3rio Central dos Estudantes<\/span>\u00a0(DCE), o Diret\u00f3rio Acad\u00eamico e o\u00a0<span style=\"color: #000000\">Gr\u00eamio estudantil<\/span>.<\/span><\/p>\n<p style=\"text-align: justify\"><span style=\"color: #000000\">Essas estruturas e nomenclaturas correspondem \u00e0 \u00e9poca em que foram fundadas as entidades e aos objetivos do momento de sua funda\u00e7\u00e3o. Basicamente se for, por funda\u00e7\u00e3o, uma Faculdade originalmente, ter-se-\u00e1 um Diret\u00f3rio Acad\u00eamico, enquanto um curso de uma\u00a0<a title=\"Universidade\" href=\"http:\/\/pt.wikipedia.org\/wiki\/Universidade\"><span style=\"color: #000000\">Universidade<\/span><\/a>\u00a0ter\u00e1 um Centro Acad\u00eamico. Ambos n\u00e3o t\u00eam diferen\u00e7as de atribui\u00e7\u00f5es.<\/span><\/p>\n<p style=\"text-align: justify\"><span style=\"color: #c0c0c0\"><em>Fonte:\u00a0http:\/\/pt.wikipedia.org\/wiki\/Centro_acad%C3%AAmico<\/em><\/span><\/p>\n<p style=\"text-align: justify\">&#8212;&#8211;<\/p>\n<p style=\"text-align: center\"><a href=\"http:\/\/www2.unifap.br\/executivo\/files\/2014\/09\/418052_121106704682940_1392101085_n.jpg\"><img decoding=\"async\" class=\"size-full wp-image-2413 aligncenter\" alt=\"418052_121106704682940_1392101085_n\" src=\"http:\/\/www2.unifap.br\/executivo\/files\/2014\/09\/418052_121106704682940_1392101085_n.jpg\" width=\"184\" height=\"187\" srcset=\"https:\/\/www2.unifap.br\/executivo\/files\/2014\/09\/418052_121106704682940_1392101085_n.jpg 184w, https:\/\/www2.unifap.br\/executivo\/files\/2014\/09\/418052_121106704682940_1392101085_n-147x150.jpg 147w\" sizes=\"(max-width: 184px) 100vw, 184px\" \/><\/a><\/p>\n<p style=\"text-align: center\"><span style=\"color: #3366ff\">CENTRO ACAD\u00caMICO DE SECRETARIADO EXECUTIVO DA UNIFAP &#8211; CASEX<\/span><\/p>\n<p style=\"text-align: justify\">O Centro Acad\u00eamico de Secretariado Executivo da Unifap &#8211; CASEX, fundado em 1993, \u00e9 o \u00f3rg\u00e3o de representa\u00e7\u00e3o estudantil maior no curso de SE, onde, de acordo com o seu estatuto de funda\u00e7\u00e3o, tem como objetivos: I &#8211; congregar os alunos do curso de SE, representando-os e a seus interesses, estimulando a uni\u00e3o e a solidariedade; II &#8211; incentivar a promo\u00e7\u00e3o social, cultural, t\u00e9cnica, pol\u00edtica, cient\u00edfica, desportiva e art\u00edstica entre os seus integrantes; III &#8211; promover a intera\u00e7\u00e3o de comunidade acad\u00eamica, visando o seu melhor aprimoramento e IV &#8211; defender os interesses do corpo discente em todos os n\u00edveis.<\/p>\n","protected":false},"excerpt":{"rendered":"<p>Um\u00a0centro acad\u00eamico\u00a0no\u00a0Brasil\u00a0\u00e9 uma entidade estudantil que representa, normalmente, os estudantes de um curso de\u00a0n\u00edvel superior, podendo representar estudantes de diversos cursos de uma mesma faculdade. Suas fun\u00e7\u00f5es podem ser, e em geral s\u00e3o, diversas. Algumas delas s\u00e3o: a organiza\u00e7\u00e3o de atividades acad\u00eamicas extra-curriculares como debates, discuss\u00f5es, palestras, semanas tem\u00e1ticas, recep\u00e7\u00e3o de calouros e realiza\u00e7\u00e3o de&#8230;<\/p>\n","protected":false},"author":402,"featured_media":0,"parent":2302,"menu_order":0,"comment_status":"open","ping_status":"open","template":"","meta":{"inline_featured_image":false,"ngg_post_thumbnail":0,"footnotes":""},"class_list":["post-2313","page","type-page","status-publish","hentry","entry"],"_links":{"self":[{"href":"https:\/\/www2.unifap.br\/executivo\/wp-json\/wp\/v2\/pages\/2313","targetHints":{"allow":["GET"]}}],"collection":[{"href":"https:\/\/www2.unifap.br\/executivo\/wp-json\/wp\/v2\/pages"}],"about":[{"href":"https:\/\/www2.unifap.br\/executivo\/wp-json\/wp\/v2\/types\/page"}],"author":[{"embeddable":true,"href":"https:\/\/www2.unifap.br\/executivo\/wp-json\/wp\/v2\/users\/402"}],"replies":[{"embeddable":true,"href":"https:\/\/www2.unifap.br\/executivo\/wp-json\/wp\/v2\/comments?post=2313"}],"version-history":[{"count":6,"href":"https:\/\/www2.unifap.br\/executivo\/wp-json\/wp\/v2\/pages\/2313\/revisions"}],"predecessor-version":[{"id":2482,"href":"https:\/\/www2.unifap.br\/executivo\/wp-json\/wp\/v2\/pages\/2313\/revisions\/2482"}],"up":[{"embeddable":true,"href":"https:\/\/www2.unifap.br\/executivo\/wp-json\/wp\/v2\/pages\/2302"}],"wp:attachment":[{"href":"https:\/\/www2.unifap.br\/executivo\/wp-json\/wp\/v2\/media?parent=2313"}],"curies":[{"name":"wp","href":"https:\/\/api.w.org\/{rel}","templated":true}]}}