{"id":2330,"date":"2014-09-05T23:24:53","date_gmt":"2014-09-05T23:24:53","guid":{"rendered":"http:\/\/www2.unifap.br\/executivo\/?page_id=2330"},"modified":"2014-09-17T12:52:56","modified_gmt":"2014-09-17T12:52:56","slug":"documentos-e-formularios","status":"publish","type":"page","link":"https:\/\/www2.unifap.br\/executivo\/coordenacao\/tcc\/documentos-e-formularios\/","title":{"rendered":"Documentos e formul\u00e1rios"},"content":{"rendered":"<p style=\"text-align: center\"><a href=\"http:\/\/www2.unifap.br\/executivo\/files\/2013\/04\/download.png\"><img decoding=\"async\" class=\" wp-image-2396 aligncenter\" alt=\"download\" src=\"http:\/\/www2.unifap.br\/executivo\/files\/2013\/04\/download.png\" width=\"144\" height=\"144\" srcset=\"https:\/\/www2.unifap.br\/executivo\/files\/2013\/04\/download.png 300w, https:\/\/www2.unifap.br\/executivo\/files\/2013\/04\/download-150x150.png 150w\" sizes=\"(max-width: 144px) 100vw, 144px\" \/><\/a><\/p>\n<p><strong>Documentos para download:<\/strong><\/p>\n<p style=\"text-align: justify\"><span style=\"color: #3366ff\"><a href=\"http:\/\/www2.unifap.br\/executivo\/files\/2014\/09\/ABNT-NBT-10520-Informa\u00e7\u00e3o-e-documenta\u00e7\u00e3o-Cita\u00e7\u00f5es-em-documentos-Apresenta\u00e7\u00e3o.pdf\"><span style=\"color: #3366ff\">ABNT NBR 10520 &#8211; Informa\u00e7\u00e3o e documenta\u00e7\u00e3o &#8211; Cita\u00e7\u00f5es em documentos &#8211; Apresenta\u00e7\u00e3o<\/span><\/a> <\/span><\/p>\n<p style=\"text-align: justify\"><span style=\"color: #3366ff\"><a href=\"http:\/\/www2.unifap.br\/executivo\/files\/2014\/09\/ABNT-NBR-6023-Informa\u00e7\u00e3o-e-documenta\u00e7\u00e3o-Refer\u00eancias-Elabora\u00e7\u00e3o.pdf\"><span style=\"color: #3366ff\">ABNT NBR &#8211; 6023 &#8211; Informa\u00e7\u00e3o e documenta\u00e7\u00e3o &#8211; Refer\u00eancias &#8211; Elabora\u00e7\u00e3o<\/span><\/a> <\/span><\/p>\n<p style=\"text-align: justify\"><span style=\"color: #3366ff\"><a href=\"http:\/\/www2.unifap.br\/executivo\/files\/2014\/09\/ABNT-NBR-14724-Informa\u00e7\u00e3o-e-documenta\u00e7\u00e3o-Trabalhos-Acad\u00eamicos-Apresenta\u00e7\u00e3o.pdf\"><span style=\"color: #3366ff\">ABNT NBR &#8211; 14724 &#8211; Informa\u00e7\u00e3o e documenta\u00e7\u00e3o &#8211; Trabalhos Acad\u00eamicos &#8211; Apresenta\u00e7\u00e3o<\/span><\/a><\/span><\/p>\n<p style=\"text-align: justify\"><span style=\"color: #3366ff\"><a href=\"http:\/\/www2.unifap.br\/executivo\/files\/2014\/09\/Ap\u00eandice-C-Ficha-de-acompanhamento-da-produ\u00e7\u00e3o-do-TCC.pdf\"><span style=\"color: #3366ff\">Ap\u00eandice C &#8211; Ficha de acompanhamento da produ\u00e7\u00e3o do TCC<\/span><\/a><\/span><\/p>\n","protected":false},"excerpt":{"rendered":"<p>Documentos para download: ABNT NBR 10520 &#8211; Informa\u00e7\u00e3o e documenta\u00e7\u00e3o &#8211; Cita\u00e7\u00f5es em documentos &#8211; Apresenta\u00e7\u00e3o ABNT NBR &#8211; 6023 &#8211; Informa\u00e7\u00e3o e documenta\u00e7\u00e3o &#8211; Refer\u00eancias &#8211; Elabora\u00e7\u00e3o ABNT NBR &#8211; 14724 &#8211; Informa\u00e7\u00e3o e documenta\u00e7\u00e3o &#8211; Trabalhos Acad\u00eamicos &#8211; Apresenta\u00e7\u00e3o Ap\u00eandice C &#8211; Ficha de acompanhamento da produ\u00e7\u00e3o do TCC<\/p>\n","protected":false},"author":402,"featured_media":0,"parent":399,"menu_order":0,"comment_status":"open","ping_status":"open","template":"","meta":{"inline_featured_image":false,"ngg_post_thumbnail":0,"footnotes":""},"class_list":["post-2330","page","type-page","status-publish","hentry","entry"],"_links":{"self":[{"href":"https:\/\/www2.unifap.br\/executivo\/wp-json\/wp\/v2\/pages\/2330","targetHints":{"allow":["GET"]}}],"collection":[{"href":"https:\/\/www2.unifap.br\/executivo\/wp-json\/wp\/v2\/pages"}],"about":[{"href":"https:\/\/www2.unifap.br\/executivo\/wp-json\/wp\/v2\/types\/page"}],"author":[{"embeddable":true,"href":"https:\/\/www2.unifap.br\/executivo\/wp-json\/wp\/v2\/users\/402"}],"replies":[{"embeddable":true,"href":"https:\/\/www2.unifap.br\/executivo\/wp-json\/wp\/v2\/comments?post=2330"}],"version-history":[{"count":9,"href":"https:\/\/www2.unifap.br\/executivo\/wp-json\/wp\/v2\/pages\/2330\/revisions"}],"predecessor-version":[{"id":2490,"href":"https:\/\/www2.unifap.br\/executivo\/wp-json\/wp\/v2\/pages\/2330\/revisions\/2490"}],"up":[{"embeddable":true,"href":"https:\/\/www2.unifap.br\/executivo\/wp-json\/wp\/v2\/pages\/399"}],"wp:attachment":[{"href":"https:\/\/www2.unifap.br\/executivo\/wp-json\/wp\/v2\/media?parent=2330"}],"curies":[{"name":"wp","href":"https:\/\/api.w.org\/{rel}","templated":true}]}}