{"id":2335,"date":"2014-09-05T23:34:08","date_gmt":"2014-09-05T23:34:08","guid":{"rendered":"http:\/\/www2.unifap.br\/executivo\/?page_id=2335"},"modified":"2016-01-11T23:09:01","modified_gmt":"2016-01-11T23:09:01","slug":"links","status":"publish","type":"page","link":"https:\/\/www2.unifap.br\/executivo\/extensao\/links\/","title":{"rendered":"Links de \u00dateis"},"content":{"rendered":"<p><span style=\"color: #3366ff\"><a href=\"http:\/\/www.fenassec.com.br\/\" target=\"_blank\"><span style=\"color: #3366ff\">Federa\u00e7\u00e3o Nacional dos Secret\u00e1rios e Secret\u00e1rias &#8211; Fenassec<\/span><\/a><\/span><\/p>\n<p><span style=\"color: #3366ff\"><a href=\"http:\/\/www.abpsec.com.br\/\" target=\"_blank\"><span style=\"color: #3366ff\">Associa\u00e7\u00e3o Brasileira de Pesquisa em Secretariado &#8211; ABPSEC<\/span><\/a><\/span><\/p>\n<p><span style=\"color: #3366ff\"><a href=\"http:\/\/www.asp-secretarias.pt\/\" target=\"_blank\"><span style=\"color: #3366ff\">Associa\u00e7\u00e3o Portuguesa de Profissionais de Secretariado e Assessoria &#8211; ASP-POR.<\/span><\/a><\/span><\/p>\n<p><span style=\"color: #3366ff\"><a href=\"http:\/\/www.aspm.es\/\" target=\"_blank\"><span style=\"color: #3366ff\">Asoci\u00e1cion del Secretariado Profesional de Madrid &#8211; ASPM-ES.<\/span><\/a><\/span><\/p>\n<p><span style=\"color: #3366ff\"><a href=\"http:\/\/www.iaap-hq.org\/\" target=\"_blank\"><span style=\"color: #3366ff\">International Association of Administrative Professionals &#8211; IAAP-EUA.<\/span><\/a><\/span><\/p>\n<p><span style=\"color: #3366ff\"><a href=\"http:\/\/www.governanceprofessionals.org\/governanceprofessionals\/home\/\" target=\"_blank\"><span style=\"color: #3366ff\">Society of Corporate Secretaries and Governance Professionals &#8211; EUA.<\/span><\/a><\/span><\/p>\n<p><span style=\"color: #3366ff\"><a href=\"http:\/\/www.insecri.com.br\/\" target=\"_blank\"><span style=\"color: #3366ff\">Instituto de Secretariado Internacional &#8211; INSECRI<\/span><\/a><\/span><\/p>\n","protected":false},"excerpt":{"rendered":"<p>Federa\u00e7\u00e3o Nacional dos Secret\u00e1rios e Secret\u00e1rias &#8211; Fenassec Associa\u00e7\u00e3o Brasileira de Pesquisa em Secretariado &#8211; ABPSEC Associa\u00e7\u00e3o Portuguesa de Profissionais de Secretariado e Assessoria &#8211; ASP-POR. Asoci\u00e1cion del Secretariado Profesional de Madrid &#8211; ASPM-ES. International Association of Administrative Professionals &#8211; IAAP-EUA. Society of Corporate Secretaries and Governance Professionals &#8211; EUA. Instituto de Secretariado Internacional &#8211;&#8230;<\/p>\n","protected":false},"author":402,"featured_media":0,"parent":2271,"menu_order":3,"comment_status":"open","ping_status":"closed","template":"page-template-full.php","meta":{"inline_featured_image":false,"ngg_post_thumbnail":0,"footnotes":""},"class_list":["post-2335","page","type-page","status-publish","hentry","entry"],"_links":{"self":[{"href":"https:\/\/www2.unifap.br\/executivo\/wp-json\/wp\/v2\/pages\/2335","targetHints":{"allow":["GET"]}}],"collection":[{"href":"https:\/\/www2.unifap.br\/executivo\/wp-json\/wp\/v2\/pages"}],"about":[{"href":"https:\/\/www2.unifap.br\/executivo\/wp-json\/wp\/v2\/types\/page"}],"author":[{"embeddable":true,"href":"https:\/\/www2.unifap.br\/executivo\/wp-json\/wp\/v2\/users\/402"}],"replies":[{"embeddable":true,"href":"https:\/\/www2.unifap.br\/executivo\/wp-json\/wp\/v2\/comments?post=2335"}],"version-history":[{"count":8,"href":"https:\/\/www2.unifap.br\/executivo\/wp-json\/wp\/v2\/pages\/2335\/revisions"}],"predecessor-version":[{"id":2620,"href":"https:\/\/www2.unifap.br\/executivo\/wp-json\/wp\/v2\/pages\/2335\/revisions\/2620"}],"up":[{"embeddable":true,"href":"https:\/\/www2.unifap.br\/executivo\/wp-json\/wp\/v2\/pages\/2271"}],"wp:attachment":[{"href":"https:\/\/www2.unifap.br\/executivo\/wp-json\/wp\/v2\/media?parent=2335"}],"curies":[{"name":"wp","href":"https:\/\/api.w.org\/{rel}","templated":true}]}}