{"id":399,"date":"2013-01-23T22:58:12","date_gmt":"2013-01-23T22:58:12","guid":{"rendered":"http:\/\/www2.unifap.br\/executivo\/?page_id=399"},"modified":"2021-03-18T14:43:41","modified_gmt":"2021-03-18T14:43:41","slug":"tcc","status":"publish","type":"page","link":"https:\/\/www2.unifap.br\/executivo\/coordenacao\/tcc\/","title":{"rendered":"Trabalho de Conclus\u00e3o de Curso"},"content":{"rendered":"\t\t<div data-elementor-type=\"wp-page\" data-elementor-id=\"399\" class=\"elementor elementor-399\">\n\t\t\t\t\t\t<section class=\"elementor-section elementor-top-section elementor-element elementor-element-4f73b47c elementor-section-boxed elementor-section-height-default elementor-section-height-default\" data-id=\"4f73b47c\" data-element_type=\"section\" data-e-type=\"section\">\n\t\t\t\t\t\t<div class=\"elementor-container elementor-column-gap-default\">\n\t\t\t\t\t<div class=\"elementor-column elementor-col-100 elementor-top-column elementor-element elementor-element-7676b593\" data-id=\"7676b593\" data-element_type=\"column\" data-e-type=\"column\">\n\t\t\t<div class=\"elementor-widget-wrap elementor-element-populated\">\n\t\t\t\t\t\t<div class=\"elementor-element elementor-element-323b5a2c elementor-widget elementor-widget-text-editor\" data-id=\"323b5a2c\" data-element_type=\"widget\" data-e-type=\"widget\" data-widget_type=\"text-editor.default\">\n\t\t\t\t<div class=\"elementor-widget-container\">\n\t\t\t\t\t\t\t\t\t<h1><\/h1>\r\n<p style=\"text-align: justify\"><span style=\"color: #000000\">O Trabalho de Conclus\u00e3o do Curso \u2013 TCC, constitui-se numa atividade acad\u00eamica de sistematiza\u00e7\u00e3o do conhecimento sobre um objeto de estudo pertinente \u00e0 profiss\u00e3o, desenvolvida mediante controle, orienta\u00e7\u00e3o e avalia\u00e7\u00e3o docente, cuja exig\u00eancia \u00e9 um requisito obrigat\u00f3rio e essencial para a integraliza\u00e7\u00e3o curricular e, conseq\u00fcentemente, obten\u00e7\u00e3o do t\u00edtulo e diploma de Bacharel em Secretariado Executivo pela Funda\u00e7\u00e3o Universidade Federal do Amap\u00e1.<\/span>\r\n<span style=\"color: #000000\"> O TCC \u00e9 de extrema import\u00e2ncia para a vida acad\u00eamica do aluno, pois \u00e9 atrav\u00e9s dele que o mesmo demonstra estar apto a realizar uma pesquisa com tem\u00e1tica contemplada nas linhas de pesquisas do curso, demonstrando possuir habilidade para pesquisa, para an\u00e1lise e cr\u00edtica, relatando seus resultados atrav\u00e9s da apresenta\u00e7\u00e3o de um relat\u00f3rio. Todas as atividades desenvolvidas constituem o TCC.<\/span>\r\n<span style=\"color: #000000\"> Nos termos da Regimento Geral da Unifap, s\u00e3o considerados TCC: monografias; relat\u00f3rios de projetos de extens\u00e3o ou pesquisa; e, trabalhos po\u00e9ticos, que sejam de linguagem escrita, visual, musical ou c\u00eanica, desde que acompanhados de sucinto relato sobre sua composi\u00e7\u00e3o.<\/span>\r\n<span style=\"color: #000000\"> No caso espec\u00edfico do Curso de Gradua\u00e7\u00e3o em Secretariado Executivo poder\u00e1 ser convalidado, como TCC, o desenvolvimento de sistemas advindos de pr\u00e1ticas das disciplinas em inform\u00e1tica, interagida com outros conte\u00fados profissionalizantes.<\/span>\r\n<span style=\"color: #000000\"> Sua constru\u00e7\u00e3o, qualquer que seja a forma de apresenta\u00e7\u00e3o, dever\u00e1 observar as normas da ABNT.<\/span><\/p>\r\n<p style=\"text-align: justify\"><span style=\"color: #000000\"><em>Fonte: PPC &#8211; Secretariado Executivo, 2008.<\/em><\/span><\/p>\r\n<p style=\"text-align: justify\"><\/p>\r\n\r\n<div>\r\n\r\n&nbsp;\r\n\r\n&nbsp;\r\n\r\n&nbsp;\r\n\r\n<\/div>\r\n&nbsp;\t\t\t\t\t\t\t\t<\/div>\n\t\t\t\t<\/div>\n\t\t\t\t\t<\/div>\n\t\t<\/div>\n\t\t\t\t\t<\/div>\n\t\t<\/section>\n\t\t\t\t<\/div>\n\t\t","protected":false},"excerpt":{"rendered":"<p>O Trabalho de Conclus\u00e3o do Curso \u2013 TCC, constitui-se numa atividade acad\u00eamica de sistematiza\u00e7\u00e3o do conhecimento sobre um objeto de estudo pertinente \u00e0 profiss\u00e3o, desenvolvida mediante controle, orienta\u00e7\u00e3o e avalia\u00e7\u00e3o docente, cuja exig\u00eancia \u00e9 um requisito obrigat\u00f3rio e essencial para a integraliza\u00e7\u00e3o curricular e, conseq\u00fcentemente, obten\u00e7\u00e3o do t\u00edtulo e diploma de Bacharel em Secretariado Executivo&#8230;<\/p>\n","protected":false},"author":402,"featured_media":0,"parent":2311,"menu_order":1,"comment_status":"closed","ping_status":"closed","template":"elementor_header_footer","meta":{"inline_featured_image":false,"ngg_post_thumbnail":0,"footnotes":""},"class_list":["post-399","page","type-page","status-publish","hentry","entry"],"_links":{"self":[{"href":"https:\/\/www2.unifap.br\/executivo\/wp-json\/wp\/v2\/pages\/399","targetHints":{"allow":["GET"]}}],"collection":[{"href":"https:\/\/www2.unifap.br\/executivo\/wp-json\/wp\/v2\/pages"}],"about":[{"href":"https:\/\/www2.unifap.br\/executivo\/wp-json\/wp\/v2\/types\/page"}],"author":[{"embeddable":true,"href":"https:\/\/www2.unifap.br\/executivo\/wp-json\/wp\/v2\/users\/402"}],"replies":[{"embeddable":true,"href":"https:\/\/www2.unifap.br\/executivo\/wp-json\/wp\/v2\/comments?post=399"}],"version-history":[{"count":13,"href":"https:\/\/www2.unifap.br\/executivo\/wp-json\/wp\/v2\/pages\/399\/revisions"}],"predecessor-version":[{"id":2969,"href":"https:\/\/www2.unifap.br\/executivo\/wp-json\/wp\/v2\/pages\/399\/revisions\/2969"}],"up":[{"embeddable":true,"href":"https:\/\/www2.unifap.br\/executivo\/wp-json\/wp\/v2\/pages\/2311"}],"wp:attachment":[{"href":"https:\/\/www2.unifap.br\/executivo\/wp-json\/wp\/v2\/media?parent=399"}],"curies":[{"name":"wp","href":"https:\/\/api.w.org\/{rel}","templated":true}]}}