{"id":107,"date":"2014-12-11T17:02:34","date_gmt":"2014-12-11T17:02:34","guid":{"rendered":"http:\/\/www2.unifap.br\/farmacos\/?page_id=107"},"modified":"2024-05-27T15:22:19","modified_gmt":"2024-05-27T15:22:19","slug":"endereco-address","status":"publish","type":"page","link":"https:\/\/www2.unifap.br\/farmacos\/endereco-address\/","title":{"rendered":"Endere\u00e7o &#8211; Address"},"content":{"rendered":"<p><strong>Laborat\u00f3rio de Pesquisa em F\u00e1rmacos<\/strong><\/p>\n<ul>\n<li style=\"list-style-type: none\">\n<ul>\n<li><strong>Universidade Federal do Amap\u00e1 (UNIFAP)<\/strong><\/li>\n<li><strong>Localiza\u00e7\u00e3o:<\/strong>\n<ul>\n<li>Macap\u00e1 \u2013 AP, 68903-419<\/li>\n<li>Rodovia Josmar Chaves Pinto, KM 02 &#8211; Campus Marco Zero<\/li>\n<li>Bloco Ci\u00eancias da Sa\u00fade<\/li>\n<\/ul>\n<\/li>\n<li><strong>Contato:<\/strong>\n<ul>\n<li><strong>E-mail:<\/strong> <a target=\"_new\" rel=\"noreferrer noopener\">farmacos@unifap.br<\/a><\/li>\n<li><strong>Telefones:<\/strong> 0055 (96) 4009-2907 \/ 0055 (96) 4009-2906<\/li>\n<\/ul>\n<\/li>\n<\/ul>\n<\/li>\n<\/ul>\n<p>Link do Google Maps:\u00a0<a href=\"https:\/\/www.google.com.br\/maps\/place\/Laborat%C3%B3rio+de+Pesquisa+em+F%C3%A1rmacos\/@-0.0090908,-51.0876766,17.83z\/data=!4m14!1m7!3m6!1s0x929e1f2081bdec91:0xb397f92d103a4c40!2sLaborat%C3%B3rio+de+Pesquisa+em+F%C3%A1rmacos!8m2!3d-0.0095655!4d-51.0877983!16s%2Fg%2F11gkzw3bj7!3m5!1s0x929e1f2081bdec91:0xb397f92d103a4c40!8m2!3d-0.0095655!4d-51.0877983!16s%2Fg%2F11gkzw3bj7?entry=ttu\">Laborat\u00f3rio de Pesquisa em F\u00e1rmacos &#8211; Google Maps<\/a><\/p>\n","protected":false},"excerpt":{"rendered":"<p>Laborat\u00f3rio de Pesquisa em F\u00e1rmacos Universidade Federal do Amap\u00e1 (UNIFAP) Localiza\u00e7\u00e3o: Macap\u00e1 \u2013 AP, 68903-419 Rodovia Josmar Chaves Pinto, KM 02 &#8211; Campus Marco Zero Bloco Ci\u00eancias da Sa\u00fade Contato: E-mail: farmacos@unifap.br Telefones: 0055 (96) 4009-2907 \/ 0055 (96) 4009-2906&hellip; <\/p>\n<p><a href=\"https:\/\/www2.unifap.br\/farmacos\/endereco-address\/\" class=\"readmore-button\">Continue Reading<\/a><\/p>\n","protected":false},"author":112,"featured_media":0,"parent":0,"menu_order":0,"comment_status":"open","ping_status":"open","template":"","meta":{"inline_featured_image":false,"ngg_post_thumbnail":0,"footnotes":""},"class_list":["post-107","page","type-page","status-publish","hentry"],"_links":{"self":[{"href":"https:\/\/www2.unifap.br\/farmacos\/wp-json\/wp\/v2\/pages\/107","targetHints":{"allow":["GET"]}}],"collection":[{"href":"https:\/\/www2.unifap.br\/farmacos\/wp-json\/wp\/v2\/pages"}],"about":[{"href":"https:\/\/www2.unifap.br\/farmacos\/wp-json\/wp\/v2\/types\/page"}],"author":[{"embeddable":true,"href":"https:\/\/www2.unifap.br\/farmacos\/wp-json\/wp\/v2\/users\/112"}],"replies":[{"embeddable":true,"href":"https:\/\/www2.unifap.br\/farmacos\/wp-json\/wp\/v2\/comments?post=107"}],"version-history":[{"count":5,"href":"https:\/\/www2.unifap.br\/farmacos\/wp-json\/wp\/v2\/pages\/107\/revisions"}],"predecessor-version":[{"id":288,"href":"https:\/\/www2.unifap.br\/farmacos\/wp-json\/wp\/v2\/pages\/107\/revisions\/288"}],"wp:attachment":[{"href":"https:\/\/www2.unifap.br\/farmacos\/wp-json\/wp\/v2\/media?parent=107"}],"curies":[{"name":"wp","href":"https:\/\/api.w.org\/{rel}","templated":true}]}}