{"id":12,"date":"2014-12-11T12:33:49","date_gmt":"2014-12-11T12:33:49","guid":{"rendered":"http:\/\/www2.unifap.br\/farmacos\/?page_id=12"},"modified":"2024-05-27T19:07:26","modified_gmt":"2024-05-27T19:07:26","slug":"iniciacao-cientifica","status":"publish","type":"page","link":"https:\/\/www2.unifap.br\/farmacos\/iniciacao-cientifica\/","title":{"rendered":"Inicia\u00e7\u00e3o Cient\u00edfica &#8211; Scientific Initiation"},"content":{"rendered":"<p style=\"text-align: left\"><a href=\"http:\/\/www2.unifap.br\/farmacos\/files\/2024\/05\/IMG_3896-scaled.jpg\"><img decoding=\"async\" class=\"wp-image-309 alignleft\" src=\"http:\/\/www2.unifap.br\/farmacos\/files\/2024\/05\/IMG_3896-scaled-e1716834414312-224x300.jpg\" alt=\"\" width=\"148\" height=\"198\" srcset=\"https:\/\/www2.unifap.br\/farmacos\/files\/2024\/05\/IMG_3896-scaled-e1716834414312-224x300.jpg 224w, https:\/\/www2.unifap.br\/farmacos\/files\/2024\/05\/IMG_3896-scaled-e1716834414312-763x1024.jpg 763w, https:\/\/www2.unifap.br\/farmacos\/files\/2024\/05\/IMG_3896-scaled-e1716834414312-768x1031.jpg 768w, https:\/\/www2.unifap.br\/farmacos\/files\/2024\/05\/IMG_3896-scaled-e1716834414312.jpg 1122w\" sizes=\"(max-width: 148px) 100vw, 148px\" \/><\/a><\/p>\n<p><strong>Adrielly Yasmin Sousa dos Santos\u00a0<\/strong><\/p>\n<p>Curso: Medicina<\/p>\n<p style=\"text-align: left\">Projeto: VALIDA\u00c7\u00c3O FARMACOL\u00d3GICA DO \u03b2-CARIOFILENO E DO \u03b2-CARIOFILENO ASSOCIADO AO CRHONIC\u00ae\ufe0f EM MODELOS DE DOR NEUROG\u00caNICA, FIBROMIALGIA E EPILEPSIA EM RATOS WISTAR E CAMUNDONGOS<\/p>\n<p>&nbsp;<\/p>\n<p style=\"text-align: left\"><a href=\"http:\/\/www2.unifap.br\/farmacos\/files\/2024\/05\/IMG_3245.jpg\"><img decoding=\"async\" class=\"wp-image-305 alignleft\" src=\"http:\/\/www2.unifap.br\/farmacos\/files\/2024\/05\/IMG_3245-e1716833974888-246x300.jpg\" alt=\"\" width=\"149\" height=\"182\" srcset=\"https:\/\/www2.unifap.br\/farmacos\/files\/2024\/05\/IMG_3245-e1716833974888-246x300.jpg 246w, https:\/\/www2.unifap.br\/farmacos\/files\/2024\/05\/IMG_3245-e1716833974888-841x1024.jpg 841w, https:\/\/www2.unifap.br\/farmacos\/files\/2024\/05\/IMG_3245-e1716833974888-768x935.jpg 768w, https:\/\/www2.unifap.br\/farmacos\/files\/2024\/05\/IMG_3245-e1716833974888-1261x1536.jpg 1261w, https:\/\/www2.unifap.br\/farmacos\/files\/2024\/05\/IMG_3245-e1716833974888.jpg 1466w\" sizes=\"(max-width: 149px) 100vw, 149px\" \/><\/a><strong>Alessandra Ohana Nery Barcellos<\/strong><\/p>\n<p>Curso: Medicina<\/p>\n<p style=\"text-align: left\">Projeto: VALIDA\u00c7\u00c3O PR\u00c9-CL\u00cdNICA DOS PRODUTOS CHRONIC\u00ae\ufe0f E CHRONIC INJET\u00c1VEL\u00ae\ufe0f SOBRE A RESPOSTA SARCOP\u00caNICA EM RATOS WISTAR<\/p>\n<p>&nbsp;<\/p>\n<p>&nbsp;<\/p>\n<p style=\"text-align: left\"><strong><a href=\"http:\/\/www2.unifap.br\/farmacos\/files\/2024\/05\/WhatsApp-Image-2024-05-27-at-16.05.09-scaled.jpeg\"><img decoding=\"async\" class=\"alignleft wp-image-315 \" src=\"http:\/\/www2.unifap.br\/farmacos\/files\/2024\/05\/WhatsApp-Image-2024-05-27-at-16.05.09-scaled-e1716836755432-250x300.jpeg\" alt=\"\" width=\"151\" height=\"182\" srcset=\"https:\/\/www2.unifap.br\/farmacos\/files\/2024\/05\/WhatsApp-Image-2024-05-27-at-16.05.09-scaled-e1716836755432-250x300.jpeg 250w, https:\/\/www2.unifap.br\/farmacos\/files\/2024\/05\/WhatsApp-Image-2024-05-27-at-16.05.09-scaled-e1716836755432-853x1024.jpeg 853w, https:\/\/www2.unifap.br\/farmacos\/files\/2024\/05\/WhatsApp-Image-2024-05-27-at-16.05.09-scaled-e1716836755432-768x922.jpeg 768w, https:\/\/www2.unifap.br\/farmacos\/files\/2024\/05\/WhatsApp-Image-2024-05-27-at-16.05.09-scaled-e1716836755432-1279x1536.jpeg 1279w, https:\/\/www2.unifap.br\/farmacos\/files\/2024\/05\/WhatsApp-Image-2024-05-27-at-16.05.09-scaled-e1716836755432.jpeg 1676w\" sizes=\"(max-width: 151px) 100vw, 151px\" \/><\/a>Bianca Vit\u00f3ria Monteiro Ferreira<\/strong><\/p>\n<p>Curso: Farm\u00e1cia<\/p>\n<p style=\"text-align: left\">Projeto: ESTUDO COMPARATIVO DO EFEITO ANTI-INFLAMAT\u00d3RIO E ANTINOCICEPTIVA DAS FORMULA\u00c7\u00d5ES CHRONIC \u00ae\ufe0f e CHRONIC \u00ae\ufe0f INJET\u00c1VEL EM RATOS WISTAR<\/p>\n<p>&nbsp;<\/p>\n<p style=\"text-align: left\"><a href=\"http:\/\/www2.unifap.br\/farmacos\/files\/2024\/05\/WhatsApp-Image-2024-05-23-at-12.02.35-1.jpeg\"><img loading=\"lazy\" decoding=\"async\" class=\"wp-image-310 alignleft\" src=\"http:\/\/www2.unifap.br\/farmacos\/files\/2024\/05\/WhatsApp-Image-2024-05-23-at-12.02.35-1-241x300.jpeg\" alt=\"\" width=\"145\" height=\"181\" srcset=\"https:\/\/www2.unifap.br\/farmacos\/files\/2024\/05\/WhatsApp-Image-2024-05-23-at-12.02.35-1-241x300.jpeg 241w, https:\/\/www2.unifap.br\/farmacos\/files\/2024\/05\/WhatsApp-Image-2024-05-23-at-12.02.35-1-824x1024.jpeg 824w, https:\/\/www2.unifap.br\/farmacos\/files\/2024\/05\/WhatsApp-Image-2024-05-23-at-12.02.35-1-768x954.jpeg 768w, https:\/\/www2.unifap.br\/farmacos\/files\/2024\/05\/WhatsApp-Image-2024-05-23-at-12.02.35-1.jpeg 1030w\" sizes=\"(max-width: 145px) 100vw, 145px\" \/><\/a><\/p>\n<p style=\"text-align: left\"><strong>Crislany da Costa Furtado<\/strong><\/p>\n<p>Curso: Farm\u00e1cia<\/p>\n<p style=\"text-align: left\">Projeto: CARACTERIZA\u00c7\u00c3O FITOQU\u00cdMICA DO \u00d3LEO DE AB\u00d3BORA (Cucurbita sp), OBTEN\u00c7\u00c3O DE UM GRANULADO E AVALIA\u00c7\u00c3O SOBRE PROCESSO INFLAMAT\u00d3RIO AGUDO EM RATO WISTAR<\/p>\n<p>&nbsp;<\/p>\n<p style=\"text-align: left\"><strong>Gabriel da Costa Furtado\u00a0<\/strong><\/p>\n<p>Curso: Farm\u00e1cia<\/p>\n<p style=\"text-align: left\">Projeto: AVALIA\u00c7\u00c3O DA OSTEOPROTE\u00c7\u00c3O DO NUTRAC\u00caUTICO ORMONA EM RATAS WISTAS OVARIECTOMIZADAS<\/p>\n<p>&nbsp;<\/p>\n<p style=\"text-align: left\"><a href=\"http:\/\/www2.unifap.br\/farmacos\/files\/2024\/05\/Gabriela-Magalhaes-.jpg\"><img loading=\"lazy\" decoding=\"async\" class=\"wp-image-303 alignleft\" src=\"http:\/\/www2.unifap.br\/farmacos\/files\/2024\/05\/Gabriela-Magalhaes--e1716834697184-215x300.jpg\" alt=\"\" width=\"146\" height=\"204\" srcset=\"https:\/\/www2.unifap.br\/farmacos\/files\/2024\/05\/Gabriela-Magalhaes--e1716834697184-215x300.jpg 215w, https:\/\/www2.unifap.br\/farmacos\/files\/2024\/05\/Gabriela-Magalhaes--e1716834697184-733x1024.jpg 733w, https:\/\/www2.unifap.br\/farmacos\/files\/2024\/05\/Gabriela-Magalhaes--e1716834697184-768x1073.jpg 768w, https:\/\/www2.unifap.br\/farmacos\/files\/2024\/05\/Gabriela-Magalhaes--e1716834697184.jpg 979w\" sizes=\"(max-width: 146px) 100vw, 146px\" \/><\/a><\/p>\n<p><strong>Gabriela Lobato Magalh\u00e3es\u00a0<\/strong><\/p>\n<p>Curso: Medicina<\/p>\n<p>Projeto: EFEITOS DA CASEARIA SYLVESTRIS NA MELANOG\u00caNESE EM ZEBRAFISH<\/p>\n<p>&nbsp;<\/p>\n<p>&nbsp;<\/p>\n<p>&nbsp;<\/p>\n<p>&nbsp;<\/p>\n<p style=\"text-align: left\"><a href=\"http:\/\/www2.unifap.br\/farmacos\/files\/2024\/05\/Hanna-Moraes.jpeg\"><img loading=\"lazy\" decoding=\"async\" class=\"wp-image-304 alignleft\" src=\"http:\/\/www2.unifap.br\/farmacos\/files\/2024\/05\/Hanna-Moraes-262x300.jpeg\" alt=\"\" width=\"140\" height=\"160\" srcset=\"https:\/\/www2.unifap.br\/farmacos\/files\/2024\/05\/Hanna-Moraes-262x300.jpeg 262w, https:\/\/www2.unifap.br\/farmacos\/files\/2024\/05\/Hanna-Moraes-768x881.jpeg 768w, https:\/\/www2.unifap.br\/farmacos\/files\/2024\/05\/Hanna-Moraes.jpeg 893w\" sizes=\"(max-width: 140px) 100vw, 140px\" \/><\/a><\/p>\n<p><strong>Hanna Moraes dos Santos\u00a0<\/strong><\/p>\n<p>Curso: Medicina<\/p>\n<p>Projeto: PADRONIZA\u00c7\u00c3O DA COLORA\u00c7\u00c3O HISTOL\u00d3GICA DO CARCINOMA BASOCELULAR UTILIZANDO SOLU\u00c7\u00c3O CORANTE COM EXTRATO DE BIXA ORELLANA L. (URUCUM)<\/p>\n<p>&nbsp;<\/p>\n<p>&nbsp;<\/p>\n<p style=\"text-align: left\"><strong>Hellen Karine Santos Almeida<\/strong><\/p>\n<p>Curso: Medicina<\/p>\n<p>Projeto: ESTUDO DA A\u00c7\u00c3O MODELADORA DO PRODUTO TERASEN SOBRE MODELOS INFLAMAT\u00d3RIOS T\u00d3PICOS EM RATOS WISTAR<\/p>\n<p>&nbsp;<\/p>\n<p style=\"text-align: left\"><strong>Lauana Gomes<\/strong><\/p>\n<p>Curso: Medicina<\/p>\n<p>Projeto: ESTUDO FARMACOL\u00d3GICO E HISTOLATOLOGICO DA A\u00c7\u00c3O DA NANODISPERSAO INJET\u00c1VEL DE BIXA ORELLANA SOBRE ARTRITE DIAB\u00c9TICA EM RATOS WISTAR<\/p>\n<p>&nbsp;<\/p>\n<p style=\"text-align: left\"><strong>Layla Talissa Costa Ferreira<\/strong><\/p>\n<p>Curso: Medicina<\/p>\n<p>Projeto: ESTUDO DA A\u00c7\u00c3O CICATRIZANTE T\u00d3PICA E SOBRE A ANGIOG\u00caNESE DO PRODUTO TERASEN\u00ae\ufe0f EM RATOS WISTAR E A CAM<\/p>\n<p>&nbsp;<\/p>\n<p style=\"text-align: left\"><a href=\"http:\/\/www2.unifap.br\/farmacos\/files\/2024\/05\/IMG_3899.jpg\"><img loading=\"lazy\" decoding=\"async\" class=\"wp-image-308 alignleft\" src=\"http:\/\/www2.unifap.br\/farmacos\/files\/2024\/05\/IMG_3899-e1716834317484-279x300.jpg\" alt=\"\" width=\"173\" height=\"186\" srcset=\"https:\/\/www2.unifap.br\/farmacos\/files\/2024\/05\/IMG_3899-e1716834317484-279x300.jpg 279w, https:\/\/www2.unifap.br\/farmacos\/files\/2024\/05\/IMG_3899-e1716834317484-768x825.jpg 768w, https:\/\/www2.unifap.br\/farmacos\/files\/2024\/05\/IMG_3899-e1716834317484.jpg 904w\" sizes=\"(max-width: 173px) 100vw, 173px\" \/><\/a><\/p>\n<p style=\"text-align: left\"><strong>Luciana Paes Gomes\u00a0<\/strong><\/p>\n<p>Curso: Fisioterapia<\/p>\n<p>Projeto: EFEITO DA FONOFORESE ASSOCIADA AO GEL CONTENDO EXTRATO DE Cannabis sativa L. SOBRE O REPARO DA LES\u00c3O MUSCULAR EM RATOS WISTAR<\/p>\n<p>&nbsp;<\/p>\n<p>&nbsp;<\/p>\n<p style=\"text-align: left\"><strong>S\u00e9rgio Gabriell Leite Brito<\/strong><\/p>\n<p>Curso: Farm\u00e1cia<\/p>\n<p>Projeto: OBTEN\u00c7\u00c3O E AVALIA\u00c7\u00c3ODA PERMEABILIDADE in vitro DE SISTEMA POLIM\u00c9RICO NANOPARTICULADO CONTENDO EXTRATO ETAN\u00d3LICO DE Libidibia ferrea<\/p>\n<p>&nbsp;<\/p>\n<p style=\"text-align: left\"><strong>Tereza Ang\u00e9lica Sales Barros\u00a0<\/strong><\/p>\n<p>Curso: Farm\u00e1cia<\/p>\n<p>Projeto: DESENVOLVIMENTO E VALIDA\u00c7\u00c3O TOXICOL\u00d3GICA DE NANOEMULS\u00d5ES INJET\u00c1VEIS CONTENDO GERANILGERANIOL EM ZEBRAFISH<\/p>\n<p>&nbsp;<\/p>\n<p><a href=\"http:\/\/www2.unifap.br\/farmacos\/files\/2024\/05\/Vinicius-Maciel-Vilhena-1-scaled.jpg\"><img loading=\"lazy\" decoding=\"async\" class=\"alignnone wp-image-307 alignleft\" src=\"http:\/\/www2.unifap.br\/farmacos\/files\/2024\/05\/Vinicius-Maciel-Vilhena-1-scaled-e1716834178147-261x300.jpg\" alt=\"\" width=\"151\" height=\"174\" srcset=\"https:\/\/www2.unifap.br\/farmacos\/files\/2024\/05\/Vinicius-Maciel-Vilhena-1-scaled-e1716834178147-261x300.jpg 261w, https:\/\/www2.unifap.br\/farmacos\/files\/2024\/05\/Vinicius-Maciel-Vilhena-1-scaled-e1716834178147-889x1024.jpg 889w, https:\/\/www2.unifap.br\/farmacos\/files\/2024\/05\/Vinicius-Maciel-Vilhena-1-scaled-e1716834178147-768x884.jpg 768w, https:\/\/www2.unifap.br\/farmacos\/files\/2024\/05\/Vinicius-Maciel-Vilhena-1-scaled-e1716834178147.jpg 1267w\" sizes=\"(max-width: 151px) 100vw, 151px\" \/><\/a><\/p>\n<p><strong>Vin\u00edcius Maciel Vilhena\u00a0<\/strong><\/p>\n<p>Curso: Medicina<\/p>\n<p>Projeto: VALIDA\u00c7\u00c3O PR\u00c9-CL\u00cdNICA DOS PRODUTOS CHRONIC\u00ae\ufe0f E CHRONIC-IN\u00ae\ufe0f SOBRE A RESPOSTA DINAP\u00caNICA EM RATOS WISTAR<\/p>\n","protected":false},"excerpt":{"rendered":"<p>Adrielly Yasmin Sousa dos Santos\u00a0 Curso: Medicina Projeto: VALIDA\u00c7\u00c3O FARMACOL\u00d3GICA DO \u03b2-CARIOFILENO E DO \u03b2-CARIOFILENO ASSOCIADO AO CRHONIC\u00ae\ufe0f EM MODELOS DE DOR NEUROG\u00caNICA, FIBROMIALGIA E EPILEPSIA EM RATOS WISTAR E CAMUNDONGOS &nbsp; Alessandra Ohana Nery Barcellos Curso: Medicina Projeto: VALIDA\u00c7\u00c3O&hellip; <\/p>\n<p><a href=\"https:\/\/www2.unifap.br\/farmacos\/iniciacao-cientifica\/\" class=\"readmore-button\">Continue Reading<\/a><\/p>\n","protected":false},"author":112,"featured_media":0,"parent":0,"menu_order":0,"comment_status":"open","ping_status":"open","template":"","meta":{"inline_featured_image":false,"ngg_post_thumbnail":0,"footnotes":""},"class_list":["post-12","page","type-page","status-publish","hentry"],"_links":{"self":[{"href":"https:\/\/www2.unifap.br\/farmacos\/wp-json\/wp\/v2\/pages\/12","targetHints":{"allow":["GET"]}}],"collection":[{"href":"https:\/\/www2.unifap.br\/farmacos\/wp-json\/wp\/v2\/pages"}],"about":[{"href":"https:\/\/www2.unifap.br\/farmacos\/wp-json\/wp\/v2\/types\/page"}],"author":[{"embeddable":true,"href":"https:\/\/www2.unifap.br\/farmacos\/wp-json\/wp\/v2\/users\/112"}],"replies":[{"embeddable":true,"href":"https:\/\/www2.unifap.br\/farmacos\/wp-json\/wp\/v2\/comments?post=12"}],"version-history":[{"count":17,"href":"https:\/\/www2.unifap.br\/farmacos\/wp-json\/wp\/v2\/pages\/12\/revisions"}],"predecessor-version":[{"id":317,"href":"https:\/\/www2.unifap.br\/farmacos\/wp-json\/wp\/v2\/pages\/12\/revisions\/317"}],"wp:attachment":[{"href":"https:\/\/www2.unifap.br\/farmacos\/wp-json\/wp\/v2\/media?parent=12"}],"curies":[{"name":"wp","href":"https:\/\/api.w.org\/{rel}","templated":true}]}}