{"id":18,"date":"2014-12-11T12:44:51","date_gmt":"2014-12-11T12:44:51","guid":{"rendered":"http:\/\/www2.unifap.br\/farmacos\/?page_id=18"},"modified":"2014-12-11T13:57:07","modified_gmt":"2014-12-11T13:57:07","slug":"lpfar","status":"publish","type":"page","link":"https:\/\/www2.unifap.br\/farmacos\/lpfar\/","title":{"rendered":"LPFar"},"content":{"rendered":"<p><a style=\"line-height: 1.5em\" href=\"http:\/\/www2.unifap.br\/farmacos\/files\/2014\/12\/DSC04825.jpg\"><img fetchpriority=\"high\" decoding=\"async\" class=\"alignleft size-medium wp-image-21\" alt=\"SONY DSC\" src=\"http:\/\/www2.unifap.br\/farmacos\/files\/2014\/12\/DSC04825-300x199.jpg\" width=\"300\" height=\"199\" srcset=\"https:\/\/www2.unifap.br\/farmacos\/files\/2014\/12\/DSC04825-300x199.jpg 300w, https:\/\/www2.unifap.br\/farmacos\/files\/2014\/12\/DSC04825-1024x681.jpg 1024w\" sizes=\"(max-width: 300px) 100vw, 300px\" \/><\/a><\/p>\n<p>&nbsp;<\/p>\n<p><strong>A pesquisa de f\u00e1rmacos no Brasil \u00e9 de suma import\u00e2ncia, devido a sua riqueza na biodiversidade, como tamb\u00e9m o grande n\u00famero de esp\u00e9cies ditas medicinais. A partir de estudos de algumas esp\u00e9cies brasileiras, o grupo tem produzido trabalhos importantes dentro do aspecto da valida\u00e7\u00e3o qu\u00edmica e farmacol\u00f3gica. Desta forma, tem-se trabalhado na elucida\u00e7\u00e3o de mecanismos pelos quais alguns produtos naturais podem desencadear seus efeitos biol\u00f3gicos.<\/strong><\/p>\n<p><strong>O grupo de Pesquisa em F\u00e1rmacos foi criado em 1997, e a cada ano vem ganhando repercuss\u00e3o, devido os projetos que ora est\u00e3o sendo desenvolvidos, na tentativa da valoriza\u00e7\u00e3o da biodiversidade amaz\u00f4nica. \u00a0<\/strong><\/p>\n<p><strong>The drug research in Brazil is of great importance due to its richness in biodiversity, but also the large number of medicinal\u00a0<span style=\"line-height: 1.5em\">species<\/span><span style=\"line-height: 1.5em\">. From studies of some Brazilian species, the group has produced important works in the aspect of chemical and pharmacological validation. Therefore, has been work to elucidate mechanisms by which some natural products can trigger biological effects.<\/span><\/strong><\/p>\n<p><strong>The group of Research on Drugs was established in 1997, and each year is gaining impact because the projects now being developed in an attempt valorization of Amazonian biodiversity.<\/strong><\/p>\n","protected":false},"excerpt":{"rendered":"<p>&nbsp; A pesquisa de f\u00e1rmacos no Brasil \u00e9 de suma import\u00e2ncia, devido a sua riqueza na biodiversidade, como tamb\u00e9m o grande n\u00famero de esp\u00e9cies ditas medicinais. A partir de estudos de algumas esp\u00e9cies brasileiras, o grupo tem produzido trabalhos importantes&hellip; <\/p>\n<p><a href=\"https:\/\/www2.unifap.br\/farmacos\/lpfar\/\" class=\"readmore-button\">Continue Reading<\/a><\/p>\n","protected":false},"author":112,"featured_media":0,"parent":0,"menu_order":0,"comment_status":"open","ping_status":"open","template":"","meta":{"inline_featured_image":false,"ngg_post_thumbnail":0,"footnotes":""},"class_list":["post-18","page","type-page","status-publish","hentry"],"_links":{"self":[{"href":"https:\/\/www2.unifap.br\/farmacos\/wp-json\/wp\/v2\/pages\/18","targetHints":{"allow":["GET"]}}],"collection":[{"href":"https:\/\/www2.unifap.br\/farmacos\/wp-json\/wp\/v2\/pages"}],"about":[{"href":"https:\/\/www2.unifap.br\/farmacos\/wp-json\/wp\/v2\/types\/page"}],"author":[{"embeddable":true,"href":"https:\/\/www2.unifap.br\/farmacos\/wp-json\/wp\/v2\/users\/112"}],"replies":[{"embeddable":true,"href":"https:\/\/www2.unifap.br\/farmacos\/wp-json\/wp\/v2\/comments?post=18"}],"version-history":[{"count":4,"href":"https:\/\/www2.unifap.br\/farmacos\/wp-json\/wp\/v2\/pages\/18\/revisions"}],"predecessor-version":[{"id":52,"href":"https:\/\/www2.unifap.br\/farmacos\/wp-json\/wp\/v2\/pages\/18\/revisions\/52"}],"wp:attachment":[{"href":"https:\/\/www2.unifap.br\/farmacos\/wp-json\/wp\/v2\/media?parent=18"}],"curies":[{"name":"wp","href":"https:\/\/api.w.org\/{rel}","templated":true}]}}