{"id":4,"date":"2014-12-11T12:18:06","date_gmt":"2014-12-11T12:18:06","guid":{"rendered":"http:\/\/www2.unifap.br\/farmacos\/?page_id=4"},"modified":"2024-05-27T19:13:53","modified_gmt":"2024-05-27T19:13:53","slug":"pos-graduandos","status":"publish","type":"page","link":"https:\/\/www2.unifap.br\/farmacos\/pos-graduandos\/","title":{"rendered":"P\u00f3s-Graduandos &#8211; Graduate students"},"content":{"rendered":"<p><strong>MESTRADO &#8211; MASTER&#8217;S DEGREE<\/strong><\/p>\n<p><a href=\"http:\/\/www2.unifap.br\/farmacos\/files\/2024\/05\/WhatsApp-Image-2024-05-23-at-12.04.04.jpeg\"><img decoding=\"async\" class=\"wp-image-272  alignleft\" src=\"http:\/\/www2.unifap.br\/farmacos\/files\/2024\/05\/WhatsApp-Image-2024-05-23-at-12.04.04-e1716778945400-248x300.jpeg\" alt=\"\" width=\"161\" height=\"195\" srcset=\"https:\/\/www2.unifap.br\/farmacos\/files\/2024\/05\/WhatsApp-Image-2024-05-23-at-12.04.04-e1716778945400-248x300.jpeg 248w, https:\/\/www2.unifap.br\/farmacos\/files\/2024\/05\/WhatsApp-Image-2024-05-23-at-12.04.04-e1716778945400-848x1024.jpeg 848w, https:\/\/www2.unifap.br\/farmacos\/files\/2024\/05\/WhatsApp-Image-2024-05-23-at-12.04.04-e1716778945400-768x928.jpeg 768w, https:\/\/www2.unifap.br\/farmacos\/files\/2024\/05\/WhatsApp-Image-2024-05-23-at-12.04.04-e1716778945400.jpeg 1068w\" sizes=\"(max-width: 161px) 100vw, 161px\" \/><\/a><\/p>\n<p><strong>Ana B\u00e1rbara Souza Viana<\/strong><\/p>\n<p>Nutricionista<\/p>\n<p>Projeto: Estudo da nanodispers\u00e3o injet\u00e1vel de beta-cariofileno em s\u00edndrome metab\u00f3lica aterog\u00eanica em ratos diab\u00e9ticos (PPGCF)<\/p>\n<p>&nbsp;<\/p>\n<p>&nbsp;<\/p>\n<p>&nbsp;<\/p>\n<p><strong>Nat\u00e1lya Gabriely Lobato Santos<\/strong><\/p>\n<p>Farmac\u00eautica<\/p>\n<p>Projeto: Estudo da nanodispers\u00e3o para aplica\u00e7\u00e3o nasal de beta-cariofileno em modelo de crises epileptiformes em zebrafish (PPGCF)<\/p>\n<p><strong>Andressa Ketelem Meireles Alberto<\/strong><\/p>\n<p>Farmac\u00eautica<\/p>\n<p>Projeto: Estudo da performance e toxicidade reprodutiva de ratos Wistar tratados com a nanodispers\u00e3o injet\u00e1vel de Bixa orellana (PPGCF)<\/p>\n<p><strong>DOUTORADO &#8211; DOCTORATE DEGREE<\/strong><\/p>\n<p><a href=\"http:\/\/www2.unifap.br\/farmacos\/files\/2024\/05\/WhatsApp-Image-2024-05-26-at-23.42.23.jpeg\"><img decoding=\"async\" class=\"wp-image-267  alignleft\" src=\"http:\/\/www2.unifap.br\/farmacos\/files\/2024\/05\/WhatsApp-Image-2024-05-26-at-23.42.23-e1716779370591-263x300.jpeg\" alt=\"\" width=\"165\" height=\"188\" srcset=\"https:\/\/www2.unifap.br\/farmacos\/files\/2024\/05\/WhatsApp-Image-2024-05-26-at-23.42.23-e1716779370591-263x300.jpeg 263w, https:\/\/www2.unifap.br\/farmacos\/files\/2024\/05\/WhatsApp-Image-2024-05-26-at-23.42.23-e1716779370591.jpeg 501w\" sizes=\"(max-width: 165px) 100vw, 165px\" \/><\/a><\/p>\n<p><strong>Aline Lopes do Nascimento<\/strong><\/p>\n<p>Farmac\u00eautica<\/p>\n<p>Projeto: Valida\u00e7\u00e3o t\u00f3xico-farmacol\u00f3gica pr\u00e9-cl\u00ednica do nutrac\u00eautico Ormona sobre a s\u00edndrome climat\u00e9rica<\/p>\n<p>&nbsp;<\/p>\n<p>&nbsp;<\/p>\n<p><a href=\"http:\/\/www2.unifap.br\/farmacos\/files\/2024\/05\/WhatsApp-Image-2024-05-23-at-14.06.24.jpeg\"><img decoding=\"async\" class=\"alignleft wp-image-266\" src=\"http:\/\/www2.unifap.br\/farmacos\/files\/2024\/05\/WhatsApp-Image-2024-05-23-at-14.06.24-300x300.jpeg\" alt=\"\" width=\"163\" height=\"163\" \/><\/a><strong>Ester Lopes de Melo<\/strong><\/p>\n<p>Farmac\u00eautica<\/p>\n<p>Projeto: ESTUDO DO NUTRAC\u00caUTICO TERASEN\u00ae (Euterpe oleracea, Myrciaria d\u00fabia, Bixa orellana e Astrocaryum aculeatum) SOBRE A LONGEVIDADE NO Caenorhabditis elegans E ANGIOG\u00caNESE NA MEMBRANA CORIOALANT\u00d3ICA DE EMBRI\u00d5ES DE GALINHA<\/p>\n<p>&nbsp;<\/p>\n","protected":false},"excerpt":{"rendered":"<p>MESTRADO &#8211; MASTER&#8217;S DEGREE Ana B\u00e1rbara Souza Viana Nutricionista Projeto: Estudo da nanodispers\u00e3o injet\u00e1vel de beta-cariofileno em s\u00edndrome metab\u00f3lica aterog\u00eanica em ratos diab\u00e9ticos (PPGCF) &nbsp; &nbsp; &nbsp; Nat\u00e1lya Gabriely Lobato Santos Farmac\u00eautica Projeto: Estudo da nanodispers\u00e3o para aplica\u00e7\u00e3o nasal de&hellip; <\/p>\n<p><a href=\"https:\/\/www2.unifap.br\/farmacos\/pos-graduandos\/\" class=\"readmore-button\">Continue Reading<\/a><\/p>\n","protected":false},"author":112,"featured_media":0,"parent":0,"menu_order":0,"comment_status":"open","ping_status":"open","template":"","meta":{"inline_featured_image":false,"ngg_post_thumbnail":0,"footnotes":""},"class_list":["post-4","page","type-page","status-publish","hentry"],"_links":{"self":[{"href":"https:\/\/www2.unifap.br\/farmacos\/wp-json\/wp\/v2\/pages\/4","targetHints":{"allow":["GET"]}}],"collection":[{"href":"https:\/\/www2.unifap.br\/farmacos\/wp-json\/wp\/v2\/pages"}],"about":[{"href":"https:\/\/www2.unifap.br\/farmacos\/wp-json\/wp\/v2\/types\/page"}],"author":[{"embeddable":true,"href":"https:\/\/www2.unifap.br\/farmacos\/wp-json\/wp\/v2\/users\/112"}],"replies":[{"embeddable":true,"href":"https:\/\/www2.unifap.br\/farmacos\/wp-json\/wp\/v2\/comments?post=4"}],"version-history":[{"count":15,"href":"https:\/\/www2.unifap.br\/farmacos\/wp-json\/wp\/v2\/pages\/4\/revisions"}],"predecessor-version":[{"id":318,"href":"https:\/\/www2.unifap.br\/farmacos\/wp-json\/wp\/v2\/pages\/4\/revisions\/318"}],"wp:attachment":[{"href":"https:\/\/www2.unifap.br\/farmacos\/wp-json\/wp\/v2\/media?parent=4"}],"curies":[{"name":"wp","href":"https:\/\/api.w.org\/{rel}","templated":true}]}}