{"id":46,"date":"2014-12-11T13:47:51","date_gmt":"2014-12-11T13:47:51","guid":{"rendered":"http:\/\/www2.unifap.br\/farmacos\/?page_id=46"},"modified":"2024-05-27T03:16:34","modified_gmt":"2024-05-27T03:16:34","slug":"pos-doc","status":"publish","type":"page","link":"https:\/\/www2.unifap.br\/farmacos\/pos-doc\/","title":{"rendered":"P\u00f3s-Doc"},"content":{"rendered":"<p><strong>Dr. Helison de Oliveira Carvalho<\/strong><\/p>\n<p>http:\/\/lattes.cnpq.br\/7205032999843643<\/p>\n<ul>\n<li>Doutorado: Inova\u00e7\u00e3o Farmac\u00eautica (PPGIF-UNIFAP, 2021)<\/li>\n<li>Mestrado: Ci\u00eancias da Sa\u00fade (PPGCS-UNIFAP, 2018)<\/li>\n<li>Especializa\u00e7\u00f5es:<br \/>\n&#8211; Per\u00edcia e Auditoria Ambiental (Anhanguera, 2022-2023)<br \/>\n&#8211; Biotecnologia (2023-2023)<\/li>\n<li>Gradua\u00e7\u00e3o: Farm\u00e1cia (UNIFAP, 2016)<\/li>\n<li>Experi\u00eancia em Pesquisa:<br \/>\n&#8211; Laborat\u00f3rio de Pesquisa em F\u00e1rmacos (LPF-UNIFAP) desde 2011<\/li>\n<\/ul>\n<p><a href=\"http:\/\/www2.unifap.br\/farmacos\/files\/2024\/05\/WhatsApp-Image-2024-05-23-at-12.01.46.jpeg\"><img fetchpriority=\"high\" decoding=\"async\" class=\"alignleft size-medium wp-image-275\" src=\"http:\/\/www2.unifap.br\/farmacos\/files\/2024\/05\/WhatsApp-Image-2024-05-23-at-12.01.46-300x296.jpeg\" alt=\"\" width=\"300\" height=\"296\" srcset=\"https:\/\/www2.unifap.br\/farmacos\/files\/2024\/05\/WhatsApp-Image-2024-05-23-at-12.01.46-300x296.jpeg 300w, https:\/\/www2.unifap.br\/farmacos\/files\/2024\/05\/WhatsApp-Image-2024-05-23-at-12.01.46-768x757.jpeg 768w, https:\/\/www2.unifap.br\/farmacos\/files\/2024\/05\/WhatsApp-Image-2024-05-23-at-12.01.46-70x70.jpeg 70w, https:\/\/www2.unifap.br\/farmacos\/files\/2024\/05\/WhatsApp-Image-2024-05-23-at-12.01.46.jpeg 828w\" sizes=\"(max-width: 300px) 100vw, 300px\" \/><\/a><\/p>\n<p>&nbsp;<\/p>\n<p>&nbsp;<\/p>\n<p>&nbsp;<\/p>\n<p>&nbsp;<\/p>\n<p>&nbsp;<\/p>\n<p>&nbsp;<\/p>\n<p>&nbsp;<\/p>\n<p>&nbsp;<\/p>\n<p>&nbsp;<\/p>\n","protected":false},"excerpt":{"rendered":"<p>Dr. Helison de Oliveira Carvalho http:\/\/lattes.cnpq.br\/7205032999843643 Doutorado: Inova\u00e7\u00e3o Farmac\u00eautica (PPGIF-UNIFAP, 2021) Mestrado: Ci\u00eancias da Sa\u00fade (PPGCS-UNIFAP, 2018) Especializa\u00e7\u00f5es: &#8211; Per\u00edcia e Auditoria Ambiental (Anhanguera, 2022-2023) &#8211; Biotecnologia (2023-2023) Gradua\u00e7\u00e3o: Farm\u00e1cia (UNIFAP, 2016) Experi\u00eancia em Pesquisa: &#8211; Laborat\u00f3rio de Pesquisa em&hellip; <\/p>\n<p><a href=\"https:\/\/www2.unifap.br\/farmacos\/pos-doc\/\" class=\"readmore-button\">Continue Reading<\/a><\/p>\n","protected":false},"author":112,"featured_media":0,"parent":0,"menu_order":0,"comment_status":"open","ping_status":"open","template":"","meta":{"inline_featured_image":false,"ngg_post_thumbnail":0,"footnotes":""},"class_list":["post-46","page","type-page","status-publish","hentry"],"_links":{"self":[{"href":"https:\/\/www2.unifap.br\/farmacos\/wp-json\/wp\/v2\/pages\/46","targetHints":{"allow":["GET"]}}],"collection":[{"href":"https:\/\/www2.unifap.br\/farmacos\/wp-json\/wp\/v2\/pages"}],"about":[{"href":"https:\/\/www2.unifap.br\/farmacos\/wp-json\/wp\/v2\/types\/page"}],"author":[{"embeddable":true,"href":"https:\/\/www2.unifap.br\/farmacos\/wp-json\/wp\/v2\/users\/112"}],"replies":[{"embeddable":true,"href":"https:\/\/www2.unifap.br\/farmacos\/wp-json\/wp\/v2\/comments?post=46"}],"version-history":[{"count":5,"href":"https:\/\/www2.unifap.br\/farmacos\/wp-json\/wp\/v2\/pages\/46\/revisions"}],"predecessor-version":[{"id":276,"href":"https:\/\/www2.unifap.br\/farmacos\/wp-json\/wp\/v2\/pages\/46\/revisions\/276"}],"wp:attachment":[{"href":"https:\/\/www2.unifap.br\/farmacos\/wp-json\/wp\/v2\/media?parent=46"}],"curies":[{"name":"wp","href":"https:\/\/api.w.org\/{rel}","templated":true}]}}