{"id":2983,"date":"2016-09-24T14:45:00","date_gmt":"2016-09-24T14:45:00","guid":{"rendered":"http:\/\/www2.unifap.br\/fisica\/?page_id=2983"},"modified":"2016-09-24T14:45:00","modified_gmt":"2016-09-24T14:45:00","slug":"2o-ciclo-de-fisica-matematica","status":"publish","type":"page","link":"https:\/\/www2.unifap.br\/fisica\/eventos\/eventos-realizados\/2o-ciclo-de-fisica-matematica\/","title":{"rendered":"2\u00ba Ciclo de F\u00edsica Matem\u00e1tica"},"content":{"rendered":"<p><strong>====================\u00a0\u00a0II Ciclo de F\u00edsica Matem\u00e1tica\u00a0====================\u00a0<\/strong><\/p>\n<p>Foi realizado nos dias 19 e 20 de dezembro de 2012 o II Ciclo de F\u00edsica Matem\u00e1tica, com a participa\u00e7\u00e3o dos palestrantes: Dr. Victor M. Aguila, Dr. Robert R. M. Zamora, Msc. Paulo Soledade junior, Msc. Jefferson F. Mesquita, Dr. Helyelson Paredes, Dr. Ederson Staudt, Mes. Sandro Figueiredo, Esp. Jo\u00e3o Ferreira , as apresenta\u00e7\u00f5es abordaram assuntos relacionados \u00e0 f\u00edsica e matem\u00e1tica aplicadas:\u00a0 Introdu\u00e7\u00e3o \u00e0 Resson\u00e2ncia magn\u00e9tica Nuclear, For\u00e7as Intermoleculares, Litografia for feixe de el\u00e9trons, Teoria de Grupos, Levantamento Geof\u00edsico aplicado e estudos Arqueol\u00f3gicos no Estado do Amap\u00e1, A Aventura das part\u00edculas, For\u00e7a capilar na escala nano: Tratamento Fractal, A discretiza\u00e7\u00e3o de energia na mec\u00e2nica qu\u00e2ntica atrav\u00e9s dos polin\u00f4mios de Hermite.<\/p>\n<p>FOTOS:<\/p>\n<p><strong>Ministrante:<\/strong>\u00a0Dr. Victor M. Aguila<\/p>\n<p><strong>Curso:\u00a0<\/strong>Introdu\u00e7\u00e3o \u00e0 Resson\u00e2ncia magn\u00e9tica Nuclear<\/p>\n<p><a href=\"http:\/\/www2.unifap.br\/pet-fisica\/files\/2012\/12\/victor.jpg\"><img decoding=\"async\" alt=\"\" src=\"http:\/\/www2.unifap.br\/pet-fisica\/files\/2012\/12\/victor-1024x768.jpg\" width=\"224\" height=\"153\" \/><\/a><a href=\"http:\/\/www2.unifap.br\/pet-fisica\/files\/2012\/12\/victor2.jpg\"><img decoding=\"async\" alt=\"\" src=\"http:\/\/www2.unifap.br\/pet-fisica\/files\/2012\/12\/victor2-1024x768.jpg\" width=\"224\" height=\"153\" \/><\/a><strong><\/strong><\/p>\n<p><strong>Ministrante:<\/strong>\u00a0Dr. Robert R. M. Zamora<\/p>\n<p><strong>Curso:\u00a0<\/strong>For\u00e7as Intermoleculares<\/p>\n<p><a href=\"http:\/\/www2.unifap.br\/pet-fisica\/files\/2012\/12\/zamora1.jpg\"><img decoding=\"async\" alt=\"\" src=\"http:\/\/www2.unifap.br\/pet-fisica\/files\/2012\/12\/zamora1-1024x768.jpg\" width=\"224\" height=\"153\" \/><\/a><a href=\"http:\/\/www2.unifap.br\/pet-fisica\/files\/2012\/12\/zamora2.jpg\"><img loading=\"lazy\" decoding=\"async\" alt=\"\" src=\"http:\/\/www2.unifap.br\/pet-fisica\/files\/2012\/12\/zamora2-1024x768.jpg\" width=\"224\" height=\"153\" \/><\/a><strong><\/strong><\/p>\n<p><strong>Ministrante:<\/strong>\u00a0Msc. Paulo Soledade junior<\/p>\n<p><strong>Curso:\u00a0<\/strong>Litografia for feixe de el\u00e9trons<\/p>\n<p><a href=\"http:\/\/www2.unifap.br\/pet-fisica\/files\/2012\/12\/paulo.jpg\"><img loading=\"lazy\" decoding=\"async\" alt=\"\" src=\"http:\/\/www2.unifap.br\/pet-fisica\/files\/2012\/12\/paulo-1024x768.jpg\" width=\"224\" height=\"153\" \/><\/a><a href=\"http:\/\/www2.unifap.br\/pet-fisica\/files\/2012\/12\/paulo2.jpg\"><img loading=\"lazy\" decoding=\"async\" alt=\"\" src=\"http:\/\/www2.unifap.br\/pet-fisica\/files\/2012\/12\/paulo2-1024x768.jpg\" width=\"224\" height=\"153\" \/><\/a><strong><\/strong><\/p>\n<p><strong>Ministrante:<\/strong>\u00a0Msc. Jefferson F. Mesquita<\/p>\n<p><strong>Curso:\u00a0<\/strong>Teoria de Grupos<\/p>\n<p><a href=\"http:\/\/www2.unifap.br\/pet-fisica\/files\/2012\/12\/mesquita.jpg\"><img loading=\"lazy\" decoding=\"async\" alt=\"\" src=\"http:\/\/www2.unifap.br\/pet-fisica\/files\/2012\/12\/mesquita-1024x768.jpg\" width=\"224\" height=\"153\" \/><\/a><a href=\"http:\/\/www2.unifap.br\/pet-fisica\/files\/2012\/12\/mesquita2.jpg\"><img loading=\"lazy\" decoding=\"async\" alt=\"\" src=\"http:\/\/www2.unifap.br\/pet-fisica\/files\/2012\/12\/mesquita2-1024x768.jpg\" width=\"224\" height=\"153\" \/><\/a><strong><\/strong><\/p>\n<p><strong>Ministrante:<\/strong>\u00a0Dr. Helyelson Paredes<\/p>\n<p><strong>Curso:\u00a0<\/strong>Levantamento Geof\u00edsico aplicado e estudos Arqueol\u00f3gicos no Estado do Amap\u00e1<\/p>\n<p><a href=\"http:\/\/www2.unifap.br\/pet-fisica\/files\/2012\/12\/Helyelson2.jpg\"><img loading=\"lazy\" decoding=\"async\" alt=\"\" src=\"http:\/\/www2.unifap.br\/pet-fisica\/files\/2012\/12\/Helyelson2-1024x768.jpg\" width=\"224\" height=\"153\" \/><\/a><a href=\"http:\/\/www2.unifap.br\/pet-fisica\/files\/2012\/12\/Helyelson.jpg\"><img loading=\"lazy\" decoding=\"async\" alt=\"\" src=\"http:\/\/www2.unifap.br\/pet-fisica\/files\/2012\/12\/Helyelson-1024x768.jpg\" width=\"224\" height=\"153\" \/><\/a><strong><\/strong><\/p>\n<p>&nbsp;<\/p>\n<p><strong>Ministrante:<\/strong>\u00a0Dr. Ederson Staudt<\/p>\n<p><strong>Curso:\u00a0<\/strong>A Aventura das part\u00edculas<\/p>\n<p><a href=\"http:\/\/www2.unifap.br\/pet-fisica\/files\/2012\/12\/ederson.jpg\"><img loading=\"lazy\" decoding=\"async\" alt=\"\" src=\"http:\/\/www2.unifap.br\/pet-fisica\/files\/2012\/12\/ederson-1024x768.jpg\" width=\"224\" height=\"153\" \/><\/a><a href=\"http:\/\/www2.unifap.br\/pet-fisica\/files\/2012\/12\/ederson2.jpg\"><img loading=\"lazy\" decoding=\"async\" alt=\"\" src=\"http:\/\/www2.unifap.br\/pet-fisica\/files\/2012\/12\/ederson2-1024x768.jpg\" width=\"224\" height=\"153\" \/><\/a><strong><\/strong><\/p>\n<p>&nbsp;<\/p>\n<p><strong>Ministrante:\u00a0<\/strong>Mes. Sandro Figueiredo<\/p>\n<p><strong>Curso:\u00a0<\/strong>For\u00e7a capilar na escala nano: Tratamento Fractal<\/p>\n<p><a href=\"http:\/\/www2.unifap.br\/pet-fisica\/files\/2012\/12\/sandro.jpg\"><img loading=\"lazy\" decoding=\"async\" alt=\"\" src=\"http:\/\/www2.unifap.br\/pet-fisica\/files\/2012\/12\/sandro-1024x768.jpg\" width=\"224\" height=\"153\" \/><\/a><a href=\"http:\/\/www2.unifap.br\/pet-fisica\/files\/2012\/12\/sandro2.jpg\"><img loading=\"lazy\" decoding=\"async\" alt=\"\" src=\"http:\/\/www2.unifap.br\/pet-fisica\/files\/2012\/12\/sandro2-1024x768.jpg\" width=\"224\" height=\"153\" \/><\/a><strong><\/strong><\/p>\n<p>&nbsp;<\/p>\n<p><strong>Ministrante:<\/strong>\u00a0Esp. Jo\u00e3o Ferreira<\/p>\n<p><strong>Curso:\u00a0<\/strong>A discretiza\u00e7\u00e3o de energia na mec\u00e2nica qu\u00e2ntica atrav\u00e9s dos polin\u00f4mios de Hermite<\/p>\n<p><a href=\"http:\/\/www2.unifap.br\/pet-fisica\/files\/2012\/12\/joao.jpg\"><img loading=\"lazy\" decoding=\"async\" alt=\"\" src=\"http:\/\/www2.unifap.br\/pet-fisica\/files\/2012\/12\/joao-1024x768.jpg\" width=\"224\" height=\"153\" \/><\/a><a href=\"http:\/\/www2.unifap.br\/pet-fisica\/files\/2012\/12\/joao2.jpg\"><img loading=\"lazy\" decoding=\"async\" alt=\"\" src=\"http:\/\/www2.unifap.br\/pet-fisica\/files\/2012\/12\/joao2-1024x768.jpg\" width=\"224\" height=\"153\" \/><\/a><\/p>\n<p>&nbsp;<\/p>\n","protected":false},"excerpt":{"rendered":"<p>====================\u00a0\u00a0II Ciclo de F\u00edsica Matem\u00e1tica\u00a0====================\u00a0 Foi realizado nos dias 19 e 20 de dezembro de 2012 o II Ciclo de F\u00edsica Matem\u00e1tica, com a participa\u00e7\u00e3o dos palestrantes: Dr. Victor M. Aguila, Dr. Robert R. M. Zamora, Msc. Paulo Soledade junior, Msc. Jefferson F. Mesquita, Dr. Helyelson Paredes, Dr. Ederson Staudt, Mes. Sandro Figueiredo, Esp. Jo\u00e3o&#8230;<\/p>\n","protected":false},"author":908,"featured_media":0,"parent":2968,"menu_order":0,"comment_status":"open","ping_status":"open","template":"","meta":{"inline_featured_image":false,"ngg_post_thumbnail":0,"footnotes":""},"class_list":["post-2983","page","type-page","status-publish","hentry","entry"],"_links":{"self":[{"href":"https:\/\/www2.unifap.br\/fisica\/wp-json\/wp\/v2\/pages\/2983","targetHints":{"allow":["GET"]}}],"collection":[{"href":"https:\/\/www2.unifap.br\/fisica\/wp-json\/wp\/v2\/pages"}],"about":[{"href":"https:\/\/www2.unifap.br\/fisica\/wp-json\/wp\/v2\/types\/page"}],"author":[{"embeddable":true,"href":"https:\/\/www2.unifap.br\/fisica\/wp-json\/wp\/v2\/users\/908"}],"replies":[{"embeddable":true,"href":"https:\/\/www2.unifap.br\/fisica\/wp-json\/wp\/v2\/comments?post=2983"}],"version-history":[{"count":1,"href":"https:\/\/www2.unifap.br\/fisica\/wp-json\/wp\/v2\/pages\/2983\/revisions"}],"predecessor-version":[{"id":2984,"href":"https:\/\/www2.unifap.br\/fisica\/wp-json\/wp\/v2\/pages\/2983\/revisions\/2984"}],"up":[{"embeddable":true,"href":"https:\/\/www2.unifap.br\/fisica\/wp-json\/wp\/v2\/pages\/2968"}],"wp:attachment":[{"href":"https:\/\/www2.unifap.br\/fisica\/wp-json\/wp\/v2\/media?parent=2983"}],"curies":[{"name":"wp","href":"https:\/\/api.w.org\/{rel}","templated":true}]}}