{"id":3070,"date":"2017-06-10T22:59:11","date_gmt":"2017-06-10T22:59:11","guid":{"rendered":"http:\/\/www2.unifap.br\/fisica\/?page_id=3070"},"modified":"2017-08-14T17:36:20","modified_gmt":"2017-08-14T17:36:20","slug":"2o-encontro-de-fisica-do-amapa","status":"publish","type":"page","link":"https:\/\/www2.unifap.br\/fisica\/eventos\/eventos-realizados\/2o-encontro-de-fisica-do-amapa\/","title":{"rendered":"2\u00ba Encontro de F\u00edsica do Amap\u00e1"},"content":{"rendered":"<p>Em breve postaremos fotos das atividades realizadas no 2\u00ba Encontro de F\u00edsica do Amap\u00e1<\/p>\n<p>Para acessar os certificados de participa\u00e7\u00e3o, clique <a href=\"https:\/\/www.dropbox.com\/sh\/cchtpe5j6av3h5h\/AABqZdl517VaQVKSI60Z-llqa?dl=0\">aqui<\/a><\/p>\n<p>Certificados expositores &#8211; <a href=\"https:\/\/www.dropbox.com\/sh\/mxjk1g04kpv4nxv\/AAA20WaYWJ9hOWMa5NxoHP-Ca?dl=0\">link<\/a><\/p>\n<p>Certificados palestrantes &#8211; <a href=\"https:\/\/www.dropbox.com\/sh\/oflokbdlhy7216k\/AACRQUrOz4Oo0a9or1TqUtlna?dl=0\">link<\/a><\/p>\n","protected":false},"excerpt":{"rendered":"<p>Em breve postaremos fotos das atividades realizadas no 2\u00ba Encontro de F\u00edsica do Amap\u00e1 Para acessar os certificados de participa\u00e7\u00e3o, clique aqui Certificados expositores &#8211; link Certificados palestrantes &#8211; link<\/p>\n","protected":false},"author":908,"featured_media":0,"parent":2968,"menu_order":0,"comment_status":"open","ping_status":"open","template":"","meta":{"inline_featured_image":false,"ngg_post_thumbnail":0,"footnotes":""},"class_list":["post-3070","page","type-page","status-publish","hentry","entry"],"_links":{"self":[{"href":"https:\/\/www2.unifap.br\/fisica\/wp-json\/wp\/v2\/pages\/3070","targetHints":{"allow":["GET"]}}],"collection":[{"href":"https:\/\/www2.unifap.br\/fisica\/wp-json\/wp\/v2\/pages"}],"about":[{"href":"https:\/\/www2.unifap.br\/fisica\/wp-json\/wp\/v2\/types\/page"}],"author":[{"embeddable":true,"href":"https:\/\/www2.unifap.br\/fisica\/wp-json\/wp\/v2\/users\/908"}],"replies":[{"embeddable":true,"href":"https:\/\/www2.unifap.br\/fisica\/wp-json\/wp\/v2\/comments?post=3070"}],"version-history":[{"count":3,"href":"https:\/\/www2.unifap.br\/fisica\/wp-json\/wp\/v2\/pages\/3070\/revisions"}],"predecessor-version":[{"id":3076,"href":"https:\/\/www2.unifap.br\/fisica\/wp-json\/wp\/v2\/pages\/3070\/revisions\/3076"}],"up":[{"embeddable":true,"href":"https:\/\/www2.unifap.br\/fisica\/wp-json\/wp\/v2\/pages\/2968"}],"wp:attachment":[{"href":"https:\/\/www2.unifap.br\/fisica\/wp-json\/wp\/v2\/media?parent=3070"}],"curies":[{"name":"wp","href":"https:\/\/api.w.org\/{rel}","templated":true}]}}