{"id":4264,"date":"2022-10-29T11:37:24","date_gmt":"2022-10-29T11:37:24","guid":{"rendered":"https:\/\/www2.unifap.br\/fisica\/?page_id=4264"},"modified":"2025-02-21T17:28:50","modified_gmt":"2025-02-21T17:28:50","slug":"matriz-curricular","status":"publish","type":"page","link":"https:\/\/www2.unifap.br\/fisica\/graduacao\/matriz-curricular\/","title":{"rendered":"Matriz Curricular e Ementas"},"content":{"rendered":"<p>&nbsp;<\/p>\n<header>\n<table style=\"width: 100%;border-collapse: collapse;margin-top: 20px\" border=\"1\">\n<thead>\n<tr>\n<th style=\"text-align: center;font-weight: bold;background-color: #f2f2f2\" colspan=\"3\">Dados da Estrutura Curricular<\/th>\n<\/tr>\n<\/thead>\n<tbody>\n<tr>\n<td><strong>C\u00f3digo<\/strong><\/td>\n<td colspan=\"2\">383<\/td>\n<\/tr>\n<tr>\n<td><strong>Matriz Curricular<\/strong><\/td>\n<td colspan=\"2\">F\u00cdSICA &#8211; Macap\u00e1 &#8211; Presencial &#8211; T &#8211; LICENCIATURA<\/td>\n<\/tr>\n<tr>\n<td><strong>Unidade de Vincula\u00e7\u00e3o<\/strong><\/td>\n<td colspan=\"2\">DEPARTAMENTO DE CI\u00caNCIAS EXATAS E TECNOLOGIAS &#8211; DCET<\/td>\n<\/tr>\n<tr>\n<td><strong>Munic\u00edpio de Funcionamento<\/strong><\/td>\n<td colspan=\"2\">Macap\u00e1-AP<\/td>\n<\/tr>\n<tr>\n<td rowspan=\"2\"><strong>Exig\u00eancia<\/strong><\/td>\n<td><strong>Disciplinas Obrigat\u00f3rias<\/strong><\/td>\n<td>2745h<\/td>\n<\/tr>\n<tr>\n<td><strong>Disciplinas Optativas<\/strong><\/td>\n<td>180h<\/td>\n<\/tr>\n<tr>\n<td><strong>Prazo<\/strong><\/td>\n<td><strong>M\u00ednimo<\/strong><\/td>\n<td>3,5 anos<\/td>\n<\/tr>\n<tr>\n<td>&nbsp;<\/td>\n<td><strong>Padr\u00e3o<\/strong><\/td>\n<td>4,0 anos<\/td>\n<\/tr>\n<\/tbody>\n<\/table>\n<h1>Estrutura Curricular do Curso de Licenciatura em F\u00edsica<\/h1>\n<p>Bem-vindo \u00e0 organiza\u00e7\u00e3o das disciplinas do curso, distribu\u00eddas por per\u00edodos\/semestres. Utilize esta estrutura para planejar seus estudos e maximizar sua experi\u00eancia acad\u00eamica. Para acessar as ementas e mais detalhes sobre cada disciplina, basta passar o mouse sobre ela e clicar no link correspondente.<\/p>\n<\/header>\n<table border=\"1\">\n<thead>\n<tr>\n<th>Per\u00edodo<\/th>\n<th>C\u00f3digo<\/th>\n<th>Disciplina<\/th>\n<th>Cr\u00e9ditos<\/th>\n<th>Carga Hor\u00e1ria (h)<\/th>\n<th>Tipo<\/th>\n<\/tr>\n<\/thead>\n<tbody><!-- 1\u00ba Per\u00edodo --><\/p>\n<tr>\n<td rowspan=\"6\">1\u00ba<\/td>\n<td>DCE0007<\/td>\n<td><a href=\"http:\/\/www2.unifap.br\/fisica\/files\/2025\/01\/PSICOLOGIA_DA_EDUCACAO_assinado.pdf\">Psicologia da Educa\u00e7\u00e3o<\/a><\/td>\n<td>4<\/td>\n<td>60<\/td>\n<td>Obrigat\u00f3ria<\/td>\n<\/tr>\n<tr>\n<td>EN0103<\/td>\n<td><a href=\"http:\/\/www2.unifap.br\/fisica\/files\/2025\/01\/CALCULO_DIFERENCIAL_E_INTEGRAL_I_assinado.pdf\">C\u00e1lculo Diferencial e Integral I<\/a><\/td>\n<td>6<\/td>\n<td>90<\/td>\n<td>Obrigat\u00f3ria<\/td>\n<\/tr>\n<tr>\n<td>EN0105<\/td>\n<td><a href=\"http:\/\/www2.unifap.br\/fisica\/files\/2025\/01\/CALCULO_VETORIAL_E_GEOMETRIA_ANALITICA_assinado.pdf\">C\u00e1lculo Vetorial e Geometria Anal\u00edtica<\/a><\/td>\n<td>4<\/td>\n<td>60<\/td>\n<td>Obrigat\u00f3ria<\/td>\n<\/tr>\n<tr>\n<td>EN07021<\/td>\n<td><a href=\"http:\/\/www2.unifap.br\/fisica\/files\/2025\/01\/PROBABILIDADE_E_ESTATISTICA_assinado.pdf\">Probabilidade e Estat\u00edstica<\/a><\/td>\n<td>4<\/td>\n<td>60<\/td>\n<td>Obrigat\u00f3ria<\/td>\n<\/tr>\n<tr>\n<td>FI0120<\/td>\n<td><a href=\"http:\/\/www2.unifap.br\/fisica\/files\/2025\/01\/POLITICA_E_LEGISLACAO_DA_EDUCACAO_BRASILEIRA_assinado.pdf\">Pol\u00edtica e Legisla\u00e7\u00e3o Educacional Brasileira<\/a><\/td>\n<td>4<\/td>\n<td>60<\/td>\n<td>Obrigat\u00f3ria<\/td>\n<\/tr>\n<tr>\n<td>LA01672<\/td>\n<td><a href=\"http:\/\/www2.unifap.br\/fisica\/files\/2025\/01\/PORTUGUES_INSTRUMENTAL_assinado.pdf\">Portugu\u00eas Instrumental<\/a><\/td>\n<td>4<\/td>\n<td>60<\/td>\n<td>Obrigat\u00f3ria<\/td>\n<\/tr>\n<tr>\n<td colspan=\"5\"><strong>Carga Hor\u00e1ria Total do Semestre<\/strong><\/td>\n<td><strong>390<\/strong><\/td>\n<\/tr>\n<p><!-- 2\u00ba Per\u00edodo --><\/p>\n<tr>\n<td rowspan=\"6\">2\u00ba<\/td>\n<td>DCE0006<\/td>\n<td><a href=\"http:\/\/www2.unifap.br\/fisica\/files\/2025\/01\/SOCIOLOGIA_DA_EDUCACAO_assinado.pdf\">Sociologia da Educa\u00e7\u00e3o<\/a><\/td>\n<td>4<\/td>\n<td>60<\/td>\n<td>Obrigat\u00f3ria<\/td>\n<\/tr>\n<tr>\n<td>EN0104<\/td>\n<td><a href=\"http:\/\/www2.unifap.br\/fisica\/files\/2025\/01\/CALCULO_DIFERENCIAL_E_INTEGRAL_II_assinado.pdf\">C\u00e1lculo Diferencial e Integral II<\/a><\/td>\n<td>6<\/td>\n<td>90<\/td>\n<td>Obrigat\u00f3ria<\/td>\n<\/tr>\n<tr>\n<td>EN0246<\/td>\n<td><a href=\"http:\/\/www2.unifap.br\/fisica\/files\/2025\/01\/FISICA_BASICA_I_assinado.pdf\">F\u00edsica B\u00e1sica I<\/a><\/td>\n<td>6<\/td>\n<td>90<\/td>\n<td>Obrigat\u00f3ria<\/td>\n<\/tr>\n<tr>\n<td>FI0102<\/td>\n<td><a href=\"http:\/\/www2.unifap.br\/fisica\/files\/2025\/01\/INTRODUCAO_A_METODOLOGIA_DA_PESQUISA_EM_FISICA_assinado.pdf\">Introdu\u00e7\u00e3o \u00e0 Metodologia da Pesquisa em F\u00edsica<\/a><\/td>\n<td>3<\/td>\n<td>45<\/td>\n<td>Obrigat\u00f3ria<\/td>\n<\/tr>\n<tr>\n<td>FI0103<\/td>\n<td><a href=\"http:\/\/www2.unifap.br\/fisica\/files\/2025\/01\/PRATICA_NO_ENSINO_DE_FISICA_I_assinado.pdf\">Pr\u00e1tica no Ensino de F\u00edsica I<\/a><\/td>\n<td>3<\/td>\n<td>45<\/td>\n<td>Obrigat\u00f3ria<\/td>\n<\/tr>\n<tr>\n<td>FI0137<\/td>\n<td><a href=\"http:\/\/www2.unifap.br\/fisica\/files\/2025\/01\/INTRODUCAO_A_INFORMATICA_E_PROGRAMACAO_assinado.pdf\">Introdu\u00e7\u00e3o \u00e0 Inform\u00e1tica e Programa\u00e7\u00e3o<\/a><\/td>\n<td>3<\/td>\n<td>45<\/td>\n<td>Obrigat\u00f3ria<\/td>\n<\/tr>\n<tr>\n<td colspan=\"5\"><strong>Carga Hor\u00e1ria Total do Semestre<\/strong><\/td>\n<td><strong>375<\/strong><\/td>\n<\/tr>\n<p><!-- 3\u00ba Per\u00edodo --><\/p>\n<tr>\n<td rowspan=\"6\">3\u00ba<\/td>\n<td>CJ0309<\/td>\n<td><a href=\"http:\/\/www2.unifap.br\/fisica\/files\/2025\/01\/FILOSOFIA_E_ETICA_PROFISSIONAL_assinado.pdf\">Filosofia e \u00c9tica Profissional<\/a><\/td>\n<td>4<\/td>\n<td>60<\/td>\n<td>Obrigat\u00f3ria<\/td>\n<\/tr>\n<tr>\n<td>CS1124<\/td>\n<td><a href=\"http:\/\/www2.unifap.br\/fisica\/files\/2025\/01\/LABORATORIO_BASICO_I_assinado.pdf\">Laborat\u00f3rio B\u00e1sico I<\/a><\/td>\n<td>4<\/td>\n<td>60<\/td>\n<td>Obrigat\u00f3ria<\/td>\n<\/tr>\n<tr>\n<td>EN0247<\/td>\n<td><a href=\"http:\/\/www2.unifap.br\/fisica\/files\/2025\/01\/FISICA_BASICA_II_assinado.pdf\">F\u00edsica B\u00e1sica II<\/a><\/td>\n<td>6<\/td>\n<td>90<\/td>\n<td>Obrigat\u00f3ria<\/td>\n<\/tr>\n<tr>\n<td>EN0759<\/td>\n<td><a href=\"http:\/\/www2.unifap.br\/fisica\/files\/2025\/01\/CALCULO_DIFERENCIAL_E_INTEGRAL_III_assinado.pdf\">C\u00e1lculo Diferencial e Integral III<\/a><\/td>\n<td>6<\/td>\n<td>90<\/td>\n<td>Obrigat\u00f3ria<\/td>\n<\/tr>\n<tr>\n<td>FI0104<\/td>\n<td><a href=\"http:\/\/www2.unifap.br\/fisica\/files\/2025\/01\/PRATICA_NO_ENSINO_DE_FISICA_II_assinado.pdf\">Pr\u00e1tica no Ensino de F\u00edsica II<\/a><\/td>\n<td>3<\/td>\n<td>45<\/td>\n<td>Obrigat\u00f3ria<\/td>\n<\/tr>\n<tr>\n<td>FI0107<\/td>\n<td><a href=\"http:\/\/www2.unifap.br\/fisica\/files\/2025\/01\/ALGEBRA_LINEAR_assinado.pdf\">\u00c1lgebra Linear<\/a><\/td>\n<td>4<\/td>\n<td>60<\/td>\n<td>Obrigat\u00f3ria<\/td>\n<\/tr>\n<tr>\n<td colspan=\"5\"><strong>Carga Hor\u00e1ria Total do Semestre<\/strong><\/td>\n<td><strong>405<\/strong><\/td>\n<\/tr>\n<p><!-- 4\u00ba Per\u00edodo --><\/p>\n<tr>\n<td rowspan=\"6\">4\u00ba<\/td>\n<td>CS1125<\/td>\n<td><a href=\"http:\/\/www2.unifap.br\/fisica\/files\/2025\/01\/LABORATORIO_BASICO_II_assinado.pdf\">Laborat\u00f3rio B\u00e1sico II<\/a><\/td>\n<td>4<\/td>\n<td>60<\/td>\n<td>Obrigat\u00f3ria<\/td>\n<\/tr>\n<tr>\n<td>EN0111<\/td>\n<td><a href=\"http:\/\/www2.unifap.br\/fisica\/files\/2025\/01\/EQUACOES_DIFERENCIAIS_ORDINARIAS_assinado.pdf\">Equa\u00e7\u00f5es Diferenciais<\/a><\/td>\n<td>6<\/td>\n<td>90<\/td>\n<td>Obrigat\u00f3ria<\/td>\n<\/tr>\n<tr>\n<td>EN0248<\/td>\n<td><a href=\"http:\/\/www2.unifap.br\/fisica\/files\/2025\/01\/FISICA_BASICA_III_assinado.pdf\">F\u00edsica B\u00e1sica III<\/a><\/td>\n<td>6<\/td>\n<td>90<\/td>\n<td>Obrigat\u00f3ria<\/td>\n<\/tr>\n<tr>\n<td>EN0760<\/td>\n<td><a href=\"http:\/\/www2.unifap.br\/fisica\/files\/2025\/01\/PRATICAS_COMPUTACIONAIS_NO_ENSINO_DE_FISICA_assinado.pdf\">Pr\u00e1tica Computacional no Ensino de F\u00edsica<\/a><\/td>\n<td>5<\/td>\n<td>75<\/td>\n<td>Obrigat\u00f3ria<\/td>\n<\/tr>\n<tr>\n<td>FI0105<\/td>\n<td><a href=\"http:\/\/www2.unifap.br\/fisica\/files\/2025\/01\/PRATICA_NO_ENSINO_DE_FISICA_III_assinado.pdf\">Pr\u00e1tica no Ensino de F\u00edsica III<\/a><\/td>\n<td>3<\/td>\n<td>45<\/td>\n<td>Obrigat\u00f3ria<\/td>\n<\/tr>\n<tr>\n<td colspan=\"5\"><strong>Carga Hor\u00e1ria Total do Semestre<\/strong><\/td>\n<td><strong>360<\/strong><\/td>\n<\/tr>\n<p><!-- 5\u00ba ao 8\u00ba Per\u00edodos --><\/p>\n<tr>\n<td rowspan=\"6\">5\u00ba<\/td>\n<td>ED0303<\/td>\n<td><a href=\"http:\/\/www2.unifap.br\/fisica\/files\/2025\/01\/DIDATICA_GERAL_assinado.pdf\">Did\u00e1tica Geral<\/a><\/td>\n<td>6<\/td>\n<td>90<\/td>\n<td>Obrigat\u00f3ria<\/td>\n<\/tr>\n<tr>\n<td>EN0761<\/td>\n<td><a href=\"http:\/\/www2.unifap.br\/fisica\/files\/2025\/01\/FISICA_BASICA_IV_assinado.pdf\">F\u00edsica B\u00e1sica IV<\/a><\/td>\n<td>4<\/td>\n<td>60<\/td>\n<td>Obrigat\u00f3ria<\/td>\n<\/tr>\n<tr>\n<td>FI0106<\/td>\n<td><a href=\"http:\/\/www2.unifap.br\/fisica\/files\/2025\/01\/PRATICA_NO_ENSINO_DE_FISICA_IV_assinado.pdf\">Pr\u00e1tica no Ensino de F\u00edsica IV<\/a><\/td>\n<td>3<\/td>\n<td>45<\/td>\n<td>Obrigat\u00f3ria<\/td>\n<\/tr>\n<tr>\n<td>FI0114<\/td>\n<td><a href=\"http:\/\/www2.unifap.br\/fisica\/files\/2025\/01\/ELETROMAGNETISMO_CLASSICO_I_assinado.pdf\">Eletromagnetismo Cl\u00e1ssico I<\/a><\/td>\n<td>4<\/td>\n<td>60<\/td>\n<td>Obrigat\u00f3ria<\/td>\n<\/tr>\n<tr>\n<td>FI0129<\/td>\n<td><a href=\"http:\/\/www2.unifap.br\/fisica\/files\/2025\/01\/LABORATORIO_BASICO_III_assinado.pdf\">Laborat\u00f3rio B\u00e1sico III<\/a><\/td>\n<td>4<\/td>\n<td>60<\/td>\n<td>Obrigat\u00f3ria<\/td>\n<\/tr>\n<tr>\n<td>FI0128<\/td>\n<td><a href=\"http:\/\/www2.unifap.br\/fisica\/files\/2025\/02\/Fisica-matematica-I_FI0128_assinado.pdf\">F\u00edsica Matem\u00e1tica I<\/a><\/td>\n<td>4<\/td>\n<td>60<\/td>\n<td>Obrigat\u00f3ria<\/td>\n<\/tr>\n<tr>\n<td colspan=\"5\"><strong>Carga Hor\u00e1ria Total do Semestre<\/strong><\/td>\n<td><strong>405<\/strong><\/td>\n<\/tr>\n<tr>\n<td rowspan=\"6\">6\u00ba<\/td>\n<td>CCFI0001<\/td>\n<td><a href=\"http:\/\/www2.unifap.br\/fisica\/files\/2025\/01\/LIBRAS_assinado.pdf\">Libras &#8211; L\u00edngua Brasileira de Sinais<\/a><\/td>\n<td>4<\/td>\n<td>60<\/td>\n<td>Obrigat\u00f3ria<\/td>\n<\/tr>\n<tr>\n<td>FI0110<\/td>\n<td><a href=\"http:\/\/www2.unifap.br\/fisica\/files\/2025\/01\/MECANICA_CLASSICA_I_assinado.pdf\">Mec\u00e2nica Cl\u00e1ssica I<\/a><\/td>\n<td>4<\/td>\n<td>60<\/td>\n<td>Obrigat\u00f3ria<\/td>\n<\/tr>\n<tr>\n<td>FI0130<\/td>\n<td>Laborat\u00f3rio B\u00e1sico IV<\/td>\n<td>3<\/td>\n<td>45<\/td>\n<td>Obrigat\u00f3ria<\/td>\n<\/tr>\n<tr>\n<td>FI0131<\/td>\n<td><a href=\"http:\/\/www2.unifap.br\/fisica\/files\/2025\/01\/INSTRUMENTACAO_PARA_O_ENSINO_DE_FISICA_assinado.pdf\">Pr\u00e1tica no Ensino de F\u00edsica &#8211; Instrumenta\u00e7\u00e3o<\/a><\/td>\n<td>6<\/td>\n<td>90<\/td>\n<td>Obrigat\u00f3ria<\/td>\n<\/tr>\n<tr>\n<td>FI0138<\/td>\n<td><a href=\"http:\/\/www2.unifap.br\/fisica\/files\/2025\/01\/TOPICOS_DE_FISICA_MODERNA_assinado-1.pdf\">T\u00f3picos de F\u00edsica Moderna<\/a><\/td>\n<td>6<\/td>\n<td>90<\/td>\n<td>Obrigat\u00f3ria<\/td>\n<\/tr>\n<tr>\n<td>FI0139<\/td>\n<td><a href=\"http:\/\/www2.unifap.br\/fisica\/files\/2025\/01\/ESTAGIO_CURRICULAR_I_assinado.pdf\">Est\u00e1gio Curricular I<\/a><\/td>\n<td>7<\/td>\n<td>105<\/td>\n<td>Obrigat\u00f3ria<\/td>\n<\/tr>\n<tr>\n<td colspan=\"5\"><strong>Carga Hor\u00e1ria Total do Semestre<\/strong><\/td>\n<td><strong>450<\/strong><\/td>\n<\/tr>\n<tr>\n<td rowspan=\"6\">7\u00ba<\/td>\n<td>DCE0005<\/td>\n<td><a href=\"http:\/\/www2.unifap.br\/fisica\/files\/2025\/01\/TRABALHO_DE_CONCLUSAO_DE_CURSO_I_assinado.pdf\">Trabalho de Conclus\u00e3o de Curso I<\/a><\/td>\n<td>4<\/td>\n<td>60<\/td>\n<td>Obrigat\u00f3ria<\/td>\n<\/tr>\n<tr>\n<td>FI0112<\/td>\n<td><a href=\"http:\/\/www2.unifap.br\/fisica\/files\/2025\/02\/Mec_Quantica-I_FI0111_assinado.pdf\">Mec\u00e2nica Qu\u00e2ntica I<\/a><\/td>\n<td>4<\/td>\n<td>60<\/td>\n<td>Obrigat\u00f3ria<\/td>\n<\/tr>\n<tr>\n<td>FI0132<\/td>\n<td><a href=\"http:\/\/www2.unifap.br\/fisica\/files\/2025\/02\/Fisica-estatistica_FI0132_assinado.pdf\">F\u00edsica Estat\u00edstica<\/a><\/td>\n<td>4<\/td>\n<td>60<\/td>\n<td>Obrigat\u00f3ria<\/td>\n<\/tr>\n<tr>\n<td>FI0133<\/td>\n<td><a href=\"http:\/\/www2.unifap.br\/fisica\/files\/2025\/01\/OFICINAS_E_SEMINARIOS_SOBRE_TOPICOS_ESPECIAIS_DE_FISICA_assinado.pdf\">Oficinas e Semin\u00e1rios sobre T\u00f3picos Especiais<\/a><\/td>\n<td>4<\/td>\n<td>60<\/td>\n<td>Obrigat\u00f3ria<\/td>\n<\/tr>\n<tr>\n<td>FI0140<\/td>\n<td><a href=\"http:\/\/www2.unifap.br\/fisica\/files\/2025\/01\/ESTAGIO_CURRICULAR_II_assinado.pdf\">Est\u00e1gio Curricular II<\/a><\/td>\n<td>9<\/td>\n<td>135<\/td>\n<td>Obrigat\u00f3ria<\/td>\n<\/tr>\n<tr>\n<td>Optativa I<\/td>\n<td>Disciplina Optativa<\/td>\n<td>4<\/td>\n<td>60<\/td>\n<td>Optativa<\/td>\n<\/tr>\n<tr>\n<td colspan=\"5\"><strong>Carga Hor\u00e1ria Total do Semestre<\/strong><\/td>\n<td><strong>375<\/strong><\/td>\n<\/tr>\n<tr>\n<td rowspan=\"6\">8\u00ba<\/td>\n<td>ED0905<\/td>\n<td>Atividades Complementares<\/td>\n<td>0<\/td>\n<td>210<\/td>\n<td>Obrigat\u00f3ria<\/td>\n<\/tr>\n<tr>\n<td>FI0079<\/td>\n<td><a href=\"http:\/\/www2.unifap.br\/fisica\/files\/2025\/01\/TRABALHO_DE_CONCLUSAO_DE_CURSO_II_assinado.pdf\">Trabalho de Conclus\u00e3o de Curso II<\/a><\/td>\n<td>4<\/td>\n<td>60<\/td>\n<td>Obrigat\u00f3ria<\/td>\n<\/tr>\n<tr>\n<td>FI0134<\/td>\n<td><a href=\"http:\/\/www2.unifap.br\/fisica\/files\/2025\/01\/HISTORIA_E_EPISTEMOLOGIA_DA_FISICA_assinado.pdf\">Hist\u00f3ria e Epistemologia da F\u00edsica<\/a><\/td>\n<td>4<\/td>\n<td>60<\/td>\n<td>Obrigat\u00f3ria<\/td>\n<\/tr>\n<tr>\n<td>FI0135<\/td>\n<td><a href=\"http:\/\/www2.unifap.br\/fisica\/files\/2025\/01\/EDUCACAO_INCLUSIVA_assinado.pdf\">Educa\u00e7\u00e3o Inclusiva<\/a><\/td>\n<td>4<\/td>\n<td>60<\/td>\n<td>Obrigat\u00f3ria<\/td>\n<\/tr>\n<tr>\n<td>FI0141<\/td>\n<td><a href=\"http:\/\/www2.unifap.br\/fisica\/files\/2025\/01\/ESTAGIO_CURRICULAR_III_assinado.pdf\">Est\u00e1gio Curricular III<\/a><\/td>\n<td>9<\/td>\n<td>135<\/td>\n<td>Obrigat\u00f3ria<\/td>\n<\/tr>\n<tr>\n<td>Optativa II<\/td>\n<td>Disciplina Optativa<\/td>\n<td>4<\/td>\n<td>60<\/td>\n<td>Optativa<\/td>\n<\/tr>\n<tr>\n<td colspan=\"5\"><strong>Carga Hor\u00e1ria Total do Semestre<\/strong><\/td>\n<td><strong>525<\/strong><\/td>\n<\/tr>\n<\/tbody>\n<\/table>\n<h2>Disciplinas Optativas<\/h2>\n<p>Al\u00e9m das disciplinas obrigat\u00f3rias, voc\u00ea tem a oportunidade de escolher disciplinas optativas que complementam sua forma\u00e7\u00e3o acad\u00eamica. Essas op\u00e7\u00f5es permitem aprofundar conhecimentos em \u00e1reas espec\u00edficas ou explorar temas de interesse. Confira a lista abaixo e escolha as disciplinas que melhor atendem \u00e0s suas expectativas e objetivos profissionais.<\/p>\n<table>\n<thead>\n<tr>\n<th>C\u00f3digo<\/th>\n<th>Disciplina<\/th>\n<th>Carga Hor\u00e1ria (h)<\/th>\n<\/tr>\n<\/thead>\n<tbody>\n<tr>\n<td>ED0350<\/td>\n<td>Pesquisa no Ensino de F\u00edsica<\/td>\n<td>60<\/td>\n<\/tr>\n<tr>\n<td>EN0244<\/td>\n<td><a href=\"http:\/\/www2.unifap.br\/fisica\/files\/2025\/02\/Palestras-de-fisica_EN0244_assinado.pdf\">Palestras de F\u00edsica<\/a><\/td>\n<td>60<\/td>\n<\/tr>\n<tr>\n<td>EN0260<\/td>\n<td><a href=\"http:\/\/www2.unifap.br\/fisica\/files\/2025\/02\/Fisica-das-radiacoes_EN0260_assinado.pdf\">F\u00edsica das Radia\u00e7\u00f5es<\/a><\/td>\n<td>60<\/td>\n<\/tr>\n<tr>\n<td>FI0001<\/td>\n<td>Biof\u00edsica<\/td>\n<td>60<\/td>\n<\/tr>\n<tr>\n<td>ED0560<\/td>\n<td><a href=\"http:\/\/www2.unifap.br\/fisica\/files\/2025\/02\/Educacao-e-problematica-ambiental_ED0560_assinado.pdf\">Educa\u00e7\u00e3o e Problem\u00e1tica Ambiental<\/a><\/td>\n<td>60<\/td>\n<\/tr>\n<tr>\n<td>EN0155<\/td>\n<td>T\u00f3picos de Geof\u00edsica e Geomatem\u00e1tica<\/td>\n<td>60<\/td>\n<\/tr>\n<tr>\n<td>EN0156<\/td>\n<td>T\u00f3picos em Educa\u00e7\u00e3o<\/td>\n<td>60<\/td>\n<\/tr>\n<tr>\n<td>EN0168<\/td>\n<td><a href=\"http:\/\/www2.unifap.br\/fisica\/files\/2025\/02\/Topicos-especiais-de-matematica-aplicada_EN0168_assinado.pdf\">T\u00f3picos Especiais de Matem\u00e1tica Aplicada<\/a><\/td>\n<td>60<\/td>\n<\/tr>\n<tr>\n<td>EN0242<\/td>\n<td><a href=\"http:\/\/www2.unifap.br\/fisica\/files\/2025\/02\/Introducao-da-teoria-da-relatividade-restrita-_EN0242_assinado.pdf\">Introdu\u00e7\u00e3o \u00e0 Relatividade Restrita<\/a><\/td>\n<td>60<\/td>\n<\/tr>\n<tr>\n<td>EN0243<\/td>\n<td><a href=\"http:\/\/www2.unifap.br\/fisica\/files\/2025\/02\/optica_Moderna_assinado.pdf\">\u00d3ptica Moderna<\/a><\/td>\n<td>60<\/td>\n<\/tr>\n<tr>\n<td>FI0109<\/td>\n<td><a href=\"http:\/\/www2.unifap.br\/fisica\/files\/2025\/02\/Fisica-matematica-II_FI0109_assinado.pdf\">F\u00edsica Matem\u00e1tica II<\/a><\/td>\n<td>60<\/td>\n<\/tr>\n<tr>\n<td>FI0111<\/td>\n<td><a href=\"http:\/\/www2.unifap.br\/fisica\/files\/2025\/02\/Mec_classica-II_FI0111_assinado.pdf\">Mec\u00e2nica Cl\u00e1ssica II<\/a><\/td>\n<td>60<\/td>\n<\/tr>\n<tr>\n<td>FI0113<\/td>\n<td><a href=\"http:\/\/www2.unifap.br\/fisica\/files\/2025\/02\/Mec_Quantica-II_assinado.pdf\">Mec\u00e2nica Qu\u00e2ntica II<\/a><\/td>\n<td>60<\/td>\n<\/tr>\n<tr>\n<td>FI0115<\/td>\n<td><a href=\"http:\/\/www2.unifap.br\/fisica\/files\/2025\/02\/ELETROMAGNETISMO_classico_II_assinado.pdf\">Eletromagnetismo Cl\u00e1ssico II<\/a><\/td>\n<td>60<\/td>\n<\/tr>\n<tr>\n<td>FI0117<\/td>\n<td><a href=\"http:\/\/www2.unifap.br\/fisica\/files\/2025\/02\/Fisica-do-estado-solido_FI0117_assinado.pdf\">F\u00edsica do Estado S\u00f3lido<\/a><\/td>\n<td>60<\/td>\n<\/tr>\n<tr>\n<td>FI0136<\/td>\n<td><a href=\"http:\/\/www2.unifap.br\/fisica\/files\/2025\/02\/Mec_estatistica_assinado.pdf\">Mec\u00e2nica Estat\u00edstica<\/a><\/td>\n<td>60<\/td>\n<\/tr>\n<\/tbody>\n<\/table>\n","protected":false},"excerpt":{"rendered":"<p>&nbsp; Dados da Estrutura Curricular C\u00f3digo 383 Matriz Curricular F\u00cdSICA &#8211; Macap\u00e1 &#8211; Presencial &#8211; T &#8211; LICENCIATURA Unidade de Vincula\u00e7\u00e3o DEPARTAMENTO DE CI\u00caNCIAS EXATAS E TECNOLOGIAS &#8211; DCET Munic\u00edpio de Funcionamento Macap\u00e1-AP Exig\u00eancia Disciplinas Obrigat\u00f3rias 2745h Disciplinas Optativas 180h Prazo M\u00ednimo 3,5 anos &nbsp; Padr\u00e3o 4,0 anos Estrutura Curricular do Curso de Licenciatura em&#8230;<\/p>\n","protected":false},"author":3938,"featured_media":0,"parent":3380,"menu_order":1,"comment_status":"closed","ping_status":"closed","template":"","meta":{"inline_featured_image":false,"ngg_post_thumbnail":0,"footnotes":""},"class_list":["post-4264","page","type-page","status-publish","hentry","entry"],"_links":{"self":[{"href":"https:\/\/www2.unifap.br\/fisica\/wp-json\/wp\/v2\/pages\/4264","targetHints":{"allow":["GET"]}}],"collection":[{"href":"https:\/\/www2.unifap.br\/fisica\/wp-json\/wp\/v2\/pages"}],"about":[{"href":"https:\/\/www2.unifap.br\/fisica\/wp-json\/wp\/v2\/types\/page"}],"author":[{"embeddable":true,"href":"https:\/\/www2.unifap.br\/fisica\/wp-json\/wp\/v2\/users\/3938"}],"replies":[{"embeddable":true,"href":"https:\/\/www2.unifap.br\/fisica\/wp-json\/wp\/v2\/comments?post=4264"}],"version-history":[{"count":32,"href":"https:\/\/www2.unifap.br\/fisica\/wp-json\/wp\/v2\/pages\/4264\/revisions"}],"predecessor-version":[{"id":5203,"href":"https:\/\/www2.unifap.br\/fisica\/wp-json\/wp\/v2\/pages\/4264\/revisions\/5203"}],"up":[{"embeddable":true,"href":"https:\/\/www2.unifap.br\/fisica\/wp-json\/wp\/v2\/pages\/3380"}],"wp:attachment":[{"href":"https:\/\/www2.unifap.br\/fisica\/wp-json\/wp\/v2\/media?parent=4264"}],"curies":[{"name":"wp","href":"https:\/\/api.w.org\/{rel}","templated":true}]}}