{"id":12,"date":"2013-12-18T22:37:14","date_gmt":"2013-12-18T22:37:14","guid":{"rendered":"http:\/\/www2.unifap.br\/fisioterapia\/?page_id=12"},"modified":"2024-10-23T19:59:08","modified_gmt":"2024-10-23T19:59:08","slug":"legislacao","status":"publish","type":"page","link":"https:\/\/www2.unifap.br\/fisioterapia\/portal-do-aluno\/legislacao\/","title":{"rendered":"LEGISLA\u00c7\u00c3O"},"content":{"rendered":"\t\t<div data-elementor-type=\"wp-page\" data-elementor-id=\"12\" class=\"elementor elementor-12\">\n\t\t\t\t\t\t<section class=\"elementor-section elementor-top-section elementor-element elementor-element-3d752aa elementor-section-boxed elementor-section-height-default elementor-section-height-default\" data-id=\"3d752aa\" data-element_type=\"section\" data-e-type=\"section\">\n\t\t\t\t\t\t<div class=\"elementor-container elementor-column-gap-default\">\n\t\t\t\t\t<div class=\"elementor-column elementor-col-100 elementor-top-column elementor-element elementor-element-681cc36\" data-id=\"681cc36\" data-element_type=\"column\" data-e-type=\"column\">\n\t\t\t<div class=\"elementor-widget-wrap elementor-element-populated\">\n\t\t\t\t\t\t<div class=\"elementor-element elementor-element-7e8be65 elementor-widget-divider--view-line elementor-widget elementor-widget-divider\" data-id=\"7e8be65\" data-element_type=\"widget\" data-e-type=\"widget\" data-widget_type=\"divider.default\">\n\t\t\t\t<div class=\"elementor-widget-container\">\n\t\t\t\t\t\t\t<div class=\"elementor-divider\">\n\t\t\t<span class=\"elementor-divider-separator\">\n\t\t\t\t\t\t<\/span>\n\t\t<\/div>\n\t\t\t\t\t\t<\/div>\n\t\t\t\t<\/div>\n\t\t\t\t<div class=\"elementor-element elementor-element-5cc0229 elementor-invisible elementor-widget elementor-widget-heading\" data-id=\"5cc0229\" data-element_type=\"widget\" data-e-type=\"widget\" data-settings=\"{&quot;_animation&quot;:&quot;slideInLeft&quot;}\" data-widget_type=\"heading.default\">\n\t\t\t\t<div class=\"elementor-widget-container\">\n\t\t\t\t\t<h2 class=\"elementor-heading-title elementor-size-default\">LEGISLA\u00c7\u00c3O<\/h2>\t\t\t\t<\/div>\n\t\t\t\t<\/div>\n\t\t\t\t<div class=\"elementor-element elementor-element-2228840 elementor-widget-divider--view-line elementor-widget elementor-widget-divider\" data-id=\"2228840\" data-element_type=\"widget\" data-e-type=\"widget\" data-widget_type=\"divider.default\">\n\t\t\t\t<div class=\"elementor-widget-container\">\n\t\t\t\t\t\t\t<div class=\"elementor-divider\">\n\t\t\t<span class=\"elementor-divider-separator\">\n\t\t\t\t\t\t<\/span>\n\t\t<\/div>\n\t\t\t\t\t\t<\/div>\n\t\t\t\t<\/div>\n\t\t\t\t\t<\/div>\n\t\t<\/div>\n\t\t\t\t\t<\/div>\n\t\t<\/section>\n\t\t\t\t<section class=\"elementor-section elementor-top-section elementor-element elementor-element-70401bbd elementor-section-boxed elementor-section-height-default elementor-section-height-default\" data-id=\"70401bbd\" data-element_type=\"section\" data-e-type=\"section\">\n\t\t\t\t\t\t<div class=\"elementor-container elementor-column-gap-default\">\n\t\t\t\t\t<div class=\"elementor-column elementor-col-100 elementor-top-column elementor-element elementor-element-3cf6a066\" data-id=\"3cf6a066\" data-element_type=\"column\" data-e-type=\"column\">\n\t\t\t<div class=\"elementor-widget-wrap elementor-element-populated\">\n\t\t\t\t\t\t<div class=\"elementor-element elementor-element-226375e8 elementor-widget elementor-widget-text-editor\" data-id=\"226375e8\" data-element_type=\"widget\" data-e-type=\"widget\" data-widget_type=\"text-editor.default\">\n\t\t\t\t<div class=\"elementor-widget-container\">\n\t\t\t\t\t\t\t\t\t<p><a href=\"http:\/\/www2.unifap.br\/fisioterapia\/files\/2020\/06\/GUIA-DO-CURSO-DE-FISIOTERAPIA_vers\u00e3o-08.06.pdf\">GUIA DO CURSO DE FISIOTERAPIA<\/a><\/p><p>\u00a0<\/p><p><a href=\"http:\/\/www2.unifap.br\/fisioterapia\/files\/2020\/06\/PORTARIA-N\u00ba-88-2019-RECONHECIMENTO-DO-CURSO-DE-FISIOTERAPIA.pdf\">PORTARIA N\u00ba 88-2019 MEC-RECONHECIMENTO DO CURSO DE FISIOTERAPIA\/UNIFAP<\/a><\/p><p><a href=\"http:\/\/www2.unifap.br\/fisioterapia\/files\/2020\/06\/PDI-2020-2024-Ficha-dos-indicadores-e-metas.pdf\">PDI: 2020-2024 <\/a><\/p><p><a href=\"http:\/\/www2.unifap.br\/fisioterapia\/files\/2020\/06\/CES042002.pdf\">RESOLU\u00c7\u00c3O CNE\/CES 4\/2002-Diretrizes Curriculares Nacionais do Curso de Fisioterapia.<\/a><\/p><p><a href=\"http:\/\/www2.unifap.br\/fisioterapia\/files\/2020\/06\/Regimento-Geral-UNIFAP.pdf\">Regimento-Geral-UNIFAP<\/a><\/p><p><a href=\"http:\/\/www2.unifap.br\/fisioterapia\/files\/2020\/06\/rces007_18.pdf\">RESOLU\u00c7\u00c3O N\u00ba 7\/2018 CNE\/CES-DIRETRIZES PARA EXTENS\u00c3O NA EDUCA\u00c7\u00c3O SUPERIOR<\/a><\/p><p><a href=\"http:\/\/www2.unifap.br\/fisioterapia\/files\/2020\/06\/RESOLUO_N._20_2018_CONSU-NDE.pdf\">RESOLU\u00c7\u00c3O_N._20_2018_CONSU &#8211; NDE<\/a><\/p><p><a href=\"http:\/\/www2.unifap.br\/fisioterapia\/files\/2020\/06\/Resolu\u00e7\u00e3o-n\u00ba-12-2018-Aprova-Regimento-Eleitoral.pdf\">Resolu\u00e7\u00e3o-n\u00ba-12-2018-Aprova-Regimento-Eleitoral<\/a><\/p><p><a href=\"http:\/\/www2.unifap.br\/fisioterapia\/files\/2020\/06\/RESOLUO_N._25_2017_CONSU-1-PERDA-DE-VINCULO.pdf\">RESOLU\u00c7\u00c3O_N._25_2017_CONSU (1) PERDA DE VINCULO<\/a><\/p><p><a href=\"http:\/\/www2.unifap.br\/fisioterapia\/files\/2020\/06\/Resolu\u00e7\u00e3o-n\u00ba-14-2017-Aprova-a-Pol\u00edtica-de-Assist\u00eancia-Estudantil-e-seu-Regulamento.pdf\">Resolu\u00e7\u00e3o-n\u00ba-14-2017-Aprova-a-Pol\u00edtica-de-Assist\u00eancia-Estudantil-e-seu-Regulamento<\/a><\/p><p><a href=\"http:\/\/www2.unifap.br\/fisioterapia\/files\/2020\/06\/Resolu\u00e7\u00e3o-n\u00ba-26-2016-CONSU.pdf-Registro-de-Ativ-de-pesq.pdf\">RESOLU\u00c7\u00c3O N\u00ba 26-2016-CONSU-REGISTRO DE ATIVIDADES DE PESQUISA<\/a><\/p><p><a href=\"http:\/\/www2.unifap.br\/fisioterapia\/files\/2020\/06\/Resolu\u00e7\u00e3o-n\u00ba-020-2015-Estabelece-as-diretrizes-do-PAID.-Revoga-a-resolu\u00e7\u00e3o-07-2015.pdf\">Resolu\u00e7\u00e3o-n\u00ba-020-2015-Estabelece-as-diretrizes-do-PAID<\/a><\/p><p><a href=\"http:\/\/www2.unifap.br\/fisioterapia\/files\/2020\/06\/Resolu\u00e7\u00e3o-n\u00ba-26-11-Sistematica-de-avalia\u00e7\u00e3o.pdf\">Resolu\u00e7\u00e3o-n\u00ba-26-11-Sistem\u00e1tica-de-avalia\u00e7\u00e3o<\/a><\/p><p><a href=\"http:\/\/www2.unifap.br\/fisioterapia\/files\/2020\/06\/Res.-02-10-Est\u00e1gio-Supervisionado-1.pdf\">RESOLU\u00c7\u00c3O N\u00ba 02-10-EST\u00c1GIO SUPERVISIONADO<\/a><\/p><p><a href=\"http:\/\/www2.unifap.br\/fisioterapia\/files\/2020\/06\/Resolu\u00e7\u00e3o-n\u00ba-07-10-PROVIC.pdf\">Resolu\u00e7\u00e3o-n\u00ba-07-10-PROVIC<\/a><\/p><p><a href=\"http:\/\/www2.unifap.br\/fisioterapia\/files\/2020\/06\/Resolu\u00e7\u00e3o-013-09-Travestis-e-Transexuais.pdf\">Resolu\u00e7\u00e3o-013-09-USO DO NOME SOCIAL<\/a><\/p><p><a href=\"http:\/\/www2.unifap.br\/fisioterapia\/files\/2020\/06\/RESOLU\u00c7\u00c3O-N.-024-DE-2008-CONSU-Atividades-Curriculares-Complementar.pdf\">RESOLU\u00c7\u00c3O-N.-024-DE-2008-CONSU-Atividades-Curriculares-Complementar<\/a><\/p><p><a href=\"http:\/\/www2.unifap.br\/fisioterapia\/files\/2020\/06\/Resolu\u00e7\u00e3o-11.-2008-TCC.pdf\">RESOLU\u00c7\u00c3O N\u00ba 11\/2008-TCC<\/a><\/p><p><a href=\"http:\/\/www2.unifap.br\/fisioterapia\/files\/2020\/06\/Resolucao_n_09-2006_Regulamento-da-Extensao_UNIFAP.pdf\">RESOLU\u00c7\u00c3O N\u00ba 09\/2006_Regulamento da Extensao<\/a><\/p><p><a href=\"http:\/\/www2.unifap.br\/fisioterapia\/files\/2020\/06\/Resolu\u00e7\u00e3o-n\u00ba-001-06-de-janeiro-de-2006-1.pdf\">RESOLU\u00c7\u00c3O n\u00ba-001\/2006-PROBIC<\/a><\/p><p><a href=\"http:\/\/www2.unifap.br\/fisioterapia\/files\/2022\/07\/Nota-tecnica-01-2015-Abono-de-Faltas.pdf\">NOTA T\u00c9CNICA SOBRE ABONO DE FALTAS<\/a><\/p><p><a href=\"http:\/\/www2.unifap.br\/fisioterapia\/files\/2023\/01\/REGULAMENTO-DE-ESTAGIO-SUPERVISIONADO-AMBULATORIAL-DO-CURSO-DE-FISIOTERAPIA-2022.2.pdf\">REGULAMENTO DE EST\u00c1GIO SUPERVISIONADO AMBULATORIAL DO CURSO DE FISIOTERAPIA &#8211; 2022.2<\/a><\/p><p><a href=\"http:\/\/www2.unifap.br\/fisioterapia\/files\/2023\/01\/REGULAMENTO-DE-ESTAGIO-SUPERVISIONADO-HOSPITALAR-DO-CURSO-DE-FISIOTERAPIA-2022.2.pdf\">REGULAMENTO DE EST\u00c1GIO SUPERVISIONADO HOSPITALAR DO CURSO DE FISIOTERAPIA &#8211; 2022.2<\/a><\/p><p><a href=\"http:\/\/www2.unifap.br\/fisioterapia\/files\/2023\/01\/REGULAMENTO-DE-ESTAGIO-SUPERVISIONADO-EM-SAUDE-COLETIVA-DO-CURSO-DE-FISIOTERAPIA-2022.2.pdf\">REGULAMENTO DE EST\u00c1GIO SUPERVISIONADO EM SA\u00daDE COLETIVA DO CURSO DE FISIOTERAPIA &#8211; 2022.2<\/a><\/p><p><a href=\"http:\/\/www2.unifap.br\/fisioterapia\/files\/2022\/11\/Res._20.2022_CONSU_-_Converso_da_Res._ad_ref._12.2022_-_Obrigatoriedade_de_pass.pdf\">RESOLU\u00c7\u00c3O N. 20, DE 21 DE NOVEMBRO DE 2022<\/a><\/p><p><a href=\"http:\/\/www2.unifap.br\/fisioterapia\/files\/2024\/01\/REGULAMENTO-DE-USO-DOS-LABORATORIOS.pdf\">REGULAMENTO DE USO DOS LABORAT\u00d3RIOS<\/a><\/p><p><a href=\"http:\/\/www2.unifap.br\/fisioterapia\/files\/2024\/01\/REGULAMENTO-DE-USO-DA-PISCINA-TERAPEUTICA.pdf\">REGULAMENTO DE USO DA PISCINA TERAP\u00caUTICA<\/a><\/p><p>\u00a0<\/p>\t\t\t\t\t\t\t\t<\/div>\n\t\t\t\t<\/div>\n\t\t\t\t\t<\/div>\n\t\t<\/div>\n\t\t\t\t\t<\/div>\n\t\t<\/section>\n\t\t\t\t<\/div>\n\t\t","protected":false},"excerpt":{"rendered":"<p>LEGISLA\u00c7\u00c3O GUIA DO CURSO DE FISIOTERAPIA \u00a0 PORTARIA N\u00ba 88-2019 MEC-RECONHECIMENTO DO CURSO DE FISIOTERAPIA\/UNIFAP PDI: 2020-2024 RESOLU\u00c7\u00c3O CNE\/CES 4\/2002-Diretrizes Curriculares Nacionais do Curso de Fisioterapia. Regimento-Geral-UNIFAP RESOLU\u00c7\u00c3O N\u00ba 7\/2018 CNE\/CES-DIRETRIZES PARA EXTENS\u00c3O NA EDUCA\u00c7\u00c3O SUPERIOR RESOLU\u00c7\u00c3O_N._20_2018_CONSU &#8211; NDE Resolu\u00e7\u00e3o-n\u00ba-12-2018-Aprova-Regimento-Eleitoral RESOLU\u00c7\u00c3O_N._25_2017_CONSU (1) PERDA DE VINCULO Resolu\u00e7\u00e3o-n\u00ba-14-2017-Aprova-a-Pol\u00edtica-de-Assist\u00eancia-Estudantil-e-seu-Regulamento RESOLU\u00c7\u00c3O N\u00ba 26-2016-CONSU-REGISTRO DE ATIVIDADES DE PESQUISA Resolu\u00e7\u00e3o-n\u00ba-020-2015-Estabelece-as-diretrizes-do-PAID Resolu\u00e7\u00e3o-n\u00ba-26-11-Sistem\u00e1tica-de-avalia\u00e7\u00e3o&#8230;<\/p>\n","protected":false},"author":404,"featured_media":0,"parent":2088,"menu_order":0,"comment_status":"open","ping_status":"open","template":"elementor_header_footer","meta":{"inline_featured_image":false,"site-sidebar-layout":"default","site-content-layout":"default","ast-site-content-layout":"default","site-content-style":"default","site-sidebar-style":"default","ast-global-header-display":"","ast-banner-title-visibility":"","ast-main-header-display":"","ast-hfb-above-header-display":"","ast-hfb-below-header-display":"","ast-hfb-mobile-header-display":"","site-post-title":"","ast-breadcrumbs-content":"","ast-featured-img":"","footer-sml-layout":"","theme-transparent-header-meta":"default","adv-header-id-meta":"","stick-header-meta":"","header-above-stick-meta":"","header-main-stick-meta":"","header-below-stick-meta":"","astra-migrate-meta-layouts":"set","ast-page-background-enabled":"default","ast-page-background-meta":{"desktop":{"background-color":"var(--ast-global-color-4)","background-image":"","background-repeat":"repeat","background-position":"center center","background-size":"auto","background-attachment":"scroll","background-type":"","background-media":"","overlay-type":"","overlay-color":"","overlay-opacity":"","overlay-gradient":""},"tablet":{"background-color":"","background-image":"","background-repeat":"repeat","background-position":"center center","background-size":"auto","background-attachment":"scroll","background-type":"","background-media":"","overlay-type":"","overlay-color":"","overlay-opacity":"","overlay-gradient":""},"mobile":{"background-color":"","background-image":"","background-repeat":"repeat","background-position":"center center","background-size":"auto","background-attachment":"scroll","background-type":"","background-media":"","overlay-type":"","overlay-color":"","overlay-opacity":"","overlay-gradient":""}},"ast-content-background-meta":{"desktop":{"background-color":"var(--ast-global-color-5)","background-image":"","background-repeat":"repeat","background-position":"center center","background-size":"auto","background-attachment":"scroll","background-type":"","background-media":"","overlay-type":"","overlay-color":"","overlay-opacity":"","overlay-gradient":""},"tablet":{"background-color":"var(--ast-global-color-5)","background-image":"","background-repeat":"repeat","background-position":"center center","background-size":"auto","background-attachment":"scroll","background-type":"","background-media":"","overlay-type":"","overlay-color":"","overlay-opacity":"","overlay-gradient":""},"mobile":{"background-color":"var(--ast-global-color-5)","background-image":"","background-repeat":"repeat","background-position":"center center","background-size":"auto","background-attachment":"scroll","background-type":"","background-media":"","overlay-type":"","overlay-color":"","overlay-opacity":"","overlay-gradient":""}},"ngg_post_thumbnail":0,"footnotes":""},"class_list":["post-12","page","type-page","status-publish","hentry"],"_links":{"self":[{"href":"https:\/\/www2.unifap.br\/fisioterapia\/wp-json\/wp\/v2\/pages\/12","targetHints":{"allow":["GET"]}}],"collection":[{"href":"https:\/\/www2.unifap.br\/fisioterapia\/wp-json\/wp\/v2\/pages"}],"about":[{"href":"https:\/\/www2.unifap.br\/fisioterapia\/wp-json\/wp\/v2\/types\/page"}],"author":[{"embeddable":true,"href":"https:\/\/www2.unifap.br\/fisioterapia\/wp-json\/wp\/v2\/users\/404"}],"replies":[{"embeddable":true,"href":"https:\/\/www2.unifap.br\/fisioterapia\/wp-json\/wp\/v2\/comments?post=12"}],"version-history":[{"count":17,"href":"https:\/\/www2.unifap.br\/fisioterapia\/wp-json\/wp\/v2\/pages\/12\/revisions"}],"predecessor-version":[{"id":2901,"href":"https:\/\/www2.unifap.br\/fisioterapia\/wp-json\/wp\/v2\/pages\/12\/revisions\/2901"}],"up":[{"embeddable":true,"href":"https:\/\/www2.unifap.br\/fisioterapia\/wp-json\/wp\/v2\/pages\/2088"}],"wp:attachment":[{"href":"https:\/\/www2.unifap.br\/fisioterapia\/wp-json\/wp\/v2\/media?parent=12"}],"curies":[{"name":"wp","href":"https:\/\/api.w.org\/{rel}","templated":true}]}}