{"id":1322,"date":"2022-07-26T10:54:27","date_gmt":"2022-07-26T10:54:27","guid":{"rendered":"https:\/\/www2.unifap.br\/fisioterapia\/?page_id=1322"},"modified":"2024-10-23T20:02:31","modified_gmt":"2024-10-23T20:02:31","slug":"newsletter","status":"publish","type":"page","link":"https:\/\/www2.unifap.br\/fisioterapia\/portal-do-aluno\/newsletter\/","title":{"rendered":"N\u00daCLEO DE ACESSIBILIDADE E INCLUS\u00c3O &#8211; NAI"},"content":{"rendered":"\t\t<div data-elementor-type=\"wp-page\" data-elementor-id=\"1322\" class=\"elementor elementor-1322\">\n\t\t\t\t\t\t<section class=\"elementor-section elementor-top-section elementor-element elementor-element-20e8a4b elementor-section-boxed elementor-section-height-default elementor-section-height-default\" data-id=\"20e8a4b\" data-element_type=\"section\" data-e-type=\"section\">\n\t\t\t\t\t\t<div class=\"elementor-container elementor-column-gap-default\">\n\t\t\t\t\t<div class=\"elementor-column elementor-col-100 elementor-top-column elementor-element elementor-element-543c267\" data-id=\"543c267\" data-element_type=\"column\" data-e-type=\"column\">\n\t\t\t<div class=\"elementor-widget-wrap elementor-element-populated\">\n\t\t\t\t\t\t<div class=\"elementor-element elementor-element-8e571bf elementor-widget-divider--view-line elementor-widget elementor-widget-divider\" data-id=\"8e571bf\" data-element_type=\"widget\" data-e-type=\"widget\" data-widget_type=\"divider.default\">\n\t\t\t\t<div class=\"elementor-widget-container\">\n\t\t\t\t\t\t\t<div class=\"elementor-divider\">\n\t\t\t<span class=\"elementor-divider-separator\">\n\t\t\t\t\t\t<\/span>\n\t\t<\/div>\n\t\t\t\t\t\t<\/div>\n\t\t\t\t<\/div>\n\t\t\t\t<div class=\"elementor-element elementor-element-b01cf0d elementor-invisible elementor-widget elementor-widget-heading\" data-id=\"b01cf0d\" data-element_type=\"widget\" data-e-type=\"widget\" data-settings=\"{&quot;_animation&quot;:&quot;slideInLeft&quot;}\" data-widget_type=\"heading.default\">\n\t\t\t\t<div class=\"elementor-widget-container\">\n\t\t\t\t\t<h2 class=\"elementor-heading-title elementor-size-default\">NAI<\/h2>\t\t\t\t<\/div>\n\t\t\t\t<\/div>\n\t\t\t\t<div class=\"elementor-element elementor-element-a6d6a33 elementor-widget-divider--view-line elementor-widget elementor-widget-divider\" data-id=\"a6d6a33\" data-element_type=\"widget\" data-e-type=\"widget\" data-widget_type=\"divider.default\">\n\t\t\t\t<div class=\"elementor-widget-container\">\n\t\t\t\t\t\t\t<div class=\"elementor-divider\">\n\t\t\t<span class=\"elementor-divider-separator\">\n\t\t\t\t\t\t<\/span>\n\t\t<\/div>\n\t\t\t\t\t\t<\/div>\n\t\t\t\t<\/div>\n\t\t\t\t\t<\/div>\n\t\t<\/div>\n\t\t\t\t\t<\/div>\n\t\t<\/section>\n\t\t\t\t<section class=\"elementor-section elementor-top-section elementor-element elementor-element-41e978f elementor-section-boxed elementor-section-height-default elementor-section-height-default\" data-id=\"41e978f\" data-element_type=\"section\" data-e-type=\"section\">\n\t\t\t\t\t\t<div class=\"elementor-container elementor-column-gap-default\">\n\t\t\t\t\t<div class=\"elementor-column elementor-col-100 elementor-top-column elementor-element elementor-element-7d22760\" data-id=\"7d22760\" data-element_type=\"column\" data-e-type=\"column\">\n\t\t\t<div class=\"elementor-widget-wrap elementor-element-populated\">\n\t\t\t\t\t\t<div class=\"elementor-element elementor-element-340b6497 elementor-widget elementor-widget-text-editor\" data-id=\"340b6497\" data-element_type=\"widget\" data-e-type=\"widget\" data-widget_type=\"text-editor.default\">\n\t\t\t\t<div class=\"elementor-widget-container\">\n\t\t\t\t\t\t\t\t\t<p style=\"text-align: center\"><strong>N\u00daCLEO DE ACESSIBILIDADE E INCLUS\u00c3O DA UNIFAP<\/strong><a href=\"http:\/\/www2.unifap.br\/fisioterapia\/files\/2022\/07\/Destaque-NAI.png\">\r\n<img fetchpriority=\"high\" decoding=\"async\" class=\"size-full wp-image-1413 aligncenter\" src=\"http:\/\/www2.unifap.br\/fisioterapia\/files\/2022\/07\/Destaque-NAI.png\" alt=\"\" width=\"2146\" height=\"1438\"><\/a><\/p>\r\nDe acordo com a RESOLU\u00c7\u00c3O N\u00b0 021\/2016 \u2013 CONSU, compete ao N\u00facleo de Acessibilidade e Inclus\u00e3o &#8211; NAI auxiliar nas delibera\u00e7\u00f5es que visam efetivar a pol\u00edtica nacional de educa\u00e7\u00e3o especial na educa\u00e7\u00e3o superior na perspectiva da educa\u00e7\u00e3o inclusiva no \u00e2mbito da UNIFAP.\r\n\r\nDe acordo com a resolu\u00e7\u00e3o mencionada, o N\u00facleo de Acessibilidade e Inclus\u00e3o (NAI) visa atender aos acad\u00eamicos com defici\u00eancia dos Cursos de Gradua\u00e7\u00e3o e de P\u00f3s-Gradua\u00e7\u00e3o de todos os campi da UNIFAP.\r\n\r\nPara maiores informa\u00e7\u00f5es acesse o <a href=\"http:\/\/www2.unifap.br\/fisioterapia\/files\/2022\/07\/MANUAL_DE_DE_ORIENTAES_SOBRE_O_FUNCIONAMENTO_DO_NAI.pdf\">MANUAL DE DE ORIENTA\u00c7\u00d5ES SOBRE O FUNCIONAMENTO DO NAI<\/a>.\t\t\t\t\t\t\t\t<\/div>\n\t\t\t\t<\/div>\n\t\t\t\t\t<\/div>\n\t\t<\/div>\n\t\t\t\t\t<\/div>\n\t\t<\/section>\n\t\t\t\t<\/div>\n\t\t","protected":false},"excerpt":{"rendered":"<p>NAI N\u00daCLEO DE ACESSIBILIDADE E INCLUS\u00c3O DA UNIFAP De acordo com a RESOLU\u00c7\u00c3O N\u00b0 021\/2016 \u2013 CONSU, compete ao N\u00facleo de Acessibilidade e Inclus\u00e3o &#8211; NAI auxiliar nas delibera\u00e7\u00f5es que visam efetivar a pol\u00edtica nacional de educa\u00e7\u00e3o especial na educa\u00e7\u00e3o superior na perspectiva da educa\u00e7\u00e3o inclusiva no \u00e2mbito da UNIFAP. De acordo com a resolu\u00e7\u00e3o&#8230;<\/p>\n","protected":false},"author":3931,"featured_media":0,"parent":2088,"menu_order":0,"comment_status":"closed","ping_status":"closed","template":"elementor_header_footer","meta":{"inline_featured_image":false,"site-sidebar-layout":"default","site-content-layout":"content-boxed-container","ast-site-content-layout":"normal-width-container","site-content-style":"boxed","site-sidebar-style":"unboxed","ast-global-header-display":"","ast-banner-title-visibility":"","ast-main-header-display":"","ast-hfb-above-header-display":"","ast-hfb-below-header-display":"","ast-hfb-mobile-header-display":"","site-post-title":"","ast-breadcrumbs-content":"","ast-featured-img":"","footer-sml-layout":"","theme-transparent-header-meta":"disabled","adv-header-id-meta":"","stick-header-meta":"","header-above-stick-meta":"","header-main-stick-meta":"","header-below-stick-meta":"","astra-migrate-meta-layouts":"set","ast-page-background-enabled":"default","ast-page-background-meta":{"desktop":{"background-color":"var(--ast-global-color-4)","background-image":"","background-repeat":"repeat","background-position":"center center","background-size":"auto","background-attachment":"scroll","background-type":"","background-media":"","overlay-type":"","overlay-color":"","overlay-opacity":"","overlay-gradient":""},"tablet":{"background-color":"","background-image":"","background-repeat":"repeat","background-position":"center center","background-size":"auto","background-attachment":"scroll","background-type":"","background-media":"","overlay-type":"","overlay-color":"","overlay-opacity":"","overlay-gradient":""},"mobile":{"background-color":"","background-image":"","background-repeat":"repeat","background-position":"center center","background-size":"auto","background-attachment":"scroll","background-type":"","background-media":"","overlay-type":"","overlay-color":"","overlay-opacity":"","overlay-gradient":""}},"ast-content-background-meta":{"desktop":{"background-color":"var(--ast-global-color-5)","background-image":"","background-repeat":"repeat","background-position":"center center","background-size":"auto","background-attachment":"scroll","background-type":"","background-media":"","overlay-type":"","overlay-color":"","overlay-opacity":"","overlay-gradient":""},"tablet":{"background-color":"var(--ast-global-color-5)","background-image":"","background-repeat":"repeat","background-position":"center center","background-size":"auto","background-attachment":"scroll","background-type":"","background-media":"","overlay-type":"","overlay-color":"","overlay-opacity":"","overlay-gradient":""},"mobile":{"background-color":"var(--ast-global-color-5)","background-image":"","background-repeat":"repeat","background-position":"center center","background-size":"auto","background-attachment":"scroll","background-type":"","background-media":"","overlay-type":"","overlay-color":"","overlay-opacity":"","overlay-gradient":""}},"ngg_post_thumbnail":0,"footnotes":""},"class_list":["post-1322","page","type-page","status-publish","hentry"],"_links":{"self":[{"href":"https:\/\/www2.unifap.br\/fisioterapia\/wp-json\/wp\/v2\/pages\/1322","targetHints":{"allow":["GET"]}}],"collection":[{"href":"https:\/\/www2.unifap.br\/fisioterapia\/wp-json\/wp\/v2\/pages"}],"about":[{"href":"https:\/\/www2.unifap.br\/fisioterapia\/wp-json\/wp\/v2\/types\/page"}],"author":[{"embeddable":true,"href":"https:\/\/www2.unifap.br\/fisioterapia\/wp-json\/wp\/v2\/users\/3931"}],"replies":[{"embeddable":true,"href":"https:\/\/www2.unifap.br\/fisioterapia\/wp-json\/wp\/v2\/comments?post=1322"}],"version-history":[{"count":7,"href":"https:\/\/www2.unifap.br\/fisioterapia\/wp-json\/wp\/v2\/pages\/1322\/revisions"}],"predecessor-version":[{"id":2914,"href":"https:\/\/www2.unifap.br\/fisioterapia\/wp-json\/wp\/v2\/pages\/1322\/revisions\/2914"}],"up":[{"embeddable":true,"href":"https:\/\/www2.unifap.br\/fisioterapia\/wp-json\/wp\/v2\/pages\/2088"}],"wp:attachment":[{"href":"https:\/\/www2.unifap.br\/fisioterapia\/wp-json\/wp\/v2\/media?parent=1322"}],"curies":[{"name":"wp","href":"https:\/\/api.w.org\/{rel}","templated":true}]}}