{"id":1345,"date":"2022-07-25T21:57:31","date_gmt":"2022-07-25T21:57:31","guid":{"rendered":"https:\/\/www2.unifap.br\/fisioterapia\/?page_id=1345"},"modified":"2024-07-10T21:02:03","modified_gmt":"2024-07-10T21:02:03","slug":"editais","status":"publish","type":"page","link":"https:\/\/www2.unifap.br\/fisioterapia\/portal-do-aluno\/editais\/","title":{"rendered":"EDITAIS"},"content":{"rendered":"<p style=\"text-align: center\"><strong>EDITAL DO PROCESSO SELETIVO N\u00ba <\/strong><strong>8\/2023<\/strong><strong>&#8211; CCFISIO\/DCBS <\/strong><strong>SELE\u00c7\u00c3O PARA <\/strong><strong>ATIVIDADES COMPLEMENTARES (AC) NO CURSO DE FISIOTERAPIA<\/strong><\/p>\n<p style=\"text-align: center\"><span style=\"color: #ff0000\"><strong>RESULTADO DA ENTREVISTA<\/strong><\/span><\/p>\n<table width=\"697\">\n<tbody>\n<tr>\n<td width=\"151\">\n<p style=\"text-align: center\"><strong>CLASSIFICA\u00c7\u00c3O<\/strong><\/p>\n<\/td>\n<td style=\"text-align: center\" width=\"319\"><strong>DISCENTE<\/strong><\/td>\n<td width=\"227\">\n<p style=\"text-align: center\"><strong>SITUA\u00c7\u00c3O<\/strong><\/p>\n<\/td>\n<\/tr>\n<tr>\n<td width=\"151\">\n<p style=\"text-align: center\"><strong>1\u00ba<\/strong><\/p>\n<\/td>\n<td width=\"319\"><strong>JO\u00c3O BATISTA PEREIRA DOS SANTOS JUNIOR<\/strong><\/td>\n<td width=\"227\">\n<p style=\"text-align: center\"><strong>CLASSIFICADO<\/strong><\/p>\n<\/td>\n<\/tr>\n<tr>\n<td width=\"151\">\n<p style=\"text-align: center\"><strong>2\u00ba<\/strong><\/p>\n<\/td>\n<td width=\"319\"><strong>FELIPE VIANA GAMA<\/strong><\/td>\n<td width=\"227\">\n<p style=\"text-align: center\"><strong>CLASSIFICADO<\/strong><\/p>\n<\/td>\n<\/tr>\n<tr>\n<td width=\"151\">\n<p style=\"text-align: center\"><strong>3\u00ba<\/strong><\/p>\n<\/td>\n<td width=\"319\"><strong>KLEYCI LUANE CARDOSO NUNES<\/strong><\/td>\n<td width=\"227\">\n<p style=\"text-align: center\"><strong>CLASSIFICADA<\/strong><\/p>\n<\/td>\n<\/tr>\n<tr>\n<td width=\"151\">\n<p style=\"text-align: center\"><strong>4\u00ba<\/strong><\/p>\n<\/td>\n<td width=\"319\"><strong>ANA JULIA ROCHA DA SILVA<\/strong><\/td>\n<td width=\"227\">\n<p style=\"text-align: center\"><strong>CLASSIFICADA<\/strong><\/p>\n<\/td>\n<\/tr>\n<tr>\n<td width=\"151\">\n<p style=\"text-align: center\"><strong>5\u00ba<\/strong><\/p>\n<\/td>\n<td width=\"319\"><strong>RHAYLLA ALVES ZAQUEU FERREIRA<\/strong><\/td>\n<td width=\"227\">\n<p style=\"text-align: center\"><strong>CLASSIFICADA<\/strong><\/p>\n<\/td>\n<\/tr>\n<tr>\n<td width=\"151\">\n<p style=\"text-align: center\"><strong>__________<\/strong><\/p>\n<\/td>\n<td width=\"319\"><strong>RYAN BARROS CABRAL BAHIA<\/strong><\/td>\n<td width=\"227\">\n<p style=\"text-align: center\"><strong>ELIMINADO<\/strong><\/p>\n<\/td>\n<\/tr>\n<tr>\n<td width=\"151\">\n<p style=\"text-align: center\"><strong>__________<\/strong><\/p>\n<\/td>\n<td width=\"319\"><strong>ELZIANE MATOS BAIA DOS REIS<\/strong><\/td>\n<td width=\"227\">\n<p style=\"text-align: center\"><strong>ELIMINADA<\/strong><\/p>\n<\/td>\n<\/tr>\n<tr>\n<td width=\"151\">\n<p style=\"text-align: center\"><strong>__________<\/strong><\/p>\n<\/td>\n<td width=\"319\"><strong>GRAZIELLY MARQUES NASCIMENTO SILVA<\/strong><\/td>\n<td width=\"227\">\n<p style=\"text-align: center\"><strong>ELIMINADA<\/strong><\/p>\n<\/td>\n<\/tr>\n<\/tbody>\n<\/table>\n<p><strong>OBS.: A assinatura dos termos de compromisso ocorrer\u00e1 dia<span style=\"color: #ff0000\"> 04\/10\/2023<\/span> na coordena\u00e7\u00e3o do curso de fisioterapia. O candidato dever\u00e1 comparecer para assinatura nos seguintes hor\u00e1rios: das <span style=\"color: #ff0000\">08:00 \u00e0s 12:00<\/span> ou das <span style=\"color: #ff0000\">14:00 \u00e0s 17:30<\/span>.<\/strong><\/p>\n<p>&nbsp;<\/p>\n<hr>\n<p><strong>EDITAL DO PROCESSO SELETIVO N\u00ba <\/strong><strong>8\/2023<\/strong><strong>&#8211; CCFISIO\/DCBS <\/strong><strong>SELE\u00c7\u00c3O PARA <\/strong><strong>ATIVIDADES COMPLEMENTARES (AC) NO CURSO DE FISIOTERAPIA<\/strong><\/p>\n<p>A Coordena\u00e7\u00e3o do curso de Fisioterapia vinculado ao Departamento de Ci\u00eancias Biol\u00f3gicas e da Sa\u00fade\/Campus Marco Zero, da Universidade Federal do Amap\u00e1 (UNIFAP), torna p\u00fablico a<br \/>\nsele\u00e7\u00e3o para realiza\u00e7\u00e3o de ATIVIDADES COMPLEMENTARES (AC) no Curso de Fisioterapia, de acordo com as regras institucionais aplic\u00e1veis, que rege as normas contidas neste Edital n\u00ba 8\/2023 CCFISIO.<\/p>\n<p>Selecionar acad\u00eamicos do curso de Fisioterapia da Universidade Federal do Amap\u00e1 para desenvolverem atividades complementares (AC) na modalidade do <strong>est\u00e1gio extracurricular no ambulat\u00f3rio do Hospital Universit\u00e1rio, que estejam cursando no m\u00ednimo o 5\u00ba semestre do curso, que realizar\u00e3o carga hor\u00e1ria de 20 horas semanais.<\/strong><\/p>\n<p>As inscri\u00e7\u00f5es devem ser realizadas por meio do link: <a href=\"https:\/\/forms.gle\/v1bQYve3r7UnCi6W9\">https:\/\/forms.gle\/v1bQYve3r7UnCi6W9<\/a><\/p>\n<p>Per\u00edodo das inscri\u00e7\u00f5es: 18 a 22 de setembro de 2023.<\/p>\n<p>No ato da inscri\u00e7\u00e3o, deve ser apresentado o hist\u00f3rico da gradua\u00e7\u00e3o emitido no per\u00edodo da inscri\u00e7\u00e3o, e <strong>ANEXO I <\/strong>Declara\u00e7\u00e3o de Disponibilidade de Carga Hor\u00e1ria e Ci\u00eancia das Normas do Edital n\u00ba 8\/2023 CCFISIO.<\/p>\n<p>Acesse: <a href=\"http:\/\/www2.unifap.br\/fisioterapia\/files\/2023\/09\/EDITAL-no-8.2023-CCFISIO-1.pdf\">EDITAL-no-8.2023-CCFISIO<\/a><\/p>\n<p><a href=\"http:\/\/www2.unifap.br\/fisioterapia\/files\/2023\/09\/RETIFICACAO-DO-EDITAL-RECESSO-H.U.pdf\">RETIFICA\u00c7\u00c3O DO EDITAL RECESSO H.U<\/a><\/p>\n<p><a href=\"http:\/\/www2.unifap.br\/fisioterapia\/files\/2023\/09\/HOMOLOGACAO-EDITAL-08-2023-FISIOTERAPIA.pdf\">HOMOLOGA\u00c7\u00c3O EDITAL 08-2023 &#8211; FISIOTERAPIA<\/a><\/p>\n<p><a href=\"http:\/\/www2.unifap.br\/fisioterapia\/files\/2023\/09\/CONVOCACAO-PARA-ENTREVISTA.pdf\">CONVOCA\u00c7\u00c3O PARA ENTREVISTA<\/a><\/p>\n<p>&#8212;&#8212;&#8212;&#8212;&#8212;&#8212;&#8212;&#8212;&#8212;&#8212;&#8212;&#8212;&#8212;&#8212;&#8212;&#8212;&#8212;&#8212;&#8212;&#8212;&#8212;&#8212;&#8212;&#8212;&#8212;&#8212;&#8212;&#8212;&#8212;&#8212;&#8212;&#8212;&#8212;&#8212;&#8212;&#8212;&#8212;&#8212;&#8211;<\/p>\n<p style=\"text-align: center\"><strong>EDITAL DE PROCESSO SELETIVO 2022.2\/2023.1<\/strong><\/p>\n<p style=\"text-align: center\"><strong>PROJETO REVIVER \u2013 \u00c1REA DA FISIOTERAPIA<\/strong><\/p>\n<p>O Projeto Reviver, \u00e9 um projeto multiprofissional que atende pessoas que vivem com a Doen\u00e7a de Parkinson e com a Doen\u00e7a de Alzheimer no estado do Amap\u00e1 e engloba v\u00e1rios cursos vinculados \u00e0 Universidade Federal do Amap\u00e1, al\u00e9m de colaboradores externos. Dentre \u00e0s \u00e1rea que comp\u00f5e o projeto Reviver temos a Gradua\u00e7\u00e3o em Fisioterapia da Universidade Federal do Amap\u00e1. Isto posto, a \u00e1rea de FISIOTERAPIA do projeto Reviver comunica que, no per\u00edodo de <strong>08\/03\/2023<\/strong> a <strong>22\/03\/2023<\/strong>, estar\u00e3o abertas as inscri\u00e7\u00f5es para sele\u00e7\u00e3o de acad\u00eamicos de fisioterapia que desejam participar das atividades desenvolvidas por esse projeto.<\/p>\n<p>&nbsp;<\/p>\n<p>Link para inscri\u00e7\u00e3o:&nbsp;<a href=\"https:\/\/forms.gle\/DPduEC8kRKbz5NvQ9\">https:\/\/forms.gle\/DPduEC8kRKbz5NvQ9<\/a><\/p>\n<p>&nbsp;<\/p>\n<p>Edital: <a href=\"http:\/\/www2.unifap.br\/fisioterapia\/files\/2023\/03\/EDITAL-NOVOS-MEMBROS-REVIVER-FISIOTERAPIA.pdf\">EDITAL NOVOS MEMBROS REVIVER &#8211; FISIOTERAPIA<\/a><\/p>\n<p>&nbsp;<\/p>\n<hr>\n<p><strong>PROCESSO SELETIVO PARA PROJETO DE EXTENS\u00c3O<\/strong><\/p>\n<p><strong>PROJETO CRESCER: ASSIST\u00caNCIA EM FISIOTERAPIA NEONATAL<\/strong><\/p>\n<p>&nbsp;<\/p>\n<p style=\"text-align: center\"><strong>PROCESSO SELETIVO<\/strong><\/p>\n<p style=\"text-align: center\"><strong>RESULTADO FINAL<\/strong><\/p>\n<table>\n<tbody>\n<tr>\n<td width=\"102\"><strong>ALUNO<\/strong><\/td>\n<td width=\"64\"><strong>Prova escrita<\/strong><\/td>\n<td width=\"82\"><strong>An\u00e1lise curricular<\/strong><\/td>\n<td width=\"87\"><strong>Entrevista<\/strong><\/td>\n<td width=\"50\"><strong>nota<\/strong><\/td>\n<td width=\"125\"><strong>SITUA\u00c7\u00c3O<\/strong><\/td>\n<\/tr>\n<tr>\n<td width=\"102\">Augusto Cesar Rodrigues Lobato<\/td>\n<td width=\"64\">12,0<\/td>\n<td width=\"82\">8,5<\/td>\n<td width=\"87\">6,0<\/td>\n<td width=\"50\">26,5<\/td>\n<td width=\"125\">Aprovado<\/td>\n<\/tr>\n<tr>\n<td width=\"102\">Samira Vit\u00f3ria R\u00eago Fagury<\/td>\n<td width=\"64\">12,0<\/td>\n<td width=\"82\">7,8<\/td>\n<td width=\"87\">7,0<\/td>\n<td width=\"50\">26,8<\/td>\n<td width=\"125\">Aprovado<\/td>\n<\/tr>\n<tr>\n<td width=\"102\">Ana Clara Favacho Oliveira<\/td>\n<td width=\"64\">9,0<\/td>\n<td width=\"82\">6,0<\/td>\n<td width=\"87\">8,0<\/td>\n<td width=\"50\">23<\/td>\n<td width=\"125\">Classificado\/ N\u00e3o aprovado<\/td>\n<\/tr>\n<tr>\n<td width=\"102\">Ana Beatriz Oliveira Santos<\/td>\n<td width=\"64\">8,0<\/td>\n<td width=\"82\">5,7<\/td>\n<td width=\"87\">9,0<\/td>\n<td width=\"50\">22,7<\/td>\n<td width=\"125\">Classificado\/ N\u00e3o aprovado<\/td>\n<\/tr>\n<\/tbody>\n<\/table>\n<hr>\n<p style=\"text-align: center\"><strong>&nbsp;<\/strong><strong>EDITAL DE PROCESSO SELETIVO 2023.1<\/strong><\/p>\n<p style=\"text-align: center\"><strong>PROJETO CRESCER: ASSISTENCIA EM FISIOTERAPIA NEONATAL<\/strong><\/p>\n<p><strong>&nbsp;<\/strong>O Projeto CRESCER, vinculada ao curso de Fisioterapia da Universidade Federal do Amap\u00e1, comunica que, no per\u00edodo de <strong>03\/02\/2023<\/strong> a <strong>15\/02\/2023<\/strong>, estar\u00e3o abertas as inscri\u00e7\u00f5es para sele\u00e7\u00e3o de acad\u00eamicos de fisioterapia que desejam participar das atividades desenvolvidas por esse projeto.<\/p>\n<ol>\n<li><strong> DAS DISPOSI\u00c7\u00d5ES PRELIMINARES<\/strong><\/li>\n<\/ol>\n<p>1.1. O CRESCER ofertar\u00e1 02 (duas) vagas para acad\u00eamicos de fisioterapia da UNIFAP, devidamente matriculados.<\/p>\n<ol start=\"2\">\n<li><strong> DAS INSCRI\u00c7\u00d5ES<\/strong><\/li>\n<\/ol>\n<p>2.1. Requisitos m\u00ednimos: ter cursado as disciplinas de anatomia, fisiologia, fisiopatologia e proped\u00eautica I e II e respirat\u00f3ria.<\/p>\n<p>2.2. As inscri\u00e7\u00f5es ser\u00e3o feitas atrav\u00e9s de um formul\u00e1rio pelo link: <a href=\"https:\/\/docs.google.com\/forms\/d\/e\/1FAIpQLSeebavfTzwwjmxPql_2NOSmTGTeCu8706sktgnddq0jsTJmsg\/viewform?usp=sf_link\">https:\/\/docs.google.com\/forms\/d\/e\/1FAIpQLSeebavfTzwwjmxPql_2NOSmTGTeCu8706sktgnddq0jsTJmsg\/viewform?usp=sf_link<\/a><\/p>\n<ol start=\"3\">\n<li><strong> DA SELE\u00c7\u00c3O<\/strong><\/li>\n<\/ol>\n<p>3.1. O processo seletivo ser\u00e1 realizado em tr\u00eas fases, sendo uma prova te\u00f3rica, seguida pela an\u00e1lise curricular, ambas de car\u00e1ter eliminat\u00f3rio, e por \u00faltimo a entrevista.<\/p>\n<p>3.2. PROVA TE\u00d3RICA: Prova com 20 quest\u00f5es objetivas, versando sobre os temas apresentados no anexo A;<\/p>\n<p>3.3. AN\u00c1LISE CURRICULAR: O candidato aprovado na prova te\u00f3rica, dever\u00e1 apresentar seu hist\u00f3rico escolar devidamente assinado.<\/p>\n<p>3.4. ENTREVISTA: O candidato aprovado deve comparecer na data e hor\u00e1rio estipulados para a entrevista, sem atrasos.<\/p>\n<ol start=\"4\">\n<li><strong> DA PROVA TE\u00d3RICA<\/strong><\/li>\n<\/ol>\n<p>4.1 A data prov\u00e1vel para a realiza\u00e7\u00e3o da prova escrita ser\u00e1 18 de fevereiro de 2023, das 10:00 \u00e0s 12:00 horas.<\/p>\n<p>4.2. Para a realiza\u00e7\u00e3o da prova te\u00f3rica os candidatos dever\u00e3o comparecer ao local da prova uma hora antes do hor\u00e1rio designado no comprovante de inscri\u00e7\u00e3o individual disponibilizado no acompanhamento do candidato e constantes em publica\u00e7\u00f5es, com um documento de identifica\u00e7\u00e3o com foto.<\/p>\n<p>4.3. No hor\u00e1rio estipulado para o in\u00edcio da prova a comiss\u00e3o proceder\u00e1 com a abertura do pacote de provas na presen\u00e7a de 02 (dois) candidatos volunt\u00e1rios.<\/p>\n<p>4.4. A prova te\u00f3rica ter\u00e1 a dura\u00e7\u00e3o de 2h (tr\u00eas horas);<\/p>\n<p>4.5. &nbsp;O candidato n\u00e3o poder\u00e1 utilizar material de consulta de nenhuma esp\u00e9cie, bem como comparecer aos locais de provas portando aparelhos celulares, rel\u00f3gios digitais, fone de ouvido, ou qualquer outro objeto eletr\u00f4nico, sob pena de elimina\u00e7\u00e3o. N\u00e3o dever\u00e1 ainda levar para sala de prova chap\u00e9us, \u00f3culos escuros, gorros, bolsas de qualquer esp\u00e9cie, inclusive, bolsas porta-c\u00e9dulas.<\/p>\n<p>4.6.Durante a realiza\u00e7\u00e3o da Prova Te\u00f3rica \u00e9 proibida a comunica\u00e7\u00e3o entre os candidatos, sob pena de elimina\u00e7\u00e3o.<\/p>\n<p><strong>&nbsp;<\/strong><\/p>\n<p><strong>ANEXO A<\/strong><\/p>\n<p><strong>TEMAS PARA A PROVA TE\u00d3RICA<\/strong><\/p>\n<p><strong>&nbsp;<\/strong><\/p>\n<ol>\n<li>Anatomofisiologia do sistema respirat\u00f3rio<\/li>\n<li>Anatomofisiologia do sistema card\u00edaco<\/li>\n<li>Desenvolvimento do pulm\u00e3o<\/li>\n<li>Prematuridade: aspectos epidemiol\u00f3gicos.<\/li>\n<li>Fisiopatologia da pneumonia<\/li>\n<li>Avalia\u00e7\u00e3o da musculatura respirat\u00f3ria<\/li>\n<li>Peculiaridades anatomofisiol\u00f3gicas card\u00edacas do rec\u00e9m-nascido<\/li>\n<li>Peculiaridades anatomofisiol\u00f3gicas respirat\u00f3rias do rec\u00e9m-nascido<\/li>\n<\/ol>\n<p>&nbsp;<\/p>\n","protected":false},"excerpt":{"rendered":"<p>EDITAL DO PROCESSO SELETIVO N\u00ba 8\/2023&#8211; CCFISIO\/DCBS SELE\u00c7\u00c3O PARA ATIVIDADES COMPLEMENTARES (AC) NO CURSO DE FISIOTERAPIA RESULTADO DA ENTREVISTA CLASSIFICA\u00c7\u00c3O DISCENTE SITUA\u00c7\u00c3O 1\u00ba JO\u00c3O BATISTA PEREIRA DOS SANTOS JUNIOR CLASSIFICADO 2\u00ba FELIPE VIANA GAMA CLASSIFICADO 3\u00ba KLEYCI LUANE CARDOSO NUNES CLASSIFICADA 4\u00ba ANA JULIA ROCHA DA SILVA CLASSIFICADA 5\u00ba RHAYLLA ALVES ZAQUEU FERREIRA CLASSIFICADA __________&#8230;<\/p>\n","protected":false},"author":3931,"featured_media":0,"parent":2088,"menu_order":0,"comment_status":"closed","ping_status":"closed","template":"","meta":{"inline_featured_image":false,"site-sidebar-layout":"default","site-content-layout":"default","ast-site-content-layout":"default","site-content-style":"default","site-sidebar-style":"default","ast-global-header-display":"","ast-banner-title-visibility":"","ast-main-header-display":"","ast-hfb-above-header-display":"","ast-hfb-below-header-display":"","ast-hfb-mobile-header-display":"","site-post-title":"","ast-breadcrumbs-content":"","ast-featured-img":"","footer-sml-layout":"","theme-transparent-header-meta":"default","adv-header-id-meta":"","stick-header-meta":"","header-above-stick-meta":"","header-main-stick-meta":"","header-below-stick-meta":"","astra-migrate-meta-layouts":"set","ast-page-background-enabled":"default","ast-page-background-meta":{"desktop":{"background-color":"var(--ast-global-color-4)","background-image":"","background-repeat":"repeat","background-position":"center center","background-size":"auto","background-attachment":"scroll","background-type":"","background-media":"","overlay-type":"","overlay-color":"","overlay-opacity":"","overlay-gradient":""},"tablet":{"background-color":"","background-image":"","background-repeat":"repeat","background-position":"center center","background-size":"auto","background-attachment":"scroll","background-type":"","background-media":"","overlay-type":"","overlay-color":"","overlay-opacity":"","overlay-gradient":""},"mobile":{"background-color":"","background-image":"","background-repeat":"repeat","background-position":"center center","background-size":"auto","background-attachment":"scroll","background-type":"","background-media":"","overlay-type":"","overlay-color":"","overlay-opacity":"","overlay-gradient":""}},"ast-content-background-meta":{"desktop":{"background-color":"var(--ast-global-color-5)","background-image":"","background-repeat":"repeat","background-position":"center center","background-size":"auto","background-attachment":"scroll","background-type":"","background-media":"","overlay-type":"","overlay-color":"","overlay-opacity":"","overlay-gradient":""},"tablet":{"background-color":"var(--ast-global-color-5)","background-image":"","background-repeat":"repeat","background-position":"center center","background-size":"auto","background-attachment":"scroll","background-type":"","background-media":"","overlay-type":"","overlay-color":"","overlay-opacity":"","overlay-gradient":""},"mobile":{"background-color":"var(--ast-global-color-5)","background-image":"","background-repeat":"repeat","background-position":"center center","background-size":"auto","background-attachment":"scroll","background-type":"","background-media":"","overlay-type":"","overlay-color":"","overlay-opacity":"","overlay-gradient":""}},"ngg_post_thumbnail":0,"footnotes":""},"class_list":["post-1345","page","type-page","status-publish","hentry"],"_links":{"self":[{"href":"https:\/\/www2.unifap.br\/fisioterapia\/wp-json\/wp\/v2\/pages\/1345","targetHints":{"allow":["GET"]}}],"collection":[{"href":"https:\/\/www2.unifap.br\/fisioterapia\/wp-json\/wp\/v2\/pages"}],"about":[{"href":"https:\/\/www2.unifap.br\/fisioterapia\/wp-json\/wp\/v2\/types\/page"}],"author":[{"embeddable":true,"href":"https:\/\/www2.unifap.br\/fisioterapia\/wp-json\/wp\/v2\/users\/3931"}],"replies":[{"embeddable":true,"href":"https:\/\/www2.unifap.br\/fisioterapia\/wp-json\/wp\/v2\/comments?post=1345"}],"version-history":[{"count":15,"href":"https:\/\/www2.unifap.br\/fisioterapia\/wp-json\/wp\/v2\/pages\/1345\/revisions"}],"predecessor-version":[{"id":1865,"href":"https:\/\/www2.unifap.br\/fisioterapia\/wp-json\/wp\/v2\/pages\/1345\/revisions\/1865"}],"up":[{"embeddable":true,"href":"https:\/\/www2.unifap.br\/fisioterapia\/wp-json\/wp\/v2\/pages\/2088"}],"wp:attachment":[{"href":"https:\/\/www2.unifap.br\/fisioterapia\/wp-json\/wp\/v2\/media?parent=1345"}],"curies":[{"name":"wp","href":"https:\/\/api.w.org\/{rel}","templated":true}]}}