{"id":1352,"date":"2022-07-25T22:01:25","date_gmt":"2022-07-25T22:01:25","guid":{"rendered":"https:\/\/www2.unifap.br\/fisioterapia\/?page_id=1352"},"modified":"2022-07-25T22:01:25","modified_gmt":"2022-07-25T22:01:25","slug":"edital-processo-seletivo-lafort-2022","status":"publish","type":"page","link":"https:\/\/www2.unifap.br\/fisioterapia\/portal-do-aluno\/editais\/em-andamento\/edital-processo-seletivo-lafort-2022\/","title":{"rendered":"EDITAL PROCESSO SELETIVO \u2013 LAFORT 2022"},"content":{"rendered":"<p style=\"text-align: center\">UNIVERSIDADE FEDERAL DO AMAP\u00c1 \u2013 UNIFAP<br \/>\nCURSO DE BACHARELADO EM FISIOTERAPIA<br \/>\nLIGA DE FISIOTERAPIA APLICADA EM ORTOPEDIA, REUMATOLOGIA E TRAUMATOLOGIA \u2013 LAFORT<\/p>\n<p style=\"text-align: center\"><strong>EDITAL PROCESSO SELETIVO \u2013 LAFORT 2022<\/strong><\/p>\n<p>Os professores Nat\u00e1lia Camargo Rodrigues Iosimuta e Areolino Pena Matos do curso de fisioterapia da Universidade Federal do Amap\u00e1&nbsp; UNIFAP e coordenadores da LAFORT, tornam p\u00fablico que, no per\u00edodo de 12 de julho de 2022 a 23 de julho de 2022, estar\u00e3o abertas as inscri\u00e7\u00f5es para o processo seletivo da LAFORT para preencher de membros efetivos do curso de fisioterapia da UNIFAP para participar das atividades da LAFORT.<\/p>\n<p><a href=\"http:\/\/www2.unifap.br\/fisioterapia\/files\/2022\/07\/processo-seletivo_LAFORT2022-1.pdf\">processo seletivo_LAFORT2022 (1)<\/a><\/p>\n","protected":false},"excerpt":{"rendered":"<p>UNIVERSIDADE FEDERAL DO AMAP\u00c1 \u2013 UNIFAP CURSO DE BACHARELADO EM FISIOTERAPIA LIGA DE FISIOTERAPIA APLICADA EM ORTOPEDIA, REUMATOLOGIA E TRAUMATOLOGIA \u2013 LAFORT EDITAL PROCESSO SELETIVO \u2013 LAFORT 2022 Os professores Nat\u00e1lia Camargo Rodrigues Iosimuta e Areolino Pena Matos do curso de fisioterapia da Universidade Federal do Amap\u00e1&nbsp; UNIFAP e coordenadores da LAFORT, tornam p\u00fablico que,&#8230;<\/p>\n","protected":false},"author":3931,"featured_media":0,"parent":1347,"menu_order":0,"comment_status":"closed","ping_status":"closed","template":"","meta":{"inline_featured_image":false,"site-sidebar-layout":"default","site-content-layout":"default","ast-site-content-layout":"default","site-content-style":"default","site-sidebar-style":"default","ast-global-header-display":"","ast-banner-title-visibility":"","ast-main-header-display":"","ast-hfb-above-header-display":"","ast-hfb-below-header-display":"","ast-hfb-mobile-header-display":"","site-post-title":"","ast-breadcrumbs-content":"","ast-featured-img":"","footer-sml-layout":"","theme-transparent-header-meta":"default","adv-header-id-meta":"","stick-header-meta":"","header-above-stick-meta":"","header-main-stick-meta":"","header-below-stick-meta":"","astra-migrate-meta-layouts":"default","ast-page-background-enabled":"default","ast-page-background-meta":{"desktop":{"background-color":"var(--ast-global-color-4)","background-image":"","background-repeat":"repeat","background-position":"center center","background-size":"auto","background-attachment":"scroll","background-type":"","background-media":"","overlay-type":"","overlay-color":"","overlay-opacity":"","overlay-gradient":""},"tablet":{"background-color":"","background-image":"","background-repeat":"repeat","background-position":"center center","background-size":"auto","background-attachment":"scroll","background-type":"","background-media":"","overlay-type":"","overlay-color":"","overlay-opacity":"","overlay-gradient":""},"mobile":{"background-color":"","background-image":"","background-repeat":"repeat","background-position":"center center","background-size":"auto","background-attachment":"scroll","background-type":"","background-media":"","overlay-type":"","overlay-color":"","overlay-opacity":"","overlay-gradient":""}},"ast-content-background-meta":{"desktop":{"background-color":"var(--ast-global-color-5)","background-image":"","background-repeat":"repeat","background-position":"center center","background-size":"auto","background-attachment":"scroll","background-type":"","background-media":"","overlay-type":"","overlay-color":"","overlay-opacity":"","overlay-gradient":""},"tablet":{"background-color":"var(--ast-global-color-5)","background-image":"","background-repeat":"repeat","background-position":"center center","background-size":"auto","background-attachment":"scroll","background-type":"","background-media":"","overlay-type":"","overlay-color":"","overlay-opacity":"","overlay-gradient":""},"mobile":{"background-color":"var(--ast-global-color-5)","background-image":"","background-repeat":"repeat","background-position":"center center","background-size":"auto","background-attachment":"scroll","background-type":"","background-media":"","overlay-type":"","overlay-color":"","overlay-opacity":"","overlay-gradient":""}},"ngg_post_thumbnail":0,"footnotes":""},"class_list":["post-1352","page","type-page","status-publish","hentry"],"_links":{"self":[{"href":"https:\/\/www2.unifap.br\/fisioterapia\/wp-json\/wp\/v2\/pages\/1352","targetHints":{"allow":["GET"]}}],"collection":[{"href":"https:\/\/www2.unifap.br\/fisioterapia\/wp-json\/wp\/v2\/pages"}],"about":[{"href":"https:\/\/www2.unifap.br\/fisioterapia\/wp-json\/wp\/v2\/types\/page"}],"author":[{"embeddable":true,"href":"https:\/\/www2.unifap.br\/fisioterapia\/wp-json\/wp\/v2\/users\/3931"}],"replies":[{"embeddable":true,"href":"https:\/\/www2.unifap.br\/fisioterapia\/wp-json\/wp\/v2\/comments?post=1352"}],"version-history":[{"count":2,"href":"https:\/\/www2.unifap.br\/fisioterapia\/wp-json\/wp\/v2\/pages\/1352\/revisions"}],"predecessor-version":[{"id":1354,"href":"https:\/\/www2.unifap.br\/fisioterapia\/wp-json\/wp\/v2\/pages\/1352\/revisions\/1354"}],"up":[{"embeddable":true,"href":"https:\/\/www2.unifap.br\/fisioterapia\/wp-json\/wp\/v2\/pages\/1347"}],"wp:attachment":[{"href":"https:\/\/www2.unifap.br\/fisioterapia\/wp-json\/wp\/v2\/media?parent=1352"}],"curies":[{"name":"wp","href":"https:\/\/api.w.org\/{rel}","templated":true}]}}