{"id":1388,"date":"2022-07-25T23:29:19","date_gmt":"2022-07-25T23:29:19","guid":{"rendered":"https:\/\/www2.unifap.br\/fisioterapia\/?page_id=1388"},"modified":"2022-07-25T23:29:19","modified_gmt":"2022-07-25T23:29:19","slug":"editais-finalizados","status":"publish","type":"page","link":"https:\/\/www2.unifap.br\/fisioterapia\/portal-do-aluno\/monitoria\/editais-finalizados\/","title":{"rendered":"EDITAIS FINALIZADOS"},"content":{"rendered":"<p><span style=\"margin: 0px;font-family: 'Times New Roman',serif;font-size: 14pt\"><span style=\"color: #000000\">O Curso de Fisioterapia da Universidade Federal do Amap\u00e1 &#8211; UNIFAP convoca os Acad\u00eamicos aprovados para apresenta\u00e7\u00e3o de interesse na Monitoria Volunt\u00e1ria<\/span><\/span>.<\/p>\n<p><a href=\"http:\/\/www2.unifap.br\/fisioterapia\/files\/2019\/08\/CONVOCA\u00c7\u00c3O-DE-MONITORES.pdf\">CONVOCA\u00c7\u00c3O DE MONITORES<\/a><\/p>\n<p>&nbsp;<\/p>\n<p>&nbsp;<\/p>\n<p>A&nbsp;Comiss\u00e3o de Sele\u00e7\u00e3o do Processo de Monitoria Volunt\u00e1ria do Curso de Fisioterapia &#8211; PORTARIA N\u00ba 1231\/2019 UNIFAP, torna p\u00fablica o Resultado Final do Processo normatizado pelo <strong>ED<\/strong><strong>ITAL 02\/2019 &#8211; MONITORIA VOLUNT\u00c1RIA &#8211; CCFISIO.<\/strong><\/p>\n<p><a href=\"http:\/\/www2.unifap.br\/fisioterapia\/files\/2019\/07\/RESULTADO-FINAL.pdf\">RESULTADO FINAL<\/a><\/p>\n<p>&nbsp;<\/p>\n<p><span style=\"float: none;background-color: transparent;color: #333333;cursor: text;font-family: Georgia,'Times New Roman','Bitstream Charter',Times,serif;font-size: 16px;font-style: normal;font-variant: normal;font-weight: 400;letter-spacing: normal;text-align: left;text-decoration: none;text-indent: 0px\">A&nbsp;Comiss\u00e3o de Sele\u00e7\u00e3o do Processo de Monitoria Volunt\u00e1ria do Curso de Fisioterapia &#8211; PORTARIA N\u00ba 1231\/2019 UNIFAP, torna p\u00fablica a rela\u00e7\u00e3o dos Inscritos e Resultado Preliminar do Processo normatizado pelo <\/span><strong>ED<\/strong><strong>ITAL 02\/2019 &#8211; MONITORIA VOLUNT\u00c1RIA &#8211; CCFISIO.<\/strong><\/p>\n<p><a href=\"http:\/\/www2.unifap.br\/fisioterapia\/files\/2019\/07\/INSCRITOS.pdf\">RELA\u00c7\u00c3O DE INSCRITOS<\/a><\/p>\n<p><a href=\"http:\/\/www2.unifap.br\/fisioterapia\/files\/2019\/07\/RESULTADO-PRELIMINAR.pdf\">RESULTADO PRELIMINAR<\/a><\/p>\n<p>&nbsp;<\/p>\n<p>O Curso de Fisioterapia da Universidade Federal do Amap\u00e1 &#8211; UNIFAP &#8211; torna p\u00fablico e convida os discentes do curso de gradua\u00e7\u00e3o em Hist\u00f3ria, Secretariado Executivo, Geografia, Letras, Ci\u00eancias Sociais, Rela\u00e7\u00f5es Internacionais, Farm\u00e1cia, Enfermagem, Fisioterapia ou Medicina da UNIFAP, para participar do <b>processo de sele\u00e7\u00e3o para Monitoria Volunt\u00e1ria<\/b>.<\/p>\n<p>Inscri\u00e7\u00e3o:&nbsp;<span style=\"color: #000000\"><span style=\"margin: 0px;letter-spacing: 0.05pt;font-family: 'Calibri',sans-serif;font-size: 12pt\">25<\/span> <span style=\"margin: 0px;font-family: 'Calibri',sans-serif;font-size: 12pt\">a 28 de Junho de 2019<\/span><\/span><\/p>\n<p>Hor\u00e1rio: 08 \u00e0s 18 horas<\/p>\n<p>Local: Coordena\u00e7\u00e3o de Fisioterapia &#8211; 2\u00ba andar<\/p>\n<p>As inscri\u00e7\u00f5es tamb\u00e9m pode ser realizadas via e-mail:&nbsp;<span style=\"color: #000000\"><span style=\"margin: 0px;letter-spacing: -0.1pt;font-family: 'Calibri',sans-serif;font-size: 12pt\"><b>os candidatos poder\u00e3o enviar<\/b><\/span><span style=\"margin: 0px;letter-spacing: -0.1pt;font-family: 'Calibri',sans-serif;font-size: 12pt\"> a inscri\u00e7\u00e3o para <b>fisiounifap@gmail.com<\/b><\/span><\/span><\/p>\n<p><a href=\"http:\/\/www2.unifap.br\/fisioterapia\/files\/2019\/06\/EDITAL-MONITORIA-VOLUNT\u00c1RIA-FUND.-SOCIO-ANT.pdf\">EDITAL MONITORIA VOLUNT\u00c1RIA FUND. SOCIO ANT<\/a><\/p>\n","protected":false},"excerpt":{"rendered":"<p>O Curso de Fisioterapia da Universidade Federal do Amap\u00e1 &#8211; UNIFAP convoca os Acad\u00eamicos aprovados para apresenta\u00e7\u00e3o de interesse na Monitoria Volunt\u00e1ria. CONVOCA\u00c7\u00c3O DE MONITORES &nbsp; &nbsp; A&nbsp;Comiss\u00e3o de Sele\u00e7\u00e3o do Processo de Monitoria Volunt\u00e1ria do Curso de Fisioterapia &#8211; PORTARIA N\u00ba 1231\/2019 UNIFAP, torna p\u00fablica o Resultado Final do Processo normatizado pelo EDITAL 02\/2019&#8230;<\/p>\n","protected":false},"author":3931,"featured_media":0,"parent":451,"menu_order":0,"comment_status":"closed","ping_status":"closed","template":"","meta":{"inline_featured_image":false,"site-sidebar-layout":"default","site-content-layout":"default","ast-site-content-layout":"default","site-content-style":"default","site-sidebar-style":"default","ast-global-header-display":"","ast-banner-title-visibility":"","ast-main-header-display":"","ast-hfb-above-header-display":"","ast-hfb-below-header-display":"","ast-hfb-mobile-header-display":"","site-post-title":"","ast-breadcrumbs-content":"","ast-featured-img":"","footer-sml-layout":"","theme-transparent-header-meta":"default","adv-header-id-meta":"","stick-header-meta":"","header-above-stick-meta":"","header-main-stick-meta":"","header-below-stick-meta":"","astra-migrate-meta-layouts":"default","ast-page-background-enabled":"default","ast-page-background-meta":{"desktop":{"background-color":"var(--ast-global-color-4)","background-image":"","background-repeat":"repeat","background-position":"center center","background-size":"auto","background-attachment":"scroll","background-type":"","background-media":"","overlay-type":"","overlay-color":"","overlay-opacity":"","overlay-gradient":""},"tablet":{"background-color":"","background-image":"","background-repeat":"repeat","background-position":"center center","background-size":"auto","background-attachment":"scroll","background-type":"","background-media":"","overlay-type":"","overlay-color":"","overlay-opacity":"","overlay-gradient":""},"mobile":{"background-color":"","background-image":"","background-repeat":"repeat","background-position":"center center","background-size":"auto","background-attachment":"scroll","background-type":"","background-media":"","overlay-type":"","overlay-color":"","overlay-opacity":"","overlay-gradient":""}},"ast-content-background-meta":{"desktop":{"background-color":"var(--ast-global-color-5)","background-image":"","background-repeat":"repeat","background-position":"center center","background-size":"auto","background-attachment":"scroll","background-type":"","background-media":"","overlay-type":"","overlay-color":"","overlay-opacity":"","overlay-gradient":""},"tablet":{"background-color":"var(--ast-global-color-5)","background-image":"","background-repeat":"repeat","background-position":"center center","background-size":"auto","background-attachment":"scroll","background-type":"","background-media":"","overlay-type":"","overlay-color":"","overlay-opacity":"","overlay-gradient":""},"mobile":{"background-color":"var(--ast-global-color-5)","background-image":"","background-repeat":"repeat","background-position":"center center","background-size":"auto","background-attachment":"scroll","background-type":"","background-media":"","overlay-type":"","overlay-color":"","overlay-opacity":"","overlay-gradient":""}},"ngg_post_thumbnail":0,"footnotes":""},"class_list":["post-1388","page","type-page","status-publish","hentry"],"_links":{"self":[{"href":"https:\/\/www2.unifap.br\/fisioterapia\/wp-json\/wp\/v2\/pages\/1388","targetHints":{"allow":["GET"]}}],"collection":[{"href":"https:\/\/www2.unifap.br\/fisioterapia\/wp-json\/wp\/v2\/pages"}],"about":[{"href":"https:\/\/www2.unifap.br\/fisioterapia\/wp-json\/wp\/v2\/types\/page"}],"author":[{"embeddable":true,"href":"https:\/\/www2.unifap.br\/fisioterapia\/wp-json\/wp\/v2\/users\/3931"}],"replies":[{"embeddable":true,"href":"https:\/\/www2.unifap.br\/fisioterapia\/wp-json\/wp\/v2\/comments?post=1388"}],"version-history":[{"count":1,"href":"https:\/\/www2.unifap.br\/fisioterapia\/wp-json\/wp\/v2\/pages\/1388\/revisions"}],"predecessor-version":[{"id":1389,"href":"https:\/\/www2.unifap.br\/fisioterapia\/wp-json\/wp\/v2\/pages\/1388\/revisions\/1389"}],"up":[{"embeddable":true,"href":"https:\/\/www2.unifap.br\/fisioterapia\/wp-json\/wp\/v2\/pages\/451"}],"wp:attachment":[{"href":"https:\/\/www2.unifap.br\/fisioterapia\/wp-json\/wp\/v2\/media?parent=1388"}],"curies":[{"name":"wp","href":"https:\/\/api.w.org\/{rel}","templated":true}]}}