{"id":1395,"date":"2022-07-25T23:32:23","date_gmt":"2022-07-25T23:32:23","guid":{"rendered":"https:\/\/www2.unifap.br\/fisioterapia\/?page_id=1395"},"modified":"2023-06-20T19:20:22","modified_gmt":"2023-06-20T19:20:22","slug":"editais-em-andamento","status":"publish","type":"page","link":"https:\/\/www2.unifap.br\/fisioterapia\/portal-administrativo\/preceptoria\/editais-em-andamento\/","title":{"rendered":"EDITAIS EM ANDAMENTO"},"content":{"rendered":"<p style=\"text-align: center\"><span style=\"color: #ff0000\"><strong>EDITAL N. 03\/2023 \u2013 CCFISIO\/PROGRAD\/UNIFAP<\/strong><\/span><\/p>\n<p style=\"text-align: center\"><strong>PROCESSO SELETIVO SIMPLIFICADO PARA PRECEPTORIA DO CURSO<\/strong><\/p>\n<p style=\"text-align: center\"><strong>DE GRADUA\u00c7\u00c3O EM FISIOTERAPIA DA UNIVERSIDADE FEDERAL DO<\/strong><\/p>\n<p style=\"text-align: center\"><strong>AMAP\u00c1 (UNIFAP) \u2013 CAMPUS MARCO ZERO<\/strong><\/p>\n<p><strong>&nbsp;<\/strong>A Funda\u00e7\u00e3o Universidade Federal do Amap\u00e1, atrav\u00e9s da Coordena\u00e7\u00e3o do Curso de Fisioterapia, torna p\u00fablica a realiza\u00e7\u00e3o de Processo Seletivo Simplificado com a finalidade de selecionar profissionais para atendimento do Programa de Preceptoria de Gradua\u00e7\u00e3o no Curso de Bacharelado em Fisioterapia do Campus Marco Zero &#8211; Macap\u00e1, conforme quadro I, nos termos da Lei n\u00ba. 8.080 de 19\/09\/1990, no disposto nos art. 15 a 18 da Lei n\u00ba. 11.129 de 30\/06\/2005, na Portaria MS n\u00ba. 1.111 de 05-7-2005, e na Resolu\u00e7\u00e3o n\u00ba 23\/2017 CONSU\/UNIFAP.<\/p>\n<p><a href=\"http:\/\/www2.unifap.br\/fisioterapia\/files\/2023\/06\/HOMOLOGAC\u0327A\u0303O-DAS-INSCRIC\u0327O\u0303ES-PRECEPTORIA-2023.11.pdf\">HOMOLOGAC\u0327A\u0303O DAS INSCRIC\u0327O\u0303ES PRECEPTORIA 2023.1<\/a><\/p>\n<p>Errata &#8211; Houve um equ\u00edvoco na divulga\u00e7\u00e3o dos hor\u00e1rios das entrevistas da \u00e1rea hospitalar. Segue abaixo o documento correto.<\/p>\n<p><a href=\"http:\/\/www2.unifap.br\/fisioterapia\/files\/2023\/06\/ERRATA-HOMOLOGACAO-DAS-INSCRICOES-PRECEPTORIA-2023.1.pdf\">ERRATA &#8211; HOMOLOGA\u00c7\u00c3O DAS INSCRI\u00c7\u00d5ES PRECEPTORIA 2023.1<\/a><\/p>\n<p><a href=\"http:\/\/www2.unifap.br\/fisioterapia\/files\/2023\/06\/RESULTADO-PRELIMINAR-2023.1.pdf\">RESULTADO PRELIMINAR 2023.1<\/a><\/p>\n<p>&nbsp;<\/p>\n<p style=\"text-align: center\"><span style=\"color: #0000ff\"><strong>HOMOLOGA\u00c7\u00c3O DO RESULTADO FINAL<\/strong><\/span><\/p>\n<p><strong>Aos candidatos aprovados, a coordena\u00e7\u00e3o do curso de fisioterapia entrar\u00e1 em contato via e-mail para agendar a assinatura dos contratos. A assinatura do contrato ocorrer\u00e1 na Coordena\u00e7\u00e3o do Curso de Fisioterapia da UNIFAP.<\/strong><\/p>\n<table width=\"708\">\n<tbody>\n<tr>\n<td colspan=\"2\" width=\"708\">\n<p style=\"text-align: center\"><span style=\"color: #ff0000\"><strong>EST\u00c1GIO EM SA\u00daDE COLETIVA<\/strong><\/span><\/p>\n<\/td>\n<\/tr>\n<tr>\n<td width=\"368\"><strong>CANDIDATO<\/strong><\/td>\n<td width=\"340\"><strong>SITUA\u00c7\u00c3O<\/strong><\/td>\n<\/tr>\n<tr>\n<td width=\"368\"><strong>CEC\u00cdLIA EMILY COSTA DOS SANTOS<\/strong><\/td>\n<td width=\"340\"><strong>APROVADA<\/strong><\/td>\n<\/tr>\n<tr>\n<td width=\"368\"><strong>GUSTAVO LINS REIS PERNA<\/strong><\/td>\n<td width=\"340\"><strong>APROVADO<\/strong><\/td>\n<\/tr>\n<tr>\n<td width=\"368\"><strong>INGRID NAZAR\u00c9 LOURINHO ALVES<\/strong><\/td>\n<td width=\"340\"><strong>APROVADA<\/strong><\/td>\n<\/tr>\n<tr>\n<td width=\"368\"><strong>ISA\u00cdAS LOPES<\/strong><\/td>\n<td width=\"340\"><strong>APROVADO<\/strong><\/td>\n<\/tr>\n<tr>\n<td width=\"368\"><strong>MARIA IZABETE FRANKLIN FURTADO<\/strong><\/td>\n<td width=\"340\"><strong>APROVADA<\/strong><\/td>\n<\/tr>\n<tr>\n<td width=\"368\"><strong>DANNA EMANUELLE SANTOS GON\u00c7ALVES<\/strong><\/td>\n<td width=\"340\"><strong>CLASSIFICADA \/ CADASTRO RESERVA<\/strong><\/td>\n<\/tr>\n<tr>\n<td width=\"368\"><strong>GLEDSE DE F\u00c1TIMA SILVA DA SILVA<\/strong><\/td>\n<td width=\"340\"><strong>CLASSIFICADA \/ CADASTRO RESERVA<\/strong><\/td>\n<\/tr>\n<tr>\n<td width=\"368\"><strong>HELA\u00cdNY MONIK COSTA DIAS<\/strong><\/td>\n<td width=\"340\"><strong>CLASSIFICADA \/ CADASTRO RESERVA<\/strong><\/td>\n<\/tr>\n<tr>\n<td width=\"368\"><strong>LIANE RAIOL CARDOSO MONTEIRO.<\/strong><\/td>\n<td width=\"340\"><strong>CLASSIFICADA \/ CADASTRO RESERVA<\/strong><\/td>\n<\/tr>\n<tr>\n<td width=\"368\"><strong>LUMA PATR\u00cdCIA CAETANO AMANAJ\u00c1S<\/strong><\/td>\n<td width=\"340\"><strong>CLASSIFICADA \/ CADASTRO RESERVA<\/strong><\/td>\n<\/tr>\n<\/tbody>\n<\/table>\n<p>&nbsp;<\/p>\n<table width=\"708\">\n<tbody>\n<tr>\n<td colspan=\"2\" width=\"708\">\n<p style=\"text-align: center\"><span style=\"color: #ff0000\"><strong>EST\u00c1GIO EM FISIOTERAPIA HOSPITALAR<\/strong><\/span><\/p>\n<\/td>\n<\/tr>\n<tr>\n<td width=\"368\"><strong>CANDIDATO<\/strong><\/td>\n<td width=\"340\"><strong>SITUA\u00c7\u00c3O<\/strong><\/td>\n<\/tr>\n<tr>\n<td width=\"368\"><strong>LARISSA DO NASCIMENTO PEREIRA<\/strong><\/td>\n<td width=\"340\"><strong>APROVADA<\/strong><\/td>\n<\/tr>\n<tr>\n<td width=\"368\"><strong>HIAGO VINICIUS COSTA SILVA<\/strong><\/td>\n<td width=\"340\"><strong>APROVADO<\/strong><\/td>\n<\/tr>\n<tr>\n<td width=\"368\"><strong>RAISA SABRINA BALIEIRO VIANA<\/strong><\/td>\n<td width=\"340\"><strong>APROVADA<\/strong><\/td>\n<\/tr>\n<tr>\n<td width=\"368\"><strong>JOS\u00c9 RIBEIRO DA SILVA NETO<\/strong><\/td>\n<td width=\"340\"><strong>APROVADO<\/strong><\/td>\n<\/tr>\n<tr>\n<td width=\"368\"><strong>LAIS FERREIRA TAPAJ\u00d3S<\/strong><\/td>\n<td width=\"340\"><strong>CLASSIFICADA \/ CADASTRO RESERVA<\/strong><\/td>\n<\/tr>\n<\/tbody>\n<\/table>\n<p><em>Obs.: Em virtude do Decreto N\u00ba 4667 DE 12\/05\/2023 que declara no \u00e2mbito do Estado do Amap\u00e1, a exist\u00eancia de situa\u00e7\u00e3o anormal caracterizada como Situa\u00e7\u00e3o de Emerg\u00eancia, em raz\u00e3o da superlota\u00e7\u00e3o das unidades estaduais de sa\u00fade causada pelo surto de S\u00edndrome Gripal e S\u00edndrome Respirat\u00f3ria Aguda Grave (SRAG) foi necess\u00e1ria uma readequa\u00e7\u00e3o dos campos de pr\u00e1tica e consequentemente a convoca\u00e7\u00e3o do quarto colocado da \u00e1rea de Est\u00e1gio em Fisioterapia Hospitalar.<\/em><\/p>\n<table width=\"708\">\n<tbody>\n<tr>\n<td colspan=\"2\" width=\"708\">\n<p style=\"text-align: center\"><span style=\"color: #ff0000\"><strong>EST\u00c1GIO EM FISIOTERAPIA AMBULATORIAL<\/strong><\/span><\/p>\n<\/td>\n<\/tr>\n<tr>\n<td width=\"359\"><strong>CANDIDATO<\/strong><\/td>\n<td width=\"350\"><strong>SITUA\u00c7\u00c3O<\/strong><\/td>\n<\/tr>\n<tr>\n<td width=\"359\"><strong>D\u00c9BORA JULIANA SOUZA DO ROS\u00c1RIO<\/strong><\/td>\n<td width=\"350\"><strong>APROVADA<\/strong><\/td>\n<\/tr>\n<tr>\n<td width=\"359\"><strong>CAMILA CONTENTE PAV\u00c3O<\/strong><\/td>\n<td width=\"350\"><strong>APROVADA<\/strong><\/td>\n<\/tr>\n<tr>\n<td width=\"359\"><strong>ALEXANDRE REIS SOARES BORGES<\/strong><\/td>\n<td width=\"350\"><strong>APROVADO<\/strong><\/td>\n<\/tr>\n<tr>\n<td width=\"359\"><strong>SUELLEN DE OLIVEIRA NUNES<\/strong><\/td>\n<td width=\"350\"><strong>APROVADA<\/strong><\/td>\n<\/tr>\n<tr>\n<td width=\"359\"><strong>HELA\u00cdNY MONIK COSTA DIAS<\/strong><\/td>\n<td width=\"350\"><strong>CLASSIFICADA \/ CADASTRO RESERVA<\/strong><\/td>\n<\/tr>\n<tr>\n<td width=\"359\"><strong>DANNA EMANUELLE SANTOS GON\u00c7ALVES<\/strong><\/td>\n<td width=\"350\"><strong>CLASSIFICADA \/ CADASTRO RESERVA<\/strong><\/td>\n<\/tr>\n<tr>\n<td width=\"359\"><strong>KLEYCIANE AGUIAR MEIRELES DE ALMEIDA<\/strong><\/td>\n<td width=\"350\"><strong>CLASSIFICADA \/ CADASTRO RESERVA<\/strong><\/td>\n<\/tr>\n<tr>\n<td width=\"359\"><strong>ANA PAULA SANTOS DA SILVA<\/strong><\/td>\n<td width=\"350\"><strong>CLASSIFICADA \/ CADASTRO RESERVA<\/strong><\/td>\n<\/tr>\n<tr>\n<td width=\"359\"><strong>ISABELLY DOS SANTOS TEIXEIRA<\/strong><\/td>\n<td width=\"350\"><strong>CLASSIFICADA \/ CADASTRO RESERVA<\/strong><\/td>\n<\/tr>\n<\/tbody>\n<\/table>\n<p>&nbsp;<\/p>\n<hr>\n<p style=\"text-align: center\"><span style=\"color: #ff0000\"><strong>EDITAL N. 03\/2023 \u2013 CCFISIO\/PROGRAD\/UNIFAP<\/strong><\/span><\/p>\n<p style=\"text-align: center\"><strong>PROCESSO SELETIVO SIMPLIFICADO PARA PRECEPTORIA DO CURSO<\/strong><\/p>\n<p style=\"text-align: center\"><strong>DE GRADUA\u00c7\u00c3O EM FISIOTERAPIA DA UNIVERSIDADE FEDERAL DO<\/strong><\/p>\n<p style=\"text-align: center\"><strong>AMAP\u00c1 (UNIFAP) \u2013 CAMPUS MARCO ZERO<\/strong><\/p>\n<p><strong>&nbsp;<\/strong>A Funda\u00e7\u00e3o Universidade Federal do Amap\u00e1, atrav\u00e9s da Coordena\u00e7\u00e3o do Curso de Fisioterapia, torna p\u00fablica a realiza\u00e7\u00e3o de Processo Seletivo Simplificado com a finalidade de selecionar profissionais para atendimento do Programa de Preceptoria de Gradua\u00e7\u00e3o no Curso de Bacharelado em Fisioterapia do Campus Marco Zero &#8211; Macap\u00e1, conforme quadro I, nos termos da Lei n\u00ba. 8.080 de 19\/09\/1990, no disposto nos art. 15 a 18 da Lei n\u00ba. 11.129 de 30\/06\/2005, na Portaria MS n\u00ba. 1.111 de 05-7-2005, e na Resolu\u00e7\u00e3o n\u00ba 23\/2017 CONSU\/UNIFAP.<\/p>\n<p>&nbsp;<\/p>\n<p><a href=\"http:\/\/www2.unifap.br\/fisioterapia\/files\/2023\/06\/EDITAL-PARA-PRECEPTORIA-2023.1.pdf\">EDITAL PARA PRECEPTORIA 2023.1<\/a><\/p>\n<p><a href=\"http:\/\/www2.unifap.br\/fisioterapia\/files\/2023\/06\/ANEXO-I-FICHA-DE-INSCRICAO-PROCESSO-SELETIVO-PARA-PRECEPTORIA-DO-CURSO-DE-FISIOTERAPIA.docx\">ANEXO I &#8211; FICHA DE INSCRI\u00c7\u00c3O PROCESSO SELETIVO PARA PRECEPTORIA DO CURSO DE FISIOTERAPIA<\/a><\/p>\n<p><a href=\"http:\/\/www2.unifap.br\/fisioterapia\/files\/2023\/06\/ANEXO-II-CRITERIOS-PARA-ANALISE-CURRICULAR.docx\">ANEXO II &#8211; CRIT\u00c9RIOS PARA AN\u00c1LISE CURRICULAR<\/a><\/p>\n<p><a href=\"http:\/\/www2.unifap.br\/fisioterapia\/files\/2023\/06\/ANEXO-III-FORMULARIO-PARA-RECURSO-ADMINISTRATIVO.docx\">ANEXO III &#8211; FORMUL\u00c1RIO PARA RECURSO ADMINISTRATIVO<\/a><\/p>\n<p>&nbsp;<\/p>\n","protected":false},"excerpt":{"rendered":"<p>EDITAL N. 03\/2023 \u2013 CCFISIO\/PROGRAD\/UNIFAP PROCESSO SELETIVO SIMPLIFICADO PARA PRECEPTORIA DO CURSO DE GRADUA\u00c7\u00c3O EM FISIOTERAPIA DA UNIVERSIDADE FEDERAL DO AMAP\u00c1 (UNIFAP) \u2013 CAMPUS MARCO ZERO &nbsp;A Funda\u00e7\u00e3o Universidade Federal do Amap\u00e1, atrav\u00e9s da Coordena\u00e7\u00e3o do Curso de Fisioterapia, torna p\u00fablica a realiza\u00e7\u00e3o de Processo Seletivo Simplificado com a finalidade de selecionar profissionais para atendimento&#8230;<\/p>\n","protected":false},"author":3931,"featured_media":0,"parent":487,"menu_order":0,"comment_status":"closed","ping_status":"closed","template":"","meta":{"inline_featured_image":false,"site-sidebar-layout":"default","site-content-layout":"default","ast-site-content-layout":"default","site-content-style":"default","site-sidebar-style":"default","ast-global-header-display":"","ast-banner-title-visibility":"","ast-main-header-display":"","ast-hfb-above-header-display":"","ast-hfb-below-header-display":"","ast-hfb-mobile-header-display":"","site-post-title":"","ast-breadcrumbs-content":"","ast-featured-img":"","footer-sml-layout":"","theme-transparent-header-meta":"default","adv-header-id-meta":"","stick-header-meta":"","header-above-stick-meta":"","header-main-stick-meta":"","header-below-stick-meta":"","astra-migrate-meta-layouts":"default","ast-page-background-enabled":"default","ast-page-background-meta":{"desktop":{"background-color":"var(--ast-global-color-4)","background-image":"","background-repeat":"repeat","background-position":"center center","background-size":"auto","background-attachment":"scroll","background-type":"","background-media":"","overlay-type":"","overlay-color":"","overlay-opacity":"","overlay-gradient":""},"tablet":{"background-color":"","background-image":"","background-repeat":"repeat","background-position":"center center","background-size":"auto","background-attachment":"scroll","background-type":"","background-media":"","overlay-type":"","overlay-color":"","overlay-opacity":"","overlay-gradient":""},"mobile":{"background-color":"","background-image":"","background-repeat":"repeat","background-position":"center center","background-size":"auto","background-attachment":"scroll","background-type":"","background-media":"","overlay-type":"","overlay-color":"","overlay-opacity":"","overlay-gradient":""}},"ast-content-background-meta":{"desktop":{"background-color":"var(--ast-global-color-5)","background-image":"","background-repeat":"repeat","background-position":"center center","background-size":"auto","background-attachment":"scroll","background-type":"","background-media":"","overlay-type":"","overlay-color":"","overlay-opacity":"","overlay-gradient":""},"tablet":{"background-color":"var(--ast-global-color-5)","background-image":"","background-repeat":"repeat","background-position":"center center","background-size":"auto","background-attachment":"scroll","background-type":"","background-media":"","overlay-type":"","overlay-color":"","overlay-opacity":"","overlay-gradient":""},"mobile":{"background-color":"var(--ast-global-color-5)","background-image":"","background-repeat":"repeat","background-position":"center center","background-size":"auto","background-attachment":"scroll","background-type":"","background-media":"","overlay-type":"","overlay-color":"","overlay-opacity":"","overlay-gradient":""}},"ngg_post_thumbnail":0,"footnotes":""},"class_list":["post-1395","page","type-page","status-publish","hentry"],"_links":{"self":[{"href":"https:\/\/www2.unifap.br\/fisioterapia\/wp-json\/wp\/v2\/pages\/1395","targetHints":{"allow":["GET"]}}],"collection":[{"href":"https:\/\/www2.unifap.br\/fisioterapia\/wp-json\/wp\/v2\/pages"}],"about":[{"href":"https:\/\/www2.unifap.br\/fisioterapia\/wp-json\/wp\/v2\/types\/page"}],"author":[{"embeddable":true,"href":"https:\/\/www2.unifap.br\/fisioterapia\/wp-json\/wp\/v2\/users\/3931"}],"replies":[{"embeddable":true,"href":"https:\/\/www2.unifap.br\/fisioterapia\/wp-json\/wp\/v2\/comments?post=1395"}],"version-history":[{"count":19,"href":"https:\/\/www2.unifap.br\/fisioterapia\/wp-json\/wp\/v2\/pages\/1395\/revisions"}],"predecessor-version":[{"id":1789,"href":"https:\/\/www2.unifap.br\/fisioterapia\/wp-json\/wp\/v2\/pages\/1395\/revisions\/1789"}],"up":[{"embeddable":true,"href":"https:\/\/www2.unifap.br\/fisioterapia\/wp-json\/wp\/v2\/pages\/487"}],"wp:attachment":[{"href":"https:\/\/www2.unifap.br\/fisioterapia\/wp-json\/wp\/v2\/media?parent=1395"}],"curies":[{"name":"wp","href":"https:\/\/api.w.org\/{rel}","templated":true}]}}