{"id":1440,"date":"2022-07-29T16:38:37","date_gmt":"2022-07-29T16:38:37","guid":{"rendered":"https:\/\/www2.unifap.br\/fisioterapia\/?page_id=1440"},"modified":"2022-08-08T14:07:14","modified_gmt":"2022-08-08T14:07:14","slug":"liga-academica-de-fisioterapia-em-saude-da-mulher-lafism","status":"publish","type":"page","link":"https:\/\/www2.unifap.br\/fisioterapia\/portal-do-aluno\/editais\/em-andamento\/liga-academica-de-fisioterapia-em-saude-da-mulher-lafism\/","title":{"rendered":"LIGA ACAD\u00caMICA DE FISIOTERAPIA EM SA\u00daDE DA MULHER &#8211; LAFISM"},"content":{"rendered":"<p>A Liga Acad\u00eamica de Fisioterapia em Sa\u00fade da Mulher (LAFISM) da Universidade Federal do Amap\u00e1 (UNIFAP) no uso de suas atribui\u00e7\u00f5es torna p\u00fablico, atrav\u00e9s deste Edital, o processo seletivo para admiss\u00e3o de membros efetivos da LAFISM para compor o seu quadro discente.<\/p>\n<p>&nbsp;<\/p>\n<p>PER\u00cdODO DE INSCRI\u00c7\u00c3O: <strong>01.08.2022 at\u00e9 as 23:59 horas do dia 03.08.2022<\/strong><\/p>\n<p>&nbsp;<\/p>\n<p><a href=\"http:\/\/www2.unifap.br\/fisioterapia\/files\/2022\/07\/EDITAL-LAFISM.pdf\">EDITAL LAFISM<\/a><\/p>\n<hr>\n<p style=\"text-align: center\"><strong>UNIVERSIDADE FEDERAL DO AMAP\u00c1 \u2013 UNIFAP <\/strong><br \/>\n<strong>CURSO DE BACHARELADO EM FISIOTERAPIA <\/strong><br \/>\n<strong>LIGA ACAD\u00caMICA DE FISIOTERAPIA EM SA\u00daDE DA MULHER &#8211; LAFISM<\/strong><br \/>\n<strong>RESULTADO PRIMEIRA ETAPA &#8211; EDITAL 001\/2022<\/strong><br \/>\n<strong>ADMISS\u00c3O DE MEMBROS EFETIVOS DA LAFISM PARA COMPOR O SEU QUADRO DISCENTE<\/strong><\/p>\n<p><a href=\"http:\/\/www2.unifap.br\/fisioterapia\/files\/2022\/08\/Resultado-1.pdf\">RESULTADO<\/a><\/p>\n<hr>\n<p style=\"text-align: center\"><strong>UNIVERSIDADE FEDERAL DO AMAP\u00c1 \u2013 UNIFAP <\/strong><br \/>\n<strong>CURSO DE BACHARELADO EM FISIOTERAPIA <\/strong><br \/>\n<strong>LIGA ACAD\u00caMICA DE FISIOTERAPIA EM SA\u00daDE DA MULHER &#8211; LAFISM<\/strong><br \/>\n<strong><span style=\"color: #ff0000\">RESULTADO FINAL<\/span> &#8211; EDITAL 001\/2022<\/strong><br \/>\n<strong>ADMISS\u00c3O DE MEMBROS EFETIVOS DA LAFISM PARA COMPOR O SEU QUADRO DISCENTE<\/strong><\/p>\n<p><a href=\"http:\/\/www2.unifap.br\/fisioterapia\/files\/2022\/08\/Resultado-final-JULIANA.pdf\">RESULTADO FINAL<\/a><\/p>\n","protected":false},"excerpt":{"rendered":"<p>A Liga Acad\u00eamica de Fisioterapia em Sa\u00fade da Mulher (LAFISM) da Universidade Federal do Amap\u00e1 (UNIFAP) no uso de suas atribui\u00e7\u00f5es torna p\u00fablico, atrav\u00e9s deste Edital, o processo seletivo para admiss\u00e3o de membros efetivos da LAFISM para compor o seu quadro discente. &nbsp; PER\u00cdODO DE INSCRI\u00c7\u00c3O: 01.08.2022 at\u00e9 as 23:59 horas do dia 03.08.2022 &nbsp;&#8230;<\/p>\n","protected":false},"author":3931,"featured_media":0,"parent":1347,"menu_order":0,"comment_status":"closed","ping_status":"closed","template":"","meta":{"inline_featured_image":false,"site-sidebar-layout":"default","site-content-layout":"default","ast-site-content-layout":"default","site-content-style":"default","site-sidebar-style":"default","ast-global-header-display":"","ast-banner-title-visibility":"","ast-main-header-display":"","ast-hfb-above-header-display":"","ast-hfb-below-header-display":"","ast-hfb-mobile-header-display":"","site-post-title":"","ast-breadcrumbs-content":"","ast-featured-img":"","footer-sml-layout":"","theme-transparent-header-meta":"default","adv-header-id-meta":"","stick-header-meta":"","header-above-stick-meta":"","header-main-stick-meta":"","header-below-stick-meta":"","astra-migrate-meta-layouts":"default","ast-page-background-enabled":"default","ast-page-background-meta":{"desktop":{"background-color":"var(--ast-global-color-4)","background-image":"","background-repeat":"repeat","background-position":"center center","background-size":"auto","background-attachment":"scroll","background-type":"","background-media":"","overlay-type":"","overlay-color":"","overlay-opacity":"","overlay-gradient":""},"tablet":{"background-color":"","background-image":"","background-repeat":"repeat","background-position":"center center","background-size":"auto","background-attachment":"scroll","background-type":"","background-media":"","overlay-type":"","overlay-color":"","overlay-opacity":"","overlay-gradient":""},"mobile":{"background-color":"","background-image":"","background-repeat":"repeat","background-position":"center center","background-size":"auto","background-attachment":"scroll","background-type":"","background-media":"","overlay-type":"","overlay-color":"","overlay-opacity":"","overlay-gradient":""}},"ast-content-background-meta":{"desktop":{"background-color":"var(--ast-global-color-5)","background-image":"","background-repeat":"repeat","background-position":"center center","background-size":"auto","background-attachment":"scroll","background-type":"","background-media":"","overlay-type":"","overlay-color":"","overlay-opacity":"","overlay-gradient":""},"tablet":{"background-color":"var(--ast-global-color-5)","background-image":"","background-repeat":"repeat","background-position":"center center","background-size":"auto","background-attachment":"scroll","background-type":"","background-media":"","overlay-type":"","overlay-color":"","overlay-opacity":"","overlay-gradient":""},"mobile":{"background-color":"var(--ast-global-color-5)","background-image":"","background-repeat":"repeat","background-position":"center center","background-size":"auto","background-attachment":"scroll","background-type":"","background-media":"","overlay-type":"","overlay-color":"","overlay-opacity":"","overlay-gradient":""}},"ngg_post_thumbnail":0,"footnotes":""},"class_list":["post-1440","page","type-page","status-publish","hentry"],"_links":{"self":[{"href":"https:\/\/www2.unifap.br\/fisioterapia\/wp-json\/wp\/v2\/pages\/1440","targetHints":{"allow":["GET"]}}],"collection":[{"href":"https:\/\/www2.unifap.br\/fisioterapia\/wp-json\/wp\/v2\/pages"}],"about":[{"href":"https:\/\/www2.unifap.br\/fisioterapia\/wp-json\/wp\/v2\/types\/page"}],"author":[{"embeddable":true,"href":"https:\/\/www2.unifap.br\/fisioterapia\/wp-json\/wp\/v2\/users\/3931"}],"replies":[{"embeddable":true,"href":"https:\/\/www2.unifap.br\/fisioterapia\/wp-json\/wp\/v2\/comments?post=1440"}],"version-history":[{"count":4,"href":"https:\/\/www2.unifap.br\/fisioterapia\/wp-json\/wp\/v2\/pages\/1440\/revisions"}],"predecessor-version":[{"id":1461,"href":"https:\/\/www2.unifap.br\/fisioterapia\/wp-json\/wp\/v2\/pages\/1440\/revisions\/1461"}],"up":[{"embeddable":true,"href":"https:\/\/www2.unifap.br\/fisioterapia\/wp-json\/wp\/v2\/pages\/1347"}],"wp:attachment":[{"href":"https:\/\/www2.unifap.br\/fisioterapia\/wp-json\/wp\/v2\/media?parent=1440"}],"curies":[{"name":"wp","href":"https:\/\/api.w.org\/{rel}","templated":true}]}}