{"id":1658,"date":"2023-03-24T12:29:01","date_gmt":"2023-03-24T12:29:01","guid":{"rendered":"https:\/\/www2.unifap.br\/fisioterapia\/?page_id=1658"},"modified":"2023-09-16T13:47:42","modified_gmt":"2023-09-16T13:47:42","slug":"apresentacao-de-tcc","status":"publish","type":"page","link":"https:\/\/www2.unifap.br\/fisioterapia\/portal-do-aluno\/tcc\/apresentacao-de-tcc\/","title":{"rendered":"APRESENTA\u00c7\u00c3O DE TCC"},"content":{"rendered":"<p>A Coordena\u00e7\u00e3o do Curso de Fisioterapia torna p\u00fablica apresenta\u00e7\u00e3o de qualifica\u00e7\u00e3o e defesa de trabalho de conclus\u00e3o de curso.<\/p>\n<p>&#8212;&#8212;&#8212;&#8212;&#8212;&#8212;&#8212;&#8212;&#8212;&#8212;&#8212;&#8212;&#8212;&#8212;&#8212;&#8212;&#8212;&#8212;&#8212;&#8212;&#8212;&#8212;&#8212;&#8212;&#8212;&#8212;&#8212;&#8212;&#8212;&#8212;&#8212;&#8212;&#8212;&#8212;-<\/p>\n<p style=\"text-align: center\"><strong>DEFESA TCC 2<\/strong><\/p>\n<hr \/>\n<p>Data: 29\/09\/2023 (Sexta-feira), \u00e0s 9h da manh\u00e3<\/p>\n<p>plataforma Google Meet\u00a0<a href=\"https:\/\/meet.google.com\/rxs-ikgu-tmi\" data-saferedirecturl=\"https:\/\/www.google.com\/url?q=https:\/\/meet.google.com\/rxs-ikgu-tmi&amp;source=gmail&amp;ust=1694954691957000&amp;usg=AOvVaw0svQqtegn1QWN0Co3sOSfd\">https:\/\/meet.google.com\/rxs-ikgu-tmi<\/a><\/p>\n<p>Orientadora: Profa. Ma. Caroline de F\u00e1tima Ribeiro Silva<\/p>\n<p>Orientandos: ANT\u00d4NIO FERREIRA DOS SANTOS e LUINNE RAIZA DE BARROS NASCIMENTO<\/p>\n<p>T\u00edtudo do trabalho: &#8220;PREVAL\u00caNCIA E FATORES ASSOCIADOS \u00c0 DOR LOMBAR EM IDOSOS RESIDENTES NA COMUNIDADE: ESTUDO TRANSVERSAL EM UMA REGI\u00c3O AMAZ\u00d4NICA&#8221;<\/p>\n<p style=\"font-weight: 400\">A banca avaliadora ser\u00e1 composta pelos seguintes docentes:<\/p>\n<ul style=\"font-weight: 400\">\n<li>Profa. Ma. Caroline de F\u00e1tima Ribeiro Silva (Membro interno &#8211; Presidente da banca)<\/li>\n<\/ul>\n<p style=\"font-weight: 400\">Universidade Federal do Amap\u00e1 &#8211; UNIFAP<\/p>\n<ul style=\"font-weight: 400\">\n<li>Prof. Dr. Maycon Sousa Pegorari (Membro extrerno)<\/li>\n<\/ul>\n<p style=\"font-weight: 400\">Universidade Federal do Tri\u00e2ngulo Mineiro &#8211; UFTM<\/p>\n<ul style=\"font-weight: 400\">\n<li>Prof. Dr. Areolino Pena Matos (Membro interno)<\/li>\n<\/ul>\n<p style=\"font-weight: 400\">Universidade Federal do Amap\u00e1 &#8211; UNIFAP<\/p>\n<ul style=\"font-weight: 400\">\n<li>Prosa. Dra. Juliana Falc\u00e3o Padilha (Membro interno &#8211; suplente)<\/li>\n<\/ul>\n<p style=\"font-weight: 400\">Universidade Federal do Amap\u00e1 &#8211; UNIFAP<\/p>\n<p>&nbsp;<\/p>\n<p>&#8212;&#8212;&#8212;&#8212;&#8212;&#8212;&#8212;&#8212;&#8212;&#8212;&#8212;&#8212;&#8212;&#8212;&#8212;&#8212;&#8212;&#8212;&#8212;&#8212;&#8212;&#8212;&#8212;&#8212;<\/p>\n<p>Data: 25 de agosto de 2023, \u00e0s 19 horas<\/p>\n<p>Apresenta\u00e7\u00e3o atrav\u00e9s de sala virtual: Google Meet (Link da apresenta\u00e7\u00e3o: meet.google.com\/dqr-dgqq-qhv).<\/p>\n<p>Nome do(a) orientando(a): Thaysa Priscilla Fadell de Aquino<\/p>\n<p>Nome da orientadora: Professora Dr\u00aa Juliana Padilha<\/p>\n<p>T\u00edtulo do trabalho: \u201cDismenorreia Prim\u00e1ria e seu impacto sobre o Presente\u00edsmo e Autoimagem Genital de mulheres universit\u00e1rias: Estudo Transversal\u201d<br \/>\nBanca de Avalia\u00e7\u00e3o:<\/p>\n<p>Membros Titulares<br \/>\nProfa. Msc. Caroline de F\u00e1tima Ribeiro Silva<br \/>\nProfa. Msc. Amanda Garcia de Godoy<\/p>\n<p>Suplentes:<br \/>\nProfa. Msc. Jordana Maia Dias<br \/>\nProfa. Dra. Wilza Karla dos Santos Leite<\/p>\n<p>&#8230;&#8230;&#8230;&#8230;&#8230;&#8230;&#8230;&#8230;&#8230;&#8230;&#8230;&#8230;&#8230;&#8230;&#8230;&#8230;&#8230;&#8230;&#8230;&#8230;&#8230;&#8230;&#8230;&#8230;&#8230;&#8230;&#8230;&#8230;&#8230;&#8230;&#8230;&#8230;&#8230;&#8230;&#8230;&#8230;&#8230;&#8230;..<\/p>\n<div>\n<div>\n<div>\n<p>Data: 05\/08\/2023 \u00e0s 09:00hs.<\/p>\n<p>Apresenta\u00e7\u00e3o atrav\u00e9s de sala virtual:\u00a0 <a href=\"https:\/\/meet.google.com\/kec-bqwe-sif\">https:\/\/meet.google.com\/kec-bqwe-sif<\/a><\/p>\n<p>Nome dos orientandos: Hyan Macedo Penafort Feitosa e Leonardo Lacerda da Costa<\/p>\n<p>Nome da orientadora: Prof\u00aa Ma. Analizia Pena da Silva<\/p>\n<p>T\u00edtulo do trabalho: &#8220;S\u00cdNDROME FIBROMI\u00c1LGICA: ABORDAGEM TERAP\u00caUTICA PELO CONVERSOR R\u00c1DIO EL\u00c9TRICO ASSIM\u00c9TRICO (REAC) SOBRE OS ASPECTOS NEUROPS\u00cdQUICOS<\/p>\n<\/div>\n<div>\n<p>Banca de Avalia\u00e7\u00e3o:<\/p>\n<p>Titulares:<br \/>\n1. Profa. Me. Janete Silva Ramos<\/p>\n<p>2. Prof\u00ba. Me. Cleuton Braga Landre<\/p>\n<\/div>\n<hr \/>\n<p>Data: 02\/08\/2023 \u00e0s 15hs.<\/p>\n<p>Apresenta\u00e7\u00e3o atrav\u00e9s de sala virtual:\u00a0 <a href=\"https:\/\/meet.google.com\/rdv-ezzg-rdc\">https:\/\/meet.google.com\/rdv-ezzg-rdc<\/a><\/p>\n<p>Nome dos orientandos: Daniel Silva Valente e Marcus Titus Trindade de Assis Filho<\/p>\n<p>Nome da orientadora: Prof\u00aa Titular Analizia Pena da Silva<\/p>\n<p>T\u00edtulo do trabalho: &#8220;EFEITOS DA TERAPIA DE RESTRI\u00c7\u00c3O E INDU\u00c7\u00c3O AO MOVIMENTO (TRIM) NO TEMPO<br \/>\nDE EXECU\u00c7\u00c3O DAS TAREFAS P\u00d3S-AVC: UM ESTUDO DE CASO&#8221;\u201d<\/p>\n<\/div>\n<div>\n<p>Banca de Avalia\u00e7\u00e3o:<\/p>\n<p>Titulares:<br \/>\n1. Profa. Dra. Wilza Karla dos Santos Leite<\/p>\n<p>2. Prof\u00ba. Me. Cleuton Braga Landre<\/p>\n<p>&nbsp;<\/p>\n<p>&nbsp;<\/p>\n<\/div>\n<p>&nbsp;<\/p>\n<p>&nbsp;<\/p>\n<p>&nbsp;<\/p>\n<hr \/>\n<p>Data: 24\/05\/2023 \u00e0s 15hs.<\/p>\n<p>Local de apresenta\u00e7\u00e3o: \u00a0Bloco de Fisioterapia &#8211; UNIFAP<\/p>\n<p>Nome das orientandas:\u00a0Ayla Pereira Pennafort Ferreira e Daniela Suzane Belo Viana<\/p>\n<p>Nome do orientador: Prof\u00aa Titular Analizia Pena da Silva<\/p>\n<p>T\u00edtulo do trabalho:\u00a0\u201c INFLU\u00caNCIA DOS SINTOMAS PS\u00cdQUICOS SOB AS HABILIDADES MOTORAS DE PACIENTE COM AVC SUBMETIDO A TERAPIA DE CONTENS\u00c3O INDUZIDA: RELATO DE CASO \u201d<\/p>\n<\/div>\n<div>\n<p>Banca de Avalia\u00e7\u00e3o:<\/p>\n<p>Titulares:<br \/>\n1. Profa. Me. Janete Silva Ramos<\/p>\n<p>2. Prof\u00ba. Me. Cleuton Braga Landre<\/p>\n<p>&#8212;&#8212;&#8212;&#8212;&#8212;&#8212;&#8212;&#8212;&#8212;&#8212;&#8212;&#8212;&#8212;&#8212;&#8212;&#8212;&#8212;&#8212;&#8212;&#8212;&#8212;&#8212;&#8212;&#8212;&#8212;&#8212;&#8212;&#8212;&#8212;&#8212;&#8212;&#8212;&#8212;&#8212;&#8212;&#8212;&#8212;&#8212;&#8212;&#8212;&#8212;&#8212;&#8212;&#8212;&#8212;&#8212;&#8212;&#8212;&#8212;&#8212;&#8212;&#8212;&#8212;&#8212;&#8212;&#8212;&#8212;&#8212;<\/p>\n<\/div>\n<p><strong>Data<\/strong>: 12\/05\/2023 \u00e0s 15hs.<\/p>\n<p><strong>Local de apresenta\u00e7\u00e3o<\/strong>: \u00a0No audit\u00f3rio do Hospital Universit\u00e1rio da UNIFAP<\/p>\n<p><strong>Nome das orientandas:<\/strong> Danna Emanuelle Santos Gon\u00e7alves e Joelma Aparecida Ara\u00fajo<\/p>\n<p><strong>Nome do orientador<\/strong>: Prof. Titular Jos\u00e9 Carlos Tavares Carvalho<\/p>\n<p><strong>T\u00edtulo do trabalho:<\/strong> \u201cNanogel do \u00f3leo essencial de Rosmarinus officinalis associado \u00e0 fonoforese: efeito modulador no dano muscular induzido pelo veneno da serpente Bothrops moojeni\u201d<\/p>\n<p><strong>Banca de Avalia\u00e7\u00e3o<\/strong>:<\/p>\n<p>Titulares:<br \/>\n1. Profa. Dr. Beatriz Martins de S\u00e1 Hyacienth<\/p>\n<p>2. Profa. Dr. Gisele Cust\u00f3dio de Souza<\/p>\n<p>Suplentes:<br \/>\n1. Prof. Dr. Helison de Oliveira Carvalho<\/p>\n<p>2. Profa. Dra. Albenise Santana Alves.<\/p>\n<hr \/>\n<p><span style=\"font-family: arial, sans-serif\"><strong>DATA:<\/strong> 12\/05\/2023 \u00e0 13 horas.<\/span><\/p>\n<p><span style=\"font-family: arial, sans-serif\"><strong>MODALIDADE DE DEFESA:<\/strong> Remota. Link:\u00a0<a href=\"https:\/\/meet.google.com\/vnh-opyn-tec\" target=\"_blank\" rel=\"noopener\" data-saferedirecturl=\"https:\/\/www.google.com\/url?q=https:\/\/meet.google.com\/vnh-opyn-tec&amp;source=gmail&amp;ust=1683802676372000&amp;usg=AOvVaw0G8GIdJdgn8J7OUKCQL8wg\">https:\/\/meet.google.com\/vnh-opyn-tec<\/a>\u00a0<\/span><\/p>\n<p><span style=\"font-family: arial, sans-serif\"><strong>ORIENTANDAS:\u00a0<\/strong>EMANUELLE TOLOSA DOS SANTOS \u00a0E LUIANI LIMA DE OLIVEIRA<\/span><\/p>\n<p><span style=\"font-family: arial, sans-serif\"><strong>ORIENTADORA:<\/strong> JULIANA ANEZIA RODRIGUES DO AMARAL<\/span><\/p>\n<p><span style=\"font-family: arial, sans-serif\"><strong>T\u00cdTULO DO TRABALHO:<\/strong>\u00a0EFEITOS DA VENTILA\u00c7\u00c3O N\u00c3O INVASIVA DE ALTA FREQU\u00caNCIA EM REC\u00c9M-NASCIDOS PREMATUROS: PROTOCOLO DE REVIS\u00c3O SISTEM\u00c1TICA<\/span><\/p>\n<p><span style=\"font-family: arial, sans-serif\"><strong>NOME DOS MEMBROS DA BANCA:\u00a0\u00a0<\/strong>PROFESSORAS JORDANA MAIA E LARISSA MAGALH\u00c3ES<\/span><\/p>\n<p>&nbsp;<\/p>\n<p><a href=\"http:\/\/www2.unifap.br\/fisioterapia\/files\/2023\/05\/Imagem-do-WhatsApp-de-2023-05-02-as-14.08.22.jpg\"><img fetchpriority=\"high\" decoding=\"async\" class=\"aligncenter wp-image-1733 size-large\" src=\"http:\/\/www2.unifap.br\/fisioterapia\/files\/2023\/05\/Imagem-do-WhatsApp-de-2023-05-02-as-14.08.22-1024x1024.jpg\" alt=\"\" width=\"1024\" height=\"1024\" srcset=\"https:\/\/www2.unifap.br\/fisioterapia\/files\/2023\/05\/Imagem-do-WhatsApp-de-2023-05-02-as-14.08.22-1024x1024.jpg 1024w, https:\/\/www2.unifap.br\/fisioterapia\/files\/2023\/05\/Imagem-do-WhatsApp-de-2023-05-02-as-14.08.22-300x300.jpg 300w, https:\/\/www2.unifap.br\/fisioterapia\/files\/2023\/05\/Imagem-do-WhatsApp-de-2023-05-02-as-14.08.22-150x150.jpg 150w, https:\/\/www2.unifap.br\/fisioterapia\/files\/2023\/05\/Imagem-do-WhatsApp-de-2023-05-02-as-14.08.22-768x768.jpg 768w, https:\/\/www2.unifap.br\/fisioterapia\/files\/2023\/05\/Imagem-do-WhatsApp-de-2023-05-02-as-14.08.22.jpg 1080w\" sizes=\"(max-width: 1024px) 100vw, 1024px\" \/><\/a><\/p>\n<p>&nbsp;<\/p>\n<p><strong>Data<\/strong> 08\/05\/2023 (alterada)<br \/>\n<strong>Hor\u00e1rio<\/strong>: 18h e 30 minutos.<br \/>\n<strong>Local:<\/strong> Laborat\u00f3rio de Neurofuncional<br \/>\n<strong>T\u00edtulo da monografia<\/strong>: PROJETO \u201cFISIO EM CASA\u201d: UMA ESTRAT\u00c9GIA DE EDUCA\u00c7\u00c3O EM SA\u00daDE E POPULARIZA\u00c7\u00c3O DA CI\u00caNCIA FISIOTERAPIA DURANTE A PANDEMIA DA COVID-19.<br \/>\n<strong>Discentes:<\/strong> Aline Navarro Mota e Nath\u00e1lia Uch\u00f4a de Oliveira.<br \/>\n<strong>Orientador:<\/strong> Diego Bulc\u00e3o Visco<br \/>\n<strong>Banca de Avalia\u00e7\u00e3o:<\/strong> Prof\u00aa Nelma Nunes da Silva e Caroline de F\u00e1tima Ribeiro Silva<\/p>\n<p style=\"text-align: center\">&#8212;&#8212;&#8212;&#8212;&#8212;&#8212;&#8212;&#8212;&#8212;&#8212;&#8212;&#8212;&#8212;&#8212;&#8212;&#8212;&#8212;&#8212;&#8212;&#8212;&#8212;&#8212;&#8212;&#8212;&#8212;&#8212;&#8212;&#8212;&#8212;&#8212;&#8212;&#8212;&#8212;-<\/p>\n<div dir=\"ltr\" style=\"text-align: center\"><strong>QUALIFICA\u00c7\u00c3O &#8211; TCC 1<\/strong><\/div>\n<div dir=\"ltr\" style=\"text-align: center\">&#8212;&#8212;&#8212;&#8212;&#8212;&#8212;&#8212;&#8212;&#8212;&#8212;&#8212;&#8212;&#8212;&#8212;&#8212;&#8212;&#8212;&#8212;&#8212;&#8212;&#8212;&#8212;&#8212;&#8212;&#8212;&#8212;&#8212;&#8212;&#8212;&#8212;&#8212;&#8212;&#8212;-<\/div>\n<p dir=\"ltr\"><strong>Data:<\/strong> 06\/05\/2023<\/p>\n<p>Modalidade da defesa: Presencial<\/p>\n<p><strong>Nome do orientando:<\/strong>\u00a0DHEMISON TEN\u00d3RIO CARVALHO e MARYANNE RODRIGUES DOS SANTOS<\/p>\n<p><strong>Nome do orientador:<\/strong> ALINE SILVA RAMOS<\/p>\n<p><strong>T\u00edtulo do trabalho:<\/strong>\u00a0BENEF\u00cdCIOS DO USO DA M\u00daSICA COMO RECURSO TERAP\u00caUTICO EM UNIDADES DE TERAPIA INTENSIVA ADULTO.<\/p>\n<p><strong>Nome da membros da banca:<\/strong><\/p>\n<p>NAYANA KEYLA SEABRA DE OLIVEIRA<\/p>\n<p>ELINALDO DA CONCEI\u00c7\u00c3O DOS SANTOS<\/p>\n<p>&#8212;&#8212;&#8212;&#8212;&#8212;&#8212;&#8212;&#8212;&#8212;&#8212;&#8212;&#8212;&#8212;&#8212;&#8212;&#8212;&#8212;&#8212;&#8212;&#8212;&#8212;&#8212;&#8212;&#8212;&#8212;&#8212;&#8212;&#8212;&#8212;&#8212;&#8212;&#8212;&#8212;&#8212;&#8212;&#8212;&#8212;&#8212;&#8212;&#8212;&#8212;&#8212;&#8212;&#8212;&#8212;&#8212;&#8212;&#8212;&#8212;&#8212;&#8212;&#8212;&#8212;-<\/p>\n<p dir=\"ltr\"><strong>Data:<\/strong> 05\/05\/2023 \u00e0 17 horas<\/p>\n<p><strong>Modalidade da defesa<\/strong>: Remoto &#8211;\u00a0<a href=\"https:\/\/meet.google.com\/roq-ivjv-cif\">https:\/\/meet.google.com\/roq-ivjv-cif<\/a><\/p>\n<p><strong>Nome do orientandas:<\/strong> ADRIANA MARIA R\u00caGO RIBEIRO RAQUEL DOSARES BATISTA DA SILVA<\/p>\n<p><strong>Nome do orientador:<\/strong> JULIANA ANEZIA RODRIGUES DO AMARAL<\/p>\n<p><strong>T\u00edtulo do trabalho:<\/strong> O USO DE COCA\u00cdNA E CRACK DURANTE A GESTA\u00c7\u00c3O E SEUS EFEITOS EM REC\u00c9M- NASCIDOS E CRIAN\u00c7AS: UMA REVIS\u00c3O SISTEM\u00c1TICA<\/p>\n<p><strong>Nome da membros da banca:<\/strong><\/p>\n<p>ADILSON MENDES<\/p>\n<p>ANALIZIA PENA<\/p>\n<p>&nbsp;<\/p>\n<hr \/>\n<div>\n<p dir=\"ltr\"><strong>Data<\/strong>: 04\/05\/2023 \u00e0s 08:30 at\u00e9 12:00 horas<\/p>\n<p dir=\"ltr\"><strong>Via web confer\u00eancia<\/strong>: Link da videochamada:\u00a0<a href=\"https:\/\/meet.google.com\/szx-fmtq-woh\" target=\"_blank\" rel=\"noopener\" data-saferedirecturl=\"https:\/\/www.google.com\/url?q=https:\/\/meet.google.com\/szx-fmtq-woh&amp;source=gmail&amp;ust=1683135546194000&amp;usg=AOvVaw2uPv9b1ZCGy4HoeVxUvRNJ\">https:\/\/meet.google.com\/szx-fmtq-woh<\/a><\/p>\n<p dir=\"ltr\"><strong>Nome do orientando:<\/strong> CLEBER CARDOSO MADUREIRA<\/p>\n<p dir=\"ltr\"><strong>Nome do orientador<\/strong>: Prof\u00aa Dr\u00aa Nat\u00e1lia Camargo Rodrigues Iosimuta<\/p>\n<p dir=\"ltr\"><strong>T\u00edtulo do trabalho:<\/strong> \u201cAn\u00e1lise da atividade eletromiogr\u00e1fica dos m\u00fasculos do tornozelo durante a marcha de pacientes com amputa\u00e7\u00e3o de antep\u00e9&#8221;<\/p>\n<p dir=\"ltr\"><strong>Banca de Avalia\u00e7\u00e3o<\/strong>:<\/p>\n<p dir=\"ltr\">Titulares:<br \/>\nProf. Dr. Dr. Areolino Pena Matos<\/p>\n<p dir=\"ltr\">Prof. Dr. Renan Lima Monteiro<\/p>\n<\/div>\n<p dir=\"ltr\">&#8212;&#8212;&#8212;&#8212;&#8212;&#8212;&#8212;&#8212;&#8212;&#8212;&#8212;&#8212;&#8212;&#8212;&#8212;&#8212;&#8212;&#8212;&#8212;&#8212;&#8212;&#8212;&#8212;&#8212;&#8212;&#8212;&#8212;&#8212;&#8212;&#8212;&#8212;&#8212;&#8212;&#8212;&#8212;&#8212;&#8212;&#8212;&#8212;&#8212;&#8212;&#8212;&#8212;&#8212;&#8212;&#8212;&#8212;&#8212;&#8212;&#8212;&#8212;&#8212;&#8212;&#8212;-<\/p>\n<p dir=\"ltr\"><strong>Data<\/strong>: 28\/04\/2023 \u00e0s 15hs.<\/p>\n<p dir=\"ltr\"><strong>Local de apresenta\u00e7\u00e3o<\/strong>: \u00a0Sala 01 do Hospital Universit\u00e1rio da UNIFAP<\/p>\n<p dir=\"ltr\"><strong>Nome das orientandas:<\/strong> Danna Emanuelle Santos Gon\u00e7alves e Joelma Aparecida Ara\u00fajo<\/p>\n<p dir=\"ltr\"><strong>Nome do orientador<\/strong>: Prof. Titular Jos\u00e9 Carlos Tavares Carvalho<\/p>\n<p dir=\"ltr\"><strong>T\u00edtulo do trabalho:<\/strong> \u201cNanogel do \u00f3leo essencial de Rosmarinus officinalis associado \u00e0 fonoforese: efeito modulador no dano muscular induzido pelo veneno da serpente Bothrops moojeni\u201d<\/p>\n<p><strong>Banca de Avalia\u00e7\u00e3o<\/strong>:<\/p>\n<p>Titulares:<br \/>\nProfa. Dr. Beatriz Martins de S\u00e1 Hyacienth2.<\/p>\n<p>Profa. Dr. Gisele Cust\u00f3dio de Souza<\/p>\n<p>Suplentes:<\/p>\n<p>Prof. Dr. Helison de Oliveira Carvalho2.<\/p>\n<p>Profa. Dra. Albenise Santana Alves.<\/p>\n<p dir=\"ltr\">&#8212;&#8212;&#8212;&#8212;&#8212;&#8212;&#8212;&#8212;&#8212;&#8212;&#8212;&#8212;&#8212;&#8212;&#8212;&#8212;&#8212;&#8212;&#8212;&#8212;&#8212;&#8212;&#8212;&#8212;&#8212;&#8212;&#8212;&#8212;&#8212;&#8212;&#8212;&#8212;&#8212;&#8212;&#8212;&#8212;&#8212;&#8212;&#8212;&#8212;&#8212;&#8212;&#8212;&#8212;&#8212;&#8212;&#8212;&#8212;&#8212;&#8212;&#8212;&#8212;&#8212;&#8212;-<\/p>\n<p dir=\"ltr\"><strong>Data<\/strong>: 26\/04\/2023 \u00e0s 15hs.<\/p>\n<p dir=\"ltr\"><strong>Local de apresenta\u00e7\u00e3o<\/strong>:\u00a0 Bloco de Fisioterapia.<\/p>\n<p dir=\"ltr\"><strong>Nome das orientandas:<\/strong> CRISNA GABRIELLE FREIRES PINHEIRO e\u00a0PAULA MACHADO DE OLIVEIRA ASSUN\u00c7\u00c3O<\/p>\n<p dir=\"ltr\"><strong>Nome do orientador<\/strong>: Nayana Keyla Seabra de Oliveira<\/p>\n<p dir=\"ltr\"><strong>T\u00edtulo do trabalho:<\/strong> AN\u00c1LISE DA FOR\u00c7A MUSCULAR RESPIRAT\u00d3RIA EM INDIV\u00cdDUOS COM S\u00cdNDROME DE DOWN EM CIDADES DO ESTADO DO AMAP\u00c1: UM ESTUDO OBSERVACIONAL TRANSVERSAL<\/p>\n<p dir=\"ltr\"><strong>Banca de Avalia\u00e7\u00e3o<\/strong>: Profa. Msc. Aline Silva Ramos e Profa. Msc. Analizia Pena da Silva<\/p>\n<p dir=\"ltr\">&#8212;&#8212;&#8212;&#8212;&#8212;&#8212;&#8212;&#8212;&#8212;&#8212;&#8212;&#8212;&#8212;&#8212;&#8212;&#8212;&#8212;&#8212;&#8212;&#8212;&#8212;&#8212;&#8212;&#8212;&#8212;&#8212;&#8212;&#8212;&#8212;&#8212;&#8212;&#8212;&#8212;&#8212;&#8212;&#8212;&#8212;&#8212;&#8212;&#8212;&#8212;&#8212;&#8212;&#8212;&#8212;&#8212;&#8212;&#8212;&#8212;&#8212;&#8212;&#8212;&#8212;&#8212;-<\/p>\n<p dir=\"ltr\"><strong>Data<\/strong> 01\/04\/2023<\/p>\n<p dir=\"ltr\"><strong>Hor\u00e1rio<\/strong>: 8 \u00e0s 10h<\/p>\n<p dir=\"ltr\"><strong>Local:<\/strong> Laborat\u00f3rio de Neurofuncional<\/p>\n<p dir=\"ltr\"><strong>T\u00edtulo da monografia:<\/strong>\u00a0PROJETO \u201cFISIO EM CASA\u201d: UMA ESTRAT\u00c9GIA DE EDUCA\u00c7\u00c3O EM SA\u00daDE E POPULARIZA\u00c7\u00c3O DA CI\u00caNCIA FISIOTERAPIA DURANTE A PANDEMIA DA COVID-19.<\/p>\n<p dir=\"ltr\"><strong>Discentes:<\/strong> Aline Navarro Mota e Nath\u00e1lia Uch\u00f4a de Oliveira.<\/p>\n<p dir=\"ltr\"><strong>Orientador:<\/strong> Diego Bulc\u00e3o Visco<\/p>\n<p dir=\"ltr\"><strong>Banca de Avalia\u00e7\u00e3o:<\/strong> Prof\u00aa Nelma Nunes da Silva e Caroline de F\u00e1tima Ribeiro Silva<\/p>\n<p>&#8212;&#8212;&#8212;&#8212;&#8212;&#8212;&#8212;&#8212;&#8212;&#8212;&#8212;&#8212;&#8212;&#8212;&#8212;&#8212;&#8212;&#8212;&#8212;&#8212;&#8212;&#8212;&#8212;&#8212;&#8212;&#8212;&#8212;&#8212;&#8212;&#8212;&#8212;&#8212;&#8212;&#8212;&#8212;&#8212;&#8212;&#8212;&#8212;&#8212;&#8212;&#8212;&#8212;&#8212;&#8212;&#8212;&#8212;&#8212;&#8212;&#8212;&#8212;&#8212;&#8212;&#8212;-<\/p>\n<p><strong>Data<\/strong> 01\/04\/2023<\/p>\n<p><strong>Local:<\/strong> <strong>sala 04<\/strong>, bloco de fisioterapia<\/p>\n<p><strong>T\u00edtulo da monografia:<\/strong>\u00a0Efeito do cicloerg\u00f4metro no p\u00f3s operat\u00f3rio de adultos submetidos a cirurgia card\u00edaca sobre desfechos cl\u00ednicos, tempo de hospitaliza\u00e7\u00e3o e capacidade funcional: protocolo para uma revis\u00e3o<\/p>\n<p><strong>Discentes:<\/strong> Eduardo Pinheiro Cunha e Jo\u00e3o Paula Rodrigues Pacheco.<\/p>\n<p><strong>Orientador:<\/strong> Prof. Dr. Elinaldo da Concei\u00e7\u00e3o dos Santos<\/p>\n<p><strong>Banca de Avalia\u00e7\u00e3o:<\/strong> Prof. Dr. Diego Bulc\u00e3o Visco, Profa. Dra. Nayana Keyla Seabra de Oliveira e Prof. Dr. Elinaldo da Concei\u00e7\u00e3o dos Santos (Presidente da banca)<\/p>\n","protected":false},"excerpt":{"rendered":"<p>A Coordena\u00e7\u00e3o do Curso de Fisioterapia torna p\u00fablica apresenta\u00e7\u00e3o de qualifica\u00e7\u00e3o e defesa de trabalho de conclus\u00e3o de curso. &#8212;&#8212;&#8212;&#8212;&#8212;&#8212;&#8212;&#8212;&#8212;&#8212;&#8212;&#8212;&#8212;&#8212;&#8212;&#8212;&#8212;&#8212;&#8212;&#8212;&#8212;&#8212;&#8212;&#8212;&#8212;&#8212;&#8212;&#8212;&#8212;&#8212;&#8212;&#8212;&#8212;&#8212;- DEFESA TCC 2 Data: 29\/09\/2023 (Sexta-feira), \u00e0s 9h da manh\u00e3 plataforma Google Meet\u00a0https:\/\/meet.google.com\/rxs-ikgu-tmi Orientadora: Profa. Ma. Caroline de F\u00e1tima Ribeiro Silva Orientandos: ANT\u00d4NIO FERREIRA DOS SANTOS e LUINNE RAIZA DE BARROS NASCIMENTO T\u00edtudo do trabalho:&#8230;<\/p>\n","protected":false},"author":5,"featured_media":0,"parent":1339,"menu_order":0,"comment_status":"closed","ping_status":"closed","template":"","meta":{"inline_featured_image":false,"site-sidebar-layout":"default","site-content-layout":"default","ast-site-content-layout":"default","site-content-style":"default","site-sidebar-style":"default","ast-global-header-display":"","ast-banner-title-visibility":"","ast-main-header-display":"","ast-hfb-above-header-display":"","ast-hfb-below-header-display":"","ast-hfb-mobile-header-display":"","site-post-title":"","ast-breadcrumbs-content":"","ast-featured-img":"","footer-sml-layout":"","theme-transparent-header-meta":"default","adv-header-id-meta":"","stick-header-meta":"","header-above-stick-meta":"","header-main-stick-meta":"","header-below-stick-meta":"","astra-migrate-meta-layouts":"default","ast-page-background-enabled":"default","ast-page-background-meta":{"desktop":{"background-color":"var(--ast-global-color-4)","background-image":"","background-repeat":"repeat","background-position":"center center","background-size":"auto","background-attachment":"scroll","background-type":"","background-media":"","overlay-type":"","overlay-color":"","overlay-opacity":"","overlay-gradient":""},"tablet":{"background-color":"","background-image":"","background-repeat":"repeat","background-position":"center center","background-size":"auto","background-attachment":"scroll","background-type":"","background-media":"","overlay-type":"","overlay-color":"","overlay-opacity":"","overlay-gradient":""},"mobile":{"background-color":"","background-image":"","background-repeat":"repeat","background-position":"center center","background-size":"auto","background-attachment":"scroll","background-type":"","background-media":"","overlay-type":"","overlay-color":"","overlay-opacity":"","overlay-gradient":""}},"ast-content-background-meta":{"desktop":{"background-color":"var(--ast-global-color-5)","background-image":"","background-repeat":"repeat","background-position":"center center","background-size":"auto","background-attachment":"scroll","background-type":"","background-media":"","overlay-type":"","overlay-color":"","overlay-opacity":"","overlay-gradient":""},"tablet":{"background-color":"var(--ast-global-color-5)","background-image":"","background-repeat":"repeat","background-position":"center center","background-size":"auto","background-attachment":"scroll","background-type":"","background-media":"","overlay-type":"","overlay-color":"","overlay-opacity":"","overlay-gradient":""},"mobile":{"background-color":"var(--ast-global-color-5)","background-image":"","background-repeat":"repeat","background-position":"center center","background-size":"auto","background-attachment":"scroll","background-type":"","background-media":"","overlay-type":"","overlay-color":"","overlay-opacity":"","overlay-gradient":""}},"ngg_post_thumbnail":0,"footnotes":""},"class_list":["post-1658","page","type-page","status-publish","hentry"],"_links":{"self":[{"href":"https:\/\/www2.unifap.br\/fisioterapia\/wp-json\/wp\/v2\/pages\/1658","targetHints":{"allow":["GET"]}}],"collection":[{"href":"https:\/\/www2.unifap.br\/fisioterapia\/wp-json\/wp\/v2\/pages"}],"about":[{"href":"https:\/\/www2.unifap.br\/fisioterapia\/wp-json\/wp\/v2\/types\/page"}],"author":[{"embeddable":true,"href":"https:\/\/www2.unifap.br\/fisioterapia\/wp-json\/wp\/v2\/users\/5"}],"replies":[{"embeddable":true,"href":"https:\/\/www2.unifap.br\/fisioterapia\/wp-json\/wp\/v2\/comments?post=1658"}],"version-history":[{"count":22,"href":"https:\/\/www2.unifap.br\/fisioterapia\/wp-json\/wp\/v2\/pages\/1658\/revisions"}],"predecessor-version":[{"id":1852,"href":"https:\/\/www2.unifap.br\/fisioterapia\/wp-json\/wp\/v2\/pages\/1658\/revisions\/1852"}],"up":[{"embeddable":true,"href":"https:\/\/www2.unifap.br\/fisioterapia\/wp-json\/wp\/v2\/pages\/1339"}],"wp:attachment":[{"href":"https:\/\/www2.unifap.br\/fisioterapia\/wp-json\/wp\/v2\/media?parent=1658"}],"curies":[{"name":"wp","href":"https:\/\/api.w.org\/{rel}","templated":true}]}}