{"id":1677,"date":"2023-04-05T18:23:16","date_gmt":"2023-04-05T18:23:16","guid":{"rendered":"https:\/\/www2.unifap.br\/fisioterapia\/?page_id=1677"},"modified":"2024-10-23T20:23:36","modified_gmt":"2024-10-23T20:23:36","slug":"respirair-avaliacao-e-intervencao-fisioterapeutica-na-pediatria","status":"publish","type":"page","link":"https:\/\/www2.unifap.br\/fisioterapia\/fisioterapia-e-comunidade\/respirair-avaliacao-e-intervencao-fisioterapeutica-na-pediatria\/","title":{"rendered":"RespirAIR &#8211; Avalia\u00e7\u00e3o e interven\u00e7\u00e3o fisioterap\u00eautica na pediatria."},"content":{"rendered":"\t\t<div data-elementor-type=\"wp-page\" data-elementor-id=\"1677\" class=\"elementor elementor-1677\">\n\t\t\t\t\t\t<section class=\"elementor-section elementor-top-section elementor-element elementor-element-5e1d284 elementor-section-boxed elementor-section-height-default elementor-section-height-default\" data-id=\"5e1d284\" data-element_type=\"section\" data-e-type=\"section\">\n\t\t\t\t\t\t<div class=\"elementor-container elementor-column-gap-default\">\n\t\t\t\t\t<div class=\"elementor-column elementor-col-100 elementor-top-column elementor-element elementor-element-2c90327\" data-id=\"2c90327\" data-element_type=\"column\" data-e-type=\"column\">\n\t\t\t<div class=\"elementor-widget-wrap elementor-element-populated\">\n\t\t\t\t\t\t<div class=\"elementor-element elementor-element-fb084d1 elementor-widget-divider--view-line elementor-widget elementor-widget-divider\" data-id=\"fb084d1\" data-element_type=\"widget\" data-e-type=\"widget\" data-widget_type=\"divider.default\">\n\t\t\t\t<div class=\"elementor-widget-container\">\n\t\t\t\t\t\t\t<div class=\"elementor-divider\">\n\t\t\t<span class=\"elementor-divider-separator\">\n\t\t\t\t\t\t<\/span>\n\t\t<\/div>\n\t\t\t\t\t\t<\/div>\n\t\t\t\t<\/div>\n\t\t\t\t<div class=\"elementor-element elementor-element-5a60d11 elementor-invisible elementor-widget elementor-widget-heading\" data-id=\"5a60d11\" data-element_type=\"widget\" data-e-type=\"widget\" data-settings=\"{&quot;_animation&quot;:&quot;slideInLeft&quot;}\" data-widget_type=\"heading.default\">\n\t\t\t\t<div class=\"elementor-widget-container\">\n\t\t\t\t\t<h2 class=\"elementor-heading-title elementor-size-default\">RespirAIR<\/h2>\t\t\t\t<\/div>\n\t\t\t\t<\/div>\n\t\t\t\t<div class=\"elementor-element elementor-element-54f857e elementor-widget-divider--view-line elementor-widget elementor-widget-divider\" data-id=\"54f857e\" data-element_type=\"widget\" data-e-type=\"widget\" data-widget_type=\"divider.default\">\n\t\t\t\t<div class=\"elementor-widget-container\">\n\t\t\t\t\t\t\t<div class=\"elementor-divider\">\n\t\t\t<span class=\"elementor-divider-separator\">\n\t\t\t\t\t\t<\/span>\n\t\t<\/div>\n\t\t\t\t\t\t<\/div>\n\t\t\t\t<\/div>\n\t\t\t\t\t<\/div>\n\t\t<\/div>\n\t\t\t\t\t<\/div>\n\t\t<\/section>\n\t\t\t\t<section class=\"elementor-section elementor-top-section elementor-element elementor-element-56533e92 elementor-section-boxed elementor-section-height-default elementor-section-height-default\" data-id=\"56533e92\" data-element_type=\"section\" data-e-type=\"section\">\n\t\t\t\t\t\t<div class=\"elementor-container elementor-column-gap-default\">\n\t\t\t\t\t<div class=\"elementor-column elementor-col-100 elementor-top-column elementor-element elementor-element-292685c5\" data-id=\"292685c5\" data-element_type=\"column\" data-e-type=\"column\">\n\t\t\t<div class=\"elementor-widget-wrap elementor-element-populated\">\n\t\t\t\t\t\t<div class=\"elementor-element elementor-element-4549cc74 elementor-widget elementor-widget-text-editor\" data-id=\"4549cc74\" data-element_type=\"widget\" data-e-type=\"widget\" data-widget_type=\"text-editor.default\">\n\t\t\t\t<div class=\"elementor-widget-container\">\n\t\t\t\t\t\t\t\t\t&nbsp;\r\n\r\n<a href=\"http:\/\/www2.unifap.br\/fisioterapia\/files\/2023\/04\/Respirair.png\"><img decoding=\"async\" class=\"size-medium wp-image-1678 aligncenter\" src=\"http:\/\/www2.unifap.br\/fisioterapia\/files\/2023\/04\/Respirair-300x114.png\" alt=\"\" width=\"300\" height=\"114\" srcset=\"https:\/\/www2.unifap.br\/fisioterapia\/files\/2023\/04\/Respirair-300x114.png 300w, https:\/\/www2.unifap.br\/fisioterapia\/files\/2023\/04\/Respirair.png 688w\" sizes=\"(max-width: 300px) 100vw, 300px\" \/><\/a>\r\n\r\nA fisioterapia pedi\u00e1trica consiste em proporcionar promo\u00e7\u00e3o \u00e0 sa\u00fade infantil, de maneira hol\u00edstica, l\u00fadica e de forma individualizada. O objetivo do projeto \u00e9 avaliar a import\u00e2ncia da fisioterapia respirat\u00f3ria na redu\u00e7\u00e3o dos agravos do sistema respirat\u00f3rio de crian\u00e7as admitidas nas cl\u00ednicas m\u00e9dicas do hospital da crian\u00e7a e adolescente (HCA) no munic\u00edpio de Macap\u00e1-AP. O projeto RespirAIR consiste na avalia\u00e7\u00e3o e atendimento fisioterap\u00eautico em n\u00edvel hospitalar de crian\u00e7as e adolescentes com altera\u00e7\u00f5es respirat\u00f3rias e na capacita\u00e7\u00e3o de alunos do curso de gradua\u00e7\u00e3o em fisioterapia para o atendimento em reabilita\u00e7\u00e3o pedi\u00e1trica. As crian\u00e7as e adolescentes s\u00e3o atendidas com m\u00e9todos e t\u00e9cnicas de desobstru\u00e7\u00e3o br\u00f4nquica e reexpans\u00e3o pulmonar que facilitem a remo\u00e7\u00e3o de secre\u00e7\u00e3o, abertura de \u00e1reas pulmonares colapsadas e realiza\u00e7\u00e3o de atividades funcionais, de acordo com as potencialidades de cada caso. As crian\u00e7as s\u00e3o atendidas 2 vezes na semana (segunda e sexta), com dura\u00e7\u00e3o de 50 minutos, cada atendimento. Os discentes s\u00e3o orientados por docentes da \u00e1rea e auxiliados na elabora\u00e7\u00e3o da avalia\u00e7\u00e3o e plano de tratamento, e, ao final, s\u00e3o discutidas as evolu\u00e7\u00f5es dos pacientes atendidos.\r\n\r\n<strong>P\u00fablico Alvo:<\/strong> Crian\u00e7as e adolescentes de 0 a 16 anos.\r\n\r\n<strong>N\u00famero aproximado de pessoas atendidas<\/strong>: <span style=\"color: #ff0000\"><strong>130<\/strong><\/span>\r\n\r\n<strong>Modo de inscri\u00e7\u00e3o:<\/strong>\r\n<strong>&#8211; No projeto:<\/strong> atrav\u00e9s de processo seletivo semestral\r\n<strong>&#8211; Sele\u00e7\u00e3o dos pacientes:<\/strong> Realizada pela respons\u00e1vel t\u00e9cnica da fisioterapia do Hospital da Crian\u00e7a e do Adolescente (HCA) que seleciona conforme prioridade e necessidade de atendimento do setor.\r\n\r\n<hr>\r\n\r\n<h1 style=\"text-align: center\">A\u00c7\u00d5ES DO PROJETO RespirAIR<\/h1>\r\n&nbsp;\r\n<h5 style=\"text-align: center\">Dia das crian\u00e7as solid\u00e1rio<\/h5>\r\n<a href=\"http:\/\/www2.unifap.br\/fisioterapia\/files\/2023\/04\/Respirair-5.png\"><img fetchpriority=\"high\" decoding=\"async\" class=\"size-medium wp-image-1684 aligncenter\" src=\"http:\/\/www2.unifap.br\/fisioterapia\/files\/2023\/04\/Respirair-5-300x169.png\" alt=\"\" width=\"300\" height=\"169\" srcset=\"https:\/\/www2.unifap.br\/fisioterapia\/files\/2023\/04\/Respirair-5-300x169.png 300w, https:\/\/www2.unifap.br\/fisioterapia\/files\/2023\/04\/Respirair-5-1024x576.png 1024w, https:\/\/www2.unifap.br\/fisioterapia\/files\/2023\/04\/Respirair-5-768x432.png 768w, https:\/\/www2.unifap.br\/fisioterapia\/files\/2023\/04\/Respirair-5.png 1280w\" sizes=\"(max-width: 300px) 100vw, 300px\" \/><\/a>\r\n<h5 style=\"text-align: center\">Nivelamento da t\u00e9cnica de Aspira\u00e7\u00e3o traqueal<\/h5>\r\n<a href=\"http:\/\/www2.unifap.br\/fisioterapia\/files\/2023\/04\/Respirair-4.png\"><img decoding=\"async\" class=\"size-medium wp-image-1686 aligncenter\" src=\"http:\/\/www2.unifap.br\/fisioterapia\/files\/2023\/04\/Respirair-4-300x210.png\" alt=\"\" width=\"300\" height=\"210\" srcset=\"https:\/\/www2.unifap.br\/fisioterapia\/files\/2023\/04\/Respirair-4-300x210.png 300w, https:\/\/www2.unifap.br\/fisioterapia\/files\/2023\/04\/Respirair-4.png 566w\" sizes=\"(max-width: 300px) 100vw, 300px\" \/><\/a>\r\n<h5 style=\"text-align: center\">Visita t\u00e9cnica UTI Pedi\u00e1trica<\/h5>\r\n<a href=\"http:\/\/www2.unifap.br\/fisioterapia\/files\/2023\/04\/Respirair-6.png\"><img loading=\"lazy\" decoding=\"async\" class=\"size-medium wp-image-1687 aligncenter\" src=\"http:\/\/www2.unifap.br\/fisioterapia\/files\/2023\/04\/Respirair-6-300x197.png\" alt=\"\" width=\"300\" height=\"197\" srcset=\"https:\/\/www2.unifap.br\/fisioterapia\/files\/2023\/04\/Respirair-6-300x197.png 300w, https:\/\/www2.unifap.br\/fisioterapia\/files\/2023\/04\/Respirair-6.png 617w\" sizes=\"(max-width: 300px) 100vw, 300px\" \/><\/a>\r\n<h5 style=\"text-align: center\">Atendimento e evolu\u00e7\u00f5es de pacientes com discuss\u00e3o de caso cl\u00ednico<\/h5>\r\n<a href=\"http:\/\/www2.unifap.br\/fisioterapia\/files\/2023\/04\/Respirair-10.png\"><img loading=\"lazy\" decoding=\"async\" class=\"size-medium wp-image-1688 aligncenter\" src=\"http:\/\/www2.unifap.br\/fisioterapia\/files\/2023\/04\/Respirair-10-300x183.png\" alt=\"\" width=\"300\" height=\"183\" srcset=\"https:\/\/www2.unifap.br\/fisioterapia\/files\/2023\/04\/Respirair-10-300x183.png 300w, https:\/\/www2.unifap.br\/fisioterapia\/files\/2023\/04\/Respirair-10.png 754w\" sizes=\"(max-width: 300px) 100vw, 300px\" \/><\/a>\r\n\r\n<hr>\r\n\r\n&nbsp;\r\n\r\n&nbsp;\t\t\t\t\t\t\t\t<\/div>\n\t\t\t\t<\/div>\n\t\t\t\t\t<\/div>\n\t\t<\/div>\n\t\t\t\t\t<\/div>\n\t\t<\/section>\n\t\t\t\t<\/div>\n\t\t","protected":false},"excerpt":{"rendered":"<p>RespirAIR &nbsp; A fisioterapia pedi\u00e1trica consiste em proporcionar promo\u00e7\u00e3o \u00e0 sa\u00fade infantil, de maneira hol\u00edstica, l\u00fadica e de forma individualizada. O objetivo do projeto \u00e9 avaliar a import\u00e2ncia da fisioterapia respirat\u00f3ria na redu\u00e7\u00e3o dos agravos do sistema respirat\u00f3rio de crian\u00e7as admitidas nas cl\u00ednicas m\u00e9dicas do hospital da crian\u00e7a e adolescente (HCA) no munic\u00edpio de Macap\u00e1-AP&#8230;.<\/p>\n","protected":false},"author":3931,"featured_media":0,"parent":1360,"menu_order":0,"comment_status":"closed","ping_status":"closed","template":"elementor_header_footer","meta":{"inline_featured_image":false,"site-sidebar-layout":"default","site-content-layout":"default","ast-site-content-layout":"default","site-content-style":"default","site-sidebar-style":"default","ast-global-header-display":"","ast-banner-title-visibility":"","ast-main-header-display":"","ast-hfb-above-header-display":"","ast-hfb-below-header-display":"","ast-hfb-mobile-header-display":"","site-post-title":"","ast-breadcrumbs-content":"","ast-featured-img":"","footer-sml-layout":"","theme-transparent-header-meta":"default","adv-header-id-meta":"","stick-header-meta":"","header-above-stick-meta":"","header-main-stick-meta":"","header-below-stick-meta":"","astra-migrate-meta-layouts":"set","ast-page-background-enabled":"default","ast-page-background-meta":{"desktop":{"background-color":"var(--ast-global-color-4)","background-image":"","background-repeat":"repeat","background-position":"center center","background-size":"auto","background-attachment":"scroll","background-type":"","background-media":"","overlay-type":"","overlay-color":"","overlay-opacity":"","overlay-gradient":""},"tablet":{"background-color":"","background-image":"","background-repeat":"repeat","background-position":"center center","background-size":"auto","background-attachment":"scroll","background-type":"","background-media":"","overlay-type":"","overlay-color":"","overlay-opacity":"","overlay-gradient":""},"mobile":{"background-color":"","background-image":"","background-repeat":"repeat","background-position":"center center","background-size":"auto","background-attachment":"scroll","background-type":"","background-media":"","overlay-type":"","overlay-color":"","overlay-opacity":"","overlay-gradient":""}},"ast-content-background-meta":{"desktop":{"background-color":"var(--ast-global-color-5)","background-image":"","background-repeat":"repeat","background-position":"center center","background-size":"auto","background-attachment":"scroll","background-type":"","background-media":"","overlay-type":"","overlay-color":"","overlay-opacity":"","overlay-gradient":""},"tablet":{"background-color":"var(--ast-global-color-5)","background-image":"","background-repeat":"repeat","background-position":"center center","background-size":"auto","background-attachment":"scroll","background-type":"","background-media":"","overlay-type":"","overlay-color":"","overlay-opacity":"","overlay-gradient":""},"mobile":{"background-color":"var(--ast-global-color-5)","background-image":"","background-repeat":"repeat","background-position":"center center","background-size":"auto","background-attachment":"scroll","background-type":"","background-media":"","overlay-type":"","overlay-color":"","overlay-opacity":"","overlay-gradient":""}},"ngg_post_thumbnail":0,"footnotes":""},"class_list":["post-1677","page","type-page","status-publish","hentry"],"_links":{"self":[{"href":"https:\/\/www2.unifap.br\/fisioterapia\/wp-json\/wp\/v2\/pages\/1677","targetHints":{"allow":["GET"]}}],"collection":[{"href":"https:\/\/www2.unifap.br\/fisioterapia\/wp-json\/wp\/v2\/pages"}],"about":[{"href":"https:\/\/www2.unifap.br\/fisioterapia\/wp-json\/wp\/v2\/types\/page"}],"author":[{"embeddable":true,"href":"https:\/\/www2.unifap.br\/fisioterapia\/wp-json\/wp\/v2\/users\/3931"}],"replies":[{"embeddable":true,"href":"https:\/\/www2.unifap.br\/fisioterapia\/wp-json\/wp\/v2\/comments?post=1677"}],"version-history":[{"count":9,"href":"https:\/\/www2.unifap.br\/fisioterapia\/wp-json\/wp\/v2\/pages\/1677\/revisions"}],"predecessor-version":[{"id":2981,"href":"https:\/\/www2.unifap.br\/fisioterapia\/wp-json\/wp\/v2\/pages\/1677\/revisions\/2981"}],"up":[{"embeddable":true,"href":"https:\/\/www2.unifap.br\/fisioterapia\/wp-json\/wp\/v2\/pages\/1360"}],"wp:attachment":[{"href":"https:\/\/www2.unifap.br\/fisioterapia\/wp-json\/wp\/v2\/media?parent=1677"}],"curies":[{"name":"wp","href":"https:\/\/api.w.org\/{rel}","templated":true}]}}