{"id":1697,"date":"2023-04-05T19:18:50","date_gmt":"2023-04-05T19:18:50","guid":{"rendered":"https:\/\/www2.unifap.br\/fisioterapia\/?page_id=1697"},"modified":"2024-10-23T20:11:02","modified_gmt":"2024-10-23T20:11:02","slug":"abordagem-fisioterapeutica-no-tratamento-da-incontinencia-urinaria-em-mulheres","status":"publish","type":"page","link":"https:\/\/www2.unifap.br\/fisioterapia\/fisioterapia-e-comunidade\/abordagem-fisioterapeutica-no-tratamento-da-incontinencia-urinaria-em-mulheres\/","title":{"rendered":"ABORDAGEM FISIOTERAP\u00caUTICA NO TRATAMENTO DA INCONTIN\u00caNCIA URIN\u00c1RIA EM MULHERES"},"content":{"rendered":"\t\t<div data-elementor-type=\"wp-page\" data-elementor-id=\"1697\" class=\"elementor elementor-1697\">\n\t\t\t\t\t\t<section class=\"elementor-section elementor-top-section elementor-element elementor-element-fef2d33 elementor-section-boxed elementor-section-height-default elementor-section-height-default\" data-id=\"fef2d33\" data-element_type=\"section\" data-e-type=\"section\">\n\t\t\t\t\t\t<div class=\"elementor-container elementor-column-gap-default\">\n\t\t\t\t\t<div class=\"elementor-column elementor-col-100 elementor-top-column elementor-element elementor-element-e9320d7\" data-id=\"e9320d7\" data-element_type=\"column\" data-e-type=\"column\">\n\t\t\t<div class=\"elementor-widget-wrap elementor-element-populated\">\n\t\t\t\t\t\t<div class=\"elementor-element elementor-element-bbda5f5 elementor-widget-divider--view-line elementor-widget elementor-widget-divider\" data-id=\"bbda5f5\" data-element_type=\"widget\" data-e-type=\"widget\" data-widget_type=\"divider.default\">\n\t\t\t\t<div class=\"elementor-widget-container\">\n\t\t\t\t\t\t\t<div class=\"elementor-divider\">\n\t\t\t<span class=\"elementor-divider-separator\">\n\t\t\t\t\t\t<\/span>\n\t\t<\/div>\n\t\t\t\t\t\t<\/div>\n\t\t\t\t<\/div>\n\t\t\t\t<div class=\"elementor-element elementor-element-e8bd357 elementor-invisible elementor-widget elementor-widget-heading\" data-id=\"e8bd357\" data-element_type=\"widget\" data-e-type=\"widget\" data-settings=\"{&quot;_animation&quot;:&quot;slideInLeft&quot;}\" data-widget_type=\"heading.default\">\n\t\t\t\t<div class=\"elementor-widget-container\">\n\t\t\t\t\t<h2 class=\"elementor-heading-title elementor-size-default\">ABORDAGEM FISIOTERAP\u00caUTICA NO TRATAMENTO DA INCONTIN\u00caNCIA URIN\u00c1RIA EM MULHERES<\/h2>\t\t\t\t<\/div>\n\t\t\t\t<\/div>\n\t\t\t\t<div class=\"elementor-element elementor-element-1515c88 elementor-widget-divider--view-line elementor-widget elementor-widget-divider\" data-id=\"1515c88\" data-element_type=\"widget\" data-e-type=\"widget\" data-widget_type=\"divider.default\">\n\t\t\t\t<div class=\"elementor-widget-container\">\n\t\t\t\t\t\t\t<div class=\"elementor-divider\">\n\t\t\t<span class=\"elementor-divider-separator\">\n\t\t\t\t\t\t<\/span>\n\t\t<\/div>\n\t\t\t\t\t\t<\/div>\n\t\t\t\t<\/div>\n\t\t\t\t\t<\/div>\n\t\t<\/div>\n\t\t\t\t\t<\/div>\n\t\t<\/section>\n\t\t\t\t<section class=\"elementor-section elementor-top-section elementor-element elementor-element-284666f0 elementor-section-boxed elementor-section-height-default elementor-section-height-default\" data-id=\"284666f0\" data-element_type=\"section\" data-e-type=\"section\">\n\t\t\t\t\t\t<div class=\"elementor-container elementor-column-gap-default\">\n\t\t\t\t\t<div class=\"elementor-column elementor-col-100 elementor-top-column elementor-element elementor-element-34af6de\" data-id=\"34af6de\" data-element_type=\"column\" data-e-type=\"column\">\n\t\t\t<div class=\"elementor-widget-wrap elementor-element-populated\">\n\t\t\t\t\t\t<div class=\"elementor-element elementor-element-1aee7003 elementor-widget elementor-widget-text-editor\" data-id=\"1aee7003\" data-element_type=\"widget\" data-e-type=\"widget\" data-widget_type=\"text-editor.default\">\n\t\t\t\t<div class=\"elementor-widget-container\">\n\t\t\t\t\t\t\t\t\t<a href=\"http:\/\/www2.unifap.br\/fisioterapia\/files\/2023\/04\/INCONTINENCIA.png\"><img fetchpriority=\"high\" decoding=\"async\" class=\"size-medium wp-image-1698 aligncenter\" src=\"http:\/\/www2.unifap.br\/fisioterapia\/files\/2023\/04\/INCONTINENCIA-300x300.png\" alt=\"\" width=\"300\" height=\"300\" srcset=\"https:\/\/www2.unifap.br\/fisioterapia\/files\/2023\/04\/INCONTINENCIA-300x300.png 300w, https:\/\/www2.unifap.br\/fisioterapia\/files\/2023\/04\/INCONTINENCIA-150x150.png 150w, https:\/\/www2.unifap.br\/fisioterapia\/files\/2023\/04\/INCONTINENCIA.png 500w\" sizes=\"(max-width: 300px) 100vw, 300px\" \/><\/a>\r\n\r\nO projeto visa o tratamento fisioterap\u00eautico da incontin\u00eancia urin\u00e1ria. Durante os atendimentos s\u00e3o realizadas avalia\u00e7\u00f5es fisioterap\u00eauticas (ficha de anamnese, question\u00e1rios e avalia\u00e7\u00e3o f\u00edsica) para identificar o tipo de IU e formular o diagn\u00f3stico cin\u00e9tico-funcional da participante. O tratamento fisioterap\u00eautico baseia-se no tipo de IU que a paciente apresentou, tendo uma gama de recursos dispon\u00edveis para conduzir o tratamento: Treinamento dos m\u00fasculos do assoalho p\u00e9lvico; cinesioterapia, biofeedback, cones vaginais, terapia comportamental, eletroestimula\u00e7\u00e3o transcut\u00e2nea e eletroestimula\u00e7\u00e3o intravaginal, dentre outros.\r\n\r\n<strong>P\u00fablico Alvo:<\/strong> Mulheres acima de 18 anos com queixa de incontin\u00eancia urin\u00e1ria.\r\n\r\n<strong>N\u00famero de pessoas atendidas: <span style=\"color: #ff0000\">20 mulheres<\/span><\/strong> s\u00e3o atendias <strong>2 vezes por semana<\/strong>. Totalizando em <strong>40 atendimentos semanais.<\/strong>\r\n\r\n<strong>Modo de inscri\u00e7\u00e3o: Pelo site &#8211;&nbsp;<a href=\"https:\/\/forms.gle\/zrWr3nT3DE4yPpPv6\">https:\/\/forms.gle\/zrWr3nT3DE4yPpPv6<\/a><\/strong>\r\n\r\n<hr>\r\n\r\n<h5 style=\"text-align: center\">LABORAT\u00d3RIO DE UROGINECOLOGIA DA UNIFAP<\/h5>\r\n<a href=\"http:\/\/www2.unifap.br\/fisioterapia\/files\/2023\/04\/labgin-1.jpg\"><img decoding=\"async\" class=\"size-medium wp-image-1699 aligncenter\" src=\"http:\/\/www2.unifap.br\/fisioterapia\/files\/2023\/04\/labgin-1-300x138.jpg\" alt=\"\" width=\"300\" height=\"138\" srcset=\"https:\/\/www2.unifap.br\/fisioterapia\/files\/2023\/04\/labgin-1-300x138.jpg 300w, https:\/\/www2.unifap.br\/fisioterapia\/files\/2023\/04\/labgin-1-768x354.jpg 768w, https:\/\/www2.unifap.br\/fisioterapia\/files\/2023\/04\/labgin-1.jpg 934w\" sizes=\"(max-width: 300px) 100vw, 300px\" \/><\/a>\r\n\r\n<hr>\r\n\r\n<h5 style=\"text-align: center\"><strong>IMAGENS DO PROJETO<\/strong><\/h5>\r\n<a href=\"http:\/\/www2.unifap.br\/fisioterapia\/files\/2023\/04\/INCONTINENCIA-5.png\"><img decoding=\"async\" class=\"size-medium wp-image-1700 aligncenter\" src=\"http:\/\/www2.unifap.br\/fisioterapia\/files\/2023\/04\/INCONTINENCIA-5-300x169.png\" alt=\"\" width=\"300\" height=\"169\" srcset=\"https:\/\/www2.unifap.br\/fisioterapia\/files\/2023\/04\/INCONTINENCIA-5-300x169.png 300w, https:\/\/www2.unifap.br\/fisioterapia\/files\/2023\/04\/INCONTINENCIA-5-1024x576.png 1024w, https:\/\/www2.unifap.br\/fisioterapia\/files\/2023\/04\/INCONTINENCIA-5-768x432.png 768w, https:\/\/www2.unifap.br\/fisioterapia\/files\/2023\/04\/INCONTINENCIA-5.png 1280w\" sizes=\"(max-width: 300px) 100vw, 300px\" \/><\/a>\r\n\r\n<hr>\r\n\r\n&nbsp;\t\t\t\t\t\t\t\t<\/div>\n\t\t\t\t<\/div>\n\t\t\t\t\t<\/div>\n\t\t<\/div>\n\t\t\t\t\t<\/div>\n\t\t<\/section>\n\t\t\t\t<\/div>\n\t\t","protected":false},"excerpt":{"rendered":"<p>ABORDAGEM FISIOTERAP\u00caUTICA NO TRATAMENTO DA INCONTIN\u00caNCIA URIN\u00c1RIA EM MULHERES O projeto visa o tratamento fisioterap\u00eautico da incontin\u00eancia urin\u00e1ria. Durante os atendimentos s\u00e3o realizadas avalia\u00e7\u00f5es fisioterap\u00eauticas (ficha de anamnese, question\u00e1rios e avalia\u00e7\u00e3o f\u00edsica) para identificar o tipo de IU e formular o diagn\u00f3stico cin\u00e9tico-funcional da participante. O tratamento fisioterap\u00eautico baseia-se no tipo de IU que a&#8230;<\/p>\n","protected":false},"author":3931,"featured_media":0,"parent":1360,"menu_order":0,"comment_status":"closed","ping_status":"closed","template":"elementor_header_footer","meta":{"inline_featured_image":false,"site-sidebar-layout":"default","site-content-layout":"default","ast-site-content-layout":"default","site-content-style":"default","site-sidebar-style":"default","ast-global-header-display":"","ast-banner-title-visibility":"","ast-main-header-display":"","ast-hfb-above-header-display":"","ast-hfb-below-header-display":"","ast-hfb-mobile-header-display":"","site-post-title":"","ast-breadcrumbs-content":"","ast-featured-img":"","footer-sml-layout":"","theme-transparent-header-meta":"default","adv-header-id-meta":"","stick-header-meta":"","header-above-stick-meta":"","header-main-stick-meta":"","header-below-stick-meta":"","astra-migrate-meta-layouts":"set","ast-page-background-enabled":"default","ast-page-background-meta":{"desktop":{"background-color":"var(--ast-global-color-4)","background-image":"","background-repeat":"repeat","background-position":"center center","background-size":"auto","background-attachment":"scroll","background-type":"","background-media":"","overlay-type":"","overlay-color":"","overlay-opacity":"","overlay-gradient":""},"tablet":{"background-color":"","background-image":"","background-repeat":"repeat","background-position":"center center","background-size":"auto","background-attachment":"scroll","background-type":"","background-media":"","overlay-type":"","overlay-color":"","overlay-opacity":"","overlay-gradient":""},"mobile":{"background-color":"","background-image":"","background-repeat":"repeat","background-position":"center center","background-size":"auto","background-attachment":"scroll","background-type":"","background-media":"","overlay-type":"","overlay-color":"","overlay-opacity":"","overlay-gradient":""}},"ast-content-background-meta":{"desktop":{"background-color":"var(--ast-global-color-5)","background-image":"","background-repeat":"repeat","background-position":"center center","background-size":"auto","background-attachment":"scroll","background-type":"","background-media":"","overlay-type":"","overlay-color":"","overlay-opacity":"","overlay-gradient":""},"tablet":{"background-color":"var(--ast-global-color-5)","background-image":"","background-repeat":"repeat","background-position":"center center","background-size":"auto","background-attachment":"scroll","background-type":"","background-media":"","overlay-type":"","overlay-color":"","overlay-opacity":"","overlay-gradient":""},"mobile":{"background-color":"var(--ast-global-color-5)","background-image":"","background-repeat":"repeat","background-position":"center center","background-size":"auto","background-attachment":"scroll","background-type":"","background-media":"","overlay-type":"","overlay-color":"","overlay-opacity":"","overlay-gradient":""}},"ngg_post_thumbnail":0,"footnotes":""},"class_list":["post-1697","page","type-page","status-publish","hentry"],"_links":{"self":[{"href":"https:\/\/www2.unifap.br\/fisioterapia\/wp-json\/wp\/v2\/pages\/1697","targetHints":{"allow":["GET"]}}],"collection":[{"href":"https:\/\/www2.unifap.br\/fisioterapia\/wp-json\/wp\/v2\/pages"}],"about":[{"href":"https:\/\/www2.unifap.br\/fisioterapia\/wp-json\/wp\/v2\/types\/page"}],"author":[{"embeddable":true,"href":"https:\/\/www2.unifap.br\/fisioterapia\/wp-json\/wp\/v2\/users\/3931"}],"replies":[{"embeddable":true,"href":"https:\/\/www2.unifap.br\/fisioterapia\/wp-json\/wp\/v2\/comments?post=1697"}],"version-history":[{"count":4,"href":"https:\/\/www2.unifap.br\/fisioterapia\/wp-json\/wp\/v2\/pages\/1697\/revisions"}],"predecessor-version":[{"id":2938,"href":"https:\/\/www2.unifap.br\/fisioterapia\/wp-json\/wp\/v2\/pages\/1697\/revisions\/2938"}],"up":[{"embeddable":true,"href":"https:\/\/www2.unifap.br\/fisioterapia\/wp-json\/wp\/v2\/pages\/1360"}],"wp:attachment":[{"href":"https:\/\/www2.unifap.br\/fisioterapia\/wp-json\/wp\/v2\/media?parent=1697"}],"curies":[{"name":"wp","href":"https:\/\/api.w.org\/{rel}","templated":true}]}}