{"id":1815,"date":"2023-08-01T00:37:13","date_gmt":"2023-08-01T00:37:13","guid":{"rendered":"https:\/\/www2.unifap.br\/fisioterapia\/?page_id=1815"},"modified":"2024-10-23T20:15:11","modified_gmt":"2024-10-23T20:15:11","slug":"projeto-reviver-fisioterapia","status":"publish","type":"page","link":"https:\/\/www2.unifap.br\/fisioterapia\/fisioterapia-e-comunidade\/projeto-reviver-fisioterapia\/","title":{"rendered":"PROJETO REVIVER &#8211; FISIOTERAPIA"},"content":{"rendered":"\t\t<div data-elementor-type=\"wp-page\" data-elementor-id=\"1815\" class=\"elementor elementor-1815\">\n\t\t\t\t\t\t<section class=\"elementor-section elementor-top-section elementor-element elementor-element-ad1e706 elementor-section-boxed elementor-section-height-default elementor-section-height-default\" data-id=\"ad1e706\" data-element_type=\"section\" data-e-type=\"section\">\n\t\t\t\t\t\t<div class=\"elementor-container elementor-column-gap-default\">\n\t\t\t\t\t<div class=\"elementor-column elementor-col-100 elementor-top-column elementor-element elementor-element-859bc26\" data-id=\"859bc26\" data-element_type=\"column\" data-e-type=\"column\">\n\t\t\t<div class=\"elementor-widget-wrap elementor-element-populated\">\n\t\t\t\t\t\t<div class=\"elementor-element elementor-element-aae2430 elementor-widget-divider--view-line elementor-widget elementor-widget-divider\" data-id=\"aae2430\" data-element_type=\"widget\" data-e-type=\"widget\" data-widget_type=\"divider.default\">\n\t\t\t\t<div class=\"elementor-widget-container\">\n\t\t\t\t\t\t\t<div class=\"elementor-divider\">\n\t\t\t<span class=\"elementor-divider-separator\">\n\t\t\t\t\t\t<\/span>\n\t\t<\/div>\n\t\t\t\t\t\t<\/div>\n\t\t\t\t<\/div>\n\t\t\t\t<div class=\"elementor-element elementor-element-bcd03b2 elementor-invisible elementor-widget elementor-widget-heading\" data-id=\"bcd03b2\" data-element_type=\"widget\" data-e-type=\"widget\" data-settings=\"{&quot;_animation&quot;:&quot;slideInLeft&quot;}\" data-widget_type=\"heading.default\">\n\t\t\t\t<div class=\"elementor-widget-container\">\n\t\t\t\t\t<h2 class=\"elementor-heading-title elementor-size-default\">PROJETO REVIVER \u2013 FISIOTERAPIA<\/h2>\t\t\t\t<\/div>\n\t\t\t\t<\/div>\n\t\t\t\t<div class=\"elementor-element elementor-element-c760b9a elementor-widget-divider--view-line elementor-widget elementor-widget-divider\" data-id=\"c760b9a\" data-element_type=\"widget\" data-e-type=\"widget\" data-widget_type=\"divider.default\">\n\t\t\t\t<div class=\"elementor-widget-container\">\n\t\t\t\t\t\t\t<div class=\"elementor-divider\">\n\t\t\t<span class=\"elementor-divider-separator\">\n\t\t\t\t\t\t<\/span>\n\t\t<\/div>\n\t\t\t\t\t\t<\/div>\n\t\t\t\t<\/div>\n\t\t\t\t\t<\/div>\n\t\t<\/div>\n\t\t\t\t\t<\/div>\n\t\t<\/section>\n\t\t\t\t<section class=\"elementor-section elementor-top-section elementor-element elementor-element-25554082 elementor-section-boxed elementor-section-height-default elementor-section-height-default\" data-id=\"25554082\" data-element_type=\"section\" data-e-type=\"section\">\n\t\t\t\t\t\t<div class=\"elementor-container elementor-column-gap-default\">\n\t\t\t\t\t<div class=\"elementor-column elementor-col-100 elementor-top-column elementor-element elementor-element-1de4a39\" data-id=\"1de4a39\" data-element_type=\"column\" data-e-type=\"column\">\n\t\t\t<div class=\"elementor-widget-wrap elementor-element-populated\">\n\t\t\t\t\t\t<div class=\"elementor-element elementor-element-69ba93a5 elementor-widget elementor-widget-text-editor\" data-id=\"69ba93a5\" data-element_type=\"widget\" data-e-type=\"widget\" data-widget_type=\"text-editor.default\">\n\t\t\t\t<div class=\"elementor-widget-container\">\n\t\t\t\t\t\t\t\t\t<p><a href=\"http:\/\/www2.unifap.br\/fisioterapia\/files\/2023\/08\/Card-Feed-2.png\"><img fetchpriority=\"high\" decoding=\"async\" class=\"size-medium wp-image-1817 aligncenter\" src=\"http:\/\/www2.unifap.br\/fisioterapia\/files\/2023\/08\/Card-Feed-2-300x300.png\" alt=\"\" width=\"300\" height=\"300\" srcset=\"https:\/\/www2.unifap.br\/fisioterapia\/files\/2023\/08\/Card-Feed-2-300x300.png 300w, https:\/\/www2.unifap.br\/fisioterapia\/files\/2023\/08\/Card-Feed-2-1024x1024.png 1024w, https:\/\/www2.unifap.br\/fisioterapia\/files\/2023\/08\/Card-Feed-2-150x150.png 150w, https:\/\/www2.unifap.br\/fisioterapia\/files\/2023\/08\/Card-Feed-2-768x768.png 768w, https:\/\/www2.unifap.br\/fisioterapia\/files\/2023\/08\/Card-Feed-2.png 1080w\" sizes=\"(max-width: 300px) 100vw, 300px\" \/><\/a><\/p><p>O Projeto Reviver, \u00e9 um projeto multiprofissional que atende pessoas que vivem com a Doen\u00e7a de Parkinson e com a Doen\u00e7a de Alzheimer no estado do Amap\u00e1 e engloba v\u00e1rios cursos vinculados \u00e0 Universidade Federal do Amap\u00e1, al\u00e9m de colaboradores externos. Dentre \u00e0s \u00e1reas que comp\u00f5e o projeto Reviver temos a Gradua\u00e7\u00e3o em Fisioterapia da Universidade Federal do Amap\u00e1. Isto posto, a \u00e1rea de FISIOTERAPIA do projeto Reviver comunica que, no per\u00edodo de <strong>02\/08\/2023<\/strong> a <strong>05\/08\/2023<\/strong>, estar\u00e3o abertas as inscri\u00e7\u00f5es para sele\u00e7\u00e3o de acad\u00eamicos de fisioterapia que desejam participar das atividades desenvolvidas por esse projeto.<\/p><p>\u00a0<\/p><p>\u00a0<\/p><p><a href=\"http:\/\/www2.unifap.br\/fisioterapia\/files\/2023\/08\/EDITAL-REVIVER.pdf\">EDITAL REVIVER<\/a><\/p><p><a href=\"http:\/\/www2.unifap.br\/fisioterapia\/files\/2023\/08\/Diretrizes-Parkinson.pdf\">Diretrizes Parkinson &#8211; MATERIAL PARA A PROVA TE\u00d3RICA<\/a><\/p><p>\u00a0<\/p><p>\u00a0<\/p><p>\u00a0<\/p>\t\t\t\t\t\t\t\t<\/div>\n\t\t\t\t<\/div>\n\t\t\t\t\t<\/div>\n\t\t<\/div>\n\t\t\t\t\t<\/div>\n\t\t<\/section>\n\t\t\t\t<\/div>\n\t\t","protected":false},"excerpt":{"rendered":"<p>PROJETO REVIVER \u2013 FISIOTERAPIA O Projeto Reviver, \u00e9 um projeto multiprofissional que atende pessoas que vivem com a Doen\u00e7a de Parkinson e com a Doen\u00e7a de Alzheimer no estado do Amap\u00e1 e engloba v\u00e1rios cursos vinculados \u00e0 Universidade Federal do Amap\u00e1, al\u00e9m de colaboradores externos. Dentre \u00e0s \u00e1reas que comp\u00f5e o projeto Reviver temos a&#8230;<\/p>\n","protected":false},"author":3931,"featured_media":0,"parent":1360,"menu_order":0,"comment_status":"closed","ping_status":"closed","template":"elementor_header_footer","meta":{"inline_featured_image":false,"site-sidebar-layout":"default","site-content-layout":"default","ast-site-content-layout":"default","site-content-style":"default","site-sidebar-style":"default","ast-global-header-display":"","ast-banner-title-visibility":"","ast-main-header-display":"","ast-hfb-above-header-display":"","ast-hfb-below-header-display":"","ast-hfb-mobile-header-display":"","site-post-title":"","ast-breadcrumbs-content":"","ast-featured-img":"","footer-sml-layout":"","theme-transparent-header-meta":"default","adv-header-id-meta":"","stick-header-meta":"","header-above-stick-meta":"","header-main-stick-meta":"","header-below-stick-meta":"","astra-migrate-meta-layouts":"set","ast-page-background-enabled":"default","ast-page-background-meta":{"desktop":{"background-color":"var(--ast-global-color-4)","background-image":"","background-repeat":"repeat","background-position":"center center","background-size":"auto","background-attachment":"scroll","background-type":"","background-media":"","overlay-type":"","overlay-color":"","overlay-opacity":"","overlay-gradient":""},"tablet":{"background-color":"","background-image":"","background-repeat":"repeat","background-position":"center center","background-size":"auto","background-attachment":"scroll","background-type":"","background-media":"","overlay-type":"","overlay-color":"","overlay-opacity":"","overlay-gradient":""},"mobile":{"background-color":"","background-image":"","background-repeat":"repeat","background-position":"center center","background-size":"auto","background-attachment":"scroll","background-type":"","background-media":"","overlay-type":"","overlay-color":"","overlay-opacity":"","overlay-gradient":""}},"ast-content-background-meta":{"desktop":{"background-color":"var(--ast-global-color-5)","background-image":"","background-repeat":"repeat","background-position":"center center","background-size":"auto","background-attachment":"scroll","background-type":"","background-media":"","overlay-type":"","overlay-color":"","overlay-opacity":"","overlay-gradient":""},"tablet":{"background-color":"var(--ast-global-color-5)","background-image":"","background-repeat":"repeat","background-position":"center center","background-size":"auto","background-attachment":"scroll","background-type":"","background-media":"","overlay-type":"","overlay-color":"","overlay-opacity":"","overlay-gradient":""},"mobile":{"background-color":"var(--ast-global-color-5)","background-image":"","background-repeat":"repeat","background-position":"center center","background-size":"auto","background-attachment":"scroll","background-type":"","background-media":"","overlay-type":"","overlay-color":"","overlay-opacity":"","overlay-gradient":""}},"ngg_post_thumbnail":0,"footnotes":""},"class_list":["post-1815","page","type-page","status-publish","hentry"],"_links":{"self":[{"href":"https:\/\/www2.unifap.br\/fisioterapia\/wp-json\/wp\/v2\/pages\/1815","targetHints":{"allow":["GET"]}}],"collection":[{"href":"https:\/\/www2.unifap.br\/fisioterapia\/wp-json\/wp\/v2\/pages"}],"about":[{"href":"https:\/\/www2.unifap.br\/fisioterapia\/wp-json\/wp\/v2\/types\/page"}],"author":[{"embeddable":true,"href":"https:\/\/www2.unifap.br\/fisioterapia\/wp-json\/wp\/v2\/users\/3931"}],"replies":[{"embeddable":true,"href":"https:\/\/www2.unifap.br\/fisioterapia\/wp-json\/wp\/v2\/comments?post=1815"}],"version-history":[{"count":8,"href":"https:\/\/www2.unifap.br\/fisioterapia\/wp-json\/wp\/v2\/pages\/1815\/revisions"}],"predecessor-version":[{"id":2956,"href":"https:\/\/www2.unifap.br\/fisioterapia\/wp-json\/wp\/v2\/pages\/1815\/revisions\/2956"}],"up":[{"embeddable":true,"href":"https:\/\/www2.unifap.br\/fisioterapia\/wp-json\/wp\/v2\/pages\/1360"}],"wp:attachment":[{"href":"https:\/\/www2.unifap.br\/fisioterapia\/wp-json\/wp\/v2\/media?parent=1815"}],"curies":[{"name":"wp","href":"https:\/\/api.w.org\/{rel}","templated":true}]}}