{"id":1924,"date":"2024-02-20T19:33:28","date_gmt":"2024-02-20T19:33:28","guid":{"rendered":"https:\/\/www2.unifap.br\/fisioterapia\/?page_id=1924"},"modified":"2026-03-11T21:15:13","modified_gmt":"2026-03-11T21:15:13","slug":"relatorio-de-equivalencias","status":"publish","type":"page","link":"https:\/\/www2.unifap.br\/fisioterapia\/portal-do-aluno\/relatorio-de-equivalencias\/","title":{"rendered":"RELAT\u00d3RIO DE EQUIVAL\u00caNCIAS"},"content":{"rendered":"\t\t<div data-elementor-type=\"wp-page\" data-elementor-id=\"1924\" class=\"elementor elementor-1924\">\n\t\t\t\t\t\t<section class=\"elementor-section elementor-top-section elementor-element elementor-element-be1c293 elementor-section-boxed elementor-section-height-default elementor-section-height-default\" data-id=\"be1c293\" data-element_type=\"section\" data-e-type=\"section\">\n\t\t\t\t\t\t<div class=\"elementor-container elementor-column-gap-default\">\n\t\t\t\t\t<div class=\"elementor-column elementor-col-100 elementor-top-column elementor-element elementor-element-461fed4\" data-id=\"461fed4\" data-element_type=\"column\" data-e-type=\"column\">\n\t\t\t<div class=\"elementor-widget-wrap elementor-element-populated\">\n\t\t\t\t\t\t<div class=\"elementor-element elementor-element-ba052e8 elementor-widget-divider--view-line elementor-widget elementor-widget-divider\" data-id=\"ba052e8\" data-element_type=\"widget\" data-e-type=\"widget\" data-widget_type=\"divider.default\">\n\t\t\t\t<div class=\"elementor-widget-container\">\n\t\t\t\t\t\t\t<div class=\"elementor-divider\">\n\t\t\t<span class=\"elementor-divider-separator\">\n\t\t\t\t\t\t<\/span>\n\t\t<\/div>\n\t\t\t\t\t\t<\/div>\n\t\t\t\t<\/div>\n\t\t\t\t<div class=\"elementor-element elementor-element-0dea61e elementor-invisible elementor-widget elementor-widget-heading\" data-id=\"0dea61e\" data-element_type=\"widget\" data-e-type=\"widget\" data-settings=\"{&quot;_animation&quot;:&quot;slideInLeft&quot;}\" data-widget_type=\"heading.default\">\n\t\t\t\t<div class=\"elementor-widget-container\">\n\t\t\t\t\t<h2 class=\"elementor-heading-title elementor-size-default\">RELAT\u00d3RIO DE EQUIVAL\u00caNCIAS<\/h2>\t\t\t\t<\/div>\n\t\t\t\t<\/div>\n\t\t\t\t<div class=\"elementor-element elementor-element-f368b68 elementor-widget-divider--view-line elementor-widget elementor-widget-divider\" data-id=\"f368b68\" data-element_type=\"widget\" data-e-type=\"widget\" data-widget_type=\"divider.default\">\n\t\t\t\t<div class=\"elementor-widget-container\">\n\t\t\t\t\t\t\t<div class=\"elementor-divider\">\n\t\t\t<span class=\"elementor-divider-separator\">\n\t\t\t\t\t\t<\/span>\n\t\t<\/div>\n\t\t\t\t\t\t<\/div>\n\t\t\t\t<\/div>\n\t\t\t\t\t<\/div>\n\t\t<\/div>\n\t\t\t\t\t<\/div>\n\t\t<\/section>\n\t\t\t\t<section class=\"elementor-section elementor-top-section elementor-element elementor-element-3ad6537e elementor-section-boxed elementor-section-height-default elementor-section-height-default\" data-id=\"3ad6537e\" data-element_type=\"section\" data-e-type=\"section\">\n\t\t\t\t\t\t<div class=\"elementor-container elementor-column-gap-default\">\n\t\t\t\t\t<div class=\"elementor-column elementor-col-100 elementor-top-column elementor-element elementor-element-9c6c983\" data-id=\"9c6c983\" data-element_type=\"column\" data-e-type=\"column\">\n\t\t\t<div class=\"elementor-widget-wrap elementor-element-populated\">\n\t\t\t\t\t\t<div class=\"elementor-element elementor-element-ed03c61 elementor-widget elementor-widget-text-editor\" data-id=\"ed03c61\" data-element_type=\"widget\" data-e-type=\"widget\" data-widget_type=\"text-editor.default\">\n\t\t\t\t<div class=\"elementor-widget-container\">\n\t\t\t\t\t\t\t\t\t<table width=\"100%\" cellspacing=\"1\"><tbody><tr class=\"nivel\"><td><span style=\"color: #000000\"><b>0\u00ba N\u00edvel<\/b><\/span><\/td><\/tr><tr class=\"componente\"><td><span style=\"color: #339966\"><strong>FISIO0166 &#8211; LIBRAS &#8211; LINGUA BRASILEIRA DE SINAIS\u00a0<i>(Optativa)<\/i><\/strong><\/span><br \/><span style=\"color: #339966\"><strong><i>Equivalente a:<\/i>\u00a0(\u00a0<acronym title=\"CJ07401 - LIBRAS - LINGUA BRASILEIRA DE SINAIS\">CJ07401<\/acronym>\u00a0) OU (\u00a0<acronym title=\"CCFI0001 - LIBRAS - L\u00cdNGUA BRASILEIRA DE SINAIS\">CCFI0001<\/acronym>\u00a0) OU (\u00a0<acronym title=\"DCBS0159 - LIBRAS - LINGUA BRASILEIRA DE SINAIS\">DCBS0159<\/acronym>\u00a0)<\/strong><\/span><\/td><\/tr><tr class=\"equivalentes\"><td>\u00a0 \u00a0 \u00a0 \u00a0 CCFI0001 &#8211; LIBRAS &#8211; L\u00cdNGUA BRASILEIRA DE SINAIS<\/td><\/tr><tr class=\"equivalentes\"><td>\u00a0 \u00a0 \u00a0 \u00a0 CJ07401 &#8211; LIBRAS &#8211; LINGUA BRASILEIRA DE SINAIS<\/td><\/tr><tr class=\"equivalentes\"><td>\u00a0 \u00a0 \u00a0 \u00a0 DCBS0159 &#8211; LIBRAS &#8211; LINGUA BRASILEIRA DE SINAIS<\/td><\/tr><tr class=\"nivel\"><td><span style=\"color: #000000\"><b>1\u00ba N\u00edvel<\/b><\/span><\/td><\/tr><tr class=\"componente\"><td><p><strong><span style=\"color: #339966\">FISIO0101 &#8211; ANATOMIA HUMANA I\u00a0<i>(Obrigat\u00f3ria)<\/i><\/span><\/strong><\/p><p class=\"p1\"><strong><span style=\"color: #339966\"><i>Equivalente a:<\/i> ( EF0108 ) E ( ENF0101 ) E ( CF0172 ) E ( DCBS0138 )<\/span><\/strong><\/p><\/td><\/tr><tr class=\"equivalentes\"><td>\u00a0 \u00a0 \u00a0 \u00a0 CF0172 &#8211; ANATOMIA HUMANA<\/td><\/tr><tr class=\"equivalentes\"><td>\u00a0 \u00a0 \u00a0 \u00a0 EF0108 &#8211; ANATOMIA HUMANA<\/td><\/tr><tr class=\"equivalentes\"><td><p>\u00a0 \u00a0 \u00a0 \u00a0 ENF0101 &#8211; ANATOMIA HUMANA<\/p><p class=\"p1\">\u00a0 \u00a0 \u00a0 \u00a0 DCBS0138 &#8211; ANATOMIA HUMANA<\/p><\/td><\/tr><tr class=\"componente\"><td><p><strong><span style=\"color: #339966\">FISIO0102 &#8211; BASES CELULARES DOS TECIDOS\u00a0<i>(Obrigat\u00f3ria)<\/i><\/span><\/strong><\/p><p class=\"p1\"><span style=\"color: #339966\"><i>Equivalente a:<\/i> ( ENF0102 ) E ( CB0202 ) E ( DCBS0141 )<\/span><\/p><\/td><\/tr><tr class=\"equivalentes\"><td>\u00a0 \u00a0 \u00a0 CB0202 &#8211; CITOLOGIA E HISTOLOGIA<\/td><\/tr><tr class=\"equivalentes\"><td><p>\u00a0 \u00a0 \u00a0 ENF0102 &#8211; CITOLOGIA E HISTOLOGIA<\/p><p class=\"p1\">\u00a0 \u00a0 \u00a0 DCBS0141 &#8211; BASES CELULARES I (CITOLOGIA E HISTOLOGIA E EMBRIOLOGIA)<\/p><\/td><\/tr><tr class=\"componente\"><td><strong><span style=\"color: #339966\">FISIO0103 &#8211; PORTUGU\u00caS INSTRUMENTAL\u00a0<i>(Obrigat\u00f3ria)<\/i><\/span><\/strong><br \/><strong><span style=\"color: #339966\"><i>Equivalente a:<\/i>\u00a0(\u00a0<acronym title=\"DFCH0096 - L\u00cdNGUA PORTUGUESA I\">DFCH0096<\/acronym>\u00a0)<\/span><\/strong><\/td><\/tr><tr class=\"equivalentes\"><td>\u00a0 \u00a0 \u00a0 DFCH0096 &#8211; L\u00cdNGUA PORTUGUESA I<\/td><\/tr><tr class=\"componente\"><td><p><strong><span style=\"color: #339966\">FISIO0108 &#8211; GEN\u00c9TICA HUMANA E IMUNOLOGIA\u00a0<i>(Obrigat\u00f3ria)<\/i><\/span><\/strong><\/p><p class=\"p1\"><strong><span style=\"color: #339966\"><i>Equivalente a:<\/i> ( ENF0110 ) E ( CF0183 ) E ( CS0717 ) E ( DCBS0202)<\/span><\/strong><\/p><\/td><\/tr><tr class=\"equivalentes\"><td>\u00a0 \u00a0 \u00a0CF0183 &#8211; IMUNOLOGIA<\/td><\/tr><tr class=\"equivalentes\"><td>\u00a0 \u00a0 \u00a0CS0717 &#8211; MICROBIOLOGIA E IMUNOLOGIA<\/td><\/tr><tr class=\"equivalentes\"><td><p>\u00a0 \u00a0 \u00a0ENF0110 &#8211; IMUNOLOGIA<\/p><p class=\"p1\">\u00a0 \u00a0 \u00a0DCBS0202 &#8211; BASES CELULARES II (GEN\u00c9TICA E IMUNOLOGIA)<\/p><p class=\"p1\"><strong><span style=\"color: #339966\">FISIO0105 &#8211; BIOQUIMICA GERAL <i>(Obrigat\u00f3ria)<\/i><\/span><\/strong><\/p><p class=\"p1\"><strong><span style=\"color: #339966\"><i>Equivalente a:<\/i> ( DCBS0139 )<\/span><\/strong><\/p><p class=\"p1\">\u00a0 \u00a0 \u00a0 \u00a0 DCBS0139 &#8211; BIOQU\u00cdMICA GERAL<\/p><p>\u00a0 \u00a0 \u00a0 \u00a0 CB0519 &#8211; BIOQUIMICA I<\/p><p>CF0185 &#8211; BIOQUIMICA GERAL<\/p><p class=\"p1\"><strong><span style=\"color: #339966\">FISIO0106 &#8211; HIST\u00d3RIA E FUNDAMENTOS DA FISIOTERAPIA <i>(Obrigat\u00f3ria)<\/i><\/span><\/strong><\/p><p class=\"p1\"><strong><span style=\"color: #339966\"><i>Equivalente a:<\/i> ( DCBS0142 )<\/span><\/strong><\/p><p class=\"p1\">\u00a0 \u00a0 \u00a0 \u00a0 \u00a0 \u00a0DCBS0142 &#8211; FISIOTERAPIA: HIST\u00d3RIA, CI\u00caNCIA E PROFISS\u00c3O.<\/p><\/td><\/tr><tr class=\"nivel\"><td><span style=\"color: #000000\"><b>2\u00ba N\u00edvel<\/b><\/span><\/td><\/tr><tr class=\"componente\"><td><p><strong><span style=\"color: #339966\">FISIO0109 &#8211; ANATOMIA HUMANA II\u00a0<i>(Obrigat\u00f3ria)<\/i><\/span><\/strong><\/p><p class=\"p1\"><strong><span style=\"color: #339966\"><i>Equivalente a:<\/i> ( ENF0101 ) E ( CF0172 ) E ( DCBS0138 )<\/span><\/strong><\/p><\/td><\/tr><tr class=\"equivalentes\"><td>\u00a0 \u00a0 \u00a0 \u00a0 CF0172 &#8211; ANATOMIA HUMANA<\/td><\/tr><tr class=\"equivalentes\"><td><p>\u00a0 \u00a0 \u00a0 \u00a0 ENF0101 &#8211; ANATOMIA HUMANA<\/p><p class=\"p1\">\u00a0 \u00a0 \u00a0 \u00a0DCBS0138 &#8211; ANATOMIA HUMANA<\/p><\/td><\/tr><tr class=\"componente\"><td><p><strong><span style=\"color: #339966\">FISIO0110 &#8211; BIOESTAT\u00cdSTICA\u00a0<i>(Obrigat\u00f3ria)<\/i><\/span><\/strong><\/p><p class=\"p1\"><strong><span style=\"color: #339966\"><i>Equivalente a:<\/i> ( ENF0119 ) E ( CS0508 ) E ( EC0175 ) E ( DCBS0256)<\/span><\/strong><\/p><\/td><\/tr><tr class=\"equivalentes\"><td>\u00a0 \u00a0 \u00a0 \u00a0CS0508 &#8211; BIOESTATISTICA<\/td><\/tr><tr class=\"equivalentes\"><td>\u00a0 \u00a0 \u00a0 \u00a0EC0175 &#8211; ESTAT\u00cdSTICA<\/td><\/tr><tr class=\"equivalentes\"><td><p>\u00a0 \u00a0 \u00a0 \u00a0ENF0119 &#8211; EPIDEMIOLOGIA E BIOESTAT\u00cdSTICA<\/p><p class=\"p1\">\u00a0 \u00a0 \u00a0 \u00a0DCBS0256 &#8211; INTRODU\u00c7\u00c3O \u00c0 BIOESTAT\u00cdSTICA<\/p><\/td><\/tr><tr class=\"componente\"><td><strong><span style=\"color: #339966\">FISIO0111 &#8211; M\u00c9TODOS E T\u00c9CNICAS DE PESQUISA\u00a0<i>(Obrigat\u00f3ria)<\/i><\/span><\/strong><br \/><strong><span style=\"color: #339966\"><i>Equivalente a:<\/i>\u00a0(\u00a0<acronym title=\"ENF0124 - M\u00c9TODOS E T\u00c9CNICAS DE PESQUISA\">ENF0124<\/acronym>\u00a0) OU (\u00a0<acronym title=\"CCF0006 - METODOS E TECNICAS DE PESQUISA\">CCF0006<\/acronym>\u00a0)<\/span><\/strong><\/td><\/tr><tr class=\"equivalentes\"><td>\u00a0 \u00a0 \u00a0 \u00a0 CCF0006 &#8211; METODOS E TECNICAS DE PESQUISA<\/td><\/tr><tr class=\"equivalentes\"><td>\u00a0 \u00a0 \u00a0 \u00a0 ENF0124 &#8211; M\u00c9TODOS E T\u00c9CNICAS DE PESQUISA<\/td><\/tr><tr class=\"componente\"><td><p><strong><span style=\"color: #339966\">FISIO0112 &#8211; FUNDAMENTOS S\u00d3CIO-ANTROPOL\u00d3GICOS DA SA\u00daDE\u00a0<i>(Obrigat\u00f3ria)<\/i><\/span><\/strong><\/p><p class=\"p1\"><strong><span style=\"color: #339966\"><i>Equivalente a:<\/i> ( CB0220 ) E ( DCBS0145 )<\/span><\/strong><\/p><\/td><\/tr><tr class=\"equivalentes\"><td><p>\u00a0 \u00a0 \u00a0 CB0220 &#8211; ANTROPOLOGIA APLICADA A SAUDE<\/p><p class=\"p1\">\u00a0 \u00a0 \u00a0 DCBS0145 &#8211; FUNDAMENTOS SOCIOANTROPOL\u00d3GICOS APLICADOS A SA\u00daDE<\/p><\/td><\/tr><tr class=\"componente\"><td><p><strong><span style=\"color: #339966\">FISIO0113 &#8211; FISIOLOGIA HUMANA\u00a0<i>(Obrigat\u00f3ria)<\/i><\/span><\/strong><\/p><p class=\"p1\"><strong><span style=\"color: #339966\"><i>Equivalente a:<\/i> ( EF0116 ) E ( ENF0104 ) E ( CF0171 ) E ( CB0384 ) E ( DCBS0165 )<\/span><\/strong><\/p><\/td><\/tr><tr class=\"equivalentes\"><td>\u00a0 \u00a0 \u00a0 CB0384 &#8211; FISIOLOGIA GERAL<\/td><\/tr><tr class=\"equivalentes\"><td>\u00a0 \u00a0 \u00a0 CF0171 &#8211; FISIOLOGIA E BIOFISICA<\/td><\/tr><tr class=\"equivalentes\"><td>\u00a0 \u00a0 \u00a0 EF0116 &#8211; FISIOLOGIA HUMANA<\/td><\/tr><tr class=\"equivalentes\"><td><p>\u00a0 \u00a0 \u00a0 ENF0104 &#8211; FISIOLOGIA E BIOFISICA<\/p><p class=\"p1\">\u00a0 \u00a0 \u00a0DCBS0165 &#8211; FISIOLOGIA HUMANA<\/p><\/td><\/tr><tr class=\"componente\"><td><strong><span style=\"color: #339966\">FISIO0114 &#8211; FARMACOLOGIA GERAL\u00a0<i>(Obrigat\u00f3ria)<\/i><\/span><\/strong><br \/><strong><span style=\"color: #339966\"><i>Equivalente a:<\/i>\u00a0(\u00a0<acronym title=\"ENF0106 - FARMACOLOGIA GERAL\">ENF0106<\/acronym>\u00a0)<\/span><\/strong><\/td><\/tr><tr class=\"equivalentes\"><td><p>\u00a0 \u00a0 \u00a0 ENF0106 &#8211; FARMACOLOGIA GERAL<\/p><p>DCBS0258 &#8211; FARMACOLOGIA GERAL<\/p><\/td><\/tr><tr class=\"componente\"><td><strong><span style=\"color: #339966\">FISIO0115 &#8211; BIOF\u00cdSICA\u00a0<i>(Obrigat\u00f3ria)<\/i><\/span><\/strong><br \/><strong><span style=\"color: #339966\"><i>Equivalente a:<\/i>\u00a0(\u00a0<acronym title=\"ENF0104 - FISIOLOGIA E BIOFISICA\">ENF0104<\/acronym>\u00a0) OU (\u00a0<acronym title=\"CF0171 - FISIOLOGIA E BIOFISICA\">CF0171<\/acronym>\u00a0)<\/span><\/strong><\/td><\/tr><tr class=\"equivalentes\"><td>\u00a0 \u00a0 \u00a0 CF0171 &#8211; FISIOLOGIA E BIOFISICA<\/td><\/tr><tr class=\"equivalentes\"><td><p>\u00a0 \u00a0 \u00a0 ENF0104 &#8211; FISIOLOGIA E BIOFISICA<\/p><p class=\"p1\"><strong><span style=\"color: #339966\">FISIO0116 &#8211; GEST\u00c3O E GERENCIAMENTO DE SERVI\u00c7OS EM SA\u00daDE <i>(Obrigat\u00f3ria)<\/i><\/span><\/strong><\/p><p class=\"p1\"><strong><span style=\"color: #339966\"><i>Equivalente a:<\/i> ( DCBS0253 )<\/span><\/strong><\/p><p class=\"p1\">\u00a0 \u00a0 \u00a0 \u00a0DCBS0253 &#8211; GERENCIAMENTO EM SA\u00daDE E ADMINISTRA\u00c7\u00c3O EM FISIOTERAPIA<\/p><\/td><\/tr><tr class=\"nivel\"><td><span style=\"color: #000000\"><b>3\u00ba N\u00edvel<\/b><\/span><\/td><\/tr><tr class=\"componente\"><td><strong><span style=\"color: #339966\">FISIO0119 &#8211; FISIOLOGIA DO EXERC\u00cdCIO\u00a0<i>(Obrigat\u00f3ria)<\/i><\/span><\/strong><br \/><strong><span style=\"color: #339966\"><i>Equivalente a:<\/i>\u00a0(\u00a0<acronym title=\"EF0151 - FISIOLOGIA DO EXERCICIO\">EF0151<\/acronym>\u00a0)<\/span><\/strong><\/td><\/tr><tr class=\"equivalentes\"><td><p>EF0151 &#8211; FISIOLOGIA DO EXERCICIO<\/p><p>DCBS0259 &#8211; FISIOLOGIA DO EXERC\u00cdCIO<\/p><\/td><\/tr><tr class=\"componente\"><td><strong><span style=\"color: #339966\">FISIO0120 &#8211; PATOLOGIA GERAL\u00a0<i>(Obrigat\u00f3ria)<\/i><\/span><\/strong><br \/><strong><span style=\"color: #339966\"><i>Equivalente a:<\/i>\u00a0(\u00a0<acronym title=\"CF0189 - PATOLOGIA GERAL\">CF0189<\/acronym>\u00a0)<\/span><\/strong><\/td><\/tr><tr class=\"equivalentes\"><td><p>CF0189 &#8211; PATOLOGIA GERAL<\/p><p><strong>FISIO0118 &#8211; CINESIOLOGIA E BIOMEC\u00c2NICA <i>(Obrigat\u00f3ria)<\/i><\/strong><br \/><strong><i>Equivalente a:<\/i> ( <acronym title=\"DCBS0255 - CINESIOLOGIA E BIOMEC\u00c2NICA\">DCBS0255<\/acronym> )<\/strong><\/p><p>DCBS0255 &#8211; CINESIOLOGIA E BIOMEC\u00c2NICA<\/p><\/td><\/tr><tr class=\"nivel\"><td><span style=\"color: #000000\"><b>4\u00ba N\u00edvel<\/b><\/span><\/td><\/tr><tr class=\"componente\"><td><strong><span style=\"color: #339966\">FISIO0127 &#8211; EPIDEMIOLOGIA\u00a0<i>(Obrigat\u00f3ria)<\/i><\/span><\/strong><br \/><strong><span style=\"color: #339966\"><i>Equivalente a:<\/i>\u00a0(\u00a0<acronym title=\"CF0190 - EPIDEMIOLOGIA\">CF0190<\/acronym>\u00a0)<\/span><\/strong><\/td><\/tr><tr class=\"equivalentes\"><td><p>CF0190 &#8211; EPIDEMIOLOGIA<\/p><p><strong>FISIO0124 &#8211; CINESIOTERAPIA E REEDUCA\u00c7\u00c3O FUNCIONAL DO MOVIMENTO HUMANO <i>(Obrigat\u00f3ria)<\/i><\/strong><br \/><strong><i>Equivalente a:<\/i> ( <acronym title=\"DCBS0262 - CINESIOTERAPIA E REEDUCA\u00c7\u00c3O FUNCIONAL\">DCBS0262<\/acronym> )<\/strong><\/p><p>DCBS0262 &#8211; CINESIOTERAPIA E REEDUCA\u00c7\u00c3O FUNCIONAL<\/p><p><strong>FISIO0125 &#8211; ANATOMIA PALPAT\u00d3RIA <i>(Obrigat\u00f3ria)<\/i><\/strong><br \/><strong><i>Equivalente a:<\/i> ( <acronym title=\"DCBS0254 - ANATOMIA PALPAT\u00d3RIA\">DCBS0254<\/acronym> )<\/strong><\/p><p>DCBS0254 &#8211; ANATOMIA PALPAT\u00d3RIA<\/p><p><strong>FISIO0126 &#8211; RECURSOS TERAP\u00caUTICOS MANUAIS E MEC\u00c2NICOS EM FISIOTERAPIA <i>(Obrigat\u00f3ria)<\/i><\/strong><br \/><strong><i>Equivalente a:<\/i> ( <acronym title=\"DCBS0265 - RECURSOS TERAP\u00caUTICOS MANUAIS\">DCBS0265<\/acronym> )<\/strong><\/p><p>DCBS0265 &#8211; RECURSOS TERAP\u00caUTICOS MANUAIS<\/p><\/td><\/tr><\/tbody><\/table>\t\t\t\t\t\t\t\t<\/div>\n\t\t\t\t<\/div>\n\t\t\t\t\t<\/div>\n\t\t<\/div>\n\t\t\t\t\t<\/div>\n\t\t<\/section>\n\t\t\t\t<\/div>\n\t\t","protected":false},"excerpt":{"rendered":"<p>RELAT\u00d3RIO DE EQUIVAL\u00caNCIAS 0\u00ba N\u00edvel FISIO0166 &#8211; LIBRAS &#8211; LINGUA BRASILEIRA DE SINAIS\u00a0(Optativa)Equivalente a:\u00a0(\u00a0CJ07401\u00a0) OU (\u00a0CCFI0001\u00a0) OU (\u00a0DCBS0159\u00a0) \u00a0 \u00a0 \u00a0 \u00a0 CCFI0001 &#8211; LIBRAS &#8211; L\u00cdNGUA BRASILEIRA DE SINAIS \u00a0 \u00a0 \u00a0 \u00a0 CJ07401 &#8211; LIBRAS &#8211; LINGUA BRASILEIRA DE SINAIS \u00a0 \u00a0 \u00a0 \u00a0 DCBS0159 &#8211; LIBRAS &#8211; LINGUA BRASILEIRA DE SINAIS 1\u00ba&#8230;<\/p>\n","protected":false},"author":3931,"featured_media":0,"parent":2088,"menu_order":0,"comment_status":"closed","ping_status":"closed","template":"elementor_header_footer","meta":{"inline_featured_image":false,"site-sidebar-layout":"default","site-content-layout":"","ast-site-content-layout":"default","site-content-style":"default","site-sidebar-style":"default","ast-global-header-display":"","ast-banner-title-visibility":"","ast-main-header-display":"","ast-hfb-above-header-display":"","ast-hfb-below-header-display":"","ast-hfb-mobile-header-display":"","site-post-title":"","ast-breadcrumbs-content":"","ast-featured-img":"","footer-sml-layout":"","theme-transparent-header-meta":"default","adv-header-id-meta":"","stick-header-meta":"","header-above-stick-meta":"","header-main-stick-meta":"","header-below-stick-meta":"","astra-migrate-meta-layouts":"set","ast-page-background-enabled":"default","ast-page-background-meta":{"desktop":{"background-color":"var(--ast-global-color-4)","background-image":"","background-repeat":"repeat","background-position":"center center","background-size":"auto","background-attachment":"scroll","background-type":"","background-media":"","overlay-type":"","overlay-color":"","overlay-opacity":"","overlay-gradient":""},"tablet":{"background-color":"","background-image":"","background-repeat":"repeat","background-position":"center center","background-size":"auto","background-attachment":"scroll","background-type":"","background-media":"","overlay-type":"","overlay-color":"","overlay-opacity":"","overlay-gradient":""},"mobile":{"background-color":"","background-image":"","background-repeat":"repeat","background-position":"center center","background-size":"auto","background-attachment":"scroll","background-type":"","background-media":"","overlay-type":"","overlay-color":"","overlay-opacity":"","overlay-gradient":""}},"ast-content-background-meta":{"desktop":{"background-color":"var(--ast-global-color-5)","background-image":"","background-repeat":"repeat","background-position":"center center","background-size":"auto","background-attachment":"scroll","background-type":"","background-media":"","overlay-type":"","overlay-color":"","overlay-opacity":"","overlay-gradient":""},"tablet":{"background-color":"var(--ast-global-color-5)","background-image":"","background-repeat":"repeat","background-position":"center center","background-size":"auto","background-attachment":"scroll","background-type":"","background-media":"","overlay-type":"","overlay-color":"","overlay-opacity":"","overlay-gradient":""},"mobile":{"background-color":"var(--ast-global-color-5)","background-image":"","background-repeat":"repeat","background-position":"center center","background-size":"auto","background-attachment":"scroll","background-type":"","background-media":"","overlay-type":"","overlay-color":"","overlay-opacity":"","overlay-gradient":""}},"ngg_post_thumbnail":0,"footnotes":""},"class_list":["post-1924","page","type-page","status-publish","hentry"],"_links":{"self":[{"href":"https:\/\/www2.unifap.br\/fisioterapia\/wp-json\/wp\/v2\/pages\/1924","targetHints":{"allow":["GET"]}}],"collection":[{"href":"https:\/\/www2.unifap.br\/fisioterapia\/wp-json\/wp\/v2\/pages"}],"about":[{"href":"https:\/\/www2.unifap.br\/fisioterapia\/wp-json\/wp\/v2\/types\/page"}],"author":[{"embeddable":true,"href":"https:\/\/www2.unifap.br\/fisioterapia\/wp-json\/wp\/v2\/users\/3931"}],"replies":[{"embeddable":true,"href":"https:\/\/www2.unifap.br\/fisioterapia\/wp-json\/wp\/v2\/comments?post=1924"}],"version-history":[{"count":25,"href":"https:\/\/www2.unifap.br\/fisioterapia\/wp-json\/wp\/v2\/pages\/1924\/revisions"}],"predecessor-version":[{"id":3538,"href":"https:\/\/www2.unifap.br\/fisioterapia\/wp-json\/wp\/v2\/pages\/1924\/revisions\/3538"}],"up":[{"embeddable":true,"href":"https:\/\/www2.unifap.br\/fisioterapia\/wp-json\/wp\/v2\/pages\/2088"}],"wp:attachment":[{"href":"https:\/\/www2.unifap.br\/fisioterapia\/wp-json\/wp\/v2\/media?parent=1924"}],"curies":[{"name":"wp","href":"https:\/\/api.w.org\/{rel}","templated":true}]}}